{"id":6294,"date":"2022-06-09T17:57:51","date_gmt":"2022-06-09T15:57:51","guid":{"rendered":"https:\/\/www.franchise.biz\/kontakt\/"},"modified":"2022-06-10T01:26:13","modified_gmt":"2022-06-09T23:26:13","slug":"kontakt","status":"publish","type":"page","link":"https:\/\/www.franchise.biz\/de\/kontakt\/","title":{"rendered":"Kontakt"},"content":{"rendered":"<div class=\"wpb-content-wrapper\"><p>[vc_row full_width=&#8220;stretch_row_content&#8220; css=&#8220;.vc_custom_1632839068794{margin-top: 0px !important;margin-right: 0px !important;margin-bottom: 0px !important;margin-left: 0px !important;padding-top: 60px !important;padding-right: 0px !important;padding-bottom: 60px !important;padding-left: 0px !important;}&#8220;][vc_column css=&#8220;.vc_custom_1632838782299{margin: 0px !important;padding: 0px !important;}&#8220;][vc_row_inner][vc_column_inner]<style type=\"text\/css\" data-type=\"the7_shortcodes-inline-css\">#default-btn-2346917332b6fb285818f7f6b62f368d.ico-right-side > i {\n  margin-right: 0px;\n  margin-left: 8px;\n}\n#default-btn-2346917332b6fb285818f7f6b62f368d > i {\n  margin-right: 8px;\n}\n<\/style><a href=\"https:\/\/www.franchise.biz\/de\/franchise-partner-werden\/\" class=\"default-btn-shortcode dt-btn dt-btn-s link-hover-off franchise-opportunities openfranchise btn-inline-right \" id=\"default-btn-2346917332b6fb285818f7f6b62f368d\" title=\"Franchise-Partner werden\"><span>Franchise-Partner werden<\/span><\/a>[\/vc_column_inner][\/vc_row_inner][\/vc_column][\/vc_row][vc_row full_height=&#8220;yes&#8220; columns_placement=&#8220;top&#8220; bg_type=&#8220;image&#8220; parallax_style=&#8220;vcpb-vz-jquery&#8220; bg_image_new=&#8220;id^4584|url^https:\/\/www.franchise.biz\/wp-content\/uploads\/2022\/02\/photo_contact.jpg|caption^null|alt^null|title^photo_contact|description^null&#8220; bg_image_repeat=&#8220;no-repeat&#8220; bg_override=&#8220;ex-full&#8220; enable_overlay=&#8220;enable_overlay_value&#8220; overlay_color=&#8220;rgba(0,0,0,0.65)&#8220; overlay_pattern=&#8220;transperant&#8220; type=&#8220;vc_default&#8220; css=&#8220;.vc_custom_1644327108721{margin-top: -450px !important;padding-top: 150px !important;padding-right: 20px !important;padding-bottom: 120px !important;padding-left: 20px !important;background-color: #000000 !important;}&#8220;][vc_column css=&#8220;.vc_custom_1588262083162{padding-top: 75px !important;}&#8220;][vc_row_inner][vc_column_inner css=&#8220;.vc_custom_1588799710465{padding-bottom: 50px !important;}&#8220;]<div id=\"ultimate-heading-44456a0212914c28b\" class=\"uvc-heading ult-adjust-bottom-margin ultimate-heading-44456a0212914c28b uvc-9069 accent-border-color\" data-hspacer=\"line_only\"  data-halign=\"center\" style=\"text-align:center\"><div class=\"uvc-main-heading ult-responsive\"  data-ultimate-target='.uvc-heading.ultimate-heading-44456a0212914c28b h2'  data-responsive-json-new='{\"font-size\":\"desktop:30px;\",\"line-height\":\"desktop:45px;\"}' ><h2 style=\"font-weight:normal;color:#ffffff;margin-bottom:15px;\">Kontakt<\/h2><\/div><div class=\"uvc-heading-spacer line_only\" style=\"topheight:3px;\"><span class=\"uvc-headings-line\" style=\"border-style:solid;border-bottom-width:3px;border-color:;width:200px;\"><\/span><\/div><\/div>[\/vc_column_inner][\/vc_row_inner][vc_row_inner equal_height=&#8220;yes&#8220;][vc_column_inner offset=&#8220;vc_col-lg-6 vc_col-md-7&#8243;]<div id=\"ultimate-heading-67346a0212914c2e4\" class=\"uvc-heading ult-adjust-bottom-margin ultimate-heading-67346a0212914c2e4 uvc-6713 accent-border-color color-title\" data-hspacer=\"no_spacer\"  data-halign=\"left\" style=\"text-align:left\"><div class=\"uvc-heading-spacer no_spacer\" style=\"top\"><\/div><div class=\"uvc-sub-heading ult-responsive\"  data-ultimate-target='.uvc-heading.ultimate-heading-67346a0212914c2e4 .uvc-sub-heading '  data-responsive-json-new='{\"font-size\":\"desktop:25px;\",\"line-height\":\"desktop:32px;\"}'  style=\"font-weight:normal;color:#ffffff;margin-bottom:25px;\">Wir freuen uns auf Ihr Projekt!<\/div><\/div>[vc_column_text]<span style=\"color: #ffffff;\">Sie sind Franchisegeber, der in neue M\u00e4rkte expandieren m\u00f6chte, oder Franchisenehmer, der neue Gesch\u00e4ftsm\u00f6glichkeiten sucht? Unser engagiertes Expertenteam wird sich schnellstm\u00f6glich mit Ihnen in Verbindung setzen!<\/span>[\/vc_column_text][vc_empty_space][\/vc_column_inner][vc_column_inner offset=&#8220;vc_col-lg-6 vc_col-md-5&#8243;]\n<div class=\"wpcf7 no-js\" id=\"wpcf7-f6388-o1\" lang=\"fr-FR\" dir=\"ltr\" data-wpcf7-id=\"6388\">\n<div class=\"screen-reader-response\"><p role=\"status\" aria-live=\"polite\" aria-atomic=\"true\"><\/p> <ul><\/ul><\/div>\n<form action=\"\/de\/wp-json\/wp\/v2\/pages\/6294#wpcf7-f6388-o1\" method=\"post\" class=\"wpcf7-form init\" aria-label=\"Formulaire de contact\" novalidate=\"novalidate\" data-status=\"init\">\n<div style=\"display: none;\">\n<input type=\"hidden\" name=\"_wpcf7\" value=\"6388\" \/>\n<input type=\"hidden\" name=\"_wpcf7_version\" value=\"6.0.6\" \/>\n<input type=\"hidden\" name=\"_wpcf7_locale\" value=\"fr_FR\" \/>\n<input type=\"hidden\" name=\"_wpcf7_unit_tag\" value=\"wpcf7-f6388-o1\" \/>\n<input type=\"hidden\" name=\"_wpcf7_container_post\" value=\"0\" \/>\n<input type=\"hidden\" name=\"_wpcf7_posted_data_hash\" value=\"\" \/>\n<input type=\"hidden\" name=\"_wpcf7_recaptcha_response\" value=\"\" \/>\n<\/div>\n<div>\n\t<p><span class=\"wpcf7-form-control-wrap\" data-name=\"your-name\"><input size=\"40\" maxlength=\"400\" class=\"wpcf7-form-control wpcf7-text wpcf7-validates-as-required\" aria-required=\"true\" aria-invalid=\"false\" placeholder=\"Ihr Vollst\u00e4ndiger Name\" value=\"\" type=\"text\" name=\"your-name\" \/><\/span>\n\t<\/p>\n<\/div>\n<div>\n\t<p><span class=\"wpcf7-form-control-wrap\" data-name=\"your-email\"><input size=\"40\" maxlength=\"400\" class=\"wpcf7-form-control wpcf7-email wpcf7-validates-as-required wpcf7-text wpcf7-validates-as-email\" aria-required=\"true\" aria-invalid=\"false\" placeholder=\"Ihre E-Mail-Adresse\" value=\"\" type=\"email\" name=\"your-email\" \/><\/span>\n\t<\/p>\n<\/div>\n<div>\n\t<p><span class=\"wpcf7-form-control-wrap\" data-name=\"tel-426\"><input size=\"40\" maxlength=\"400\" class=\"wpcf7-form-control wpcf7-tel wpcf7-validates-as-required wpcf7-text wpcf7-validates-as-tel\" aria-required=\"true\" aria-invalid=\"false\" placeholder=\"Ihre Telefonnummer\" value=\"\" type=\"tel\" name=\"tel-426\" \/><\/span>\n\t<\/p>\n<\/div>\n<div>\n\t<p><span class=\"wpcf7-form-control-wrap\" data-name=\"your-message\"><textarea cols=\"40\" rows=\"3\" maxlength=\"2000\" class=\"wpcf7-form-control wpcf7-textarea wpcf7-validates-as-required\" aria-required=\"true\" aria-invalid=\"false\" placeholder=\"Ihre Nachricht...\" name=\"your-message\"><\/textarea><\/span>\n\t<\/p>\n<\/div>\n<p><span class=\"wpcf7-form-control-wrap\" data-name=\"acceptance-913\"><span class=\"wpcf7-form-control wpcf7-acceptance\"><span class=\"wpcf7-list-item\"><label><input type=\"checkbox\" name=\"acceptance-913\" value=\"1\" aria-invalid=\"false\" \/><span class=\"wpcf7-list-item-label\">Durch Absenden dieses Formulars stimme ich den Datenschutzbestimmungen von FranchiseBiz zu.<\/span><\/label><\/span><\/span><\/span>\n<\/p>\n<div>\n\t<p><input class=\"wpcf7-form-control wpcf7-submit has-spinner\" type=\"submit\" value=\"SENDEN\" \/>\n\t<\/p>\n<\/div><div class=\"wpcf7-response-output\" aria-hidden=\"true\"><\/div>\n<\/form>\n<\/div>\n[\/vc_column_inner][\/vc_row_inner][\/vc_column][\/vc_row]<\/p>\n<\/div>","protected":false},"excerpt":{"rendered":"<p>[vc_row full_width=&#8220;stretch_row_content&#8220; css=&#8220;.vc_custom_1632839068794{margin-top: 0px !important;margin-right: 0px !important;margin-bottom: 0px !important;margin-left: 0px !important;padding-top: 60px !important;padding-right: 0px !important;padding-bottom: 60px !important;padding-left: 0px !important;}&#8220;][vc_column css=&#8220;.vc_custom_1632838782299{margin: 0px !important;padding: 0px !important;}&#8220;][vc_row_inner][vc_column_inner][\/vc_column_inner][\/vc_row_inner][\/vc_column][\/vc_row][vc_row full_height=&#8220;yes&#8220; columns_placement=&#8220;top&#8220; bg_type=&#8220;image&#8220; parallax_style=&#8220;vcpb-vz-jquery&#8220; bg_image_new=&#8220;id^4584|url^https:\/\/www.franchise.biz\/wp-content\/uploads\/2022\/02\/photo_contact.jpg|caption^null|alt^null|title^photo_contact|description^null&#8220; bg_image_repeat=&#8220;no-repeat&#8220; bg_override=&#8220;ex-full&#8220; enable_overlay=&#8220;enable_overlay_value&#8220; overlay_color=&#8220;rgba(0,0,0,0.65)&#8220; overlay_pattern=&#8220;transperant&#8220; type=&#8220;vc_default&#8220; css=&#8220;.vc_custom_1644327108721{margin-top: -450px !important;padding-top: 150px !important;padding-right: 20px !important;padding-bottom: 120px !important;padding-left: 20px !important;background-color: #000000 !important;}&#8220;][vc_column css=&#8220;.vc_custom_1588262083162{padding-top: 75px !important;}&#8220;][vc_row_inner][vc_column_inner css=&#8220;.vc_custom_1588799710465{padding-bottom: 50px !important;}&#8220;][\/vc_column_inner][\/vc_row_inner][vc_row_inner equal_height=&#8220;yes&#8220;][vc_column_inner&hellip;<\/p>\n","protected":false},"author":2,"featured_media":5306,"parent":0,"menu_order":11,"comment_status":"closed","ping_status":"closed","template":"","meta":{"inline_featured_image":false,"footnotes":""},"class_list":["post-6294","page","type-page","status-publish","has-post-thumbnail","hentry","description-off"],"yoast_head":"<!-- This site is optimized with the Yoast SEO plugin v25.5 - https:\/\/yoast.com\/wordpress\/plugins\/seo\/ -->\n<title>Kontakt FranchiseBiz<\/title>\n<meta name=\"description\" content=\"Wir freuen uns darauf, ein Projekt mit Ihnen zu starten! Egal, ob Sie eine Marke sind, die wachsen m\u00f6chte, oder ein potenzieller Franchisenehmer, der nach einer aufregenden Gelegenheit sucht, nehmen Sie bitte Kontakt mit uns auf und einer unserer Mitarbeiter wird sich mit Ihnen in Verbindung setzen!\" \/>\n<meta name=\"robots\" content=\"index, follow, max-snippet:-1, max-image-preview:large, max-video-preview:-1\" \/>\n<link rel=\"canonical\" href=\"https:\/\/www.franchise.biz\/de\/kontakt\/\" \/>\n<meta property=\"og:locale\" content=\"de_DE\" \/>\n<meta property=\"og:type\" content=\"article\" \/>\n<meta property=\"og:title\" content=\"Kontakt FranchiseBiz\" \/>\n<meta property=\"og:description\" content=\"Wir freuen uns darauf, ein Projekt mit Ihnen zu starten! Egal, ob Sie eine Marke sind, die wachsen m\u00f6chte, oder ein potenzieller Franchisenehmer, der nach einer aufregenden Gelegenheit sucht, nehmen Sie bitte Kontakt mit uns auf und einer unserer Mitarbeiter wird sich mit Ihnen in Verbindung setzen!\" \/>\n<meta property=\"og:url\" content=\"https:\/\/www.franchise.biz\/de\/kontakt\/\" \/>\n<meta property=\"og:site_name\" content=\"FranchiseBiz\" \/>\n<meta property=\"article:modified_time\" content=\"2022-06-09T23:26:13+00:00\" \/>\n<meta property=\"og:image\" content=\"https:\/\/www.franchise.biz\/wp-content\/uploads\/2021\/08\/cropped-icon.jpg\" \/>\n<meta name=\"twitter:card\" content=\"summary_large_image\" \/>\n<meta name=\"twitter:title\" content=\"Kontakt FranchiseBiz\" \/>\n<meta name=\"twitter:description\" content=\"Wir freuen uns darauf, ein Projekt mit Ihnen zu starten! Egal, ob Sie eine Marke sind, die wachsen m\u00f6chte, oder ein potenzieller Franchisenehmer, der nach einer aufregenden Gelegenheit sucht, nehmen Sie bitte Kontakt mit uns auf und einer unserer Mitarbeiter wird sich mit Ihnen in Verbindung setzen!\" \/>\n<meta name=\"twitter:image\" content=\"https:\/\/www.franchise.biz\/wp-content\/uploads\/2021\/08\/cropped-icon.jpg\" \/>\n<meta name=\"twitter:site\" content=\"@FBizOfficial\" \/>\n<meta name=\"twitter:label1\" content=\"Gesch\u00e4tzte Lesezeit\" \/>\n\t<meta name=\"twitter:data1\" content=\"2\u00a0Minuten\" \/>\n<script type=\"application\/ld+json\" class=\"yoast-schema-graph\">{\"@context\":\"https:\/\/schema.org\",\"@graph\":[{\"@type\":\"WebPage\",\"@id\":\"https:\/\/www.franchise.biz\/de\/kontakt\/\",\"url\":\"https:\/\/www.franchise.biz\/de\/kontakt\/\",\"name\":\"Kontakt FranchiseBiz\",\"isPartOf\":{\"@id\":\"https:\/\/www.franchise.biz\/de\/#website\"},\"primaryImageOfPage\":{\"@id\":\"https:\/\/www.franchise.biz\/de\/kontakt\/#primaryimage\"},\"image\":{\"@id\":\"https:\/\/www.franchise.biz\/de\/kontakt\/#primaryimage\"},\"thumbnailUrl\":\"https:\/\/www.franchise.biz\/wp-content\/uploads\/2021\/08\/cropped-icon.jpg\",\"datePublished\":\"2022-06-09T15:57:51+00:00\",\"dateModified\":\"2022-06-09T23:26:13+00:00\",\"description\":\"Wir freuen uns darauf, ein Projekt mit Ihnen zu starten! Egal, ob Sie eine Marke sind, die wachsen m\u00f6chte, oder ein potenzieller Franchisenehmer, der nach einer aufregenden Gelegenheit sucht, nehmen Sie bitte Kontakt mit uns auf und einer unserer Mitarbeiter wird sich mit Ihnen in Verbindung setzen!\",\"breadcrumb\":{\"@id\":\"https:\/\/www.franchise.biz\/de\/kontakt\/#breadcrumb\"},\"inLanguage\":\"de\",\"potentialAction\":[{\"@type\":\"ReadAction\",\"target\":[\"https:\/\/www.franchise.biz\/de\/kontakt\/\"]}]},{\"@type\":\"ImageObject\",\"inLanguage\":\"de\",\"@id\":\"https:\/\/www.franchise.biz\/de\/kontakt\/#primaryimage\",\"url\":\"https:\/\/www.franchise.biz\/wp-content\/uploads\/2021\/08\/cropped-icon.jpg\",\"contentUrl\":\"https:\/\/www.franchise.biz\/wp-content\/uploads\/2021\/08\/cropped-icon.jpg\",\"width\":512,\"height\":512},{\"@type\":\"BreadcrumbList\",\"@id\":\"https:\/\/www.franchise.biz\/de\/kontakt\/#breadcrumb\",\"itemListElement\":[{\"@type\":\"ListItem\",\"position\":1,\"name\":\"Accueil\",\"item\":\"https:\/\/www.franchise.biz\/de\/\"},{\"@type\":\"ListItem\",\"position\":2,\"name\":\"Kontakt\"}]},{\"@type\":\"WebSite\",\"@id\":\"https:\/\/www.franchise.biz\/de\/#website\",\"url\":\"https:\/\/www.franchise.biz\/de\/\",\"name\":\"FranchiseBiz\",\"description\":\"Empowering Franchise Growth Globally\",\"publisher\":{\"@id\":\"https:\/\/www.franchise.biz\/de\/#organization\"},\"potentialAction\":[{\"@type\":\"SearchAction\",\"target\":{\"@type\":\"EntryPoint\",\"urlTemplate\":\"https:\/\/www.franchise.biz\/de\/?s={search_term_string}\"},\"query-input\":{\"@type\":\"PropertyValueSpecification\",\"valueRequired\":true,\"valueName\":\"search_term_string\"}}],\"inLanguage\":\"de\"},{\"@type\":\"Organization\",\"@id\":\"https:\/\/www.franchise.biz\/de\/#organization\",\"name\":\"FranchiseBiz\",\"url\":\"https:\/\/www.franchise.biz\/de\/\",\"logo\":{\"@type\":\"ImageObject\",\"inLanguage\":\"de\",\"@id\":\"https:\/\/www.franchise.biz\/de\/#\/schema\/logo\/image\/\",\"url\":\"https:\/\/www.franchise.biz\/wp-content\/uploads\/2021\/05\/logo.png\",\"contentUrl\":\"https:\/\/www.franchise.biz\/wp-content\/uploads\/2021\/05\/logo.png\",\"width\":1000,\"height\":1000,\"caption\":\"FranchiseBiz\"},\"image\":{\"@id\":\"https:\/\/www.franchise.biz\/de\/#\/schema\/logo\/image\/\"},\"sameAs\":[\"https:\/\/x.com\/FBizOfficial\",\"https:\/\/www.linkedin.com\/company\/franchisebiz\/\"]}]}<\/script>\n<!-- \/ Yoast SEO plugin. -->","yoast_head_json":{"title":"Kontakt FranchiseBiz","description":"Wir freuen uns darauf, ein Projekt mit Ihnen zu starten! Egal, ob Sie eine Marke sind, die wachsen m\u00f6chte, oder ein potenzieller Franchisenehmer, der nach einer aufregenden Gelegenheit sucht, nehmen Sie bitte Kontakt mit uns auf und einer unserer Mitarbeiter wird sich mit Ihnen in Verbindung setzen!","robots":{"index":"index","follow":"follow","max-snippet":"max-snippet:-1","max-image-preview":"max-image-preview:large","max-video-preview":"max-video-preview:-1"},"canonical":"https:\/\/www.franchise.biz\/de\/kontakt\/","og_locale":"de_DE","og_type":"article","og_title":"Kontakt FranchiseBiz","og_description":"Wir freuen uns darauf, ein Projekt mit Ihnen zu starten! Egal, ob Sie eine Marke sind, die wachsen m\u00f6chte, oder ein potenzieller Franchisenehmer, der nach einer aufregenden Gelegenheit sucht, nehmen Sie bitte Kontakt mit uns auf und einer unserer Mitarbeiter wird sich mit Ihnen in Verbindung setzen!","og_url":"https:\/\/www.franchise.biz\/de\/kontakt\/","og_site_name":"FranchiseBiz","article_modified_time":"2022-06-09T23:26:13+00:00","og_image":[{"url":"https:\/\/www.franchise.biz\/wp-content\/uploads\/2021\/08\/cropped-icon.jpg","type":"","width":"","height":""}],"twitter_card":"summary_large_image","twitter_title":"Kontakt FranchiseBiz","twitter_description":"Wir freuen uns darauf, ein Projekt mit Ihnen zu starten! Egal, ob Sie eine Marke sind, die wachsen m\u00f6chte, oder ein potenzieller Franchisenehmer, der nach einer aufregenden Gelegenheit sucht, nehmen Sie bitte Kontakt mit uns auf und einer unserer Mitarbeiter wird sich mit Ihnen in Verbindung setzen!","twitter_image":"https:\/\/www.franchise.biz\/wp-content\/uploads\/2021\/08\/cropped-icon.jpg","twitter_site":"@FBizOfficial","twitter_misc":{"Gesch\u00e4tzte Lesezeit":"2\u00a0Minuten"},"schema":{"@context":"https:\/\/schema.org","@graph":[{"@type":"WebPage","@id":"https:\/\/www.franchise.biz\/de\/kontakt\/","url":"https:\/\/www.franchise.biz\/de\/kontakt\/","name":"Kontakt FranchiseBiz","isPartOf":{"@id":"https:\/\/www.franchise.biz\/de\/#website"},"primaryImageOfPage":{"@id":"https:\/\/www.franchise.biz\/de\/kontakt\/#primaryimage"},"image":{"@id":"https:\/\/www.franchise.biz\/de\/kontakt\/#primaryimage"},"thumbnailUrl":"https:\/\/www.franchise.biz\/wp-content\/uploads\/2021\/08\/cropped-icon.jpg","datePublished":"2022-06-09T15:57:51+00:00","dateModified":"2022-06-09T23:26:13+00:00","description":"Wir freuen uns darauf, ein Projekt mit Ihnen zu starten! Egal, ob Sie eine Marke sind, die wachsen m\u00f6chte, oder ein potenzieller Franchisenehmer, der nach einer aufregenden Gelegenheit sucht, nehmen Sie bitte Kontakt mit uns auf und einer unserer Mitarbeiter wird sich mit Ihnen in Verbindung setzen!","breadcrumb":{"@id":"https:\/\/www.franchise.biz\/de\/kontakt\/#breadcrumb"},"inLanguage":"de","potentialAction":[{"@type":"ReadAction","target":["https:\/\/www.franchise.biz\/de\/kontakt\/"]}]},{"@type":"ImageObject","inLanguage":"de","@id":"https:\/\/www.franchise.biz\/de\/kontakt\/#primaryimage","url":"https:\/\/www.franchise.biz\/wp-content\/uploads\/2021\/08\/cropped-icon.jpg","contentUrl":"https:\/\/www.franchise.biz\/wp-content\/uploads\/2021\/08\/cropped-icon.jpg","width":512,"height":512},{"@type":"BreadcrumbList","@id":"https:\/\/www.franchise.biz\/de\/kontakt\/#breadcrumb","itemListElement":[{"@type":"ListItem","position":1,"name":"Accueil","item":"https:\/\/www.franchise.biz\/de\/"},{"@type":"ListItem","position":2,"name":"Kontakt"}]},{"@type":"WebSite","@id":"https:\/\/www.franchise.biz\/de\/#website","url":"https:\/\/www.franchise.biz\/de\/","name":"FranchiseBiz","description":"Empowering Franchise Growth Globally","publisher":{"@id":"https:\/\/www.franchise.biz\/de\/#organization"},"potentialAction":[{"@type":"SearchAction","target":{"@type":"EntryPoint","urlTemplate":"https:\/\/www.franchise.biz\/de\/?s={search_term_string}"},"query-input":{"@type":"PropertyValueSpecification","valueRequired":true,"valueName":"search_term_string"}}],"inLanguage":"de"},{"@type":"Organization","@id":"https:\/\/www.franchise.biz\/de\/#organization","name":"FranchiseBiz","url":"https:\/\/www.franchise.biz\/de\/","logo":{"@type":"ImageObject","inLanguage":"de","@id":"https:\/\/www.franchise.biz\/de\/#\/schema\/logo\/image\/","url":"https:\/\/www.franchise.biz\/wp-content\/uploads\/2021\/05\/logo.png","contentUrl":"https:\/\/www.franchise.biz\/wp-content\/uploads\/2021\/05\/logo.png","width":1000,"height":1000,"caption":"FranchiseBiz"},"image":{"@id":"https:\/\/www.franchise.biz\/de\/#\/schema\/logo\/image\/"},"sameAs":["https:\/\/x.com\/FBizOfficial","https:\/\/www.linkedin.com\/company\/franchisebiz\/"]}]}},"_links":{"self":[{"href":"https:\/\/www.franchise.biz\/de\/wp-json\/wp\/v2\/pages\/6294"}],"collection":[{"href":"https:\/\/www.franchise.biz\/de\/wp-json\/wp\/v2\/pages"}],"about":[{"href":"https:\/\/www.franchise.biz\/de\/wp-json\/wp\/v2\/types\/page"}],"author":[{"embeddable":true,"href":"https:\/\/www.franchise.biz\/de\/wp-json\/wp\/v2\/users\/2"}],"replies":[{"embeddable":true,"href":"https:\/\/www.franchise.biz\/de\/wp-json\/wp\/v2\/comments?post=6294"}],"version-history":[{"count":4,"href":"https:\/\/www.franchise.biz\/de\/wp-json\/wp\/v2\/pages\/6294\/revisions"}],"predecessor-version":[{"id":6426,"href":"https:\/\/www.franchise.biz\/de\/wp-json\/wp\/v2\/pages\/6294\/revisions\/6426"}],"wp:featuredmedia":[{"embeddable":true,"href":"https:\/\/www.franchise.biz\/de\/wp-json\/wp\/v2\/media\/5306"}],"wp:attachment":[{"href":"https:\/\/www.franchise.biz\/de\/wp-json\/wp\/v2\/media?parent=6294"}],"curies":[{"name":"wp","href":"https:\/\/api.w.org\/{rel}","templated":true}]}}