{"id":6301,"date":"2022-06-09T18:10:18","date_gmt":"2022-06-09T16:10:18","guid":{"rendered":"https:\/\/www.franchise.biz\/vorteile\/"},"modified":"2024-01-15T17:13:04","modified_gmt":"2024-01-15T16:13:04","slug":"vorteile","status":"publish","type":"page","link":"https:\/\/www.franchise.biz\/de\/vorteile\/","title":{"rendered":"Vorteile"},"content":{"rendered":"<div class=\"wpb-content-wrapper\"><p>[vc_row full_width=&#8220;stretch_row_content&#8220; css=&#8220;.vc_custom_1632839068794{margin-top: 0px !important;margin-right: 0px !important;margin-bottom: 0px !important;margin-left: 0px !important;padding-top: 60px !important;padding-right: 0px !important;padding-bottom: 60px !important;padding-left: 0px !important;}&#8220;][vc_column css=&#8220;.vc_custom_1632838782299{margin: 0px !important;padding: 0px !important;}&#8220;][vc_row_inner][vc_column_inner]<style type=\"text\/css\" data-type=\"the7_shortcodes-inline-css\">#default-btn-2346917332b6fb285818f7f6b62f368d.ico-right-side > i {\n  margin-right: 0px;\n  margin-left: 8px;\n}\n#default-btn-2346917332b6fb285818f7f6b62f368d > i {\n  margin-right: 8px;\n}\n<\/style><a href=\"https:\/\/www.franchise.biz\/de\/franchise-partner-werden\/\" class=\"default-btn-shortcode dt-btn dt-btn-s link-hover-off franchise-opportunities openfranchise btn-inline-right \" id=\"default-btn-2346917332b6fb285818f7f6b62f368d\" title=\"Franchise-Partner werden\"><span>Franchise-Partner werden<\/span><\/a>[\/vc_column_inner][\/vc_row_inner][\/vc_column][\/vc_row][vc_row full_height=&#8220;yes&#8220; columns_placement=&#8220;top&#8220; type=&#8220;vc_default&#8220; css=&#8220;.vc_custom_1633601933848{margin-top: -450px !important;padding-top: 140px !important;padding-right: 20px !important;padding-bottom: 100px !important;padding-left: 20px !important;}&#8220;][vc_column][vc_row_inner][vc_column_inner css=&#8220;.vc_custom_1588799507408{padding-bottom: 40px !important;}&#8220;][vc_empty_space height=&#8220;100px&#8220;]<div id=\"ultimate-heading-502369e14c782edec\" class=\"uvc-heading ult-adjust-bottom-margin ultimate-heading-502369e14c782edec uvc-5119 accent-border-color\" data-hspacer=\"line_only\"  data-halign=\"center\" style=\"text-align:center\"><div class=\"uvc-main-heading ult-responsive\"  data-ultimate-target='.uvc-heading.ultimate-heading-502369e14c782edec h2'  data-responsive-json-new='{\"font-size\":\"desktop:30px;\",\"line-height\":\"desktop:45px;\"}' ><h2 style=\"font-weight:normal;margin-bottom:15px;\">Warum wir<\/h2><\/div><div class=\"uvc-heading-spacer line_only\" style=\"topheight:3px;\"><span class=\"uvc-headings-line\" style=\"border-style:solid;border-bottom-width:3px;border-color:;width:200px;\"><\/span><\/div><\/div>[\/vc_column_inner][\/vc_row_inner][vc_row_inner css=&#8220;.vc_custom_1588799223601{padding-bottom: 30px !important;}&#8220;][vc_column_inner width=&#8220;1\/6&#8243;][\/vc_column_inner][vc_column_inner width=&#8220;2\/3&#8243; css=&#8220;.vc_custom_1588335498376{padding-bottom: 20px !important;}&#8220;]<div id=\"ultimate-heading-888369e14c782ee3a\" class=\"uvc-heading ult-adjust-bottom-margin ultimate-heading-888369e14c782ee3a uvc-9590 accent-border-color color-title\" data-hspacer=\"no_spacer\"  data-halign=\"center\" style=\"text-align:center\"><div class=\"uvc-heading-spacer no_spacer\" style=\"top\"><\/div><div class=\"uvc-sub-heading ult-responsive\"  data-ultimate-target='.uvc-heading.ultimate-heading-888369e14c782ee3a .uvc-sub-heading '  data-responsive-json-new='{\"font-size\":\"desktop:20px;\",\"line-height\":\"desktop:32px;\"}'  style=\"font-weight:normal;margin-bottom:15px;\">Wir verf\u00fcgen \u00fcber nachgewiesene Erfahrungen mit f\u00fchrenden internationalen Marken und arbeiten grunds\u00e4tzlich eng mit unseren Kunden zusammen, um ehrgeizige und realistische L\u00f6sungen zu bieten.<\/div><\/div>[\/vc_column_inner][vc_column_inner width=&#8220;1\/6&#8243;][\/vc_column_inner][\/vc_row_inner][vc_empty_space height=&#8220;50px&#8220;][vc_row_inner][vc_column_inner width=&#8220;1\/4&#8243;]<div id=\"ultimate-heading-992269e14c782ee76\" class=\"uvc-heading ult-adjust-bottom-margin ultimate-heading-992269e14c782ee76 uvc-9532 \" data-hspacer=\"no_spacer\"  data-halign=\"center\" style=\"text-align:center\"><div class=\"uvc-heading-spacer no_spacer\" style=\"top\"><\/div><div class=\"uvc-main-heading ult-responsive\"  data-ultimate-target='.uvc-heading.ultimate-heading-992269e14c782ee76 h3'  data-responsive-json-new='{\"font-size\":\"desktop:18px;\",\"line-height\":\"desktop:26px;\"}' ><h3 style=\"font-weight:normal;\">Langj\u00e4hrige Erfahrung<\/h3><\/div><\/div><div class=\"stats-block stats-top  accent-icon-bg  vc_custom_1669385781914\"><div class=\"aio-icon-top\"><div class=\"ult-just-icon-wrapper  \"><div class=\"align-icon\" style=\"text-align:center;\">\n<div class=\"aio-icon circle \"  style=\"color:#ffffff;background:#ffffff;font-size:26px;display:inline-block;\">\n\t<i class=\"fas fa-glasses\"><\/i>\n<\/div><\/div><\/div><\/div><div class=\"stats-desc\" id=\"counter-responsv-wrap-7425\"><div class=\"counter_prefix mycust ult-responsive\"  data-ultimate-target='#counter-responsv-wrap-7425 .mycust'  data-responsive-json-new='{\"font-size\":\"desktop:30px;\",\"line-height\":\"desktop:40px;\"}'  style=\" color:#000000\">+<\/div><div id=\"counter_344140966869e14c782f080\" data-id=\"counter_344140966869e14c782f080\"  data-ultimate-target='#counter-responsv-wrap-7425 .stats-number'  data-responsive-json-new='{\"font-size\":\"desktop:50px;\",\"line-height\":\"desktop:75px;\"}'  class=\"stats-number ult-responsive\" style=\" color:#000000; font-weight:bold;color:#000000;\" data-speed=\"5\" data-counter-value=\"40\" data-separator=\",\" data-decimal=\".\">0<\/div><div id=\"title-counter_344140966869e14c782f080\"  data-ultimate-target='#counter-responsv-wrap-7425 .stats-text'  data-responsive-json-new='{\"font-size\":\"desktop:18px;\",\"line-height\":\"desktop:20px;\"}'  class=\"stats-text ult-responsive\" style=\"font-size:px; color:#000000; \">Jahre<\/div><\/div><\/div>[\/vc_column_inner][vc_column_inner width=&#8220;1\/4&#8243;]<div id=\"ultimate-heading-904369e14c782f0d2\" class=\"uvc-heading ult-adjust-bottom-margin ultimate-heading-904369e14c782f0d2 uvc-2372 \" data-hspacer=\"no_spacer\"  data-halign=\"center\" style=\"text-align:center\"><div class=\"uvc-heading-spacer no_spacer\" style=\"top\"><\/div><div class=\"uvc-main-heading ult-responsive\"  data-ultimate-target='.uvc-heading.ultimate-heading-904369e14c782f0d2 h3'  data-responsive-json-new='{\"font-size\":\"desktop:18px;\",\"line-height\":\"desktop:26px;\"}' ><h3 style=\"font-weight:normal;\">Bew\u00e4hrte Methode<\/h3><\/div><\/div><div class=\"stats-block stats-top  accent-icon-bg  vc_custom_1669385794962\"><div class=\"aio-icon-top\"><div class=\"ult-just-icon-wrapper  \"><div class=\"align-icon\" style=\"text-align:center;\">\n<div class=\"aio-icon circle \"  style=\"color:#ffffff;background:#ffffff;font-size:26px;display:inline-block;\">\n\t<i class=\"fas fa-stopwatch\"><\/i>\n<\/div><\/div><\/div><\/div><div class=\"stats-desc\" id=\"counter-responsv-wrap-7513\"><div id=\"counter_414881701669e14c782f1b0\" data-id=\"counter_414881701669e14c782f1b0\"  data-ultimate-target='#counter-responsv-wrap-7513 .stats-number'  data-responsive-json-new='{\"font-size\":\"desktop:50px;\",\"line-height\":\"desktop:75px;\"}'  class=\"stats-number ult-responsive\" style=\" color:#000000; font-weight:bold;color:#000000;\" data-speed=\"5\" data-counter-value=\"25\" data-separator=\",\" data-decimal=\".\">0<\/div><div class=\"counter_suffix mycust ult-responsive\"  data-ultimate-target='#counter-responsv-wrap-7513 .mycust'  data-responsive-json-new='{\"font-size\":\"desktop:30px;\",\"line-height\":\"desktop:40px;\"}'  style=\" color:#000000\">%<\/div><div id=\"title-counter_414881701669e14c782f1b0\"  data-ultimate-target='#counter-responsv-wrap-7513 .stats-text'  data-responsive-json-new='{\"font-size\":\"desktop:18px;\",\"line-height\":\"desktop:20px;\"}'  class=\"stats-text ult-responsive\" style=\"font-size:px; color:#000000; \">eingesparte Zeit<\/div><\/div><\/div>[\/vc_column_inner][vc_column_inner width=&#8220;1\/4&#8243;]<div id=\"ultimate-heading-908969e14c782f1f6\" class=\"uvc-heading ult-adjust-bottom-margin ultimate-heading-908969e14c782f1f6 uvc-6357 \" data-hspacer=\"no_spacer\"  data-halign=\"center\" style=\"text-align:center\"><div class=\"uvc-heading-spacer no_spacer\" style=\"top\"><\/div><div class=\"uvc-main-heading ult-responsive\"  data-ultimate-target='.uvc-heading.ultimate-heading-908969e14c782f1f6 h3'  data-responsive-json-new='{\"font-size\":\"desktop:18px;\",\"line-height\":\"desktop:26px;\"}' ><h3 style=\"font-weight:normal;\">Internationale Ausrichtung<\/h3><\/div><\/div><div class=\"stats-block stats-top  accent-icon-bg  vc_custom_1669385813845\"><div class=\"aio-icon-top\"><div class=\"ult-just-icon-wrapper  \"><div class=\"align-icon\" style=\"text-align:center;\">\n<div class=\"aio-icon circle \"  style=\"color:#ffffff;background:#ffffff;font-size:26px;display:inline-block;\">\n\t<i class=\"fas fa-globe\"><\/i>\n<\/div><\/div><\/div><\/div><div class=\"stats-desc\" id=\"counter-responsv-wrap-3676\"><div class=\"counter_prefix mycust ult-responsive\"  data-ultimate-target='#counter-responsv-wrap-3676 .mycust'  data-responsive-json-new='{\"font-size\":\"desktop:30px;\",\"line-height\":\"desktop:40px;\"}'  style=\" color:#000000\">+<\/div><div id=\"counter_357394118269e14c782f2be\" data-id=\"counter_357394118269e14c782f2be\"  data-ultimate-target='#counter-responsv-wrap-3676 .stats-number'  data-responsive-json-new='{\"font-size\":\"desktop:50px;\",\"line-height\":\"desktop:75px;\"}'  class=\"stats-number ult-responsive\" style=\" color:#000000; font-weight:bold;color:#000000;\" data-speed=\"5\" data-counter-value=\"30\" data-separator=\",\" data-decimal=\".\">0<\/div><div id=\"title-counter_357394118269e14c782f2be\"  data-ultimate-target='#counter-responsv-wrap-3676 .stats-text'  data-responsive-json-new='{\"font-size\":\"desktop:18px;\",\"line-height\":\"desktop:20px;\"}'  class=\"stats-text ult-responsive\" style=\"font-size:px; color:#000000; \">erschlossene M\u00e4rkte<\/div><\/div><\/div>[\/vc_column_inner][vc_column_inner width=&#8220;1\/4&#8243;]<div id=\"ultimate-heading-699069e14c782f2fd\" class=\"uvc-heading ult-adjust-bottom-margin ultimate-heading-699069e14c782f2fd uvc-2767 \" data-hspacer=\"no_spacer\"  data-halign=\"center\" style=\"text-align:center\"><div class=\"uvc-heading-spacer no_spacer\" style=\"top\"><\/div><div class=\"uvc-main-heading ult-responsive\"  data-ultimate-target='.uvc-heading.ultimate-heading-699069e14c782f2fd h3'  data-responsive-json-new='{\"font-size\":\"desktop:18px;\",\"line-height\":\"desktop:26px;\"}' ><h3 style=\"font-weight:normal;\">Ergebnisorientierte Beratung<\/h3><\/div><\/div><div class=\"stats-block stats-top  accent-icon-bg  vc_custom_1669385832348\"><div class=\"aio-icon-top\"><div class=\"ult-just-icon-wrapper  \"><div class=\"align-icon\" style=\"text-align:center;\">\n<div class=\"aio-icon circle \"  style=\"color:#ffffff;background:#ffffff;font-size:26px;display:inline-block;\">\n\t<i class=\"fas fa-signal\"><\/i>\n<\/div><\/div><\/div><\/div><div class=\"stats-desc\" id=\"counter-responsv-wrap-8529\"><div class=\"counter_prefix mycust ult-responsive\"  data-ultimate-target='#counter-responsv-wrap-8529 .mycust'  data-responsive-json-new='{\"font-size\":\"desktop:30px;\",\"line-height\":\"desktop:40px;\"}'  style=\" color:#000000\">+<\/div><div id=\"counter_298743586169e14c782f3cd\" data-id=\"counter_298743586169e14c782f3cd\"  data-ultimate-target='#counter-responsv-wrap-8529 .stats-number'  data-responsive-json-new='{\"font-size\":\"desktop:50px;\",\"line-height\":\"desktop:75px;\"}'  class=\"stats-number ult-responsive\" style=\" color:#000000; font-weight:bold;color:#000000;\" data-speed=\"5\" data-counter-value=\"175\" data-separator=\",\" data-decimal=\".\">0<\/div><div id=\"title-counter_298743586169e14c782f3cd\"  data-ultimate-target='#counter-responsv-wrap-8529 .stats-text'  data-responsive-json-new='{\"font-size\":\"desktop:18px;\",\"line-height\":\"desktop:20px;\"}'  class=\"stats-text ult-responsive\" style=\"font-size:px; color:#000000; \">realisierte Projekte<\/div><\/div><\/div>[\/vc_column_inner][\/vc_row_inner][vc_empty_space height=&#8220;100px&#8220;][\/vc_column][\/vc_row]<\/p>\n<\/div>","protected":false},"excerpt":{"rendered":"<p>[vc_row full_width=&#8220;stretch_row_content&#8220; css=&#8220;.vc_custom_1632839068794{margin-top: 0px !important;margin-right: 0px !important;margin-bottom: 0px !important;margin-left: 0px !important;padding-top: 60px !important;padding-right: 0px !important;padding-bottom: 60px !important;padding-left: 0px !important;}&#8220;][vc_column css=&#8220;.vc_custom_1632838782299{margin: 0px !important;padding: 0px !important;}&#8220;][vc_row_inner][vc_column_inner][\/vc_column_inner][\/vc_row_inner][\/vc_column][\/vc_row][vc_row full_height=&#8220;yes&#8220; columns_placement=&#8220;top&#8220; type=&#8220;vc_default&#8220; css=&#8220;.vc_custom_1633601933848{margin-top: -450px !important;padding-top: 140px !important;padding-right: 20px !important;padding-bottom: 100px !important;padding-left: 20px !important;}&#8220;][vc_column][vc_row_inner][vc_column_inner css=&#8220;.vc_custom_1588799507408{padding-bottom: 40px !important;}&#8220;][vc_empty_space height=&#8220;100px&#8220;][\/vc_column_inner][\/vc_row_inner][vc_row_inner css=&#8220;.vc_custom_1588799223601{padding-bottom: 30px !important;}&#8220;][vc_column_inner width=&#8220;1\/6&#8243;][\/vc_column_inner][vc_column_inner width=&#8220;2\/3&#8243; css=&#8220;.vc_custom_1588335498376{padding-bottom: 20px !important;}&#8220;][\/vc_column_inner][vc_column_inner width=&#8220;1\/6&#8243;][\/vc_column_inner][\/vc_row_inner][vc_empty_space height=&#8220;50px&#8220;][vc_row_inner][vc_column_inner width=&#8220;1\/4&#8243;][\/vc_column_inner][vc_column_inner width=&#8220;1\/4&#8243;][\/vc_column_inner][vc_column_inner width=&#8220;1\/4&#8243;][\/vc_column_inner][vc_column_inner&hellip;<\/p>\n","protected":false},"author":2,"featured_media":5306,"parent":0,"menu_order":8,"comment_status":"closed","ping_status":"closed","template":"","meta":{"inline_featured_image":false,"footnotes":""},"class_list":["post-6301","page","type-page","status-publish","has-post-thumbnail","hentry","description-off"],"yoast_head":"<!-- This site is optimized with the Yoast SEO plugin v25.5 - https:\/\/yoast.com\/wordpress\/plugins\/seo\/ -->\n<title>Vorteile<\/title>\n<meta name=\"description\" content=\"Wir haben eine nachweisliche Erfolgsbilanz mit f\u00fchrenden internationalen Marken und arbeiten stets eng mit unseren Kunden zusammen, um ehrgeizige und realisierbare L\u00f6sungen zu bieten.\" \/>\n<meta name=\"robots\" content=\"index, follow, max-snippet:-1, max-image-preview:large, max-video-preview:-1\" \/>\n<link rel=\"canonical\" href=\"https:\/\/www.franchise.biz\/de\/vorteile\/\" \/>\n<meta property=\"og:locale\" content=\"de_DE\" \/>\n<meta property=\"og:type\" content=\"article\" \/>\n<meta property=\"og:title\" content=\"Vorteile\" \/>\n<meta property=\"og:description\" content=\"Wir haben eine nachweisliche Erfolgsbilanz mit f\u00fchrenden internationalen Marken und arbeiten stets eng mit unseren Kunden zusammen, um ehrgeizige und realisierbare L\u00f6sungen zu bieten.\" \/>\n<meta property=\"og:url\" content=\"https:\/\/www.franchise.biz\/de\/vorteile\/\" \/>\n<meta property=\"og:site_name\" content=\"FranchiseBiz\" \/>\n<meta property=\"article:modified_time\" content=\"2024-01-15T16:13:04+00:00\" \/>\n<meta property=\"og:image\" content=\"https:\/\/www.franchise.biz\/wp-content\/uploads\/2021\/08\/cropped-icon.jpg\" \/>\n<meta name=\"twitter:card\" content=\"summary_large_image\" \/>\n<meta name=\"twitter:title\" content=\"Vorteile\" \/>\n<meta name=\"twitter:description\" content=\"Wir haben eine nachweisliche Erfolgsbilanz mit f\u00fchrenden internationalen Marken und arbeiten stets eng mit unseren Kunden zusammen, um ehrgeizige und realisierbare L\u00f6sungen zu bieten.\" \/>\n<meta name=\"twitter:image\" content=\"https:\/\/www.franchise.biz\/wp-content\/uploads\/2021\/08\/cropped-icon.jpg\" \/>\n<meta name=\"twitter:site\" content=\"@FBizOfficial\" \/>\n<meta name=\"twitter:label1\" content=\"Gesch\u00e4tzte Lesezeit\" \/>\n\t<meta name=\"twitter:data1\" content=\"4\u00a0Minuten\" \/>\n<script type=\"application\/ld+json\" class=\"yoast-schema-graph\">{\"@context\":\"https:\/\/schema.org\",\"@graph\":[{\"@type\":\"WebPage\",\"@id\":\"https:\/\/www.franchise.biz\/de\/vorteile\/\",\"url\":\"https:\/\/www.franchise.biz\/de\/vorteile\/\",\"name\":\"Vorteile\",\"isPartOf\":{\"@id\":\"https:\/\/www.franchise.biz\/de\/#website\"},\"primaryImageOfPage\":{\"@id\":\"https:\/\/www.franchise.biz\/de\/vorteile\/#primaryimage\"},\"image\":{\"@id\":\"https:\/\/www.franchise.biz\/de\/vorteile\/#primaryimage\"},\"thumbnailUrl\":\"https:\/\/www.franchise.biz\/wp-content\/uploads\/2021\/08\/cropped-icon.jpg\",\"datePublished\":\"2022-06-09T16:10:18+00:00\",\"dateModified\":\"2024-01-15T16:13:04+00:00\",\"description\":\"Wir haben eine nachweisliche Erfolgsbilanz mit f\u00fchrenden internationalen Marken und arbeiten stets eng mit unseren Kunden zusammen, um ehrgeizige und realisierbare L\u00f6sungen zu bieten.\",\"breadcrumb\":{\"@id\":\"https:\/\/www.franchise.biz\/de\/vorteile\/#breadcrumb\"},\"inLanguage\":\"de\",\"potentialAction\":[{\"@type\":\"ReadAction\",\"target\":[\"https:\/\/www.franchise.biz\/de\/vorteile\/\"]}]},{\"@type\":\"ImageObject\",\"inLanguage\":\"de\",\"@id\":\"https:\/\/www.franchise.biz\/de\/vorteile\/#primaryimage\",\"url\":\"https:\/\/www.franchise.biz\/wp-content\/uploads\/2021\/08\/cropped-icon.jpg\",\"contentUrl\":\"https:\/\/www.franchise.biz\/wp-content\/uploads\/2021\/08\/cropped-icon.jpg\",\"width\":512,\"height\":512},{\"@type\":\"BreadcrumbList\",\"@id\":\"https:\/\/www.franchise.biz\/de\/vorteile\/#breadcrumb\",\"itemListElement\":[{\"@type\":\"ListItem\",\"position\":1,\"name\":\"Accueil\",\"item\":\"https:\/\/www.franchise.biz\/de\/\"},{\"@type\":\"ListItem\",\"position\":2,\"name\":\"Vorteile\"}]},{\"@type\":\"WebSite\",\"@id\":\"https:\/\/www.franchise.biz\/de\/#website\",\"url\":\"https:\/\/www.franchise.biz\/de\/\",\"name\":\"FranchiseBiz\",\"description\":\"Empowering Franchise Growth Globally\",\"publisher\":{\"@id\":\"https:\/\/www.franchise.biz\/de\/#organization\"},\"potentialAction\":[{\"@type\":\"SearchAction\",\"target\":{\"@type\":\"EntryPoint\",\"urlTemplate\":\"https:\/\/www.franchise.biz\/de\/?s={search_term_string}\"},\"query-input\":{\"@type\":\"PropertyValueSpecification\",\"valueRequired\":true,\"valueName\":\"search_term_string\"}}],\"inLanguage\":\"de\"},{\"@type\":\"Organization\",\"@id\":\"https:\/\/www.franchise.biz\/de\/#organization\",\"name\":\"FranchiseBiz\",\"url\":\"https:\/\/www.franchise.biz\/de\/\",\"logo\":{\"@type\":\"ImageObject\",\"inLanguage\":\"de\",\"@id\":\"https:\/\/www.franchise.biz\/de\/#\/schema\/logo\/image\/\",\"url\":\"https:\/\/www.franchise.biz\/wp-content\/uploads\/2021\/05\/logo.png\",\"contentUrl\":\"https:\/\/www.franchise.biz\/wp-content\/uploads\/2021\/05\/logo.png\",\"width\":1000,\"height\":1000,\"caption\":\"FranchiseBiz\"},\"image\":{\"@id\":\"https:\/\/www.franchise.biz\/de\/#\/schema\/logo\/image\/\"},\"sameAs\":[\"https:\/\/x.com\/FBizOfficial\",\"https:\/\/www.linkedin.com\/company\/franchisebiz\/\"]}]}<\/script>\n<!-- \/ Yoast SEO plugin. -->","yoast_head_json":{"title":"Vorteile","description":"Wir haben eine nachweisliche Erfolgsbilanz mit f\u00fchrenden internationalen Marken und arbeiten stets eng mit unseren Kunden zusammen, um ehrgeizige und realisierbare L\u00f6sungen zu bieten.","robots":{"index":"index","follow":"follow","max-snippet":"max-snippet:-1","max-image-preview":"max-image-preview:large","max-video-preview":"max-video-preview:-1"},"canonical":"https:\/\/www.franchise.biz\/de\/vorteile\/","og_locale":"de_DE","og_type":"article","og_title":"Vorteile","og_description":"Wir haben eine nachweisliche Erfolgsbilanz mit f\u00fchrenden internationalen Marken und arbeiten stets eng mit unseren Kunden zusammen, um ehrgeizige und realisierbare L\u00f6sungen zu bieten.","og_url":"https:\/\/www.franchise.biz\/de\/vorteile\/","og_site_name":"FranchiseBiz","article_modified_time":"2024-01-15T16:13:04+00:00","og_image":[{"url":"https:\/\/www.franchise.biz\/wp-content\/uploads\/2021\/08\/cropped-icon.jpg","type":"","width":"","height":""}],"twitter_card":"summary_large_image","twitter_title":"Vorteile","twitter_description":"Wir haben eine nachweisliche Erfolgsbilanz mit f\u00fchrenden internationalen Marken und arbeiten stets eng mit unseren Kunden zusammen, um ehrgeizige und realisierbare L\u00f6sungen zu bieten.","twitter_image":"https:\/\/www.franchise.biz\/wp-content\/uploads\/2021\/08\/cropped-icon.jpg","twitter_site":"@FBizOfficial","twitter_misc":{"Gesch\u00e4tzte Lesezeit":"4\u00a0Minuten"},"schema":{"@context":"https:\/\/schema.org","@graph":[{"@type":"WebPage","@id":"https:\/\/www.franchise.biz\/de\/vorteile\/","url":"https:\/\/www.franchise.biz\/de\/vorteile\/","name":"Vorteile","isPartOf":{"@id":"https:\/\/www.franchise.biz\/de\/#website"},"primaryImageOfPage":{"@id":"https:\/\/www.franchise.biz\/de\/vorteile\/#primaryimage"},"image":{"@id":"https:\/\/www.franchise.biz\/de\/vorteile\/#primaryimage"},"thumbnailUrl":"https:\/\/www.franchise.biz\/wp-content\/uploads\/2021\/08\/cropped-icon.jpg","datePublished":"2022-06-09T16:10:18+00:00","dateModified":"2024-01-15T16:13:04+00:00","description":"Wir haben eine nachweisliche Erfolgsbilanz mit f\u00fchrenden internationalen Marken und arbeiten stets eng mit unseren Kunden zusammen, um ehrgeizige und realisierbare L\u00f6sungen zu bieten.","breadcrumb":{"@id":"https:\/\/www.franchise.biz\/de\/vorteile\/#breadcrumb"},"inLanguage":"de","potentialAction":[{"@type":"ReadAction","target":["https:\/\/www.franchise.biz\/de\/vorteile\/"]}]},{"@type":"ImageObject","inLanguage":"de","@id":"https:\/\/www.franchise.biz\/de\/vorteile\/#primaryimage","url":"https:\/\/www.franchise.biz\/wp-content\/uploads\/2021\/08\/cropped-icon.jpg","contentUrl":"https:\/\/www.franchise.biz\/wp-content\/uploads\/2021\/08\/cropped-icon.jpg","width":512,"height":512},{"@type":"BreadcrumbList","@id":"https:\/\/www.franchise.biz\/de\/vorteile\/#breadcrumb","itemListElement":[{"@type":"ListItem","position":1,"name":"Accueil","item":"https:\/\/www.franchise.biz\/de\/"},{"@type":"ListItem","position":2,"name":"Vorteile"}]},{"@type":"WebSite","@id":"https:\/\/www.franchise.biz\/de\/#website","url":"https:\/\/www.franchise.biz\/de\/","name":"FranchiseBiz","description":"Empowering Franchise Growth Globally","publisher":{"@id":"https:\/\/www.franchise.biz\/de\/#organization"},"potentialAction":[{"@type":"SearchAction","target":{"@type":"EntryPoint","urlTemplate":"https:\/\/www.franchise.biz\/de\/?s={search_term_string}"},"query-input":{"@type":"PropertyValueSpecification","valueRequired":true,"valueName":"search_term_string"}}],"inLanguage":"de"},{"@type":"Organization","@id":"https:\/\/www.franchise.biz\/de\/#organization","name":"FranchiseBiz","url":"https:\/\/www.franchise.biz\/de\/","logo":{"@type":"ImageObject","inLanguage":"de","@id":"https:\/\/www.franchise.biz\/de\/#\/schema\/logo\/image\/","url":"https:\/\/www.franchise.biz\/wp-content\/uploads\/2021\/05\/logo.png","contentUrl":"https:\/\/www.franchise.biz\/wp-content\/uploads\/2021\/05\/logo.png","width":1000,"height":1000,"caption":"FranchiseBiz"},"image":{"@id":"https:\/\/www.franchise.biz\/de\/#\/schema\/logo\/image\/"},"sameAs":["https:\/\/x.com\/FBizOfficial","https:\/\/www.linkedin.com\/company\/franchisebiz\/"]}]}},"_links":{"self":[{"href":"https:\/\/www.franchise.biz\/de\/wp-json\/wp\/v2\/pages\/6301"}],"collection":[{"href":"https:\/\/www.franchise.biz\/de\/wp-json\/wp\/v2\/pages"}],"about":[{"href":"https:\/\/www.franchise.biz\/de\/wp-json\/wp\/v2\/types\/page"}],"author":[{"embeddable":true,"href":"https:\/\/www.franchise.biz\/de\/wp-json\/wp\/v2\/users\/2"}],"replies":[{"embeddable":true,"href":"https:\/\/www.franchise.biz\/de\/wp-json\/wp\/v2\/comments?post=6301"}],"version-history":[{"count":6,"href":"https:\/\/www.franchise.biz\/de\/wp-json\/wp\/v2\/pages\/6301\/revisions"}],"predecessor-version":[{"id":9157,"href":"https:\/\/www.franchise.biz\/de\/wp-json\/wp\/v2\/pages\/6301\/revisions\/9157"}],"wp:featuredmedia":[{"embeddable":true,"href":"https:\/\/www.franchise.biz\/de\/wp-json\/wp\/v2\/media\/5306"}],"wp:attachment":[{"href":"https:\/\/www.franchise.biz\/de\/wp-json\/wp\/v2\/media?parent=6301"}],"curies":[{"name":"wp","href":"https:\/\/api.w.org\/{rel}","templated":true}]}}