{"id":6357,"date":"2022-06-09T22:04:48","date_gmt":"2022-06-09T20:04:48","guid":{"rendered":"https:\/\/www.franchise.biz\/franchising-mit-boconcept\/werden-sie-boconcept-franchisenehmer\/"},"modified":"2025-02-12T14:02:35","modified_gmt":"2025-02-12T13:02:35","slug":"werden-sie-boconcept-franchisenehmer","status":"publish","type":"page","link":"https:\/\/www.franchise.biz\/de\/franchising-mit-boconcept\/werden-sie-boconcept-franchisenehmer\/","title":{"rendered":"Werden Sie BoConcept-Franchisenehmer"},"content":{"rendered":"<div class=\"wpb-content-wrapper\"><p>[vc_row css=&#8220;.vc_custom_1589820393947{padding-top: 60px !important;}&#8220;][vc_column]<div class=\"aio-icon-component  vc_custom_1654818573455   style_1\"><a class=\"aio-icon-box-link\" href=\"https:\/\/www.franchise.biz\/de\/franchising-mit-boconcept\/\" title=\"BoConcept Franchise\" ><div id=\"Info-box-wrap-2540\" class=\"aio-icon-box square_box-icon\" style=\"\"  ><div class=\"aio-icon-square_box\"><div class=\"ult-just-icon-wrapper  \"><div class=\"align-icon\" style=\"text-align:center;\">\n<div class=\"aio-icon-img \" style=\"font-size:200px;display:inline-block;\" >\n\t<img decoding=\"async\" class=\"img-icon\" alt=\"null\" src=\"https:\/\/www.franchise.biz\/wp-content\/uploads\/2021\/10\/BoConcept-Franchise.png\"\/>\n<\/div><\/div><\/div><\/div><\/div> <!-- aio-icon-box --><\/a><\/div> <!-- aio-icon-component -->[\/vc_column][\/vc_row][vc_row css=&#8220;.vc_custom_1641550762026{padding-top: 30px !important;background-color: #f7f7f7 !important;}&#8220; el_id=&#8220;form&#8220;][vc_column]<div id=\"ultimate-heading-877469ddf4c2b0268\" class=\"uvc-heading ult-adjust-bottom-margin ultimate-heading-877469ddf4c2b0268 uvc-5014 accent-border-color\" data-hspacer=\"no_spacer\"  data-halign=\"center\" style=\"text-align:center\"><div class=\"uvc-heading-spacer no_spacer\" style=\"top\"><\/div><div class=\"uvc-main-heading ult-responsive\"  data-ultimate-target='.uvc-heading.ultimate-heading-877469ddf4c2b0268 h2'  data-responsive-json-new='{\"font-size\":\"desktop:30px;\",\"line-height\":\"desktop:38px;\"}' ><h2 style=\"font-weight:normal;color:#e54326;\">Werden Sie BoConcept-Franchisenehmer<\/h2><\/div><div class=\"uvc-sub-heading ult-responsive\"  data-ultimate-target='.uvc-heading.ultimate-heading-877469ddf4c2b0268 .uvc-sub-heading '  data-responsive-json-new='{\"font-size\":\"\",\"line-height\":\"\"}'  style=\"font-weight:normal;\"><\/p>\n<h4 style=\"text-align: center;\"><span style=\"font-size: 12pt;\">F\u00fcllen Sie unten stehendes Formular aus und entdecken Sie die M\u00f6glichkeiten, die BoConcept Ihnen bietet!<\/span><\/h4>\n<p><\/div><\/div>[vc_column_text css_animation=&#8220;fadeIn&#8220;]<iframe style=\"height: 1250px; width: 99%; border: none;\" src=\"https:\/\/forms.zohopublic.eu\/FranchiseBiz\/form\/FormulairedecandidatureBoConcept\/formperma\/Zd3t-kRb70odJj9meFG9gNGkctbNL6AEDwMgs327QlI?zf_lang=de\" frameborder=\"0\"><\/iframe>[\/vc_column_text][\/vc_column][\/vc_row][vc_row][vc_column][vc_empty_space height=&#8220;75px&#8220;][\/vc_column][\/vc_row]<\/p>\n<\/div>","protected":false},"excerpt":{"rendered":"<p>[vc_row css=&#8220;.vc_custom_1589820393947{padding-top: 60px !important;}&#8220;][vc_column][\/vc_column][\/vc_row][vc_row css=&#8220;.vc_custom_1641550762026{padding-top: 30px !important;background-color: #f7f7f7 !important;}&#8220; el_id=&#8220;form&#8220;][vc_column][vc_column_text css_animation=&#8220;fadeIn&#8220;][\/vc_column_text][\/vc_column][\/vc_row][vc_row][vc_column][vc_empty_space height=&#8220;75px&#8220;][\/vc_column][\/vc_row]<\/p>\n","protected":false},"author":2,"featured_media":10169,"parent":6353,"menu_order":0,"comment_status":"closed","ping_status":"closed","template":"template-microsite.php","meta":{"inline_featured_image":false,"footnotes":""},"class_list":["post-6357","page","type-page","status-publish","has-post-thumbnail","hentry","description-off"],"yoast_head":"<!-- This site is optimized with the Yoast SEO plugin v25.5 - https:\/\/yoast.com\/wordpress\/plugins\/seo\/ -->\n<title>BoConcept Franchise-Bewerbung | Starten Sie Ihr Gesch\u00e4ft<\/title>\n<meta name=\"description\" content=\"Bereit f\u00fcr BoConcept? Reichen Sie jetzt Ihre Franchise-Bewerbung ein und profitieren Sie von einem bew\u00e4hrten Konzept und einer weltweit renommierten Marke.\" \/>\n<meta name=\"robots\" content=\"index, follow, max-snippet:-1, max-image-preview:large, max-video-preview:-1\" \/>\n<link rel=\"canonical\" href=\"https:\/\/www.franchise.biz\/de\/franchising-mit-boconcept\/werden-sie-boconcept-franchisenehmer\/\" \/>\n<meta property=\"og:locale\" content=\"de_DE\" \/>\n<meta property=\"og:type\" content=\"article\" \/>\n<meta property=\"og:title\" content=\"BoConcept Franchise-Bewerbung | Starten Sie Ihr Gesch\u00e4ft\" \/>\n<meta property=\"og:description\" content=\"Bereit f\u00fcr BoConcept? Reichen Sie jetzt Ihre Franchise-Bewerbung ein und profitieren Sie von einem bew\u00e4hrten Konzept und einer weltweit renommierten Marke.\" \/>\n<meta property=\"og:url\" content=\"https:\/\/www.franchise.biz\/de\/franchising-mit-boconcept\/werden-sie-boconcept-franchisenehmer\/\" \/>\n<meta property=\"og:site_name\" content=\"FranchiseBiz\" \/>\n<meta property=\"article:modified_time\" content=\"2025-02-12T13:02:35+00:00\" \/>\n<meta property=\"og:image\" content=\"https:\/\/www.franchise.biz\/wp-content\/uploads\/2025\/02\/BoConcept-India.jpg\" \/>\n\t<meta property=\"og:image:width\" content=\"1333\" \/>\n\t<meta property=\"og:image:height\" content=\"750\" \/>\n\t<meta property=\"og:image:type\" content=\"image\/jpeg\" \/>\n<meta name=\"twitter:card\" content=\"summary_large_image\" \/>\n<meta name=\"twitter:title\" content=\"BoConcept Franchise-Bewerbung | Starten Sie Ihr Gesch\u00e4ft\" \/>\n<meta name=\"twitter:description\" content=\"Bereit f\u00fcr BoConcept? Reichen Sie jetzt Ihre Franchise-Bewerbung ein und profitieren Sie von einem bew\u00e4hrten Konzept und einer weltweit renommierten Marke.\" \/>\n<meta name=\"twitter:image\" content=\"https:\/\/www.franchise.biz\/wp-content\/uploads\/2025\/02\/BoConcept-India.jpg\" \/>\n<meta name=\"twitter:site\" content=\"@FBizOfficial\" \/>\n<meta name=\"twitter:label1\" content=\"Gesch\u00e4tzte Lesezeit\" \/>\n\t<meta name=\"twitter:data1\" content=\"1\u00a0Minute\" \/>\n<script type=\"application\/ld+json\" class=\"yoast-schema-graph\">{\"@context\":\"https:\/\/schema.org\",\"@graph\":[{\"@type\":\"WebPage\",\"@id\":\"https:\/\/www.franchise.biz\/de\/franchising-mit-boconcept\/werden-sie-boconcept-franchisenehmer\/\",\"url\":\"https:\/\/www.franchise.biz\/de\/franchising-mit-boconcept\/werden-sie-boconcept-franchisenehmer\/\",\"name\":\"BoConcept Franchise-Bewerbung | Starten Sie Ihr Gesch\u00e4ft\",\"isPartOf\":{\"@id\":\"https:\/\/www.franchise.biz\/de\/#website\"},\"primaryImageOfPage\":{\"@id\":\"https:\/\/www.franchise.biz\/de\/franchising-mit-boconcept\/werden-sie-boconcept-franchisenehmer\/#primaryimage\"},\"image\":{\"@id\":\"https:\/\/www.franchise.biz\/de\/franchising-mit-boconcept\/werden-sie-boconcept-franchisenehmer\/#primaryimage\"},\"thumbnailUrl\":\"https:\/\/www.franchise.biz\/wp-content\/uploads\/2025\/02\/BoConcept-India.jpg\",\"datePublished\":\"2022-06-09T20:04:48+00:00\",\"dateModified\":\"2025-02-12T13:02:35+00:00\",\"description\":\"Bereit f\u00fcr BoConcept? Reichen Sie jetzt Ihre Franchise-Bewerbung ein und profitieren Sie von einem bew\u00e4hrten Konzept und einer weltweit renommierten Marke.\",\"breadcrumb\":{\"@id\":\"https:\/\/www.franchise.biz\/de\/franchising-mit-boconcept\/werden-sie-boconcept-franchisenehmer\/#breadcrumb\"},\"inLanguage\":\"de\",\"potentialAction\":[{\"@type\":\"ReadAction\",\"target\":[\"https:\/\/www.franchise.biz\/de\/franchising-mit-boconcept\/werden-sie-boconcept-franchisenehmer\/\"]}]},{\"@type\":\"ImageObject\",\"inLanguage\":\"de\",\"@id\":\"https:\/\/www.franchise.biz\/de\/franchising-mit-boconcept\/werden-sie-boconcept-franchisenehmer\/#primaryimage\",\"url\":\"https:\/\/www.franchise.biz\/wp-content\/uploads\/2025\/02\/BoConcept-India.jpg\",\"contentUrl\":\"https:\/\/www.franchise.biz\/wp-content\/uploads\/2025\/02\/BoConcept-India.jpg\",\"width\":1333,\"height\":750},{\"@type\":\"BreadcrumbList\",\"@id\":\"https:\/\/www.franchise.biz\/de\/franchising-mit-boconcept\/werden-sie-boconcept-franchisenehmer\/#breadcrumb\",\"itemListElement\":[{\"@type\":\"ListItem\",\"position\":1,\"name\":\"Accueil\",\"item\":\"https:\/\/www.franchise.biz\/de\/\"},{\"@type\":\"ListItem\",\"position\":2,\"name\":\"Franchising mit BoConcept\",\"item\":\"https:\/\/www.franchise.biz\/de\/franchising-mit-boconcept\/\"},{\"@type\":\"ListItem\",\"position\":3,\"name\":\"Werden Sie BoConcept-Franchisenehmer\"}]},{\"@type\":\"WebSite\",\"@id\":\"https:\/\/www.franchise.biz\/de\/#website\",\"url\":\"https:\/\/www.franchise.biz\/de\/\",\"name\":\"FranchiseBiz\",\"description\":\"Empowering Franchise Growth Globally\",\"publisher\":{\"@id\":\"https:\/\/www.franchise.biz\/de\/#organization\"},\"potentialAction\":[{\"@type\":\"SearchAction\",\"target\":{\"@type\":\"EntryPoint\",\"urlTemplate\":\"https:\/\/www.franchise.biz\/de\/?s={search_term_string}\"},\"query-input\":{\"@type\":\"PropertyValueSpecification\",\"valueRequired\":true,\"valueName\":\"search_term_string\"}}],\"inLanguage\":\"de\"},{\"@type\":\"Organization\",\"@id\":\"https:\/\/www.franchise.biz\/de\/#organization\",\"name\":\"FranchiseBiz\",\"url\":\"https:\/\/www.franchise.biz\/de\/\",\"logo\":{\"@type\":\"ImageObject\",\"inLanguage\":\"de\",\"@id\":\"https:\/\/www.franchise.biz\/de\/#\/schema\/logo\/image\/\",\"url\":\"https:\/\/www.franchise.biz\/wp-content\/uploads\/2021\/05\/logo.png\",\"contentUrl\":\"https:\/\/www.franchise.biz\/wp-content\/uploads\/2021\/05\/logo.png\",\"width\":1000,\"height\":1000,\"caption\":\"FranchiseBiz\"},\"image\":{\"@id\":\"https:\/\/www.franchise.biz\/de\/#\/schema\/logo\/image\/\"},\"sameAs\":[\"https:\/\/x.com\/FBizOfficial\",\"https:\/\/www.linkedin.com\/company\/franchisebiz\/\"]}]}<\/script>\n<!-- \/ Yoast SEO plugin. -->","yoast_head_json":{"title":"BoConcept Franchise-Bewerbung | Starten Sie Ihr Gesch\u00e4ft","description":"Bereit f\u00fcr BoConcept? Reichen Sie jetzt Ihre Franchise-Bewerbung ein und profitieren Sie von einem bew\u00e4hrten Konzept und einer weltweit renommierten Marke.","robots":{"index":"index","follow":"follow","max-snippet":"max-snippet:-1","max-image-preview":"max-image-preview:large","max-video-preview":"max-video-preview:-1"},"canonical":"https:\/\/www.franchise.biz\/de\/franchising-mit-boconcept\/werden-sie-boconcept-franchisenehmer\/","og_locale":"de_DE","og_type":"article","og_title":"BoConcept Franchise-Bewerbung | Starten Sie Ihr Gesch\u00e4ft","og_description":"Bereit f\u00fcr BoConcept? Reichen Sie jetzt Ihre Franchise-Bewerbung ein und profitieren Sie von einem bew\u00e4hrten Konzept und einer weltweit renommierten Marke.","og_url":"https:\/\/www.franchise.biz\/de\/franchising-mit-boconcept\/werden-sie-boconcept-franchisenehmer\/","og_site_name":"FranchiseBiz","article_modified_time":"2025-02-12T13:02:35+00:00","og_image":[{"width":1333,"height":750,"url":"https:\/\/www.franchise.biz\/wp-content\/uploads\/2025\/02\/BoConcept-India.jpg","type":"image\/jpeg"}],"twitter_card":"summary_large_image","twitter_title":"BoConcept Franchise-Bewerbung | Starten Sie Ihr Gesch\u00e4ft","twitter_description":"Bereit f\u00fcr BoConcept? Reichen Sie jetzt Ihre Franchise-Bewerbung ein und profitieren Sie von einem bew\u00e4hrten Konzept und einer weltweit renommierten Marke.","twitter_image":"https:\/\/www.franchise.biz\/wp-content\/uploads\/2025\/02\/BoConcept-India.jpg","twitter_site":"@FBizOfficial","twitter_misc":{"Gesch\u00e4tzte Lesezeit":"1\u00a0Minute"},"schema":{"@context":"https:\/\/schema.org","@graph":[{"@type":"WebPage","@id":"https:\/\/www.franchise.biz\/de\/franchising-mit-boconcept\/werden-sie-boconcept-franchisenehmer\/","url":"https:\/\/www.franchise.biz\/de\/franchising-mit-boconcept\/werden-sie-boconcept-franchisenehmer\/","name":"BoConcept Franchise-Bewerbung | Starten Sie Ihr Gesch\u00e4ft","isPartOf":{"@id":"https:\/\/www.franchise.biz\/de\/#website"},"primaryImageOfPage":{"@id":"https:\/\/www.franchise.biz\/de\/franchising-mit-boconcept\/werden-sie-boconcept-franchisenehmer\/#primaryimage"},"image":{"@id":"https:\/\/www.franchise.biz\/de\/franchising-mit-boconcept\/werden-sie-boconcept-franchisenehmer\/#primaryimage"},"thumbnailUrl":"https:\/\/www.franchise.biz\/wp-content\/uploads\/2025\/02\/BoConcept-India.jpg","datePublished":"2022-06-09T20:04:48+00:00","dateModified":"2025-02-12T13:02:35+00:00","description":"Bereit f\u00fcr BoConcept? Reichen Sie jetzt Ihre Franchise-Bewerbung ein und profitieren Sie von einem bew\u00e4hrten Konzept und einer weltweit renommierten Marke.","breadcrumb":{"@id":"https:\/\/www.franchise.biz\/de\/franchising-mit-boconcept\/werden-sie-boconcept-franchisenehmer\/#breadcrumb"},"inLanguage":"de","potentialAction":[{"@type":"ReadAction","target":["https:\/\/www.franchise.biz\/de\/franchising-mit-boconcept\/werden-sie-boconcept-franchisenehmer\/"]}]},{"@type":"ImageObject","inLanguage":"de","@id":"https:\/\/www.franchise.biz\/de\/franchising-mit-boconcept\/werden-sie-boconcept-franchisenehmer\/#primaryimage","url":"https:\/\/www.franchise.biz\/wp-content\/uploads\/2025\/02\/BoConcept-India.jpg","contentUrl":"https:\/\/www.franchise.biz\/wp-content\/uploads\/2025\/02\/BoConcept-India.jpg","width":1333,"height":750},{"@type":"BreadcrumbList","@id":"https:\/\/www.franchise.biz\/de\/franchising-mit-boconcept\/werden-sie-boconcept-franchisenehmer\/#breadcrumb","itemListElement":[{"@type":"ListItem","position":1,"name":"Accueil","item":"https:\/\/www.franchise.biz\/de\/"},{"@type":"ListItem","position":2,"name":"Franchising mit BoConcept","item":"https:\/\/www.franchise.biz\/de\/franchising-mit-boconcept\/"},{"@type":"ListItem","position":3,"name":"Werden Sie BoConcept-Franchisenehmer"}]},{"@type":"WebSite","@id":"https:\/\/www.franchise.biz\/de\/#website","url":"https:\/\/www.franchise.biz\/de\/","name":"FranchiseBiz","description":"Empowering Franchise Growth Globally","publisher":{"@id":"https:\/\/www.franchise.biz\/de\/#organization"},"potentialAction":[{"@type":"SearchAction","target":{"@type":"EntryPoint","urlTemplate":"https:\/\/www.franchise.biz\/de\/?s={search_term_string}"},"query-input":{"@type":"PropertyValueSpecification","valueRequired":true,"valueName":"search_term_string"}}],"inLanguage":"de"},{"@type":"Organization","@id":"https:\/\/www.franchise.biz\/de\/#organization","name":"FranchiseBiz","url":"https:\/\/www.franchise.biz\/de\/","logo":{"@type":"ImageObject","inLanguage":"de","@id":"https:\/\/www.franchise.biz\/de\/#\/schema\/logo\/image\/","url":"https:\/\/www.franchise.biz\/wp-content\/uploads\/2021\/05\/logo.png","contentUrl":"https:\/\/www.franchise.biz\/wp-content\/uploads\/2021\/05\/logo.png","width":1000,"height":1000,"caption":"FranchiseBiz"},"image":{"@id":"https:\/\/www.franchise.biz\/de\/#\/schema\/logo\/image\/"},"sameAs":["https:\/\/x.com\/FBizOfficial","https:\/\/www.linkedin.com\/company\/franchisebiz\/"]}]}},"_links":{"self":[{"href":"https:\/\/www.franchise.biz\/de\/wp-json\/wp\/v2\/pages\/6357"}],"collection":[{"href":"https:\/\/www.franchise.biz\/de\/wp-json\/wp\/v2\/pages"}],"about":[{"href":"https:\/\/www.franchise.biz\/de\/wp-json\/wp\/v2\/types\/page"}],"author":[{"embeddable":true,"href":"https:\/\/www.franchise.biz\/de\/wp-json\/wp\/v2\/users\/2"}],"replies":[{"embeddable":true,"href":"https:\/\/www.franchise.biz\/de\/wp-json\/wp\/v2\/comments?post=6357"}],"version-history":[{"count":5,"href":"https:\/\/www.franchise.biz\/de\/wp-json\/wp\/v2\/pages\/6357\/revisions"}],"predecessor-version":[{"id":8858,"href":"https:\/\/www.franchise.biz\/de\/wp-json\/wp\/v2\/pages\/6357\/revisions\/8858"}],"up":[{"embeddable":true,"href":"https:\/\/www.franchise.biz\/de\/wp-json\/wp\/v2\/pages\/6353"}],"wp:featuredmedia":[{"embeddable":true,"href":"https:\/\/www.franchise.biz\/de\/wp-json\/wp\/v2\/media\/10169"}],"wp:attachment":[{"href":"https:\/\/www.franchise.biz\/de\/wp-json\/wp\/v2\/media?parent=6357"}],"curies":[{"name":"wp","href":"https:\/\/api.w.org\/{rel}","templated":true}]}}