{"id":6809,"date":"2022-11-24T16:38:41","date_gmt":"2022-11-24T15:38:41","guid":{"rendered":"https:\/\/www.franchise.biz\/?page_id=6809"},"modified":"2025-05-21T15:13:01","modified_gmt":"2025-05-21T13:13:01","slug":"teamprofil-aude-chatel","status":"publish","type":"page","link":"https:\/\/www.franchise.biz\/de\/ueber\/teamprofil-aude-chatel\/","title":{"rendered":"Teamprofil Aude Chatel"},"content":{"rendered":"<div class=\"wpb-content-wrapper\"><p>[vc_row full_width=&#8220;stretch_row_content&#8220; css=&#8220;.vc_custom_1632839068794{margin-top: 0px !important;margin-right: 0px !important;margin-bottom: 0px !important;margin-left: 0px !important;padding-top: 60px !important;padding-right: 0px !important;padding-bottom: 60px !important;padding-left: 0px !important;}&#8220;][vc_column css=&#8220;.vc_custom_1632838782299{margin: 0px !important;padding: 0px !important;}&#8220;][vc_row_inner][vc_column_inner]<style type=\"text\/css\" data-type=\"the7_shortcodes-inline-css\">#default-btn-ee5de26d210427a2f2900b937283ed83.ico-right-side > i {\n  margin-right: 0px;\n  margin-left: 8px;\n}\n#default-btn-ee5de26d210427a2f2900b937283ed83 > i {\n  margin-right: 8px;\n}\n<\/style><a href=\"https:\/\/www.franchise.biz\/franchise-opportunities\/\" class=\"default-btn-shortcode dt-btn dt-btn-s link-hover-off franchise-opportunities openfranchise btn-inline-right \" id=\"default-btn-ee5de26d210427a2f2900b937283ed83\"><span>Franchise-Partner werden<\/span><\/a>[\/vc_column_inner][\/vc_row_inner][\/vc_column][\/vc_row][vc_row type=&#8220;vc_default&#8220; margin_top=&#8220;0&#8243; css=&#8220;.vc_custom_1632839594334{margin-top: -350px !important;margin-bottom: 80px !important;padding-top: 80px !important;}&#8220;][vc_column width=&#8220;5\/12&#8243; css=&#8220;.vc_custom_1481816184469{padding-bottom: 40px !important;}&#8220; offset=&#8220;vc_col-lg-4 vc_col-md-4&#8243;][vc_single_image image=&#8220;6826&#8243; img_size=&#8220;300&#215;300&#8243; alignment=&#8220;center&#8220; style=&#8220;vc_box_circle&#8220; css=&#8220;.vc_custom_1669235429996{padding-bottom: 30px !important;}&#8220; image_hovers=&#8220;false&#8220; lazy_loading=&#8220;true&#8220;][\/vc_column][vc_column width=&#8220;7\/12&#8243; offset=&#8220;vc_col-lg-8 vc_col-md-8&#8243; css=&#8220;.vc_custom_1632839580334{padding-right: 40px !important;}&#8220;]<div id=\"ultimate-heading-362669f2f1d97879b\" class=\"uvc-heading ult-adjust-bottom-margin ultimate-heading-362669f2f1d97879b uvc-1927 color-title accent-subtitle-color accent-border-color\" data-hspacer=\"no_spacer\"  data-halign=\"left\" style=\"text-align:left\"><div class=\"uvc-heading-spacer no_spacer\" style=\"top\"><\/div><div class=\"uvc-main-heading ult-responsive\"  data-ultimate-target='.uvc-heading.ultimate-heading-362669f2f1d97879b h2'  data-responsive-json-new='{\"font-size\":\"desktop:30px;\",\"line-height\":\"desktop:44px;\"}' ><h2 style=\"font-weight:bold;color:#e54326;margin-bottom:5px;\">Aude Chatel<\/h2><\/div><div class=\"uvc-sub-heading ult-responsive\"  data-ultimate-target='.uvc-heading.ultimate-heading-362669f2f1d97879b .uvc-sub-heading '  data-responsive-json-new='{\"font-size\":\"desktop:20px;\",\"line-height\":\"desktop:32px;\"}'  style=\"font-weight:normal;color:#757575;margin-bottom:25px;\"><span style=\"color: #757575;\">Standort: Toulouse (Frankreich)<\/span><\/p>\n<hr \/>\n<h5><strong><span style=\"color: #757575;\">SPRACHE : FRANZ\u00d6SISCH<\/span><\/strong><\/h5>\n<p><\/div><\/div>[vc_column_text css=&#8220;.vc_custom_1669235260365{padding-bottom: 50px !important;}&#8220;]Aude ist seit mehr als 3 Jahren ein unabh\u00e4ngiger Berater, der sich seit mehr als 20 Jahren auf die Unterst\u00fctzung von Unternehmen spezialisiert hat. Sie verf\u00fcgt \u00fcber umfangreiche Erfahrung in der Unterst\u00fctzung von Unternehmen aller Gr\u00f6\u00dfen und bietet Dienstleistungen f\u00fcr die Buchhaltung, Personalunterst\u00fctzung, Veranstaltungen oder sogar Vertrieb und administrative Nachverfolgung an.<\/p>\n<p>Seit Dezember 2021 arbeitet Aude mit FranchiseBiz in franz\u00f6sischsprachigen M\u00e4rkten zusammen, indem es das Lead-Portfolio f\u00fcr unsere Partnermarken entwickelt[\/vc_column_text]<div id=\"ultimate-heading-846969f2f1d978819\" class=\"uvc-heading ult-adjust-bottom-margin ultimate-heading-846969f2f1d978819 uvc-9367 color-title accent-border-color\" data-hspacer=\"no_spacer\"  data-halign=\"left\" style=\"text-align:left\"><div class=\"uvc-heading-spacer no_spacer\" style=\"top\"><\/div><div class=\"uvc-main-heading ult-responsive\"  data-ultimate-target='.uvc-heading.ultimate-heading-846969f2f1d978819 p'  data-responsive-json-new='{\"font-size\":\"desktop:22px;\",\"line-height\":\"desktop:32px;\"}' ><p style=\"font-weight:bold;margin-bottom:20px;\">Kontakt<\/p><\/div><\/div>[vc_row_inner][vc_column_inner width=&#8220;1\/3&#8243;][vc_column_text css=&#8220;&#8220;]<\/p>\n<p style=\"text-align: left;\"><strong><span class=\"color-title\">E-mail<\/span><\/strong><\/p>\n<p>[\/vc_column_text][\/vc_column_inner][vc_column_inner width=&#8220;1\/3&#8243;][vc_column_text css=&#8220;&#8220;]<\/p>\n<p style=\"text-align: left;\"><strong><span class=\"color-title\">Telefon<\/span><\/strong><\/p>\n<p>[\/vc_column_text][\/vc_column_inner][vc_column_inner width=&#8220;1\/3&#8243;]<div class=\"  uavc-icons \">\n<div class=\"aio-icon advanced \" data-animation=\"\" data-animation-delay=\"03\" style=\"color:#ffffff;background:#e54326;border-style:solid;border-color:;border-width:0px;width:36px;height:36px;line-height:36px;border-radius:500px;font-size:16px;margin-right:5px;\">\n\t<i class=\"icomoon-free-social-contact-16x16-linkedin2\"><\/i>\n<\/div><\/div>[\/vc_column_inner][\/vc_row_inner][\/vc_column][\/vc_row]<\/p>\n<\/div>","protected":false},"excerpt":{"rendered":"<p>[vc_row full_width=&#8220;stretch_row_content&#8220; css=&#8220;.vc_custom_1632839068794{margin-top: 0px !important;margin-right: 0px !important;margin-bottom: 0px !important;margin-left: 0px !important;padding-top: 60px !important;padding-right: 0px !important;padding-bottom: 60px !important;padding-left: 0px !important;}&#8220;][vc_column css=&#8220;.vc_custom_1632838782299{margin: 0px !important;padding: 0px !important;}&#8220;][vc_row_inner][vc_column_inner][\/vc_column_inner][\/vc_row_inner][\/vc_column][\/vc_row][vc_row type=&#8220;vc_default&#8220; margin_top=&#8220;0&#8243; css=&#8220;.vc_custom_1632839594334{margin-top: -350px !important;margin-bottom: 80px !important;padding-top: 80px !important;}&#8220;][vc_column width=&#8220;5\/12&#8243; css=&#8220;.vc_custom_1481816184469{padding-bottom: 40px !important;}&#8220; offset=&#8220;vc_col-lg-4 vc_col-md-4&#8243;][vc_single_image image=&#8220;6826&#8243; img_size=&#8220;300&#215;300&#8243; alignment=&#8220;center&#8220; style=&#8220;vc_box_circle&#8220; css=&#8220;.vc_custom_1669235429996{padding-bottom: 30px !important;}&#8220; image_hovers=&#8220;false&#8220; lazy_loading=&#8220;true&#8220;][\/vc_column][vc_column width=&#8220;7\/12&#8243; offset=&#8220;vc_col-lg-8 vc_col-md-8&#8243; css=&#8220;.vc_custom_1632839580334{padding-right: 40px !important;}&#8220;][vc_column_text css=&#8220;.vc_custom_1669235260365{padding-bottom:&hellip;<\/p>\n","protected":false},"author":2,"featured_media":6826,"parent":6311,"menu_order":10,"comment_status":"closed","ping_status":"closed","template":"","meta":{"inline_featured_image":false,"footnotes":""},"class_list":["post-6809","page","type-page","status-publish","has-post-thumbnail","hentry","description-off"],"yoast_head":"<!-- This site is optimized with the Yoast SEO plugin v25.5 - https:\/\/yoast.com\/wordpress\/plugins\/seo\/ -->\n<title>FranchiseBiz Team | Aude Chatel<\/title>\n<meta name=\"description\" content=\"Aude ist seit mehr als 3 Jahren ein unabh\u00e4ngiger Berater, der sich seit mehr als 20 Jahren auf die Unterst\u00fctzung von Unternehmen spezialisiert hat. Sie verf\u00fcgt \u00fcber umfangreiche Erfahrung in der Unterst\u00fctzung von Unternehmen aller Gr\u00f6\u00dfen und bietet Dienstleistungen f\u00fcr die Buchhaltung, Personalunterst\u00fctzung, Veranstaltungen oder sogar Vertrieb und administrative Nachverfolgung an.\" \/>\n<meta name=\"robots\" content=\"noindex, nofollow\" \/>\n<meta property=\"og:locale\" content=\"de_DE\" \/>\n<meta property=\"og:type\" content=\"article\" \/>\n<meta property=\"og:title\" content=\"FranchiseBiz Team | Aude Chatel\" \/>\n<meta property=\"og:description\" content=\"Aude ist seit mehr als 3 Jahren ein unabh\u00e4ngiger Berater, der sich seit mehr als 20 Jahren auf die Unterst\u00fctzung von Unternehmen spezialisiert hat. Sie verf\u00fcgt \u00fcber umfangreiche Erfahrung in der Unterst\u00fctzung von Unternehmen aller Gr\u00f6\u00dfen und bietet Dienstleistungen f\u00fcr die Buchhaltung, Personalunterst\u00fctzung, Veranstaltungen oder sogar Vertrieb und administrative Nachverfolgung an.\" \/>\n<meta property=\"og:url\" content=\"https:\/\/www.franchise.biz\/de\/ueber\/teamprofil-aude-chatel\/\" \/>\n<meta property=\"og:site_name\" content=\"FranchiseBiz\" \/>\n<meta property=\"article:modified_time\" content=\"2025-05-21T13:13:01+00:00\" \/>\n<meta property=\"og:image\" content=\"https:\/\/www.franchise.biz\/wp-content\/uploads\/2022\/11\/Aude-Chatel.jpg\" \/>\n\t<meta property=\"og:image:width\" content=\"800\" \/>\n\t<meta property=\"og:image:height\" content=\"800\" \/>\n\t<meta property=\"og:image:type\" content=\"image\/jpeg\" \/>\n<meta name=\"twitter:card\" content=\"summary_large_image\" \/>\n<meta name=\"twitter:site\" content=\"@FBizOfficial\" \/>\n<meta name=\"twitter:label1\" content=\"Gesch\u00e4tzte Lesezeit\" \/>\n\t<meta name=\"twitter:data1\" content=\"2\u00a0Minuten\" \/>\n<script type=\"application\/ld+json\" class=\"yoast-schema-graph\">{\"@context\":\"https:\/\/schema.org\",\"@graph\":[{\"@type\":\"WebPage\",\"@id\":\"https:\/\/www.franchise.biz\/de\/ueber\/teamprofil-aude-chatel\/\",\"url\":\"https:\/\/www.franchise.biz\/de\/ueber\/teamprofil-aude-chatel\/\",\"name\":\"FranchiseBiz Team | Aude Chatel\",\"isPartOf\":{\"@id\":\"https:\/\/www.franchise.biz\/de\/#website\"},\"primaryImageOfPage\":{\"@id\":\"https:\/\/www.franchise.biz\/de\/ueber\/teamprofil-aude-chatel\/#primaryimage\"},\"image\":{\"@id\":\"https:\/\/www.franchise.biz\/de\/ueber\/teamprofil-aude-chatel\/#primaryimage\"},\"thumbnailUrl\":\"https:\/\/www.franchise.biz\/wp-content\/uploads\/2022\/11\/Aude-Chatel.jpg\",\"datePublished\":\"2022-11-24T15:38:41+00:00\",\"dateModified\":\"2025-05-21T13:13:01+00:00\",\"description\":\"Aude ist seit mehr als 3 Jahren ein unabh\u00e4ngiger Berater, der sich seit mehr als 20 Jahren auf die Unterst\u00fctzung von Unternehmen spezialisiert hat. Sie verf\u00fcgt \u00fcber umfangreiche Erfahrung in der Unterst\u00fctzung von Unternehmen aller Gr\u00f6\u00dfen und bietet Dienstleistungen f\u00fcr die Buchhaltung, Personalunterst\u00fctzung, Veranstaltungen oder sogar Vertrieb und administrative Nachverfolgung an.\",\"breadcrumb\":{\"@id\":\"https:\/\/www.franchise.biz\/de\/ueber\/teamprofil-aude-chatel\/#breadcrumb\"},\"inLanguage\":\"de\",\"potentialAction\":[{\"@type\":\"ReadAction\",\"target\":[\"https:\/\/www.franchise.biz\/de\/ueber\/teamprofil-aude-chatel\/\"]}]},{\"@type\":\"ImageObject\",\"inLanguage\":\"de\",\"@id\":\"https:\/\/www.franchise.biz\/de\/ueber\/teamprofil-aude-chatel\/#primaryimage\",\"url\":\"https:\/\/www.franchise.biz\/wp-content\/uploads\/2022\/11\/Aude-Chatel.jpg\",\"contentUrl\":\"https:\/\/www.franchise.biz\/wp-content\/uploads\/2022\/11\/Aude-Chatel.jpg\",\"width\":800,\"height\":800},{\"@type\":\"BreadcrumbList\",\"@id\":\"https:\/\/www.franchise.biz\/de\/ueber\/teamprofil-aude-chatel\/#breadcrumb\",\"itemListElement\":[{\"@type\":\"ListItem\",\"position\":1,\"name\":\"Accueil\",\"item\":\"https:\/\/www.franchise.biz\/de\/\"},{\"@type\":\"ListItem\",\"position\":2,\"name\":\"\u00dcber\",\"item\":\"https:\/\/www.franchise.biz\/de\/ueber\/\"},{\"@type\":\"ListItem\",\"position\":3,\"name\":\"Teamprofil Aude Chatel\"}]},{\"@type\":\"WebSite\",\"@id\":\"https:\/\/www.franchise.biz\/de\/#website\",\"url\":\"https:\/\/www.franchise.biz\/de\/\",\"name\":\"FranchiseBiz\",\"description\":\"Empowering Franchise Growth Globally\",\"publisher\":{\"@id\":\"https:\/\/www.franchise.biz\/de\/#organization\"},\"potentialAction\":[{\"@type\":\"SearchAction\",\"target\":{\"@type\":\"EntryPoint\",\"urlTemplate\":\"https:\/\/www.franchise.biz\/de\/?s={search_term_string}\"},\"query-input\":{\"@type\":\"PropertyValueSpecification\",\"valueRequired\":true,\"valueName\":\"search_term_string\"}}],\"inLanguage\":\"de\"},{\"@type\":\"Organization\",\"@id\":\"https:\/\/www.franchise.biz\/de\/#organization\",\"name\":\"FranchiseBiz\",\"url\":\"https:\/\/www.franchise.biz\/de\/\",\"logo\":{\"@type\":\"ImageObject\",\"inLanguage\":\"de\",\"@id\":\"https:\/\/www.franchise.biz\/de\/#\/schema\/logo\/image\/\",\"url\":\"https:\/\/www.franchise.biz\/wp-content\/uploads\/2021\/05\/logo.png\",\"contentUrl\":\"https:\/\/www.franchise.biz\/wp-content\/uploads\/2021\/05\/logo.png\",\"width\":1000,\"height\":1000,\"caption\":\"FranchiseBiz\"},\"image\":{\"@id\":\"https:\/\/www.franchise.biz\/de\/#\/schema\/logo\/image\/\"},\"sameAs\":[\"https:\/\/x.com\/FBizOfficial\",\"https:\/\/www.linkedin.com\/company\/franchisebiz\/\"]}]}<\/script>\n<!-- \/ Yoast SEO plugin. -->","yoast_head_json":{"title":"FranchiseBiz Team | Aude Chatel","description":"Aude ist seit mehr als 3 Jahren ein unabh\u00e4ngiger Berater, der sich seit mehr als 20 Jahren auf die Unterst\u00fctzung von Unternehmen spezialisiert hat. Sie verf\u00fcgt \u00fcber umfangreiche Erfahrung in der Unterst\u00fctzung von Unternehmen aller Gr\u00f6\u00dfen und bietet Dienstleistungen f\u00fcr die Buchhaltung, Personalunterst\u00fctzung, Veranstaltungen oder sogar Vertrieb und administrative Nachverfolgung an.","robots":{"index":"noindex","follow":"nofollow"},"og_locale":"de_DE","og_type":"article","og_title":"FranchiseBiz Team | Aude Chatel","og_description":"Aude ist seit mehr als 3 Jahren ein unabh\u00e4ngiger Berater, der sich seit mehr als 20 Jahren auf die Unterst\u00fctzung von Unternehmen spezialisiert hat. Sie verf\u00fcgt \u00fcber umfangreiche Erfahrung in der Unterst\u00fctzung von Unternehmen aller Gr\u00f6\u00dfen und bietet Dienstleistungen f\u00fcr die Buchhaltung, Personalunterst\u00fctzung, Veranstaltungen oder sogar Vertrieb und administrative Nachverfolgung an.","og_url":"https:\/\/www.franchise.biz\/de\/ueber\/teamprofil-aude-chatel\/","og_site_name":"FranchiseBiz","article_modified_time":"2025-05-21T13:13:01+00:00","og_image":[{"width":800,"height":800,"url":"https:\/\/www.franchise.biz\/wp-content\/uploads\/2022\/11\/Aude-Chatel.jpg","type":"image\/jpeg"}],"twitter_card":"summary_large_image","twitter_site":"@FBizOfficial","twitter_misc":{"Gesch\u00e4tzte Lesezeit":"2\u00a0Minuten"},"schema":{"@context":"https:\/\/schema.org","@graph":[{"@type":"WebPage","@id":"https:\/\/www.franchise.biz\/de\/ueber\/teamprofil-aude-chatel\/","url":"https:\/\/www.franchise.biz\/de\/ueber\/teamprofil-aude-chatel\/","name":"FranchiseBiz Team | Aude Chatel","isPartOf":{"@id":"https:\/\/www.franchise.biz\/de\/#website"},"primaryImageOfPage":{"@id":"https:\/\/www.franchise.biz\/de\/ueber\/teamprofil-aude-chatel\/#primaryimage"},"image":{"@id":"https:\/\/www.franchise.biz\/de\/ueber\/teamprofil-aude-chatel\/#primaryimage"},"thumbnailUrl":"https:\/\/www.franchise.biz\/wp-content\/uploads\/2022\/11\/Aude-Chatel.jpg","datePublished":"2022-11-24T15:38:41+00:00","dateModified":"2025-05-21T13:13:01+00:00","description":"Aude ist seit mehr als 3 Jahren ein unabh\u00e4ngiger Berater, der sich seit mehr als 20 Jahren auf die Unterst\u00fctzung von Unternehmen spezialisiert hat. Sie verf\u00fcgt \u00fcber umfangreiche Erfahrung in der Unterst\u00fctzung von Unternehmen aller Gr\u00f6\u00dfen und bietet Dienstleistungen f\u00fcr die Buchhaltung, Personalunterst\u00fctzung, Veranstaltungen oder sogar Vertrieb und administrative Nachverfolgung an.","breadcrumb":{"@id":"https:\/\/www.franchise.biz\/de\/ueber\/teamprofil-aude-chatel\/#breadcrumb"},"inLanguage":"de","potentialAction":[{"@type":"ReadAction","target":["https:\/\/www.franchise.biz\/de\/ueber\/teamprofil-aude-chatel\/"]}]},{"@type":"ImageObject","inLanguage":"de","@id":"https:\/\/www.franchise.biz\/de\/ueber\/teamprofil-aude-chatel\/#primaryimage","url":"https:\/\/www.franchise.biz\/wp-content\/uploads\/2022\/11\/Aude-Chatel.jpg","contentUrl":"https:\/\/www.franchise.biz\/wp-content\/uploads\/2022\/11\/Aude-Chatel.jpg","width":800,"height":800},{"@type":"BreadcrumbList","@id":"https:\/\/www.franchise.biz\/de\/ueber\/teamprofil-aude-chatel\/#breadcrumb","itemListElement":[{"@type":"ListItem","position":1,"name":"Accueil","item":"https:\/\/www.franchise.biz\/de\/"},{"@type":"ListItem","position":2,"name":"\u00dcber","item":"https:\/\/www.franchise.biz\/de\/ueber\/"},{"@type":"ListItem","position":3,"name":"Teamprofil Aude Chatel"}]},{"@type":"WebSite","@id":"https:\/\/www.franchise.biz\/de\/#website","url":"https:\/\/www.franchise.biz\/de\/","name":"FranchiseBiz","description":"Empowering Franchise Growth Globally","publisher":{"@id":"https:\/\/www.franchise.biz\/de\/#organization"},"potentialAction":[{"@type":"SearchAction","target":{"@type":"EntryPoint","urlTemplate":"https:\/\/www.franchise.biz\/de\/?s={search_term_string}"},"query-input":{"@type":"PropertyValueSpecification","valueRequired":true,"valueName":"search_term_string"}}],"inLanguage":"de"},{"@type":"Organization","@id":"https:\/\/www.franchise.biz\/de\/#organization","name":"FranchiseBiz","url":"https:\/\/www.franchise.biz\/de\/","logo":{"@type":"ImageObject","inLanguage":"de","@id":"https:\/\/www.franchise.biz\/de\/#\/schema\/logo\/image\/","url":"https:\/\/www.franchise.biz\/wp-content\/uploads\/2021\/05\/logo.png","contentUrl":"https:\/\/www.franchise.biz\/wp-content\/uploads\/2021\/05\/logo.png","width":1000,"height":1000,"caption":"FranchiseBiz"},"image":{"@id":"https:\/\/www.franchise.biz\/de\/#\/schema\/logo\/image\/"},"sameAs":["https:\/\/x.com\/FBizOfficial","https:\/\/www.linkedin.com\/company\/franchisebiz\/"]}]}},"_links":{"self":[{"href":"https:\/\/www.franchise.biz\/de\/wp-json\/wp\/v2\/pages\/6809"}],"collection":[{"href":"https:\/\/www.franchise.biz\/de\/wp-json\/wp\/v2\/pages"}],"about":[{"href":"https:\/\/www.franchise.biz\/de\/wp-json\/wp\/v2\/types\/page"}],"author":[{"embeddable":true,"href":"https:\/\/www.franchise.biz\/de\/wp-json\/wp\/v2\/users\/2"}],"replies":[{"embeddable":true,"href":"https:\/\/www.franchise.biz\/de\/wp-json\/wp\/v2\/comments?post=6809"}],"version-history":[{"count":28,"href":"https:\/\/www.franchise.biz\/de\/wp-json\/wp\/v2\/pages\/6809\/revisions"}],"predecessor-version":[{"id":10202,"href":"https:\/\/www.franchise.biz\/de\/wp-json\/wp\/v2\/pages\/6809\/revisions\/10202"}],"up":[{"embeddable":true,"href":"https:\/\/www.franchise.biz\/de\/wp-json\/wp\/v2\/pages\/6311"}],"wp:featuredmedia":[{"embeddable":true,"href":"https:\/\/www.franchise.biz\/de\/wp-json\/wp\/v2\/media\/6826"}],"wp:attachment":[{"href":"https:\/\/www.franchise.biz\/de\/wp-json\/wp\/v2\/media?parent=6809"}],"curies":[{"name":"wp","href":"https:\/\/api.w.org\/{rel}","templated":true}]}}