{"id":5999,"date":"2022-05-29T00:25:25","date_gmt":"2022-05-28T22:25:25","guid":{"rendered":"https:\/\/www.franchise.biz\/servicios\/"},"modified":"2024-05-21T15:58:31","modified_gmt":"2024-05-21T13:58:31","slug":"servicios","status":"publish","type":"page","link":"https:\/\/www.franchise.biz\/es\/servicios\/","title":{"rendered":"Servicios"},"content":{"rendered":"<div class=\"wpb-content-wrapper\"><p>[vc_row full_width=\u00bbstretch_row_content\u00bb css=\u00bb.vc_custom_1632839068794{margin-top: 0px !important;margin-right: 0px !important;margin-bottom: 0px !important;margin-left: 0px !important;padding-top: 60px !important;padding-right: 0px !important;padding-bottom: 60px !important;padding-left: 0px !important;}\u00bb][vc_column css=\u00bb.vc_custom_1632838782299{margin: 0px !important;padding: 0px !important;}\u00bb][vc_row_inner][vc_column_inner]<style type=\"text\/css\" data-type=\"the7_shortcodes-inline-css\">#default-btn-baf173a9bb6319bffbc03754c3bdb940.ico-right-side > i {\n  margin-right: 0px;\n  margin-left: 8px;\n}\n#default-btn-baf173a9bb6319bffbc03754c3bdb940 > i {\n  margin-right: 8px;\n}\n<\/style><a href=\"https:\/\/www.franchise.biz\/es\/abrir-una-franquicia\/\" class=\"default-btn-shortcode dt-btn dt-btn-s link-hover-off franchise-opportunities openfranchise btn-inline-right \" id=\"default-btn-baf173a9bb6319bffbc03754c3bdb940\" title=\"Abrir una franquicia\"><span>Abrir una franquicia<\/span><\/a>[\/vc_column_inner][\/vc_row_inner][\/vc_column][\/vc_row][vc_row full_height=\u00bbyes\u00bb columns_placement=\u00bbtop\u00bb bg_type=\u00bbimage\u00bb parallax_style=\u00bbvcpb-vz-jquery\u00bb bg_image_new=\u00bbid^4581|url^https:\/\/www.franchise.biz\/wp-content\/uploads\/2022\/02\/services_01.jpg|caption^null|alt^null|title^services_01|description^null\u00bb bg_image_repeat=\u00bbno-repeat\u00bb bg_override=\u00bbex-full\u00bb enable_overlay=\u00bbenable_overlay_value\u00bb overlay_color=\u00bbrgba(0,0,0,0.6)\u00bb overlay_pattern=\u00bbtransperant\u00bb css=\u00bb.vc_custom_1644326951954{margin-top: -450px !important;padding-top: 200px !important;padding-right: 20px !important;padding-bottom: 120px !important;padding-left: 20px !important;background-color: #000000 !important;}\u00bb][vc_column][vc_row_inner][vc_column_inner]<div id=\"ultimate-heading-787669f3054b219da\" class=\"uvc-heading ult-adjust-bottom-margin ultimate-heading-787669f3054b219da uvc-3909 accent-border-color\" data-hspacer=\"line_only\"  data-halign=\"center\" style=\"text-align:center\"><div class=\"uvc-main-heading ult-responsive\"  data-ultimate-target='.uvc-heading.ultimate-heading-787669f3054b219da h2'  data-responsive-json-new='{\"font-size\":\"desktop:30px;\",\"line-height\":\"desktop:45px;\"}' ><h2 style=\"font-weight:bold;color:#ffffff;margin-bottom:15px;\">Servicios<\/h2><\/div><div class=\"uvc-heading-spacer line_only\" style=\"margin-bottom:35px;height:3px;\"><span class=\"uvc-headings-line\" style=\"border-style:solid;border-bottom-width:3px;border-color:;width:200px;\"><\/span><\/div><\/div>[\/vc_column_inner][\/vc_row_inner][vc_row_inner equal_height=\u00bbyes\u00bb gap=\u00bb1&#8243;][vc_column_inner width=\u00bb1\/3&#8243; css=\u00bb.vc_custom_1588331571776{margin-top: 40px !important;}\u00bb]<div class=\"aio-icon-component    style_1\"><div id=\"Info-box-wrap-4417\" class=\"aio-icon-box top-icon\" style=\"\"  ><div class=\"aio-icon-top\"><div class=\"ult-just-icon-wrapper  \"><div class=\"align-icon\" style=\"text-align:center;\">\n<div class=\"aio-icon none \" data-animation=\"fadeIn\" data-animation-delay=\"03\" style=\"color:#e54326;font-size:60px;display:inline-block;\">\n\t<i class=\"icomoon-material-24x24-equalizer\"><\/i>\n<\/div><\/div><\/div><\/div><div class=\"aio-icon-header\" ><h3 class=\"aio-icon-title ult-responsive\"  data-ultimate-target='#Info-box-wrap-4417 .aio-icon-title'  data-responsive-json-new='{\"font-size\":\"desktop:19px;\",\"line-height\":\"desktop:26px;\"}'  style=\"color:#ffffff;\">Franchise Headhunting<\/h3><\/div> <!-- header --><div class=\"aio-icon-description ult-responsive\"  data-ultimate-target='#Info-box-wrap-4417 .aio-icon-description'  data-responsive-json-new='{\"font-size\":\"desktop:16px;\",\"line-height\":\"desktop:20px;\"}'  style=\"color:#ffffff;\">Integramos estrategias digitales innovadoras con un enfoque personalizado y proactivo para encontrar a los mejores candidatos posibles, enfoc\u00e1ndonos en aquellos que cumplen con los requisitos de la marca.<\/div> <!-- description --><\/div> <!-- aio-icon-box --><\/div> <!-- aio-icon-component -->[\/vc_column_inner][vc_column_inner width=\u00bb1\/3&#8243; css=\u00bb.vc_custom_1588331578319{margin-top: 40px !important;}\u00bb]<div class=\"aio-icon-component    style_1\"><div id=\"Info-box-wrap-6300\" class=\"aio-icon-box top-icon\" style=\"\"  ><div class=\"aio-icon-top\"><div class=\"ult-just-icon-wrapper  \"><div class=\"align-icon\" style=\"text-align:center;\">\n<div class=\"aio-icon none \" data-animation=\"fadeIn\" data-animation-delay=\"03\" style=\"color:#e54326;font-size:60px;display:inline-block;\">\n\t<i class=\"fas fa-bullhorn\"><\/i>\n<\/div><\/div><\/div><\/div><div class=\"aio-icon-header\" ><h3 class=\"aio-icon-title ult-responsive\"  data-ultimate-target='#Info-box-wrap-6300 .aio-icon-title'  data-responsive-json-new='{\"font-size\":\"desktop:19px;\",\"line-height\":\"desktop:26px;\"}'  style=\"color:#ffffff;\">Franchise Brand Management<\/h3><\/div> <!-- header --><div class=\"aio-icon-description ult-responsive\"  data-ultimate-target='#Info-box-wrap-6300 .aio-icon-description'  data-responsive-json-new='{\"font-size\":\"desktop:16px;\",\"line-height\":\"desktop:20px;\"}'  style=\"color:#ffffff;\">Desde la representaci\u00f3n simple hasta la expansi\u00f3n estrat\u00e9gica del mercado, nuestra misi\u00f3n es aumentar el valor de su marca en el mundo de la franquicia.<\/div> <!-- description --><\/div> <!-- aio-icon-box --><\/div> <!-- aio-icon-component -->[\/vc_column_inner][vc_column_inner width=\u00bb1\/3&#8243; css=\u00bb.vc_custom_1588331589760{margin-top: 40px !important;}\u00bb]<div class=\"aio-icon-component    style_1\"><div id=\"Info-box-wrap-7298\" class=\"aio-icon-box top-icon\" style=\"\"  ><div class=\"aio-icon-top\"><div class=\"ult-just-icon-wrapper  \"><div class=\"align-icon\" style=\"text-align:center;\">\n<div class=\"aio-icon none \" data-animation=\"fadeIn\" data-animation-delay=\"03\" style=\"color:#e54326;font-size:60px;display:inline-block;\">\n\t<i class=\"fas fa-user-check\"><\/i>\n<\/div><\/div><\/div><\/div><div class=\"aio-icon-header\" ><h3 class=\"aio-icon-title ult-responsive\"  data-ultimate-target='#Info-box-wrap-7298 .aio-icon-title'  data-responsive-json-new='{\"font-size\":\"desktop:19px;\",\"line-height\":\"desktop:26px;\"}'  style=\"color:#ffffff;\">Franchise Deals<\/h3><\/div> <!-- header --><div class=\"aio-icon-description ult-responsive\"  data-ultimate-target='#Info-box-wrap-7298 .aio-icon-description'  data-responsive-json-new='{\"font-size\":\"desktop:16px;\",\"line-height\":\"desktop:20px;\"}'  style=\"color:#ffffff;\">Priorizamos los acuerdos que impulsan su crecimiento y se alinean con su estrategia de desarrollo. \u00danase a nosotros en un universo donde la franquicia es sin\u00f3nimo de \u00e9xito.<\/div> <!-- description --><\/div> <!-- aio-icon-box --><\/div> <!-- aio-icon-component -->[\/vc_column_inner][\/vc_row_inner][\/vc_column][\/vc_row]<\/p>\n<\/div>","protected":false},"excerpt":{"rendered":"<p>[vc_row full_width=\u00bbstretch_row_content\u00bb css=\u00bb.vc_custom_1632839068794{margin-top: 0px !important;margin-right: 0px !important;margin-bottom: 0px !important;margin-left: 0px !important;padding-top: 60px !important;padding-right: 0px !important;padding-bottom: 60px !important;padding-left: 0px !important;}\u00bb][vc_column css=\u00bb.vc_custom_1632838782299{margin: 0px !important;padding: 0px !important;}\u00bb][vc_row_inner][vc_column_inner][\/vc_column_inner][\/vc_row_inner][\/vc_column][\/vc_row][vc_row full_height=\u00bbyes\u00bb columns_placement=\u00bbtop\u00bb bg_type=\u00bbimage\u00bb parallax_style=\u00bbvcpb-vz-jquery\u00bb bg_image_new=\u00bbid^4581|url^https:\/\/www.franchise.biz\/wp-content\/uploads\/2022\/02\/services_01.jpg|caption^null|alt^null|title^services_01|description^null\u00bb bg_image_repeat=\u00bbno-repeat\u00bb bg_override=\u00bbex-full\u00bb enable_overlay=\u00bbenable_overlay_value\u00bb overlay_color=\u00bbrgba(0,0,0,0.6)\u00bb overlay_pattern=\u00bbtransperant\u00bb css=\u00bb.vc_custom_1644326951954{margin-top: -450px !important;padding-top: 200px !important;padding-right: 20px !important;padding-bottom: 120px !important;padding-left: 20px !important;background-color: #000000 !important;}\u00bb][vc_column][vc_row_inner][vc_column_inner][\/vc_column_inner][\/vc_row_inner][vc_row_inner equal_height=\u00bbyes\u00bb gap=\u00bb1&#8243;][vc_column_inner width=\u00bb1\/3&#8243; css=\u00bb.vc_custom_1588331571776{margin-top: 40px !important;}\u00bb][\/vc_column_inner][vc_column_inner width=\u00bb1\/3&#8243; css=\u00bb.vc_custom_1588331578319{margin-top:&hellip;<\/p>\n","protected":false},"author":2,"featured_media":4807,"parent":0,"menu_order":9,"comment_status":"closed","ping_status":"closed","template":"","meta":{"inline_featured_image":false,"footnotes":""},"class_list":["post-5999","page","type-page","status-publish","has-post-thumbnail","hentry","description-off"],"yoast_head":"<!-- This site is optimized with the Yoast SEO plugin v25.5 - https:\/\/yoast.com\/wordpress\/plugins\/seo\/ -->\n<title>Servicios<\/title>\n<meta name=\"description\" content=\"En FranchiseBiz, ofrecemos una gama completa de servicios de consultor\u00eda en los sectores de venta al por menor y franquicia. Nuestro objetivo es dinamizar su crecimiento y alinear nuestras estrategias con sus planes de desarrollo. \u00danase a nosotros para transformar su visi\u00f3n de la franquicia en un \u00e9xito tangible\" \/>\n<meta name=\"robots\" content=\"index, follow, max-snippet:-1, max-image-preview:large, max-video-preview:-1\" \/>\n<link rel=\"canonical\" href=\"https:\/\/www.franchise.biz\/es\/servicios\/\" \/>\n<meta property=\"og:locale\" content=\"es_ES\" \/>\n<meta property=\"og:type\" content=\"article\" \/>\n<meta property=\"og:title\" content=\"Servicios\" \/>\n<meta property=\"og:description\" content=\"Proporcionamos los servicios m\u00e1s adecuados, como la franquicia, el contenido y el dise\u00f1o, la generaci\u00f3n de contactos, la gesti\u00f3n de la marca y los acuerdos de franquicia.\" \/>\n<meta property=\"og:url\" content=\"https:\/\/www.franchise.biz\/es\/servicios\/\" \/>\n<meta property=\"og:site_name\" content=\"FranchiseBiz\" \/>\n<meta property=\"article:modified_time\" content=\"2024-05-21T13:58:31+00:00\" \/>\n<meta property=\"og:image\" content=\"https:\/\/www.franchise.biz\/wp-content\/uploads\/2020\/04\/services_01.jpg\" \/>\n<meta name=\"twitter:card\" content=\"summary_large_image\" \/>\n<meta name=\"twitter:title\" content=\"Servicios\" \/>\n<meta name=\"twitter:description\" content=\"Proporcionamos los servicios m\u00e1s adecuados, como la franquicia, el contenido y el dise\u00f1o, la generaci\u00f3n de contactos, la gesti\u00f3n de la marca y los acuerdos de franquicia.\" \/>\n<meta name=\"twitter:image\" content=\"https:\/\/www.franchise.biz\/wp-content\/uploads\/2020\/04\/services_01.jpg\" \/>\n<meta name=\"twitter:site\" content=\"@FBizOfficial\" \/>\n<meta name=\"twitter:label1\" content=\"Tiempo de lectura\" \/>\n\t<meta name=\"twitter:data1\" content=\"3 minutos\" \/>\n<script type=\"application\/ld+json\" class=\"yoast-schema-graph\">{\"@context\":\"https:\/\/schema.org\",\"@graph\":[{\"@type\":\"WebPage\",\"@id\":\"https:\/\/www.franchise.biz\/es\/servicios\/\",\"url\":\"https:\/\/www.franchise.biz\/es\/servicios\/\",\"name\":\"Servicios\",\"isPartOf\":{\"@id\":\"https:\/\/www.franchise.biz\/es\/#website\"},\"primaryImageOfPage\":{\"@id\":\"https:\/\/www.franchise.biz\/es\/servicios\/#primaryimage\"},\"image\":{\"@id\":\"https:\/\/www.franchise.biz\/es\/servicios\/#primaryimage\"},\"thumbnailUrl\":\"https:\/\/www.franchise.biz\/wp-content\/uploads\/2020\/04\/services_01.jpg\",\"datePublished\":\"2022-05-28T22:25:25+00:00\",\"dateModified\":\"2024-05-21T13:58:31+00:00\",\"description\":\"En FranchiseBiz, ofrecemos una gama completa de servicios de consultor\u00eda en los sectores de venta al por menor y franquicia. Nuestro objetivo es dinamizar su crecimiento y alinear nuestras estrategias con sus planes de desarrollo. \u00danase a nosotros para transformar su visi\u00f3n de la franquicia en un \u00e9xito tangible\",\"breadcrumb\":{\"@id\":\"https:\/\/www.franchise.biz\/es\/servicios\/#breadcrumb\"},\"inLanguage\":\"es\",\"potentialAction\":[{\"@type\":\"ReadAction\",\"target\":[\"https:\/\/www.franchise.biz\/es\/servicios\/\"]}]},{\"@type\":\"ImageObject\",\"inLanguage\":\"es\",\"@id\":\"https:\/\/www.franchise.biz\/es\/servicios\/#primaryimage\",\"url\":\"https:\/\/www.franchise.biz\/wp-content\/uploads\/2020\/04\/services_01.jpg\",\"contentUrl\":\"https:\/\/www.franchise.biz\/wp-content\/uploads\/2020\/04\/services_01.jpg\",\"width\":1600,\"height\":1050,\"caption\":\"Services de d\u00e9veloppement et de recrutement de franchis\u00e9s en Europe\"},{\"@type\":\"BreadcrumbList\",\"@id\":\"https:\/\/www.franchise.biz\/es\/servicios\/#breadcrumb\",\"itemListElement\":[{\"@type\":\"ListItem\",\"position\":1,\"name\":\"Accueil\",\"item\":\"https:\/\/www.franchise.biz\/es\/\"},{\"@type\":\"ListItem\",\"position\":2,\"name\":\"Servicios\"}]},{\"@type\":\"WebSite\",\"@id\":\"https:\/\/www.franchise.biz\/es\/#website\",\"url\":\"https:\/\/www.franchise.biz\/es\/\",\"name\":\"FranchiseBiz\",\"description\":\"Empowering Franchise Growth Globally\",\"publisher\":{\"@id\":\"https:\/\/www.franchise.biz\/es\/#organization\"},\"potentialAction\":[{\"@type\":\"SearchAction\",\"target\":{\"@type\":\"EntryPoint\",\"urlTemplate\":\"https:\/\/www.franchise.biz\/es\/?s={search_term_string}\"},\"query-input\":{\"@type\":\"PropertyValueSpecification\",\"valueRequired\":true,\"valueName\":\"search_term_string\"}}],\"inLanguage\":\"es\"},{\"@type\":\"Organization\",\"@id\":\"https:\/\/www.franchise.biz\/es\/#organization\",\"name\":\"FranchiseBiz\",\"url\":\"https:\/\/www.franchise.biz\/es\/\",\"logo\":{\"@type\":\"ImageObject\",\"inLanguage\":\"es\",\"@id\":\"https:\/\/www.franchise.biz\/es\/#\/schema\/logo\/image\/\",\"url\":\"https:\/\/www.franchise.biz\/wp-content\/uploads\/2021\/05\/logo.png\",\"contentUrl\":\"https:\/\/www.franchise.biz\/wp-content\/uploads\/2021\/05\/logo.png\",\"width\":1000,\"height\":1000,\"caption\":\"FranchiseBiz\"},\"image\":{\"@id\":\"https:\/\/www.franchise.biz\/es\/#\/schema\/logo\/image\/\"},\"sameAs\":[\"https:\/\/x.com\/FBizOfficial\",\"https:\/\/www.linkedin.com\/company\/franchisebiz\/\"]}]}<\/script>\n<!-- \/ Yoast SEO plugin. -->","yoast_head_json":{"title":"Servicios","description":"En FranchiseBiz, ofrecemos una gama completa de servicios de consultor\u00eda en los sectores de venta al por menor y franquicia. Nuestro objetivo es dinamizar su crecimiento y alinear nuestras estrategias con sus planes de desarrollo. \u00danase a nosotros para transformar su visi\u00f3n de la franquicia en un \u00e9xito tangible","robots":{"index":"index","follow":"follow","max-snippet":"max-snippet:-1","max-image-preview":"max-image-preview:large","max-video-preview":"max-video-preview:-1"},"canonical":"https:\/\/www.franchise.biz\/es\/servicios\/","og_locale":"es_ES","og_type":"article","og_title":"Servicios","og_description":"Proporcionamos los servicios m\u00e1s adecuados, como la franquicia, el contenido y el dise\u00f1o, la generaci\u00f3n de contactos, la gesti\u00f3n de la marca y los acuerdos de franquicia.","og_url":"https:\/\/www.franchise.biz\/es\/servicios\/","og_site_name":"FranchiseBiz","article_modified_time":"2024-05-21T13:58:31+00:00","og_image":[{"url":"https:\/\/www.franchise.biz\/wp-content\/uploads\/2020\/04\/services_01.jpg","type":"","width":"","height":""}],"twitter_card":"summary_large_image","twitter_title":"Servicios","twitter_description":"Proporcionamos los servicios m\u00e1s adecuados, como la franquicia, el contenido y el dise\u00f1o, la generaci\u00f3n de contactos, la gesti\u00f3n de la marca y los acuerdos de franquicia.","twitter_image":"https:\/\/www.franchise.biz\/wp-content\/uploads\/2020\/04\/services_01.jpg","twitter_site":"@FBizOfficial","twitter_misc":{"Tiempo de lectura":"3 minutos"},"schema":{"@context":"https:\/\/schema.org","@graph":[{"@type":"WebPage","@id":"https:\/\/www.franchise.biz\/es\/servicios\/","url":"https:\/\/www.franchise.biz\/es\/servicios\/","name":"Servicios","isPartOf":{"@id":"https:\/\/www.franchise.biz\/es\/#website"},"primaryImageOfPage":{"@id":"https:\/\/www.franchise.biz\/es\/servicios\/#primaryimage"},"image":{"@id":"https:\/\/www.franchise.biz\/es\/servicios\/#primaryimage"},"thumbnailUrl":"https:\/\/www.franchise.biz\/wp-content\/uploads\/2020\/04\/services_01.jpg","datePublished":"2022-05-28T22:25:25+00:00","dateModified":"2024-05-21T13:58:31+00:00","description":"En FranchiseBiz, ofrecemos una gama completa de servicios de consultor\u00eda en los sectores de venta al por menor y franquicia. Nuestro objetivo es dinamizar su crecimiento y alinear nuestras estrategias con sus planes de desarrollo. \u00danase a nosotros para transformar su visi\u00f3n de la franquicia en un \u00e9xito tangible","breadcrumb":{"@id":"https:\/\/www.franchise.biz\/es\/servicios\/#breadcrumb"},"inLanguage":"es","potentialAction":[{"@type":"ReadAction","target":["https:\/\/www.franchise.biz\/es\/servicios\/"]}]},{"@type":"ImageObject","inLanguage":"es","@id":"https:\/\/www.franchise.biz\/es\/servicios\/#primaryimage","url":"https:\/\/www.franchise.biz\/wp-content\/uploads\/2020\/04\/services_01.jpg","contentUrl":"https:\/\/www.franchise.biz\/wp-content\/uploads\/2020\/04\/services_01.jpg","width":1600,"height":1050,"caption":"Services de d\u00e9veloppement et de recrutement de franchis\u00e9s en Europe"},{"@type":"BreadcrumbList","@id":"https:\/\/www.franchise.biz\/es\/servicios\/#breadcrumb","itemListElement":[{"@type":"ListItem","position":1,"name":"Accueil","item":"https:\/\/www.franchise.biz\/es\/"},{"@type":"ListItem","position":2,"name":"Servicios"}]},{"@type":"WebSite","@id":"https:\/\/www.franchise.biz\/es\/#website","url":"https:\/\/www.franchise.biz\/es\/","name":"FranchiseBiz","description":"Empowering Franchise Growth Globally","publisher":{"@id":"https:\/\/www.franchise.biz\/es\/#organization"},"potentialAction":[{"@type":"SearchAction","target":{"@type":"EntryPoint","urlTemplate":"https:\/\/www.franchise.biz\/es\/?s={search_term_string}"},"query-input":{"@type":"PropertyValueSpecification","valueRequired":true,"valueName":"search_term_string"}}],"inLanguage":"es"},{"@type":"Organization","@id":"https:\/\/www.franchise.biz\/es\/#organization","name":"FranchiseBiz","url":"https:\/\/www.franchise.biz\/es\/","logo":{"@type":"ImageObject","inLanguage":"es","@id":"https:\/\/www.franchise.biz\/es\/#\/schema\/logo\/image\/","url":"https:\/\/www.franchise.biz\/wp-content\/uploads\/2021\/05\/logo.png","contentUrl":"https:\/\/www.franchise.biz\/wp-content\/uploads\/2021\/05\/logo.png","width":1000,"height":1000,"caption":"FranchiseBiz"},"image":{"@id":"https:\/\/www.franchise.biz\/es\/#\/schema\/logo\/image\/"},"sameAs":["https:\/\/x.com\/FBizOfficial","https:\/\/www.linkedin.com\/company\/franchisebiz\/"]}]}},"_links":{"self":[{"href":"https:\/\/www.franchise.biz\/es\/wp-json\/wp\/v2\/pages\/5999"}],"collection":[{"href":"https:\/\/www.franchise.biz\/es\/wp-json\/wp\/v2\/pages"}],"about":[{"href":"https:\/\/www.franchise.biz\/es\/wp-json\/wp\/v2\/types\/page"}],"author":[{"embeddable":true,"href":"https:\/\/www.franchise.biz\/es\/wp-json\/wp\/v2\/users\/2"}],"replies":[{"embeddable":true,"href":"https:\/\/www.franchise.biz\/es\/wp-json\/wp\/v2\/comments?post=5999"}],"version-history":[{"count":7,"href":"https:\/\/www.franchise.biz\/es\/wp-json\/wp\/v2\/pages\/5999\/revisions"}],"predecessor-version":[{"id":9317,"href":"https:\/\/www.franchise.biz\/es\/wp-json\/wp\/v2\/pages\/5999\/revisions\/9317"}],"wp:featuredmedia":[{"embeddable":true,"href":"https:\/\/www.franchise.biz\/es\/wp-json\/wp\/v2\/media\/4807"}],"wp:attachment":[{"href":"https:\/\/www.franchise.biz\/es\/wp-json\/wp\/v2\/media?parent=5999"}],"curies":[{"name":"wp","href":"https:\/\/api.w.org\/{rel}","templated":true}]}}