{"id":6018,"date":"2022-05-29T12:38:37","date_gmt":"2022-05-29T10:38:37","guid":{"rendered":"https:\/\/www.franchise.biz\/acerca-de-nosotros\/perfil-del-equipo-jez-booker\/"},"modified":"2026-01-26T16:12:46","modified_gmt":"2026-01-26T15:12:46","slug":"perfil-del-equipo-jez-booker","status":"publish","type":"page","link":"https:\/\/www.franchise.biz\/es\/acerca-de-nosotros\/perfil-del-equipo-jez-booker\/","title":{"rendered":"Perfil del equipo Jez Booker"},"content":{"rendered":"<div class=\"wpb-content-wrapper\"><p>[vc_row full_width=\u00bbstretch_row_content\u00bb css=\u00bb.vc_custom_1632839068794{margin-top: 0px !important;margin-right: 0px !important;margin-bottom: 0px !important;margin-left: 0px !important;padding-top: 60px !important;padding-right: 0px !important;padding-bottom: 60px !important;padding-left: 0px !important;}\u00bb][vc_column css=\u00bb.vc_custom_1632838782299{margin: 0px !important;padding: 0px !important;}\u00bb][vc_row_inner][vc_column_inner]<style type=\"text\/css\" data-type=\"the7_shortcodes-inline-css\">#default-btn-baf173a9bb6319bffbc03754c3bdb940.ico-right-side > i {\n  margin-right: 0px;\n  margin-left: 8px;\n}\n#default-btn-baf173a9bb6319bffbc03754c3bdb940 > i {\n  margin-right: 8px;\n}\n<\/style><a href=\"https:\/\/www.franchise.biz\/es\/abrir-una-franquicia\/\" class=\"default-btn-shortcode dt-btn dt-btn-s link-hover-off franchise-opportunities openfranchise btn-inline-right \" id=\"default-btn-baf173a9bb6319bffbc03754c3bdb940\" title=\"Abrir una franquicia\"><span>Abrir una franquicia<\/span><\/a>[\/vc_column_inner][\/vc_row_inner][\/vc_column][\/vc_row][vc_row type=\u00bbvc_default\u00bb margin_top=\u00bb0&#8243; css=\u00bb.vc_custom_1632839594334{margin-top: -350px !important;margin-bottom: 80px !important;padding-top: 80px !important;}\u00bb][vc_column width=\u00bb5\/12&#8243; css=\u00bb.vc_custom_1481816184469{padding-bottom: 40px !important;}\u00bb offset=\u00bbvc_col-lg-4 vc_col-md-4&#8243;][vc_single_image image=\u00bb10767&#8243; img_size=\u00bb300&#215;300&#8243; alignment=\u00bbcenter\u00bb style=\u00bbvc_box_circle\u00bb css=\u00bb.vc_custom_1769440335540{padding-bottom: 30px !important;}\u00bb image_hovers=\u00bbfalse\u00bb lazy_loading=\u00bbtrue\u00bb][\/vc_column][vc_column width=\u00bb7\/12&#8243; offset=\u00bbvc_col-lg-8 vc_col-md-8&#8243; css=\u00bb.vc_custom_1632839580334{padding-right: 40px !important;}\u00bb]<div id=\"ultimate-heading-486369f722664105e\" class=\"uvc-heading ult-adjust-bottom-margin ultimate-heading-486369f722664105e uvc-2452 color-title accent-subtitle-color accent-border-color\" data-hspacer=\"no_spacer\"  data-halign=\"left\" style=\"text-align:left\"><div class=\"uvc-heading-spacer no_spacer\" style=\"top\"><\/div><div class=\"uvc-main-heading ult-responsive\"  data-ultimate-target='.uvc-heading.ultimate-heading-486369f722664105e h2'  data-responsive-json-new='{\"font-size\":\"desktop:30px;\",\"line-height\":\"desktop:44px;\"}' ><h2 style=\"font-weight:bold;color:#e54326;margin-bottom:5px;\">Jez Booker<\/h2><\/div><div class=\"uvc-sub-heading ult-responsive\"  data-ultimate-target='.uvc-heading.ultimate-heading-486369f722664105e .uvc-sub-heading '  data-responsive-json-new='{\"font-size\":\"desktop:20px;\",\"line-height\":\"desktop:32px;\"}'  style=\"font-weight:normal;color:#757575;margin-bottom:25px;\"><span style=\"color: #757575;\">Ubicaci\u00f3n: Staffordshire (Reino Unido)<\/span><\/p>\n<hr \/>\n<h5><strong><span style=\"color: #757575;\">Idioma : Ingl\u00e9s<\/span><\/strong><\/h5>\n<p><\/div><\/div>[vc_column_text css=\u00bb.vc_custom_1613592271350{padding-bottom: 50px !important;}\u00bb]Jez es un consultor independiente especializado en marketing y desarrollo de negocios. Cuenta con una notable experiencia asistiendo a empresas en la comunicaci\u00f3n de marcas y el desarrollo de nuevos mercados. Jez ha trabajado para amplias gamas de estructuras, tanto B2B como B2C, en las \u00e1reas de franquicia, venta minorista, log\u00edstica, organizaciones gubernamentales, ONG, voluntariado, viajes y edici\u00f3n.<\/p>\n<p>Sus responsabilidades anteriores, antes de crear su propia organizaci\u00f3n, resid\u00edan en el desarrollo de una estrategia de marca para las principales empresas brit\u00e1nicas, en particular para National Express o Selco Builders Warehouse.[\/vc_column_text]<div id=\"ultimate-heading-659669f72266410bf\" class=\"uvc-heading ult-adjust-bottom-margin ultimate-heading-659669f72266410bf uvc-3029 color-title accent-border-color\" data-hspacer=\"no_spacer\"  data-halign=\"left\" style=\"text-align:left\"><div class=\"uvc-heading-spacer no_spacer\" style=\"top\"><\/div><div class=\"uvc-main-heading ult-responsive\"  data-ultimate-target='.uvc-heading.ultimate-heading-659669f72266410bf p'  data-responsive-json-new='{\"font-size\":\"desktop:22px;\",\"line-height\":\"desktop:32px;\"}' ><p style=\"font-weight:bold;margin-bottom:20px;\">Informaci\u00f3n de contacto<\/p><\/div><\/div>[vc_row_inner][vc_column_inner width=\u00bb1\/2&#8243;][vc_column_text css=\u00bb\u00bb]<\/p>\n<p style=\"text-align: left;\"><strong><span class=\"color-title\">Email<\/span><\/strong><br \/>\n<a href=\"mailto:contact@franchise.biz\">contact@franchise.biz<\/a><\/p>\n<p>[\/vc_column_text][\/vc_column_inner][vc_column_inner width=\u00bb1\/2&#8243;]<div class=\"  uavc-icons \">\n<a class=\"aio-tooltip 69f722664125d\" href=\"https:\/\/www.linkedin.com\/in\/jez-booker-610a5419\/\" target=\"_blank\" rel=\"noopener\"  data-toggle=\"tooltip\" data-placement=\"\" title=\"\"><div class=\"aio-icon advanced \" data-animation=\"\" data-animation-delay=\"03\" style=\"color:#ffffff;background:#e54326;border-style:solid;border-color:;border-width:0px;width:36px;height:36px;line-height:36px;border-radius:500px;font-size:16px;margin-right:5px;\">\n\t<i class=\"icomoon-free-social-contact-16x16-linkedin2\"><\/i>\n<\/div><\/a><\/div>[\/vc_column_inner][\/vc_row_inner][\/vc_column][\/vc_row]<\/p>\n<\/div>","protected":false},"excerpt":{"rendered":"<p>[vc_row full_width=\u00bbstretch_row_content\u00bb css=\u00bb.vc_custom_1632839068794{margin-top: 0px !important;margin-right: 0px !important;margin-bottom: 0px !important;margin-left: 0px !important;padding-top: 60px !important;padding-right: 0px !important;padding-bottom: 60px !important;padding-left: 0px !important;}\u00bb][vc_column css=\u00bb.vc_custom_1632838782299{margin: 0px !important;padding: 0px !important;}\u00bb][vc_row_inner][vc_column_inner][\/vc_column_inner][\/vc_row_inner][\/vc_column][\/vc_row][vc_row type=\u00bbvc_default\u00bb margin_top=\u00bb0&#8243; css=\u00bb.vc_custom_1632839594334{margin-top: -350px !important;margin-bottom: 80px !important;padding-top: 80px !important;}\u00bb][vc_column width=\u00bb5\/12&#8243; css=\u00bb.vc_custom_1481816184469{padding-bottom: 40px !important;}\u00bb offset=\u00bbvc_col-lg-4 vc_col-md-4&#8243;][vc_single_image image=\u00bb10767&#8243; img_size=\u00bb300&#215;300&#8243; alignment=\u00bbcenter\u00bb style=\u00bbvc_box_circle\u00bb css=\u00bb.vc_custom_1769440335540{padding-bottom: 30px !important;}\u00bb image_hovers=\u00bbfalse\u00bb lazy_loading=\u00bbtrue\u00bb][\/vc_column][vc_column width=\u00bb7\/12&#8243; offset=\u00bbvc_col-lg-8 vc_col-md-8&#8243; css=\u00bb.vc_custom_1632839580334{padding-right: 40px !important;}\u00bb][vc_column_text css=\u00bb.vc_custom_1613592271350{padding-bottom:&hellip;<\/p>\n","protected":false},"author":2,"featured_media":10767,"parent":6010,"menu_order":10,"comment_status":"closed","ping_status":"closed","template":"","meta":{"inline_featured_image":false,"footnotes":""},"class_list":["post-6018","page","type-page","status-publish","has-post-thumbnail","hentry","description-off"],"yoast_head":"<!-- This site is optimized with the Yoast SEO plugin v25.5 - https:\/\/yoast.com\/wordpress\/plugins\/seo\/ -->\n<title>FranchiseBiz Equipo | Jez Booker<\/title>\n<meta name=\"description\" content=\"Jez es un consultor independiente especializado en marketing y desarrollo de negocios. Cuenta con una notable experiencia asistiendo a empresas en la comunicaci\u00f3n de marcas y el desarrollo de nuevos mercados.\" \/>\n<meta name=\"robots\" content=\"index, follow, max-snippet:-1, max-image-preview:large, max-video-preview:-1\" \/>\n<link rel=\"canonical\" href=\"https:\/\/www.franchise.biz\/es\/acerca-de-nosotros\/perfil-del-equipo-jez-booker\/\" \/>\n<meta property=\"og:locale\" content=\"es_ES\" \/>\n<meta property=\"og:type\" content=\"article\" \/>\n<meta property=\"og:title\" content=\"FranchiseBiz Equipo | Jez Booker\" \/>\n<meta property=\"og:description\" content=\"Jez es un consultor independiente especializado en marketing y desarrollo de negocios. Cuenta con una notable experiencia asistiendo a empresas en la comunicaci\u00f3n de marcas y el desarrollo de nuevos mercados.\" \/>\n<meta property=\"og:url\" content=\"https:\/\/www.franchise.biz\/es\/acerca-de-nosotros\/perfil-del-equipo-jez-booker\/\" \/>\n<meta property=\"og:site_name\" content=\"FranchiseBiz\" \/>\n<meta property=\"article:modified_time\" content=\"2026-01-26T15:12:46+00:00\" \/>\n<meta property=\"og:image\" content=\"https:\/\/www.franchise.biz\/wp-content\/uploads\/2026\/01\/JBOO.png\" \/>\n\t<meta property=\"og:image:width\" content=\"800\" \/>\n\t<meta property=\"og:image:height\" content=\"800\" \/>\n\t<meta property=\"og:image:type\" content=\"image\/png\" \/>\n<meta name=\"twitter:card\" content=\"summary_large_image\" \/>\n<meta name=\"twitter:site\" content=\"@FBizOfficial\" \/>\n<meta name=\"twitter:label1\" content=\"Tiempo de lectura\" \/>\n\t<meta name=\"twitter:data1\" content=\"2 minutos\" \/>\n<script type=\"application\/ld+json\" class=\"yoast-schema-graph\">{\"@context\":\"https:\/\/schema.org\",\"@graph\":[{\"@type\":\"WebPage\",\"@id\":\"https:\/\/www.franchise.biz\/es\/acerca-de-nosotros\/perfil-del-equipo-jez-booker\/\",\"url\":\"https:\/\/www.franchise.biz\/es\/acerca-de-nosotros\/perfil-del-equipo-jez-booker\/\",\"name\":\"FranchiseBiz Equipo | Jez Booker\",\"isPartOf\":{\"@id\":\"https:\/\/www.franchise.biz\/es\/#website\"},\"primaryImageOfPage\":{\"@id\":\"https:\/\/www.franchise.biz\/es\/acerca-de-nosotros\/perfil-del-equipo-jez-booker\/#primaryimage\"},\"image\":{\"@id\":\"https:\/\/www.franchise.biz\/es\/acerca-de-nosotros\/perfil-del-equipo-jez-booker\/#primaryimage\"},\"thumbnailUrl\":\"https:\/\/www.franchise.biz\/wp-content\/uploads\/2026\/01\/JBOO.png\",\"datePublished\":\"2022-05-29T10:38:37+00:00\",\"dateModified\":\"2026-01-26T15:12:46+00:00\",\"description\":\"Jez es un consultor independiente especializado en marketing y desarrollo de negocios. Cuenta con una notable experiencia asistiendo a empresas en la comunicaci\u00f3n de marcas y el desarrollo de nuevos mercados.\",\"breadcrumb\":{\"@id\":\"https:\/\/www.franchise.biz\/es\/acerca-de-nosotros\/perfil-del-equipo-jez-booker\/#breadcrumb\"},\"inLanguage\":\"es\",\"potentialAction\":[{\"@type\":\"ReadAction\",\"target\":[\"https:\/\/www.franchise.biz\/es\/acerca-de-nosotros\/perfil-del-equipo-jez-booker\/\"]}]},{\"@type\":\"ImageObject\",\"inLanguage\":\"es\",\"@id\":\"https:\/\/www.franchise.biz\/es\/acerca-de-nosotros\/perfil-del-equipo-jez-booker\/#primaryimage\",\"url\":\"https:\/\/www.franchise.biz\/wp-content\/uploads\/2026\/01\/JBOO.png\",\"contentUrl\":\"https:\/\/www.franchise.biz\/wp-content\/uploads\/2026\/01\/JBOO.png\",\"width\":800,\"height\":800,\"caption\":\"Jez Booker\"},{\"@type\":\"BreadcrumbList\",\"@id\":\"https:\/\/www.franchise.biz\/es\/acerca-de-nosotros\/perfil-del-equipo-jez-booker\/#breadcrumb\",\"itemListElement\":[{\"@type\":\"ListItem\",\"position\":1,\"name\":\"Accueil\",\"item\":\"https:\/\/www.franchise.biz\/es\/\"},{\"@type\":\"ListItem\",\"position\":2,\"name\":\"Acerca de nosotros\",\"item\":\"https:\/\/www.franchise.biz\/es\/acerca-de-nosotros\/\"},{\"@type\":\"ListItem\",\"position\":3,\"name\":\"Perfil del equipo Jez Booker\"}]},{\"@type\":\"WebSite\",\"@id\":\"https:\/\/www.franchise.biz\/es\/#website\",\"url\":\"https:\/\/www.franchise.biz\/es\/\",\"name\":\"FranchiseBiz\",\"description\":\"Empowering Franchise Growth Globally\",\"publisher\":{\"@id\":\"https:\/\/www.franchise.biz\/es\/#organization\"},\"potentialAction\":[{\"@type\":\"SearchAction\",\"target\":{\"@type\":\"EntryPoint\",\"urlTemplate\":\"https:\/\/www.franchise.biz\/es\/?s={search_term_string}\"},\"query-input\":{\"@type\":\"PropertyValueSpecification\",\"valueRequired\":true,\"valueName\":\"search_term_string\"}}],\"inLanguage\":\"es\"},{\"@type\":\"Organization\",\"@id\":\"https:\/\/www.franchise.biz\/es\/#organization\",\"name\":\"FranchiseBiz\",\"url\":\"https:\/\/www.franchise.biz\/es\/\",\"logo\":{\"@type\":\"ImageObject\",\"inLanguage\":\"es\",\"@id\":\"https:\/\/www.franchise.biz\/es\/#\/schema\/logo\/image\/\",\"url\":\"https:\/\/www.franchise.biz\/wp-content\/uploads\/2021\/05\/logo.png\",\"contentUrl\":\"https:\/\/www.franchise.biz\/wp-content\/uploads\/2021\/05\/logo.png\",\"width\":1000,\"height\":1000,\"caption\":\"FranchiseBiz\"},\"image\":{\"@id\":\"https:\/\/www.franchise.biz\/es\/#\/schema\/logo\/image\/\"},\"sameAs\":[\"https:\/\/x.com\/FBizOfficial\",\"https:\/\/www.linkedin.com\/company\/franchisebiz\/\"]}]}<\/script>\n<!-- \/ Yoast SEO plugin. -->","yoast_head_json":{"title":"FranchiseBiz Equipo | Jez Booker","description":"Jez es un consultor independiente especializado en marketing y desarrollo de negocios. Cuenta con una notable experiencia asistiendo a empresas en la comunicaci\u00f3n de marcas y el desarrollo de nuevos mercados.","robots":{"index":"index","follow":"follow","max-snippet":"max-snippet:-1","max-image-preview":"max-image-preview:large","max-video-preview":"max-video-preview:-1"},"canonical":"https:\/\/www.franchise.biz\/es\/acerca-de-nosotros\/perfil-del-equipo-jez-booker\/","og_locale":"es_ES","og_type":"article","og_title":"FranchiseBiz Equipo | Jez Booker","og_description":"Jez es un consultor independiente especializado en marketing y desarrollo de negocios. Cuenta con una notable experiencia asistiendo a empresas en la comunicaci\u00f3n de marcas y el desarrollo de nuevos mercados.","og_url":"https:\/\/www.franchise.biz\/es\/acerca-de-nosotros\/perfil-del-equipo-jez-booker\/","og_site_name":"FranchiseBiz","article_modified_time":"2026-01-26T15:12:46+00:00","og_image":[{"width":800,"height":800,"url":"https:\/\/www.franchise.biz\/wp-content\/uploads\/2026\/01\/JBOO.png","type":"image\/png"}],"twitter_card":"summary_large_image","twitter_site":"@FBizOfficial","twitter_misc":{"Tiempo de lectura":"2 minutos"},"schema":{"@context":"https:\/\/schema.org","@graph":[{"@type":"WebPage","@id":"https:\/\/www.franchise.biz\/es\/acerca-de-nosotros\/perfil-del-equipo-jez-booker\/","url":"https:\/\/www.franchise.biz\/es\/acerca-de-nosotros\/perfil-del-equipo-jez-booker\/","name":"FranchiseBiz Equipo | Jez Booker","isPartOf":{"@id":"https:\/\/www.franchise.biz\/es\/#website"},"primaryImageOfPage":{"@id":"https:\/\/www.franchise.biz\/es\/acerca-de-nosotros\/perfil-del-equipo-jez-booker\/#primaryimage"},"image":{"@id":"https:\/\/www.franchise.biz\/es\/acerca-de-nosotros\/perfil-del-equipo-jez-booker\/#primaryimage"},"thumbnailUrl":"https:\/\/www.franchise.biz\/wp-content\/uploads\/2026\/01\/JBOO.png","datePublished":"2022-05-29T10:38:37+00:00","dateModified":"2026-01-26T15:12:46+00:00","description":"Jez es un consultor independiente especializado en marketing y desarrollo de negocios. Cuenta con una notable experiencia asistiendo a empresas en la comunicaci\u00f3n de marcas y el desarrollo de nuevos mercados.","breadcrumb":{"@id":"https:\/\/www.franchise.biz\/es\/acerca-de-nosotros\/perfil-del-equipo-jez-booker\/#breadcrumb"},"inLanguage":"es","potentialAction":[{"@type":"ReadAction","target":["https:\/\/www.franchise.biz\/es\/acerca-de-nosotros\/perfil-del-equipo-jez-booker\/"]}]},{"@type":"ImageObject","inLanguage":"es","@id":"https:\/\/www.franchise.biz\/es\/acerca-de-nosotros\/perfil-del-equipo-jez-booker\/#primaryimage","url":"https:\/\/www.franchise.biz\/wp-content\/uploads\/2026\/01\/JBOO.png","contentUrl":"https:\/\/www.franchise.biz\/wp-content\/uploads\/2026\/01\/JBOO.png","width":800,"height":800,"caption":"Jez Booker"},{"@type":"BreadcrumbList","@id":"https:\/\/www.franchise.biz\/es\/acerca-de-nosotros\/perfil-del-equipo-jez-booker\/#breadcrumb","itemListElement":[{"@type":"ListItem","position":1,"name":"Accueil","item":"https:\/\/www.franchise.biz\/es\/"},{"@type":"ListItem","position":2,"name":"Acerca de nosotros","item":"https:\/\/www.franchise.biz\/es\/acerca-de-nosotros\/"},{"@type":"ListItem","position":3,"name":"Perfil del equipo Jez Booker"}]},{"@type":"WebSite","@id":"https:\/\/www.franchise.biz\/es\/#website","url":"https:\/\/www.franchise.biz\/es\/","name":"FranchiseBiz","description":"Empowering Franchise Growth Globally","publisher":{"@id":"https:\/\/www.franchise.biz\/es\/#organization"},"potentialAction":[{"@type":"SearchAction","target":{"@type":"EntryPoint","urlTemplate":"https:\/\/www.franchise.biz\/es\/?s={search_term_string}"},"query-input":{"@type":"PropertyValueSpecification","valueRequired":true,"valueName":"search_term_string"}}],"inLanguage":"es"},{"@type":"Organization","@id":"https:\/\/www.franchise.biz\/es\/#organization","name":"FranchiseBiz","url":"https:\/\/www.franchise.biz\/es\/","logo":{"@type":"ImageObject","inLanguage":"es","@id":"https:\/\/www.franchise.biz\/es\/#\/schema\/logo\/image\/","url":"https:\/\/www.franchise.biz\/wp-content\/uploads\/2021\/05\/logo.png","contentUrl":"https:\/\/www.franchise.biz\/wp-content\/uploads\/2021\/05\/logo.png","width":1000,"height":1000,"caption":"FranchiseBiz"},"image":{"@id":"https:\/\/www.franchise.biz\/es\/#\/schema\/logo\/image\/"},"sameAs":["https:\/\/x.com\/FBizOfficial","https:\/\/www.linkedin.com\/company\/franchisebiz\/"]}]}},"_links":{"self":[{"href":"https:\/\/www.franchise.biz\/es\/wp-json\/wp\/v2\/pages\/6018"}],"collection":[{"href":"https:\/\/www.franchise.biz\/es\/wp-json\/wp\/v2\/pages"}],"about":[{"href":"https:\/\/www.franchise.biz\/es\/wp-json\/wp\/v2\/types\/page"}],"author":[{"embeddable":true,"href":"https:\/\/www.franchise.biz\/es\/wp-json\/wp\/v2\/users\/2"}],"replies":[{"embeddable":true,"href":"https:\/\/www.franchise.biz\/es\/wp-json\/wp\/v2\/comments?post=6018"}],"version-history":[{"count":6,"href":"https:\/\/www.franchise.biz\/es\/wp-json\/wp\/v2\/pages\/6018\/revisions"}],"predecessor-version":[{"id":10773,"href":"https:\/\/www.franchise.biz\/es\/wp-json\/wp\/v2\/pages\/6018\/revisions\/10773"}],"up":[{"embeddable":true,"href":"https:\/\/www.franchise.biz\/es\/wp-json\/wp\/v2\/pages\/6010"}],"wp:featuredmedia":[{"embeddable":true,"href":"https:\/\/www.franchise.biz\/es\/wp-json\/wp\/v2\/media\/10767"}],"wp:attachment":[{"href":"https:\/\/www.franchise.biz\/es\/wp-json\/wp\/v2\/media?parent=6018"}],"curies":[{"name":"wp","href":"https:\/\/api.w.org\/{rel}","templated":true}]}}