{"id":6022,"date":"2022-05-29T12:50:28","date_gmt":"2022-05-29T10:50:28","guid":{"rendered":"https:\/\/www.franchise.biz\/acerca-de-nosotros\/perfil-del-equipo-laurent-perry-spencer\/"},"modified":"2026-01-28T17:13:37","modified_gmt":"2026-01-28T16:13:37","slug":"perfil-del-equipo-laurent-perry-spencer","status":"publish","type":"page","link":"https:\/\/www.franchise.biz\/es\/acerca-de-nosotros\/perfil-del-equipo-laurent-perry-spencer\/","title":{"rendered":"Perfil del equipo Laurent Perry-Spencer"},"content":{"rendered":"<div class=\"wpb-content-wrapper\"><p>[vc_row full_width=\u00bbstretch_row_content\u00bb css=\u00bb.vc_custom_1632839068794{margin-top: 0px !important;margin-right: 0px !important;margin-bottom: 0px !important;margin-left: 0px !important;padding-top: 60px !important;padding-right: 0px !important;padding-bottom: 60px !important;padding-left: 0px !important;}\u00bb][vc_column css=\u00bb.vc_custom_1632838782299{margin: 0px !important;padding: 0px !important;}\u00bb][vc_row_inner][vc_column_inner]<style type=\"text\/css\" data-type=\"the7_shortcodes-inline-css\">#default-btn-baf173a9bb6319bffbc03754c3bdb940.ico-right-side > i {\n  margin-right: 0px;\n  margin-left: 8px;\n}\n#default-btn-baf173a9bb6319bffbc03754c3bdb940 > i {\n  margin-right: 8px;\n}\n<\/style><a href=\"https:\/\/www.franchise.biz\/es\/abrir-una-franquicia\/\" class=\"default-btn-shortcode dt-btn dt-btn-s link-hover-off franchise-opportunities openfranchise btn-inline-right \" id=\"default-btn-baf173a9bb6319bffbc03754c3bdb940\" title=\"Abrir una franquicia\"><span>Abrir une franquicia<\/span><\/a>[\/vc_column_inner][\/vc_row_inner][\/vc_column][\/vc_row][vc_row type=\u00bbvc_default\u00bb margin_top=\u00bb0&#8243; css=\u00bb.vc_custom_1632839652073{margin-top: -350px !important;margin-bottom: 80px !important;padding-top: 80px !important;}\u00bb][vc_column width=\u00bb5\/12&#8243; css=\u00bb.vc_custom_1481816184469{padding-bottom: 40px !important;}\u00bb offset=\u00bbvc_col-lg-4 vc_col-md-4&#8243;][vc_single_image image=\u00bb10827&#8243; img_size=\u00bb300&#215;300&#8243; alignment=\u00bbcenter\u00bb style=\u00bbvc_box_circle\u00bb css=\u00bb.vc_custom_1769616807927{padding-bottom: 30px !important;}\u00bb image_hovers=\u00bbfalse\u00bb lazy_loading=\u00bbtrue\u00bb][\/vc_column][vc_column width=\u00bb7\/12&#8243; offset=\u00bbvc_col-lg-8 vc_col-md-8&#8243; css=\u00bb.vc_custom_1632839637837{padding-right: 40px !important;}\u00bb]<div id=\"ultimate-heading-634769fe14d4a8afb\" class=\"uvc-heading ult-adjust-bottom-margin ultimate-heading-634769fe14d4a8afb uvc-1912 color-title accent-subtitle-color accent-border-color\" data-hspacer=\"no_spacer\"  data-halign=\"left\" style=\"text-align:left\"><div class=\"uvc-heading-spacer no_spacer\" style=\"top\"><\/div><div class=\"uvc-main-heading ult-responsive\"  data-ultimate-target='.uvc-heading.ultimate-heading-634769fe14d4a8afb h2'  data-responsive-json-new='{\"font-size\":\"desktop:30px;\",\"line-height\":\"desktop:44px;\"}' ><h2 style=\"font-weight:bold;color:#e54326;margin-bottom:5px;\">Laurent Perry-Spencer<\/h2><\/div><div class=\"uvc-sub-heading ult-responsive\"  data-ultimate-target='.uvc-heading.ultimate-heading-634769fe14d4a8afb .uvc-sub-heading '  data-responsive-json-new='{\"font-size\":\"desktop:20px;\",\"line-height\":\"desktop:32px;\"}'  style=\"font-weight:normal;color:#757575;margin-bottom:25px;\"><span style=\"color: #757575;\">Ubicaci\u00f3n: Par\u00eds (Francia)<\/span><\/p>\n<hr \/>\n<h5><strong><span style=\"color: #757575;\">Idiomas : Franc\u00e9s | Ingl\u00e9s | Espa\u00f1ol<\/span><\/strong><\/h5>\n<p><\/div><\/div>[vc_column_text css=\u00bb.vc_custom_1637597962831{padding-bottom: 50px !important;}\u00bb]Graduado de la ESC Amiens (Francia) y de la Universidad Polit\u00e9cnica de Valencia (Espa\u00f1a), Laurent comenz\u00f3 su carrera como controlador de gesti\u00f3n en los grupos Yves-Rocher y Altice (SFR) en Par\u00eds, y luego como responsable financiero de Avanquest Software. Luego ocup\u00f3 varios cargos durante casi 12 a\u00f1os en el sector minorista como director de desarrollo, director de franquicia y director de bienes ra\u00edces para marcas internacionales.<\/p>\n<p>__<br \/>\nA lo largo de su carrera, Laurent ha trabajado en el desarrollo de redes de franquicias en m\u00e1s de 30 mercados internacionales.[\/vc_column_text]<div id=\"ultimate-heading-514169fe14d4a8b5d\" class=\"uvc-heading ult-adjust-bottom-margin ultimate-heading-514169fe14d4a8b5d uvc-409 color-title accent-border-color\" data-hspacer=\"no_spacer\"  data-halign=\"left\" style=\"text-align:left\"><div class=\"uvc-heading-spacer no_spacer\" style=\"top\"><\/div><div class=\"uvc-main-heading ult-responsive\"  data-ultimate-target='.uvc-heading.ultimate-heading-514169fe14d4a8b5d p'  data-responsive-json-new='{\"font-size\":\"desktop:22px;\",\"line-height\":\"desktop:32px;\"}' ><p style=\"font-weight:bold;margin-bottom:20px;\">Informaci\u00f3n de contacto<\/p><\/div><\/div>[vc_row_inner][vc_column_inner width=\u00bb1\/2&#8243;][vc_column_text]<\/p>\n<p style=\"text-align: left;\"><strong><span class=\"color-title\">Chat<\/span><\/strong><br \/>\n<a href=\"https:\/\/www.franchise.biz\/es\/tomar-una-cita-con-franchisebiz\/\"><span style=\"color: #ed7d2d;\">Programe una reuni\u00f3n aqu\u00ed<\/span><\/a><\/p>\n<p>[\/vc_column_text][\/vc_column_inner][vc_column_inner width=\u00bb1\/2&#8243;]<div class=\"  uavc-icons \">\n<a class=\"aio-tooltip 69fe14d4a8ce4\" href=\"https:\/\/www.linkedin.com\/in\/laurentperryspencer\/\" target=\"_blank\" rel=\"noopener\"  data-toggle=\"tooltip\" data-placement=\"\" title=\"\"><div class=\"aio-icon advanced \" data-animation=\"\" data-animation-delay=\"03\" style=\"color:#ffffff;background:#e54326;border-style:solid;border-color:;border-width:0px;width:36px;height:36px;line-height:36px;border-radius:500px;font-size:16px;margin-right:5px;\">\n\t<i class=\"icomoon-free-social-contact-16x16-linkedin2\"><\/i>\n<\/div><\/a><\/div>[\/vc_column_inner][\/vc_row_inner][\/vc_column][\/vc_row]<\/p>\n<\/div>","protected":false},"excerpt":{"rendered":"<p>[vc_row full_width=\u00bbstretch_row_content\u00bb css=\u00bb.vc_custom_1632839068794{margin-top: 0px !important;margin-right: 0px !important;margin-bottom: 0px !important;margin-left: 0px !important;padding-top: 60px !important;padding-right: 0px !important;padding-bottom: 60px !important;padding-left: 0px !important;}\u00bb][vc_column css=\u00bb.vc_custom_1632838782299{margin: 0px !important;padding: 0px !important;}\u00bb][vc_row_inner][vc_column_inner][\/vc_column_inner][\/vc_row_inner][\/vc_column][\/vc_row][vc_row type=\u00bbvc_default\u00bb margin_top=\u00bb0&#8243; css=\u00bb.vc_custom_1632839652073{margin-top: -350px !important;margin-bottom: 80px !important;padding-top: 80px !important;}\u00bb][vc_column width=\u00bb5\/12&#8243; css=\u00bb.vc_custom_1481816184469{padding-bottom: 40px !important;}\u00bb offset=\u00bbvc_col-lg-4 vc_col-md-4&#8243;][vc_single_image image=\u00bb10827&#8243; img_size=\u00bb300&#215;300&#8243; alignment=\u00bbcenter\u00bb style=\u00bbvc_box_circle\u00bb css=\u00bb.vc_custom_1769616807927{padding-bottom: 30px !important;}\u00bb image_hovers=\u00bbfalse\u00bb lazy_loading=\u00bbtrue\u00bb][\/vc_column][vc_column width=\u00bb7\/12&#8243; offset=\u00bbvc_col-lg-8 vc_col-md-8&#8243; css=\u00bb.vc_custom_1632839637837{padding-right: 40px !important;}\u00bb][vc_column_text css=\u00bb.vc_custom_1637597962831{padding-bottom:&hellip;<\/p>\n","protected":false},"author":2,"featured_media":10716,"parent":6010,"menu_order":10,"comment_status":"closed","ping_status":"closed","template":"","meta":{"inline_featured_image":false,"footnotes":""},"class_list":["post-6022","page","type-page","status-publish","has-post-thumbnail","hentry","description-off"],"yoast_head":"<!-- This site is optimized with the Yoast SEO plugin v25.5 - https:\/\/yoast.com\/wordpress\/plugins\/seo\/ -->\n<title>FranchiseBiz Equipo | Laurent Perry-Spencer<\/title>\n<meta name=\"description\" content=\"Graduado de la ESC Amiens (Francia) y de la Universidad Polit\u00e9cnica de Valencia (Espa\u00f1a), Laurent comenz\u00f3 su carrera como...\" \/>\n<meta name=\"robots\" content=\"index, follow, max-snippet:-1, max-image-preview:large, max-video-preview:-1\" \/>\n<link rel=\"canonical\" href=\"https:\/\/www.franchise.biz\/es\/acerca-de-nosotros\/perfil-del-equipo-laurent-perry-spencer\/\" \/>\n<meta property=\"og:locale\" content=\"es_ES\" \/>\n<meta property=\"og:type\" content=\"article\" \/>\n<meta property=\"og:title\" content=\"FranchiseBiz Equipo | Laurent Perry-Spencer\" \/>\n<meta property=\"og:description\" content=\"Graduado de la ESC Amiens (Francia) y de la Universidad Polit\u00e9cnica de Valencia (Espa\u00f1a), Laurent comenz\u00f3 su carrera como...\" \/>\n<meta property=\"og:url\" content=\"https:\/\/www.franchise.biz\/es\/acerca-de-nosotros\/perfil-del-equipo-laurent-perry-spencer\/\" \/>\n<meta property=\"og:site_name\" content=\"FranchiseBiz\" \/>\n<meta property=\"article:modified_time\" content=\"2026-01-28T16:13:37+00:00\" \/>\n<meta property=\"og:image\" content=\"https:\/\/www.franchise.biz\/wp-content\/uploads\/2020\/04\/photo_lps_500.jpg\" \/>\n<meta name=\"twitter:card\" content=\"summary_large_image\" \/>\n<meta name=\"twitter:title\" content=\"FranchiseBiz Equipo | Laurent Perry-Spencer\" \/>\n<meta name=\"twitter:description\" content=\"Graduado de la ESC Amiens (Francia) y de la Universidad Polit\u00e9cnica de Valencia (Espa\u00f1a), Laurent comenz\u00f3 su carrera como...\" \/>\n<meta name=\"twitter:image\" content=\"https:\/\/www.franchise.biz\/wp-content\/uploads\/2020\/04\/photo_lps_500.jpg\" \/>\n<meta name=\"twitter:site\" content=\"@FBizOfficial\" \/>\n<meta name=\"twitter:label1\" content=\"Tiempo de lectura\" \/>\n\t<meta name=\"twitter:data1\" content=\"2 minutos\" \/>\n<script type=\"application\/ld+json\" class=\"yoast-schema-graph\">{\"@context\":\"https:\/\/schema.org\",\"@graph\":[{\"@type\":\"WebPage\",\"@id\":\"https:\/\/www.franchise.biz\/es\/acerca-de-nosotros\/perfil-del-equipo-laurent-perry-spencer\/\",\"url\":\"https:\/\/www.franchise.biz\/es\/acerca-de-nosotros\/perfil-del-equipo-laurent-perry-spencer\/\",\"name\":\"FranchiseBiz Equipo | Laurent Perry-Spencer\",\"isPartOf\":{\"@id\":\"https:\/\/www.franchise.biz\/es\/#website\"},\"primaryImageOfPage\":{\"@id\":\"https:\/\/www.franchise.biz\/es\/acerca-de-nosotros\/perfil-del-equipo-laurent-perry-spencer\/#primaryimage\"},\"image\":{\"@id\":\"https:\/\/www.franchise.biz\/es\/acerca-de-nosotros\/perfil-del-equipo-laurent-perry-spencer\/#primaryimage\"},\"thumbnailUrl\":\"https:\/\/www.franchise.biz\/wp-content\/uploads\/2026\/01\/LAPE_2_FRANCHISEBIZ.jpg\",\"datePublished\":\"2022-05-29T10:50:28+00:00\",\"dateModified\":\"2026-01-28T16:13:37+00:00\",\"description\":\"Graduado de la ESC Amiens (Francia) y de la Universidad Polit\u00e9cnica de Valencia (Espa\u00f1a), Laurent comenz\u00f3 su carrera como...\",\"breadcrumb\":{\"@id\":\"https:\/\/www.franchise.biz\/es\/acerca-de-nosotros\/perfil-del-equipo-laurent-perry-spencer\/#breadcrumb\"},\"inLanguage\":\"es\",\"potentialAction\":[{\"@type\":\"ReadAction\",\"target\":[\"https:\/\/www.franchise.biz\/es\/acerca-de-nosotros\/perfil-del-equipo-laurent-perry-spencer\/\"]}]},{\"@type\":\"ImageObject\",\"inLanguage\":\"es\",\"@id\":\"https:\/\/www.franchise.biz\/es\/acerca-de-nosotros\/perfil-del-equipo-laurent-perry-spencer\/#primaryimage\",\"url\":\"https:\/\/www.franchise.biz\/wp-content\/uploads\/2026\/01\/LAPE_2_FRANCHISEBIZ.jpg\",\"contentUrl\":\"https:\/\/www.franchise.biz\/wp-content\/uploads\/2026\/01\/LAPE_2_FRANCHISEBIZ.jpg\",\"width\":800,\"height\":800,\"caption\":\"Laurent Perry-Spencer\"},{\"@type\":\"BreadcrumbList\",\"@id\":\"https:\/\/www.franchise.biz\/es\/acerca-de-nosotros\/perfil-del-equipo-laurent-perry-spencer\/#breadcrumb\",\"itemListElement\":[{\"@type\":\"ListItem\",\"position\":1,\"name\":\"Accueil\",\"item\":\"https:\/\/www.franchise.biz\/es\/\"},{\"@type\":\"ListItem\",\"position\":2,\"name\":\"Acerca de nosotros\",\"item\":\"https:\/\/www.franchise.biz\/es\/acerca-de-nosotros\/\"},{\"@type\":\"ListItem\",\"position\":3,\"name\":\"Perfil del equipo Laurent Perry-Spencer\"}]},{\"@type\":\"WebSite\",\"@id\":\"https:\/\/www.franchise.biz\/es\/#website\",\"url\":\"https:\/\/www.franchise.biz\/es\/\",\"name\":\"FranchiseBiz\",\"description\":\"Empowering Franchise Growth Globally\",\"publisher\":{\"@id\":\"https:\/\/www.franchise.biz\/es\/#organization\"},\"potentialAction\":[{\"@type\":\"SearchAction\",\"target\":{\"@type\":\"EntryPoint\",\"urlTemplate\":\"https:\/\/www.franchise.biz\/es\/?s={search_term_string}\"},\"query-input\":{\"@type\":\"PropertyValueSpecification\",\"valueRequired\":true,\"valueName\":\"search_term_string\"}}],\"inLanguage\":\"es\"},{\"@type\":\"Organization\",\"@id\":\"https:\/\/www.franchise.biz\/es\/#organization\",\"name\":\"FranchiseBiz\",\"url\":\"https:\/\/www.franchise.biz\/es\/\",\"logo\":{\"@type\":\"ImageObject\",\"inLanguage\":\"es\",\"@id\":\"https:\/\/www.franchise.biz\/es\/#\/schema\/logo\/image\/\",\"url\":\"https:\/\/www.franchise.biz\/wp-content\/uploads\/2021\/05\/logo.png\",\"contentUrl\":\"https:\/\/www.franchise.biz\/wp-content\/uploads\/2021\/05\/logo.png\",\"width\":1000,\"height\":1000,\"caption\":\"FranchiseBiz\"},\"image\":{\"@id\":\"https:\/\/www.franchise.biz\/es\/#\/schema\/logo\/image\/\"},\"sameAs\":[\"https:\/\/x.com\/FBizOfficial\",\"https:\/\/www.linkedin.com\/company\/franchisebiz\/\"]}]}<\/script>\n<!-- \/ Yoast SEO plugin. -->","yoast_head_json":{"title":"FranchiseBiz Equipo | Laurent Perry-Spencer","description":"Graduado de la ESC Amiens (Francia) y de la Universidad Polit\u00e9cnica de Valencia (Espa\u00f1a), Laurent comenz\u00f3 su carrera como...","robots":{"index":"index","follow":"follow","max-snippet":"max-snippet:-1","max-image-preview":"max-image-preview:large","max-video-preview":"max-video-preview:-1"},"canonical":"https:\/\/www.franchise.biz\/es\/acerca-de-nosotros\/perfil-del-equipo-laurent-perry-spencer\/","og_locale":"es_ES","og_type":"article","og_title":"FranchiseBiz Equipo | Laurent Perry-Spencer","og_description":"Graduado de la ESC Amiens (Francia) y de la Universidad Polit\u00e9cnica de Valencia (Espa\u00f1a), Laurent comenz\u00f3 su carrera como...","og_url":"https:\/\/www.franchise.biz\/es\/acerca-de-nosotros\/perfil-del-equipo-laurent-perry-spencer\/","og_site_name":"FranchiseBiz","article_modified_time":"2026-01-28T16:13:37+00:00","og_image":[{"url":"https:\/\/www.franchise.biz\/wp-content\/uploads\/2020\/04\/photo_lps_500.jpg","type":"","width":"","height":""}],"twitter_card":"summary_large_image","twitter_title":"FranchiseBiz Equipo | Laurent Perry-Spencer","twitter_description":"Graduado de la ESC Amiens (Francia) y de la Universidad Polit\u00e9cnica de Valencia (Espa\u00f1a), Laurent comenz\u00f3 su carrera como...","twitter_image":"https:\/\/www.franchise.biz\/wp-content\/uploads\/2020\/04\/photo_lps_500.jpg","twitter_site":"@FBizOfficial","twitter_misc":{"Tiempo de lectura":"2 minutos"},"schema":{"@context":"https:\/\/schema.org","@graph":[{"@type":"WebPage","@id":"https:\/\/www.franchise.biz\/es\/acerca-de-nosotros\/perfil-del-equipo-laurent-perry-spencer\/","url":"https:\/\/www.franchise.biz\/es\/acerca-de-nosotros\/perfil-del-equipo-laurent-perry-spencer\/","name":"FranchiseBiz Equipo | Laurent Perry-Spencer","isPartOf":{"@id":"https:\/\/www.franchise.biz\/es\/#website"},"primaryImageOfPage":{"@id":"https:\/\/www.franchise.biz\/es\/acerca-de-nosotros\/perfil-del-equipo-laurent-perry-spencer\/#primaryimage"},"image":{"@id":"https:\/\/www.franchise.biz\/es\/acerca-de-nosotros\/perfil-del-equipo-laurent-perry-spencer\/#primaryimage"},"thumbnailUrl":"https:\/\/www.franchise.biz\/wp-content\/uploads\/2026\/01\/LAPE_2_FRANCHISEBIZ.jpg","datePublished":"2022-05-29T10:50:28+00:00","dateModified":"2026-01-28T16:13:37+00:00","description":"Graduado de la ESC Amiens (Francia) y de la Universidad Polit\u00e9cnica de Valencia (Espa\u00f1a), Laurent comenz\u00f3 su carrera como...","breadcrumb":{"@id":"https:\/\/www.franchise.biz\/es\/acerca-de-nosotros\/perfil-del-equipo-laurent-perry-spencer\/#breadcrumb"},"inLanguage":"es","potentialAction":[{"@type":"ReadAction","target":["https:\/\/www.franchise.biz\/es\/acerca-de-nosotros\/perfil-del-equipo-laurent-perry-spencer\/"]}]},{"@type":"ImageObject","inLanguage":"es","@id":"https:\/\/www.franchise.biz\/es\/acerca-de-nosotros\/perfil-del-equipo-laurent-perry-spencer\/#primaryimage","url":"https:\/\/www.franchise.biz\/wp-content\/uploads\/2026\/01\/LAPE_2_FRANCHISEBIZ.jpg","contentUrl":"https:\/\/www.franchise.biz\/wp-content\/uploads\/2026\/01\/LAPE_2_FRANCHISEBIZ.jpg","width":800,"height":800,"caption":"Laurent Perry-Spencer"},{"@type":"BreadcrumbList","@id":"https:\/\/www.franchise.biz\/es\/acerca-de-nosotros\/perfil-del-equipo-laurent-perry-spencer\/#breadcrumb","itemListElement":[{"@type":"ListItem","position":1,"name":"Accueil","item":"https:\/\/www.franchise.biz\/es\/"},{"@type":"ListItem","position":2,"name":"Acerca de nosotros","item":"https:\/\/www.franchise.biz\/es\/acerca-de-nosotros\/"},{"@type":"ListItem","position":3,"name":"Perfil del equipo Laurent Perry-Spencer"}]},{"@type":"WebSite","@id":"https:\/\/www.franchise.biz\/es\/#website","url":"https:\/\/www.franchise.biz\/es\/","name":"FranchiseBiz","description":"Empowering Franchise Growth Globally","publisher":{"@id":"https:\/\/www.franchise.biz\/es\/#organization"},"potentialAction":[{"@type":"SearchAction","target":{"@type":"EntryPoint","urlTemplate":"https:\/\/www.franchise.biz\/es\/?s={search_term_string}"},"query-input":{"@type":"PropertyValueSpecification","valueRequired":true,"valueName":"search_term_string"}}],"inLanguage":"es"},{"@type":"Organization","@id":"https:\/\/www.franchise.biz\/es\/#organization","name":"FranchiseBiz","url":"https:\/\/www.franchise.biz\/es\/","logo":{"@type":"ImageObject","inLanguage":"es","@id":"https:\/\/www.franchise.biz\/es\/#\/schema\/logo\/image\/","url":"https:\/\/www.franchise.biz\/wp-content\/uploads\/2021\/05\/logo.png","contentUrl":"https:\/\/www.franchise.biz\/wp-content\/uploads\/2021\/05\/logo.png","width":1000,"height":1000,"caption":"FranchiseBiz"},"image":{"@id":"https:\/\/www.franchise.biz\/es\/#\/schema\/logo\/image\/"},"sameAs":["https:\/\/x.com\/FBizOfficial","https:\/\/www.linkedin.com\/company\/franchisebiz\/"]}]}},"_links":{"self":[{"href":"https:\/\/www.franchise.biz\/es\/wp-json\/wp\/v2\/pages\/6022"}],"collection":[{"href":"https:\/\/www.franchise.biz\/es\/wp-json\/wp\/v2\/pages"}],"about":[{"href":"https:\/\/www.franchise.biz\/es\/wp-json\/wp\/v2\/types\/page"}],"author":[{"embeddable":true,"href":"https:\/\/www.franchise.biz\/es\/wp-json\/wp\/v2\/users\/2"}],"replies":[{"embeddable":true,"href":"https:\/\/www.franchise.biz\/es\/wp-json\/wp\/v2\/comments?post=6022"}],"version-history":[{"count":10,"href":"https:\/\/www.franchise.biz\/es\/wp-json\/wp\/v2\/pages\/6022\/revisions"}],"predecessor-version":[{"id":10842,"href":"https:\/\/www.franchise.biz\/es\/wp-json\/wp\/v2\/pages\/6022\/revisions\/10842"}],"up":[{"embeddable":true,"href":"https:\/\/www.franchise.biz\/es\/wp-json\/wp\/v2\/pages\/6010"}],"wp:featuredmedia":[{"embeddable":true,"href":"https:\/\/www.franchise.biz\/es\/wp-json\/wp\/v2\/media\/10716"}],"wp:attachment":[{"href":"https:\/\/www.franchise.biz\/es\/wp-json\/wp\/v2\/media?parent=6022"}],"curies":[{"name":"wp","href":"https:\/\/api.w.org\/{rel}","templated":true}]}}