{"id":9672,"date":"2024-09-30T16:37:15","date_gmt":"2024-09-30T14:37:15","guid":{"rendered":"https:\/\/www.franchise.biz\/?page_id=9672"},"modified":"2024-09-30T16:42:21","modified_gmt":"2024-09-30T14:42:21","slug":"conviertase-en-franquiciado-indiana-cafe","status":"publish","type":"page","link":"https:\/\/www.franchise.biz\/es\/franquicia-indiana-cafe\/conviertase-en-franquiciado-indiana-cafe\/","title":{"rendered":"Convi\u00e9rtase en franquiciado Indiana Caf\u00e9"},"content":{"rendered":"<div class=\"wpb-content-wrapper\"><p>[vc_row css=\u00bb.vc_custom_1589820393947{padding-top: 60px !important;}\u00bb][vc_column][vc_single_image image=\u00bb9524&#8243; img_size=\u00bb175X175&#8243; alignment=\u00bbcenter\u00bb css=\u00bb\u00bb][\/vc_column][\/vc_row][vc_row css=\u00bb.vc_custom_1641551791731{padding-top: 30px !important;background-color: #f7f7f7 !important;}\u00bb el_id=\u00bbform\u00bb][vc_column]<div id=\"ultimate-heading-910269f3226dd30e4\" class=\"uvc-heading ult-adjust-bottom-margin ultimate-heading-910269f3226dd30e4 uvc-6721 accent-border-color\" data-hspacer=\"no_spacer\"  data-halign=\"center\" style=\"text-align:center\"><div class=\"uvc-heading-spacer no_spacer\" style=\"top\"><\/div><div class=\"uvc-main-heading ult-responsive\"  data-ultimate-target='.uvc-heading.ultimate-heading-910269f3226dd30e4 h2'  data-responsive-json-new='{\"font-size\":\"desktop:30px;\",\"line-height\":\"desktop:38px;\"}' ><h2 style=\"font-weight:normal;color:#e54326;\">Convi\u00e9rtase en franquiciado Indiana Caf\u00e9<\/h2><\/div><div class=\"uvc-sub-heading ult-responsive\"  data-ultimate-target='.uvc-heading.ultimate-heading-910269f3226dd30e4 .uvc-sub-heading '  data-responsive-json-new='{\"font-size\":\"\",\"line-height\":\"\"}'  style=\"font-weight:normal;\"><\/p>\n<div id=\"ultimate-heading-55076165acbba6252\" class=\"uvc-heading ult-adjust-bottom-margin ultimate-heading-55076165acbba6252 uvc-634 accent-border-color\" data-hspacer=\"no_spacer\" data-halign=\"left\">\n<div class=\"uvc-sub-heading ult-responsive\" data-ultimate-target=\".uvc-heading.ultimate-heading-55076165acbba6252 .uvc-sub-heading \" data-responsive-json-new=\"{&quot;font-size&quot;:&quot;&quot;,&quot;line-height&quot;:&quot;&quot;}\">\n<div id=\"ultimate-heading-372261d8164e30781\" class=\"uvc-heading ult-adjust-bottom-margin ultimate-heading-372261d8164e30781 uvc-6787 accent-border-color\" data-hspacer=\"no_spacer\" data-halign=\"center\">\n<div class=\"uvc-sub-heading ult-responsive\" data-ultimate-target=\".uvc-heading.ultimate-heading-372261d8164e30781 .uvc-sub-heading \" data-responsive-json-new=\"{&quot;font-size&quot;:&quot;&quot;,&quot;line-height&quot;:&quot;&quot;}\">\n<h4 style=\"text-align: center;\"><span style=\"font-size: 12pt;\">\u00a1Complete el formulario y descubra las oportunidades que ofrece Indiana Caf\u00e9!<\/span><\/h4>\n<\/div>\n<\/div>\n<\/div>\n<\/div>\n<p><\/div><\/div>[vc_column_text css_animation=\u00bbfadeIn\u00bb css=\u00bb\u00bb]<iframe style=\"height: 1150px; width: 99%; border: none;\" src=\"https:\/\/forms.zohopublic.eu\/FranchiseBiz\/form\/FormulairedecandidatureIndianaCafES\/formperma\/GNB052PGZJTlS3I7QRum_Ytdxc4rQILSBbGNAIo-6tg\" frameborder=\"0\" aria-label=\"Formulaire de candidature Indiana Caf\u00e9 ES\"><\/iframe>[\/vc_column_text][\/vc_column][\/vc_row][vc_row][vc_column][vc_empty_space height=\u00bb75px\u00bb][\/vc_column][\/vc_row]<\/p>\n<\/div>","protected":false},"excerpt":{"rendered":"<p>[vc_row css=\u00bb.vc_custom_1589820393947{padding-top: 60px !important;}\u00bb][vc_column][vc_single_image image=\u00bb9524&#8243; img_size=\u00bb175X175&#8243; alignment=\u00bbcenter\u00bb css=\u00bb\u00bb][\/vc_column][\/vc_row][vc_row css=\u00bb.vc_custom_1641551791731{padding-top: 30px !important;background-color: #f7f7f7 !important;}\u00bb el_id=\u00bbform\u00bb][vc_column][vc_column_text css_animation=\u00bbfadeIn\u00bb css=\u00bb\u00bb][\/vc_column_text][\/vc_column][\/vc_row][vc_row][vc_column][vc_empty_space height=\u00bb75px\u00bb][\/vc_column][\/vc_row]<\/p>\n","protected":false},"author":2,"featured_media":9434,"parent":9640,"menu_order":0,"comment_status":"closed","ping_status":"closed","template":"template-microsite.php","meta":{"inline_featured_image":false,"footnotes":""},"class_list":["post-9672","page","type-page","status-publish","has-post-thumbnail","hentry","description-off"],"yoast_head":"<!-- This site is optimized with the Yoast SEO plugin v25.5 - https:\/\/yoast.com\/wordpress\/plugins\/seo\/ -->\n<title>Convi\u00e9rtase en franquiciado Indiana Caf\u00e9<\/title>\n<meta name=\"description\" content=\"Indiana Caf\u00e9 es la intersecci\u00f3n entre los vastos paisajes norteamericanos, desde Nueva York hasta California, y la herencia de la brasserie francesa. \u00a1Postula ahora!\" \/>\n<meta name=\"robots\" content=\"index, follow, max-snippet:-1, max-image-preview:large, max-video-preview:-1\" \/>\n<link rel=\"canonical\" href=\"https:\/\/www.franchise.biz\/es\/franquicia-indiana-cafe\/conviertase-en-franquiciado-indiana-cafe\/\" \/>\n<meta property=\"og:locale\" content=\"es_ES\" \/>\n<meta property=\"og:type\" content=\"article\" \/>\n<meta property=\"og:title\" content=\"Convi\u00e9rtase en franquiciado Indiana Caf\u00e9\" \/>\n<meta property=\"og:description\" content=\"Indiana Caf\u00e9 es la intersecci\u00f3n entre los vastos paisajes norteamericanos, desde Nueva York hasta California, y la herencia de la brasserie francesa. \u00a1Postula ahora!\" \/>\n<meta property=\"og:url\" content=\"https:\/\/www.franchise.biz\/es\/franquicia-indiana-cafe\/conviertase-en-franquiciado-indiana-cafe\/\" \/>\n<meta property=\"og:site_name\" content=\"FranchiseBiz\" \/>\n<meta property=\"article:modified_time\" content=\"2024-09-30T14:42:21+00:00\" \/>\n<meta property=\"og:image\" content=\"https:\/\/www.franchise.biz\/wp-content\/uploads\/2024\/08\/Indiana-Cafe-Franchise.jpg\" \/>\n\t<meta property=\"og:image:width\" content=\"400\" \/>\n\t<meta property=\"og:image:height\" content=\"400\" \/>\n\t<meta property=\"og:image:type\" content=\"image\/jpeg\" \/>\n<meta name=\"twitter:card\" content=\"summary_large_image\" \/>\n<meta name=\"twitter:title\" content=\"Convi\u00e9rtase en franquiciado Indiana Caf\u00e9\" \/>\n<meta name=\"twitter:description\" content=\"Indiana Caf\u00e9 es la intersecci\u00f3n entre los vastos paisajes norteamericanos, desde Nueva York hasta California, y la herencia de la brasserie francesa. \u00a1Postula ahora!\" \/>\n<meta name=\"twitter:image\" content=\"https:\/\/www.franchise.biz\/wp-content\/uploads\/2024\/08\/Indiana-Cafe-Franchise.jpg\" \/>\n<meta name=\"twitter:site\" content=\"@FBizOfficial\" \/>\n<meta name=\"twitter:label1\" content=\"Tiempo de lectura\" \/>\n\t<meta name=\"twitter:data1\" content=\"1 minuto\" \/>\n<script type=\"application\/ld+json\" class=\"yoast-schema-graph\">{\"@context\":\"https:\/\/schema.org\",\"@graph\":[{\"@type\":\"WebPage\",\"@id\":\"https:\/\/www.franchise.biz\/es\/franquicia-indiana-cafe\/conviertase-en-franquiciado-indiana-cafe\/\",\"url\":\"https:\/\/www.franchise.biz\/es\/franquicia-indiana-cafe\/conviertase-en-franquiciado-indiana-cafe\/\",\"name\":\"Convi\u00e9rtase en franquiciado Indiana Caf\u00e9\",\"isPartOf\":{\"@id\":\"https:\/\/www.franchise.biz\/es\/#website\"},\"primaryImageOfPage\":{\"@id\":\"https:\/\/www.franchise.biz\/es\/franquicia-indiana-cafe\/conviertase-en-franquiciado-indiana-cafe\/#primaryimage\"},\"image\":{\"@id\":\"https:\/\/www.franchise.biz\/es\/franquicia-indiana-cafe\/conviertase-en-franquiciado-indiana-cafe\/#primaryimage\"},\"thumbnailUrl\":\"https:\/\/www.franchise.biz\/wp-content\/uploads\/2024\/08\/Indiana-Cafe-Franchise-2.jpg\",\"datePublished\":\"2024-09-30T14:37:15+00:00\",\"dateModified\":\"2024-09-30T14:42:21+00:00\",\"description\":\"Indiana Caf\u00e9 es la intersecci\u00f3n entre los vastos paisajes norteamericanos, desde Nueva York hasta California, y la herencia de la brasserie francesa. \u00a1Postula ahora!\",\"breadcrumb\":{\"@id\":\"https:\/\/www.franchise.biz\/es\/franquicia-indiana-cafe\/conviertase-en-franquiciado-indiana-cafe\/#breadcrumb\"},\"inLanguage\":\"es\",\"potentialAction\":[{\"@type\":\"ReadAction\",\"target\":[\"https:\/\/www.franchise.biz\/es\/franquicia-indiana-cafe\/conviertase-en-franquiciado-indiana-cafe\/\"]}]},{\"@type\":\"ImageObject\",\"inLanguage\":\"es\",\"@id\":\"https:\/\/www.franchise.biz\/es\/franquicia-indiana-cafe\/conviertase-en-franquiciado-indiana-cafe\/#primaryimage\",\"url\":\"https:\/\/www.franchise.biz\/wp-content\/uploads\/2024\/08\/Indiana-Cafe-Franchise-2.jpg\",\"contentUrl\":\"https:\/\/www.franchise.biz\/wp-content\/uploads\/2024\/08\/Indiana-Cafe-Franchise-2.jpg\",\"width\":300,\"height\":300},{\"@type\":\"BreadcrumbList\",\"@id\":\"https:\/\/www.franchise.biz\/es\/franquicia-indiana-cafe\/conviertase-en-franquiciado-indiana-cafe\/#breadcrumb\",\"itemListElement\":[{\"@type\":\"ListItem\",\"position\":1,\"name\":\"Accueil\",\"item\":\"https:\/\/www.franchise.biz\/es\/\"},{\"@type\":\"ListItem\",\"position\":2,\"name\":\"Franquicia Indiana Caf\u00e9\",\"item\":\"https:\/\/www.franchise.biz\/es\/franquicia-indiana-cafe\/\"},{\"@type\":\"ListItem\",\"position\":3,\"name\":\"Convi\u00e9rtase en franquiciado Indiana Caf\u00e9\"}]},{\"@type\":\"WebSite\",\"@id\":\"https:\/\/www.franchise.biz\/es\/#website\",\"url\":\"https:\/\/www.franchise.biz\/es\/\",\"name\":\"FranchiseBiz\",\"description\":\"Empowering Franchise Growth Globally\",\"publisher\":{\"@id\":\"https:\/\/www.franchise.biz\/es\/#organization\"},\"potentialAction\":[{\"@type\":\"SearchAction\",\"target\":{\"@type\":\"EntryPoint\",\"urlTemplate\":\"https:\/\/www.franchise.biz\/es\/?s={search_term_string}\"},\"query-input\":{\"@type\":\"PropertyValueSpecification\",\"valueRequired\":true,\"valueName\":\"search_term_string\"}}],\"inLanguage\":\"es\"},{\"@type\":\"Organization\",\"@id\":\"https:\/\/www.franchise.biz\/es\/#organization\",\"name\":\"FranchiseBiz\",\"url\":\"https:\/\/www.franchise.biz\/es\/\",\"logo\":{\"@type\":\"ImageObject\",\"inLanguage\":\"es\",\"@id\":\"https:\/\/www.franchise.biz\/es\/#\/schema\/logo\/image\/\",\"url\":\"https:\/\/www.franchise.biz\/wp-content\/uploads\/2021\/05\/logo.png\",\"contentUrl\":\"https:\/\/www.franchise.biz\/wp-content\/uploads\/2021\/05\/logo.png\",\"width\":1000,\"height\":1000,\"caption\":\"FranchiseBiz\"},\"image\":{\"@id\":\"https:\/\/www.franchise.biz\/es\/#\/schema\/logo\/image\/\"},\"sameAs\":[\"https:\/\/x.com\/FBizOfficial\",\"https:\/\/www.linkedin.com\/company\/franchisebiz\/\"]}]}<\/script>\n<!-- \/ Yoast SEO plugin. -->","yoast_head_json":{"title":"Convi\u00e9rtase en franquiciado Indiana Caf\u00e9","description":"Indiana Caf\u00e9 es la intersecci\u00f3n entre los vastos paisajes norteamericanos, desde Nueva York hasta California, y la herencia de la brasserie francesa. \u00a1Postula ahora!","robots":{"index":"index","follow":"follow","max-snippet":"max-snippet:-1","max-image-preview":"max-image-preview:large","max-video-preview":"max-video-preview:-1"},"canonical":"https:\/\/www.franchise.biz\/es\/franquicia-indiana-cafe\/conviertase-en-franquiciado-indiana-cafe\/","og_locale":"es_ES","og_type":"article","og_title":"Convi\u00e9rtase en franquiciado Indiana Caf\u00e9","og_description":"Indiana Caf\u00e9 es la intersecci\u00f3n entre los vastos paisajes norteamericanos, desde Nueva York hasta California, y la herencia de la brasserie francesa. \u00a1Postula ahora!","og_url":"https:\/\/www.franchise.biz\/es\/franquicia-indiana-cafe\/conviertase-en-franquiciado-indiana-cafe\/","og_site_name":"FranchiseBiz","article_modified_time":"2024-09-30T14:42:21+00:00","og_image":[{"width":400,"height":400,"url":"https:\/\/www.franchise.biz\/wp-content\/uploads\/2024\/08\/Indiana-Cafe-Franchise.jpg","type":"image\/jpeg"}],"twitter_card":"summary_large_image","twitter_title":"Convi\u00e9rtase en franquiciado Indiana Caf\u00e9","twitter_description":"Indiana Caf\u00e9 es la intersecci\u00f3n entre los vastos paisajes norteamericanos, desde Nueva York hasta California, y la herencia de la brasserie francesa. \u00a1Postula ahora!","twitter_image":"https:\/\/www.franchise.biz\/wp-content\/uploads\/2024\/08\/Indiana-Cafe-Franchise.jpg","twitter_site":"@FBizOfficial","twitter_misc":{"Tiempo de lectura":"1 minuto"},"schema":{"@context":"https:\/\/schema.org","@graph":[{"@type":"WebPage","@id":"https:\/\/www.franchise.biz\/es\/franquicia-indiana-cafe\/conviertase-en-franquiciado-indiana-cafe\/","url":"https:\/\/www.franchise.biz\/es\/franquicia-indiana-cafe\/conviertase-en-franquiciado-indiana-cafe\/","name":"Convi\u00e9rtase en franquiciado Indiana Caf\u00e9","isPartOf":{"@id":"https:\/\/www.franchise.biz\/es\/#website"},"primaryImageOfPage":{"@id":"https:\/\/www.franchise.biz\/es\/franquicia-indiana-cafe\/conviertase-en-franquiciado-indiana-cafe\/#primaryimage"},"image":{"@id":"https:\/\/www.franchise.biz\/es\/franquicia-indiana-cafe\/conviertase-en-franquiciado-indiana-cafe\/#primaryimage"},"thumbnailUrl":"https:\/\/www.franchise.biz\/wp-content\/uploads\/2024\/08\/Indiana-Cafe-Franchise-2.jpg","datePublished":"2024-09-30T14:37:15+00:00","dateModified":"2024-09-30T14:42:21+00:00","description":"Indiana Caf\u00e9 es la intersecci\u00f3n entre los vastos paisajes norteamericanos, desde Nueva York hasta California, y la herencia de la brasserie francesa. \u00a1Postula ahora!","breadcrumb":{"@id":"https:\/\/www.franchise.biz\/es\/franquicia-indiana-cafe\/conviertase-en-franquiciado-indiana-cafe\/#breadcrumb"},"inLanguage":"es","potentialAction":[{"@type":"ReadAction","target":["https:\/\/www.franchise.biz\/es\/franquicia-indiana-cafe\/conviertase-en-franquiciado-indiana-cafe\/"]}]},{"@type":"ImageObject","inLanguage":"es","@id":"https:\/\/www.franchise.biz\/es\/franquicia-indiana-cafe\/conviertase-en-franquiciado-indiana-cafe\/#primaryimage","url":"https:\/\/www.franchise.biz\/wp-content\/uploads\/2024\/08\/Indiana-Cafe-Franchise-2.jpg","contentUrl":"https:\/\/www.franchise.biz\/wp-content\/uploads\/2024\/08\/Indiana-Cafe-Franchise-2.jpg","width":300,"height":300},{"@type":"BreadcrumbList","@id":"https:\/\/www.franchise.biz\/es\/franquicia-indiana-cafe\/conviertase-en-franquiciado-indiana-cafe\/#breadcrumb","itemListElement":[{"@type":"ListItem","position":1,"name":"Accueil","item":"https:\/\/www.franchise.biz\/es\/"},{"@type":"ListItem","position":2,"name":"Franquicia Indiana Caf\u00e9","item":"https:\/\/www.franchise.biz\/es\/franquicia-indiana-cafe\/"},{"@type":"ListItem","position":3,"name":"Convi\u00e9rtase en franquiciado Indiana Caf\u00e9"}]},{"@type":"WebSite","@id":"https:\/\/www.franchise.biz\/es\/#website","url":"https:\/\/www.franchise.biz\/es\/","name":"FranchiseBiz","description":"Empowering Franchise Growth Globally","publisher":{"@id":"https:\/\/www.franchise.biz\/es\/#organization"},"potentialAction":[{"@type":"SearchAction","target":{"@type":"EntryPoint","urlTemplate":"https:\/\/www.franchise.biz\/es\/?s={search_term_string}"},"query-input":{"@type":"PropertyValueSpecification","valueRequired":true,"valueName":"search_term_string"}}],"inLanguage":"es"},{"@type":"Organization","@id":"https:\/\/www.franchise.biz\/es\/#organization","name":"FranchiseBiz","url":"https:\/\/www.franchise.biz\/es\/","logo":{"@type":"ImageObject","inLanguage":"es","@id":"https:\/\/www.franchise.biz\/es\/#\/schema\/logo\/image\/","url":"https:\/\/www.franchise.biz\/wp-content\/uploads\/2021\/05\/logo.png","contentUrl":"https:\/\/www.franchise.biz\/wp-content\/uploads\/2021\/05\/logo.png","width":1000,"height":1000,"caption":"FranchiseBiz"},"image":{"@id":"https:\/\/www.franchise.biz\/es\/#\/schema\/logo\/image\/"},"sameAs":["https:\/\/x.com\/FBizOfficial","https:\/\/www.linkedin.com\/company\/franchisebiz\/"]}]}},"_links":{"self":[{"href":"https:\/\/www.franchise.biz\/es\/wp-json\/wp\/v2\/pages\/9672"}],"collection":[{"href":"https:\/\/www.franchise.biz\/es\/wp-json\/wp\/v2\/pages"}],"about":[{"href":"https:\/\/www.franchise.biz\/es\/wp-json\/wp\/v2\/types\/page"}],"author":[{"embeddable":true,"href":"https:\/\/www.franchise.biz\/es\/wp-json\/wp\/v2\/users\/2"}],"replies":[{"embeddable":true,"href":"https:\/\/www.franchise.biz\/es\/wp-json\/wp\/v2\/comments?post=9672"}],"version-history":[{"count":4,"href":"https:\/\/www.franchise.biz\/es\/wp-json\/wp\/v2\/pages\/9672\/revisions"}],"predecessor-version":[{"id":9740,"href":"https:\/\/www.franchise.biz\/es\/wp-json\/wp\/v2\/pages\/9672\/revisions\/9740"}],"up":[{"embeddable":true,"href":"https:\/\/www.franchise.biz\/es\/wp-json\/wp\/v2\/pages\/9640"}],"wp:featuredmedia":[{"embeddable":true,"href":"https:\/\/www.franchise.biz\/es\/wp-json\/wp\/v2\/media\/9434"}],"wp:attachment":[{"href":"https:\/\/www.franchise.biz\/es\/wp-json\/wp\/v2\/media?parent=9672"}],"curies":[{"name":"wp","href":"https:\/\/api.w.org\/{rel}","templated":true}]}}