{"id":3282,"date":"2021-08-31T20:10:12","date_gmt":"2021-08-31T18:10:12","guid":{"rendered":"https:\/\/franchise-biz.pre-prod.fr\/a-propos\/laurent-perry-spencer\/"},"modified":"2026-01-28T17:11:49","modified_gmt":"2026-01-28T16:11:49","slug":"laurent-perry-spencer","status":"publish","type":"page","link":"https:\/\/www.franchise.biz\/fr\/a-propos\/laurent-perry-spencer\/","title":{"rendered":"Team Profile Laurent Perry-Spencer"},"content":{"rendered":"<div class=\"wpb-content-wrapper\"><p>[vc_row full_width=\u00a0\u00bbstretch_row_content\u00a0\u00bb css=\u00a0\u00bb.vc_custom_1632839068794{margin-top: 0px !important;margin-right: 0px !important;margin-bottom: 0px !important;margin-left: 0px !important;padding-top: 60px !important;padding-right: 0px !important;padding-bottom: 60px !important;padding-left: 0px !important;}\u00a0\u00bb][vc_column css=\u00a0\u00bb.vc_custom_1632838782299{margin: 0px !important;padding: 0px !important;}\u00a0\u00bb][vc_row_inner][vc_column_inner]<style type=\"text\/css\" data-type=\"the7_shortcodes-inline-css\">#default-btn-80f0485e7d3dffe975c4223c4aa29520.ico-right-side > i {\n  margin-right: 0px;\n  margin-left: 8px;\n}\n#default-btn-80f0485e7d3dffe975c4223c4aa29520 > i {\n  margin-right: 8px;\n}\n<\/style><a href=\"https:\/\/www.franchise.biz\/fr\/ouvrir-une-franchise\/\" class=\"default-btn-shortcode dt-btn dt-btn-s link-hover-off franchise-opportunities openfranchise btn-inline-right \" id=\"default-btn-80f0485e7d3dffe975c4223c4aa29520\"><span>Ouvrir une Franchise<\/span><\/a>[\/vc_column_inner][\/vc_row_inner][\/vc_column][\/vc_row][vc_row type=\u00a0\u00bbvc_default\u00a0\u00bb margin_top=\u00a0\u00bb0&Prime; css=\u00a0\u00bb.vc_custom_1632839652073{margin-top: -350px !important;margin-bottom: 80px !important;padding-top: 80px !important;}\u00a0\u00bb][vc_column width=\u00a0\u00bb5\/12&Prime; css=\u00a0\u00bb.vc_custom_1481816184469{padding-bottom: 40px !important;}\u00a0\u00bb offset=\u00a0\u00bbvc_col-lg-4 vc_col-md-4&Prime;][vc_single_image image=\u00a0\u00bb10824&Prime; img_size=\u00a0\u00bb300&#215;300&Prime; alignment=\u00a0\u00bbcenter\u00a0\u00bb style=\u00a0\u00bbvc_box_circle\u00a0\u00bb css=\u00a0\u00bb.vc_custom_1769616686403{padding-bottom: 30px !important;}\u00a0\u00bb image_hovers=\u00a0\u00bbfalse\u00a0\u00bb lazy_loading=\u00a0\u00bbtrue\u00a0\u00bb][\/vc_column][vc_column width=\u00a0\u00bb7\/12&Prime; offset=\u00a0\u00bbvc_col-lg-8 vc_col-md-8&Prime; css=\u00a0\u00bb.vc_custom_1632839637837{padding-right: 40px !important;}\u00a0\u00bb]<div id=\"ultimate-heading-610869f5b7e321bfa\" class=\"uvc-heading ult-adjust-bottom-margin ultimate-heading-610869f5b7e321bfa uvc-7554 color-title accent-subtitle-color accent-border-color\" data-hspacer=\"no_spacer\"  data-halign=\"left\" style=\"text-align:left\"><div class=\"uvc-heading-spacer no_spacer\" style=\"top\"><\/div><div class=\"uvc-main-heading ult-responsive\"  data-ultimate-target='.uvc-heading.ultimate-heading-610869f5b7e321bfa h2'  data-responsive-json-new='{\"font-size\":\"desktop:30px;\",\"line-height\":\"desktop:44px;\"}' ><h2 style=\"font-weight:bold;color:#e54326;margin-bottom:5px;\">Laurent Perry-Spencer<\/h2><\/div><div class=\"uvc-sub-heading ult-responsive\"  data-ultimate-target='.uvc-heading.ultimate-heading-610869f5b7e321bfa .uvc-sub-heading '  data-responsive-json-new='{\"font-size\":\"desktop:20px;\",\"line-height\":\"desktop:32px;\"}'  style=\"font-weight:normal;color:#757575;margin-bottom:25px;\"><span style=\"color: #757575;\">Localisation : Paris (France)<\/span><\/p>\n<hr \/>\n<h5><strong><span style=\"color: #757575;\">LANGUES : FRAN\u00c7AIS | ANGLAIS | ESPAGNOL<\/span><\/strong><\/h5>\n<p><\/div><\/div>[vc_column_text css=\u00a0\u00bb.vc_custom_1632922005924{padding-bottom: 50px !important;}\u00a0\u00bb]Dipl\u00f4m\u00e9 de l\u2019ESC Amiens (France) et de l\u2019Universidad Politecnica de Valencia (Espagne), Laurent a d\u00e9but\u00e9 sa carri\u00e8re comme contr\u00f4leur de gestion au sein des groupes Yves-Rocher et Altice (SFR) \u00e0 Paris, puis comme responsable financier chez Avanquest Software. Il occupa ensuite diverses fonctions pendant pr\u00e8s de 12 ans dans le commerce de d\u00e9tail en tant que directeur du d\u00e9veloppement, directeur franchise et directeur immobilier aupr\u00e8s de marques internationales.<br \/>\n_<br \/>\nAu cours de sa carri\u00e8re, Laurent a travaill\u00e9 au d\u00e9veloppement des r\u00e9seaux de franchise sur plus de 30 march\u00e9s internationaux.[\/vc_column_text]<div id=\"ultimate-heading-57569f5b7e321c5e\" class=\"uvc-heading ult-adjust-bottom-margin ultimate-heading-57569f5b7e321c5e uvc-1338 color-title accent-border-color\" data-hspacer=\"no_spacer\"  data-halign=\"left\" style=\"text-align:left\"><div class=\"uvc-heading-spacer no_spacer\" style=\"top\"><\/div><div class=\"uvc-main-heading ult-responsive\"  data-ultimate-target='.uvc-heading.ultimate-heading-57569f5b7e321c5e p'  data-responsive-json-new='{\"font-size\":\"desktop:22px;\",\"line-height\":\"desktop:32px;\"}' ><p style=\"font-weight:bold;margin-bottom:20px;\">Contact Info<\/p><\/div><\/div>[vc_row_inner][vc_column_inner width=\u00a0\u00bb1\/3&Prime;][vc_column_text]<\/p>\n<p style=\"text-align: left;\"><strong><span class=\"color-title\">Rendez-vous<\/span><\/strong><br \/>\n<a href=\"https:\/\/www.franchise.biz\/fr\/book-a-meeting-now-with-franchisebiz\/\"><span style=\"color: #ed7d2d;\">Planifier un appel ici<\/span><\/a><\/p>\n<p>[\/vc_column_text][\/vc_column_inner][vc_column_inner width=\u00a0\u00bb1\/3&Prime;][vc_column_text]<\/p>\n<p style=\"text-align: left;\"><strong><span class=\"color-title\">Email<\/span><\/strong><br \/>\n<a href=\"mailto:lape@franchise.biz\"><span style=\"color: #ed7d2d;\">lape@franchise.biz<\/span><\/a><\/p>\n<p>[\/vc_column_text][\/vc_column_inner][vc_column_inner width=\u00a0\u00bb1\/3&Prime;]<div class=\"  uavc-icons \">\n<a class=\"aio-tooltip 69f5b7e321e1a\" href=\"https:\/\/www.linkedin.com\/in\/laurentperryspencer\/\" target=\"_blank\" rel=\"noopener\"  data-toggle=\"tooltip\" data-placement=\"\" title=\"\"><div class=\"aio-icon advanced \" data-animation=\"\" data-animation-delay=\"03\" style=\"color:#ffffff;background:#e54326;border-style:solid;border-color:;border-width:0px;width:36px;height:36px;line-height:36px;border-radius:500px;font-size:16px;margin-right:5px;\">\n\t<i class=\"icomoon-free-social-contact-16x16-linkedin2\"><\/i>\n<\/div><\/a><\/div>[\/vc_column_inner][\/vc_row_inner][\/vc_column][\/vc_row]<\/p>\n<\/div>","protected":false},"excerpt":{"rendered":"<p>[vc_row full_width=\u00a0\u00bbstretch_row_content\u00a0\u00bb css=\u00a0\u00bb.vc_custom_1632839068794{margin-top: 0px !important;margin-right: 0px !important;margin-bottom: 0px !important;margin-left: 0px !important;padding-top: 60px !important;padding-right: 0px !important;padding-bottom: 60px !important;padding-left: 0px !important;}\u00a0\u00bb][vc_column css=\u00a0\u00bb.vc_custom_1632838782299{margin: 0px !important;padding: 0px !important;}\u00a0\u00bb][vc_row_inner][vc_column_inner][\/vc_column_inner][\/vc_row_inner][\/vc_column][\/vc_row][vc_row type=\u00a0\u00bbvc_default\u00a0\u00bb margin_top=\u00a0\u00bb0&Prime; css=\u00a0\u00bb.vc_custom_1632839652073{margin-top: -350px !important;margin-bottom: 80px !important;padding-top: 80px !important;}\u00a0\u00bb][vc_column width=\u00a0\u00bb5\/12&Prime; css=\u00a0\u00bb.vc_custom_1481816184469{padding-bottom: 40px !important;}\u00a0\u00bb offset=\u00a0\u00bbvc_col-lg-4 vc_col-md-4&Prime;][vc_single_image image=\u00a0\u00bb10824&Prime; img_size=\u00a0\u00bb300&#215;300&Prime; alignment=\u00a0\u00bbcenter\u00a0\u00bb style=\u00a0\u00bbvc_box_circle\u00a0\u00bb css=\u00a0\u00bb.vc_custom_1769616686403{padding-bottom: 30px !important;}\u00a0\u00bb image_hovers=\u00a0\u00bbfalse\u00a0\u00bb lazy_loading=\u00a0\u00bbtrue\u00a0\u00bb][\/vc_column][vc_column width=\u00a0\u00bb7\/12&Prime; offset=\u00a0\u00bbvc_col-lg-8 vc_col-md-8&Prime; css=\u00a0\u00bb.vc_custom_1632839637837{padding-right: 40px !important;}\u00a0\u00bb][vc_column_text css=\u00a0\u00bb.vc_custom_1632922005924{padding-bottom:&hellip;<\/p>\n","protected":false},"author":2,"featured_media":10713,"parent":3265,"menu_order":10,"comment_status":"closed","ping_status":"closed","template":"","meta":{"inline_featured_image":false,"footnotes":""},"class_list":["post-3282","page","type-page","status-publish","has-post-thumbnail","hentry","description-off"],"yoast_head":"<!-- This site is optimized with the Yoast SEO plugin v25.5 - https:\/\/yoast.com\/wordpress\/plugins\/seo\/ -->\n<title>L&#039;Equipe FranchiseBiz - Laurent Perry-Spencer<\/title>\n<meta name=\"description\" content=\"Dipl\u00f4m\u00e9 de l\u2019ESC Amiens (France) et de l\u2019Universidad Politecnica de Valencia (Espagne), Laurent a d\u00e9but\u00e9 sa carri\u00e8re comme contr\u00f4leur de gestion au sein des groupes Yves-Rocher et Altice (SFR) \u00e0 Paris, puis comme responsable financier chez Avanquest Software.\" \/>\n<meta name=\"robots\" content=\"index, follow, max-snippet:-1, max-image-preview:large, max-video-preview:-1\" \/>\n<link rel=\"canonical\" href=\"https:\/\/www.franchise.biz\/fr\/a-propos\/laurent-perry-spencer\/\" \/>\n<meta property=\"og:locale\" content=\"fr_FR\" \/>\n<meta property=\"og:type\" content=\"article\" \/>\n<meta property=\"og:title\" content=\"L&#039;Equipe FranchiseBiz - Laurent Perry-Spencer\" \/>\n<meta property=\"og:description\" content=\"Dipl\u00f4m\u00e9 de l\u2019ESC Amiens (France) et de l\u2019Universidad Politecnica de Valencia (Espagne), Laurent a d\u00e9but\u00e9 sa carri\u00e8re comme contr\u00f4leur de gestion au sein des groupes Yves-Rocher et Altice (SFR) \u00e0 Paris, puis comme responsable financier chez Avanquest Software.\" \/>\n<meta property=\"og:url\" content=\"https:\/\/www.franchise.biz\/fr\/a-propos\/laurent-perry-spencer\/\" \/>\n<meta property=\"og:site_name\" content=\"FranchiseBiz\" \/>\n<meta property=\"article:modified_time\" content=\"2026-01-28T16:11:49+00:00\" \/>\n<meta property=\"og:image\" content=\"https:\/\/www.franchise.biz\/wp-content\/uploads\/2020\/04\/Photo-LPS.jpg\" \/>\n\t<meta property=\"og:image:width\" content=\"1543\" \/>\n\t<meta property=\"og:image:height\" content=\"1600\" \/>\n\t<meta property=\"og:image:type\" content=\"image\/jpeg\" \/>\n<meta name=\"twitter:card\" content=\"summary_large_image\" \/>\n<meta name=\"twitter:title\" content=\"L&#039;Equipe FranchiseBiz - Laurent Perry-Spencer\" \/>\n<meta name=\"twitter:description\" content=\"Dipl\u00f4m\u00e9 de l\u2019ESC Amiens (France) et de l\u2019Universidad Politecnica de Valencia (Espagne), Laurent a d\u00e9but\u00e9 sa carri\u00e8re comme contr\u00f4leur de gestion au sein des groupes Yves-Rocher et Altice (SFR) \u00e0 Paris, puis comme responsable financier chez Avanquest Software.\" \/>\n<meta name=\"twitter:image\" content=\"https:\/\/www.franchise.biz\/wp-content\/uploads\/2020\/04\/Photo-LPS.jpg\" \/>\n<meta name=\"twitter:site\" content=\"@FBizOfficial\" \/>\n<meta name=\"twitter:label1\" content=\"Dur\u00e9e de lecture estim\u00e9e\" \/>\n\t<meta name=\"twitter:data1\" content=\"1 minute\" \/>\n<script type=\"application\/ld+json\" class=\"yoast-schema-graph\">{\"@context\":\"https:\/\/schema.org\",\"@graph\":[{\"@type\":\"WebPage\",\"@id\":\"https:\/\/www.franchise.biz\/fr\/a-propos\/laurent-perry-spencer\/\",\"url\":\"https:\/\/www.franchise.biz\/fr\/a-propos\/laurent-perry-spencer\/\",\"name\":\"L'Equipe FranchiseBiz - Laurent Perry-Spencer\",\"isPartOf\":{\"@id\":\"https:\/\/www.franchise.biz\/fr\/#website\"},\"primaryImageOfPage\":{\"@id\":\"https:\/\/www.franchise.biz\/fr\/a-propos\/laurent-perry-spencer\/#primaryimage\"},\"image\":{\"@id\":\"https:\/\/www.franchise.biz\/fr\/a-propos\/laurent-perry-spencer\/#primaryimage\"},\"thumbnailUrl\":\"https:\/\/www.franchise.biz\/wp-content\/uploads\/2026\/01\/LAPE_2_FRANCHISEBIZ.jpg\",\"datePublished\":\"2021-08-31T18:10:12+00:00\",\"dateModified\":\"2026-01-28T16:11:49+00:00\",\"description\":\"Dipl\u00f4m\u00e9 de l\u2019ESC Amiens (France) et de l\u2019Universidad Politecnica de Valencia (Espagne), Laurent a d\u00e9but\u00e9 sa carri\u00e8re comme contr\u00f4leur de gestion au sein des groupes Yves-Rocher et Altice (SFR) \u00e0 Paris, puis comme responsable financier chez Avanquest Software.\",\"breadcrumb\":{\"@id\":\"https:\/\/www.franchise.biz\/fr\/a-propos\/laurent-perry-spencer\/#breadcrumb\"},\"inLanguage\":\"fr-FR\",\"potentialAction\":[{\"@type\":\"ReadAction\",\"target\":[\"https:\/\/www.franchise.biz\/fr\/a-propos\/laurent-perry-spencer\/\"]}]},{\"@type\":\"ImageObject\",\"inLanguage\":\"fr-FR\",\"@id\":\"https:\/\/www.franchise.biz\/fr\/a-propos\/laurent-perry-spencer\/#primaryimage\",\"url\":\"https:\/\/www.franchise.biz\/wp-content\/uploads\/2026\/01\/LAPE_2_FRANCHISEBIZ.jpg\",\"contentUrl\":\"https:\/\/www.franchise.biz\/wp-content\/uploads\/2026\/01\/LAPE_2_FRANCHISEBIZ.jpg\",\"width\":800,\"height\":800,\"caption\":\"Laurent Perry-Spencer\"},{\"@type\":\"BreadcrumbList\",\"@id\":\"https:\/\/www.franchise.biz\/fr\/a-propos\/laurent-perry-spencer\/#breadcrumb\",\"itemListElement\":[{\"@type\":\"ListItem\",\"position\":1,\"name\":\"Accueil\",\"item\":\"https:\/\/www.franchise.biz\/fr\/\"},{\"@type\":\"ListItem\",\"position\":2,\"name\":\"\u00c0 propos\",\"item\":\"https:\/\/www.franchise.biz\/fr\/a-propos\/\"},{\"@type\":\"ListItem\",\"position\":3,\"name\":\"Team Profile Laurent Perry-Spencer\"}]},{\"@type\":\"WebSite\",\"@id\":\"https:\/\/www.franchise.biz\/fr\/#website\",\"url\":\"https:\/\/www.franchise.biz\/fr\/\",\"name\":\"FranchiseBiz\",\"description\":\"Empowering Franchise Growth Globally\",\"publisher\":{\"@id\":\"https:\/\/www.franchise.biz\/fr\/#organization\"},\"potentialAction\":[{\"@type\":\"SearchAction\",\"target\":{\"@type\":\"EntryPoint\",\"urlTemplate\":\"https:\/\/www.franchise.biz\/fr\/?s={search_term_string}\"},\"query-input\":{\"@type\":\"PropertyValueSpecification\",\"valueRequired\":true,\"valueName\":\"search_term_string\"}}],\"inLanguage\":\"fr-FR\"},{\"@type\":\"Organization\",\"@id\":\"https:\/\/www.franchise.biz\/fr\/#organization\",\"name\":\"FranchiseBiz\",\"url\":\"https:\/\/www.franchise.biz\/fr\/\",\"logo\":{\"@type\":\"ImageObject\",\"inLanguage\":\"fr-FR\",\"@id\":\"https:\/\/www.franchise.biz\/fr\/#\/schema\/logo\/image\/\",\"url\":\"https:\/\/www.franchise.biz\/wp-content\/uploads\/2021\/05\/logo.png\",\"contentUrl\":\"https:\/\/www.franchise.biz\/wp-content\/uploads\/2021\/05\/logo.png\",\"width\":1000,\"height\":1000,\"caption\":\"FranchiseBiz\"},\"image\":{\"@id\":\"https:\/\/www.franchise.biz\/fr\/#\/schema\/logo\/image\/\"},\"sameAs\":[\"https:\/\/x.com\/FBizOfficial\",\"https:\/\/www.linkedin.com\/company\/franchisebiz\/\"]}]}<\/script>\n<!-- \/ Yoast SEO plugin. -->","yoast_head_json":{"title":"L'Equipe FranchiseBiz - Laurent Perry-Spencer","description":"Dipl\u00f4m\u00e9 de l\u2019ESC Amiens (France) et de l\u2019Universidad Politecnica de Valencia (Espagne), Laurent a d\u00e9but\u00e9 sa carri\u00e8re comme contr\u00f4leur de gestion au sein des groupes Yves-Rocher et Altice (SFR) \u00e0 Paris, puis comme responsable financier chez Avanquest Software.","robots":{"index":"index","follow":"follow","max-snippet":"max-snippet:-1","max-image-preview":"max-image-preview:large","max-video-preview":"max-video-preview:-1"},"canonical":"https:\/\/www.franchise.biz\/fr\/a-propos\/laurent-perry-spencer\/","og_locale":"fr_FR","og_type":"article","og_title":"L'Equipe FranchiseBiz - Laurent Perry-Spencer","og_description":"Dipl\u00f4m\u00e9 de l\u2019ESC Amiens (France) et de l\u2019Universidad Politecnica de Valencia (Espagne), Laurent a d\u00e9but\u00e9 sa carri\u00e8re comme contr\u00f4leur de gestion au sein des groupes Yves-Rocher et Altice (SFR) \u00e0 Paris, puis comme responsable financier chez Avanquest Software.","og_url":"https:\/\/www.franchise.biz\/fr\/a-propos\/laurent-perry-spencer\/","og_site_name":"FranchiseBiz","article_modified_time":"2026-01-28T16:11:49+00:00","og_image":[{"width":1543,"height":1600,"url":"https:\/\/www.franchise.biz\/wp-content\/uploads\/2020\/04\/Photo-LPS.jpg","type":"image\/jpeg"}],"twitter_card":"summary_large_image","twitter_title":"L'Equipe FranchiseBiz - Laurent Perry-Spencer","twitter_description":"Dipl\u00f4m\u00e9 de l\u2019ESC Amiens (France) et de l\u2019Universidad Politecnica de Valencia (Espagne), Laurent a d\u00e9but\u00e9 sa carri\u00e8re comme contr\u00f4leur de gestion au sein des groupes Yves-Rocher et Altice (SFR) \u00e0 Paris, puis comme responsable financier chez Avanquest Software.","twitter_image":"https:\/\/www.franchise.biz\/wp-content\/uploads\/2020\/04\/Photo-LPS.jpg","twitter_site":"@FBizOfficial","twitter_misc":{"Dur\u00e9e de lecture estim\u00e9e":"1 minute"},"schema":{"@context":"https:\/\/schema.org","@graph":[{"@type":"WebPage","@id":"https:\/\/www.franchise.biz\/fr\/a-propos\/laurent-perry-spencer\/","url":"https:\/\/www.franchise.biz\/fr\/a-propos\/laurent-perry-spencer\/","name":"L'Equipe FranchiseBiz - Laurent Perry-Spencer","isPartOf":{"@id":"https:\/\/www.franchise.biz\/fr\/#website"},"primaryImageOfPage":{"@id":"https:\/\/www.franchise.biz\/fr\/a-propos\/laurent-perry-spencer\/#primaryimage"},"image":{"@id":"https:\/\/www.franchise.biz\/fr\/a-propos\/laurent-perry-spencer\/#primaryimage"},"thumbnailUrl":"https:\/\/www.franchise.biz\/wp-content\/uploads\/2026\/01\/LAPE_2_FRANCHISEBIZ.jpg","datePublished":"2021-08-31T18:10:12+00:00","dateModified":"2026-01-28T16:11:49+00:00","description":"Dipl\u00f4m\u00e9 de l\u2019ESC Amiens (France) et de l\u2019Universidad Politecnica de Valencia (Espagne), Laurent a d\u00e9but\u00e9 sa carri\u00e8re comme contr\u00f4leur de gestion au sein des groupes Yves-Rocher et Altice (SFR) \u00e0 Paris, puis comme responsable financier chez Avanquest Software.","breadcrumb":{"@id":"https:\/\/www.franchise.biz\/fr\/a-propos\/laurent-perry-spencer\/#breadcrumb"},"inLanguage":"fr-FR","potentialAction":[{"@type":"ReadAction","target":["https:\/\/www.franchise.biz\/fr\/a-propos\/laurent-perry-spencer\/"]}]},{"@type":"ImageObject","inLanguage":"fr-FR","@id":"https:\/\/www.franchise.biz\/fr\/a-propos\/laurent-perry-spencer\/#primaryimage","url":"https:\/\/www.franchise.biz\/wp-content\/uploads\/2026\/01\/LAPE_2_FRANCHISEBIZ.jpg","contentUrl":"https:\/\/www.franchise.biz\/wp-content\/uploads\/2026\/01\/LAPE_2_FRANCHISEBIZ.jpg","width":800,"height":800,"caption":"Laurent Perry-Spencer"},{"@type":"BreadcrumbList","@id":"https:\/\/www.franchise.biz\/fr\/a-propos\/laurent-perry-spencer\/#breadcrumb","itemListElement":[{"@type":"ListItem","position":1,"name":"Accueil","item":"https:\/\/www.franchise.biz\/fr\/"},{"@type":"ListItem","position":2,"name":"\u00c0 propos","item":"https:\/\/www.franchise.biz\/fr\/a-propos\/"},{"@type":"ListItem","position":3,"name":"Team Profile Laurent Perry-Spencer"}]},{"@type":"WebSite","@id":"https:\/\/www.franchise.biz\/fr\/#website","url":"https:\/\/www.franchise.biz\/fr\/","name":"FranchiseBiz","description":"Empowering Franchise Growth Globally","publisher":{"@id":"https:\/\/www.franchise.biz\/fr\/#organization"},"potentialAction":[{"@type":"SearchAction","target":{"@type":"EntryPoint","urlTemplate":"https:\/\/www.franchise.biz\/fr\/?s={search_term_string}"},"query-input":{"@type":"PropertyValueSpecification","valueRequired":true,"valueName":"search_term_string"}}],"inLanguage":"fr-FR"},{"@type":"Organization","@id":"https:\/\/www.franchise.biz\/fr\/#organization","name":"FranchiseBiz","url":"https:\/\/www.franchise.biz\/fr\/","logo":{"@type":"ImageObject","inLanguage":"fr-FR","@id":"https:\/\/www.franchise.biz\/fr\/#\/schema\/logo\/image\/","url":"https:\/\/www.franchise.biz\/wp-content\/uploads\/2021\/05\/logo.png","contentUrl":"https:\/\/www.franchise.biz\/wp-content\/uploads\/2021\/05\/logo.png","width":1000,"height":1000,"caption":"FranchiseBiz"},"image":{"@id":"https:\/\/www.franchise.biz\/fr\/#\/schema\/logo\/image\/"},"sameAs":["https:\/\/x.com\/FBizOfficial","https:\/\/www.linkedin.com\/company\/franchisebiz\/"]}]}},"_links":{"self":[{"href":"https:\/\/www.franchise.biz\/fr\/wp-json\/wp\/v2\/pages\/3282"}],"collection":[{"href":"https:\/\/www.franchise.biz\/fr\/wp-json\/wp\/v2\/pages"}],"about":[{"href":"https:\/\/www.franchise.biz\/fr\/wp-json\/wp\/v2\/types\/page"}],"author":[{"embeddable":true,"href":"https:\/\/www.franchise.biz\/fr\/wp-json\/wp\/v2\/users\/2"}],"replies":[{"embeddable":true,"href":"https:\/\/www.franchise.biz\/fr\/wp-json\/wp\/v2\/comments?post=3282"}],"version-history":[{"count":8,"href":"https:\/\/www.franchise.biz\/fr\/wp-json\/wp\/v2\/pages\/3282\/revisions"}],"predecessor-version":[{"id":10839,"href":"https:\/\/www.franchise.biz\/fr\/wp-json\/wp\/v2\/pages\/3282\/revisions\/10839"}],"up":[{"embeddable":true,"href":"https:\/\/www.franchise.biz\/fr\/wp-json\/wp\/v2\/pages\/3265"}],"wp:featuredmedia":[{"embeddable":true,"href":"https:\/\/www.franchise.biz\/fr\/wp-json\/wp\/v2\/media\/10713"}],"wp:attachment":[{"href":"https:\/\/www.franchise.biz\/fr\/wp-json\/wp\/v2\/media?parent=3282"}],"curies":[{"name":"wp","href":"https:\/\/api.w.org\/{rel}","templated":true}]}}