{"id":3311,"date":"2020-07-06T10:50:39","date_gmt":"2020-07-06T08:50:39","guid":{"rendered":"https:\/\/franchise-biz.pre-prod.fr\/boconcept-franchise\/boconcept-apply-now\/"},"modified":"2025-02-12T13:58:31","modified_gmt":"2025-02-12T12:58:31","slug":"boconcept-devenez-franchise","status":"publish","type":"page","link":"https:\/\/www.franchise.biz\/fr\/boconcept-franchise\/boconcept-devenez-franchise\/","title":{"rendered":"Devenez Franchis\u00e9 BoConcept"},"content":{"rendered":"<div class=\"wpb-content-wrapper\"><p>[vc_row css=\u00a0\u00bb.vc_custom_1589820393947{padding-top: 60px !important;}\u00a0\u00bb][vc_column]<div class=\"aio-icon-component    style_1\"><a class=\"aio-icon-box-link\" href=\"https:\/\/www.franchise.biz\/fr\/boconcept-franchise\/\" title=\"Franchise BoConcept\" ><div id=\"Info-box-wrap-6018\" class=\"aio-icon-box square_box-icon\" style=\"\"  ><div class=\"aio-icon-square_box\"><div class=\"ult-just-icon-wrapper  \"><div class=\"align-icon\" style=\"text-align:center;\">\n<div class=\"aio-icon-img \" style=\"font-size:200px;display:inline-block;\" >\n\t<img decoding=\"async\" class=\"img-icon\" alt=\"null\" src=\"https:\/\/www.franchise.biz\/wp-content\/uploads\/2021\/10\/BoConcept-Franchise.png\"\/>\n<\/div><\/div><\/div><\/div><\/div> <!-- aio-icon-box --><\/a><\/div> <!-- aio-icon-component -->[\/vc_column][\/vc_row][vc_row css=\u00a0\u00bb.vc_custom_1641810234332{padding-top: 30px !important;background-color: #f7f7f7 !important;}\u00a0\u00bb el_id=\u00a0\u00bbform\u00a0\u00bb][vc_column]<div id=\"ultimate-heading-745369f720c081b0e\" class=\"uvc-heading ult-adjust-bottom-margin ultimate-heading-745369f720c081b0e uvc-591 accent-border-color\" data-hspacer=\"no_spacer\"  data-halign=\"center\" style=\"text-align:center\"><div class=\"uvc-heading-spacer no_spacer\" style=\"top\"><\/div><div class=\"uvc-main-heading ult-responsive\"  data-ultimate-target='.uvc-heading.ultimate-heading-745369f720c081b0e h2'  data-responsive-json-new='{\"font-size\":\"desktop:30px;\",\"line-height\":\"desktop:38px;\"}' ><h2 style=\"font-weight:normal;color:#e54326;\">Devenez Franchis\u00e9 BoConcept<\/h2><\/div><div class=\"uvc-sub-heading ult-responsive\"  data-ultimate-target='.uvc-heading.ultimate-heading-745369f720c081b0e .uvc-sub-heading '  data-responsive-json-new='{\"font-size\":\"\",\"line-height\":\"\"}'  style=\"font-weight:normal;\"><\/p>\n<h4 style=\"text-align: center;\"><span style=\"font-size: 12pt;\">Compl\u00e9tez le formulaire et d\u00e9couvrez les opportunit\u00e9s propos\u00e9es par BoConcept !<\/span><\/h4>\n<p><\/div><\/div>[vc_column_text]<iframe style=\"height: 1350px; width: 99%; border: none;\" src=\"https:\/\/forms.zohopublic.eu\/FranchiseBiz\/form\/FormulairedecandidatureBoConcept\/formperma\/Zd3t-kRb70odJj9meFG9gNGkctbNL6AEDwMgs327QlI\" frameborder=\"0\"><\/iframe>[\/vc_column_text][\/vc_column][\/vc_row][vc_row][vc_column][vc_empty_space height=\u00a0\u00bb75px\u00a0\u00bb][\/vc_column][\/vc_row]<\/p>\n<\/div>","protected":false},"excerpt":{"rendered":"<p>[vc_row css=\u00a0\u00bb.vc_custom_1589820393947{padding-top: 60px !important;}\u00a0\u00bb][vc_column][\/vc_column][\/vc_row][vc_row css=\u00a0\u00bb.vc_custom_1641810234332{padding-top: 30px !important;background-color: #f7f7f7 !important;}\u00a0\u00bb el_id=\u00a0\u00bbform\u00a0\u00bb][vc_column][vc_column_text][\/vc_column_text][\/vc_column][\/vc_row][vc_row][vc_column][vc_empty_space height=\u00a0\u00bb75px\u00a0\u00bb][\/vc_column][\/vc_row]<\/p>\n","protected":false},"author":2,"featured_media":10168,"parent":3309,"menu_order":0,"comment_status":"closed","ping_status":"closed","template":"template-microsite.php","meta":{"inline_featured_image":false,"footnotes":""},"class_list":["post-3311","page","type-page","status-publish","has-post-thumbnail","hentry","description-off"],"yoast_head":"<!-- This site is optimized with the Yoast SEO plugin v25.5 - https:\/\/yoast.com\/wordpress\/plugins\/seo\/ -->\n<title>Franchise BoConcept | Lancez Votre Projet<\/title>\n<meta name=\"description\" content=\"Postulez d\u00e8s maintenant pour la franchise BoConcept. Profitez d\u2019un concept \u00e9prouv\u00e9 et d\u2019une marque de renomm\u00e9e mondiale pour r\u00e9ussir.\" \/>\n<meta name=\"robots\" content=\"index, follow, max-snippet:-1, max-image-preview:large, max-video-preview:-1\" \/>\n<link rel=\"canonical\" href=\"https:\/\/www.franchise.biz\/fr\/boconcept-franchise\/boconcept-devenez-franchise\/\" \/>\n<meta property=\"og:locale\" content=\"fr_FR\" \/>\n<meta property=\"og:type\" content=\"article\" \/>\n<meta property=\"og:title\" content=\"Franchise BoConcept | Lancez Votre Projet\" \/>\n<meta property=\"og:description\" content=\"Postulez d\u00e8s maintenant pour la franchise BoConcept. Profitez d\u2019un concept \u00e9prouv\u00e9 et d\u2019une marque de renomm\u00e9e mondiale pour r\u00e9ussir.\" \/>\n<meta property=\"og:url\" content=\"https:\/\/www.franchise.biz\/fr\/boconcept-franchise\/boconcept-devenez-franchise\/\" \/>\n<meta property=\"og:site_name\" content=\"FranchiseBiz\" \/>\n<meta property=\"article:modified_time\" content=\"2025-02-12T12:58:31+00:00\" \/>\n<meta property=\"og:image\" content=\"https:\/\/www.franchise.biz\/wp-content\/uploads\/2025\/02\/BoConcept-India.jpg\" \/>\n\t<meta property=\"og:image:width\" content=\"1333\" \/>\n\t<meta property=\"og:image:height\" content=\"750\" \/>\n\t<meta property=\"og:image:type\" content=\"image\/jpeg\" \/>\n<meta name=\"twitter:card\" content=\"summary_large_image\" \/>\n<meta name=\"twitter:title\" content=\"Franchise BoConcept | Lancez Votre Projet\" \/>\n<meta name=\"twitter:description\" content=\"Postulez d\u00e8s maintenant pour la franchise BoConcept. Profitez d\u2019un concept \u00e9prouv\u00e9 et d\u2019une marque de renomm\u00e9e mondiale pour r\u00e9ussir.\" \/>\n<meta name=\"twitter:image\" content=\"https:\/\/www.franchise.biz\/wp-content\/uploads\/2025\/02\/BoConcept-India.jpg\" \/>\n<meta name=\"twitter:site\" content=\"@FBizOfficial\" \/>\n<meta name=\"twitter:label1\" content=\"Dur\u00e9e de lecture estim\u00e9e\" \/>\n\t<meta name=\"twitter:data1\" content=\"1 minute\" \/>\n<script type=\"application\/ld+json\" class=\"yoast-schema-graph\">{\"@context\":\"https:\/\/schema.org\",\"@graph\":[{\"@type\":\"WebPage\",\"@id\":\"https:\/\/www.franchise.biz\/fr\/boconcept-franchise\/boconcept-devenez-franchise\/\",\"url\":\"https:\/\/www.franchise.biz\/fr\/boconcept-franchise\/boconcept-devenez-franchise\/\",\"name\":\"Franchise BoConcept | Lancez Votre Projet\",\"isPartOf\":{\"@id\":\"https:\/\/www.franchise.biz\/fr\/#website\"},\"primaryImageOfPage\":{\"@id\":\"https:\/\/www.franchise.biz\/fr\/boconcept-franchise\/boconcept-devenez-franchise\/#primaryimage\"},\"image\":{\"@id\":\"https:\/\/www.franchise.biz\/fr\/boconcept-franchise\/boconcept-devenez-franchise\/#primaryimage\"},\"thumbnailUrl\":\"https:\/\/www.franchise.biz\/wp-content\/uploads\/2025\/02\/BoConcept-India.jpg\",\"datePublished\":\"2020-07-06T08:50:39+00:00\",\"dateModified\":\"2025-02-12T12:58:31+00:00\",\"description\":\"Postulez d\u00e8s maintenant pour la franchise BoConcept. Profitez d\u2019un concept \u00e9prouv\u00e9 et d\u2019une marque de renomm\u00e9e mondiale pour r\u00e9ussir.\",\"breadcrumb\":{\"@id\":\"https:\/\/www.franchise.biz\/fr\/boconcept-franchise\/boconcept-devenez-franchise\/#breadcrumb\"},\"inLanguage\":\"fr-FR\",\"potentialAction\":[{\"@type\":\"ReadAction\",\"target\":[\"https:\/\/www.franchise.biz\/fr\/boconcept-franchise\/boconcept-devenez-franchise\/\"]}]},{\"@type\":\"ImageObject\",\"inLanguage\":\"fr-FR\",\"@id\":\"https:\/\/www.franchise.biz\/fr\/boconcept-franchise\/boconcept-devenez-franchise\/#primaryimage\",\"url\":\"https:\/\/www.franchise.biz\/wp-content\/uploads\/2025\/02\/BoConcept-India.jpg\",\"contentUrl\":\"https:\/\/www.franchise.biz\/wp-content\/uploads\/2025\/02\/BoConcept-India.jpg\",\"width\":1333,\"height\":750},{\"@type\":\"BreadcrumbList\",\"@id\":\"https:\/\/www.franchise.biz\/fr\/boconcept-franchise\/boconcept-devenez-franchise\/#breadcrumb\",\"itemListElement\":[{\"@type\":\"ListItem\",\"position\":1,\"name\":\"Accueil\",\"item\":\"https:\/\/www.franchise.biz\/fr\/\"},{\"@type\":\"ListItem\",\"position\":2,\"name\":\"Franchise BoConcept\",\"item\":\"https:\/\/www.franchise.biz\/fr\/boconcept-franchise\/\"},{\"@type\":\"ListItem\",\"position\":3,\"name\":\"Devenez Franchis\u00e9 BoConcept\"}]},{\"@type\":\"WebSite\",\"@id\":\"https:\/\/www.franchise.biz\/fr\/#website\",\"url\":\"https:\/\/www.franchise.biz\/fr\/\",\"name\":\"FranchiseBiz\",\"description\":\"Empowering Franchise Growth Globally\",\"publisher\":{\"@id\":\"https:\/\/www.franchise.biz\/fr\/#organization\"},\"potentialAction\":[{\"@type\":\"SearchAction\",\"target\":{\"@type\":\"EntryPoint\",\"urlTemplate\":\"https:\/\/www.franchise.biz\/fr\/?s={search_term_string}\"},\"query-input\":{\"@type\":\"PropertyValueSpecification\",\"valueRequired\":true,\"valueName\":\"search_term_string\"}}],\"inLanguage\":\"fr-FR\"},{\"@type\":\"Organization\",\"@id\":\"https:\/\/www.franchise.biz\/fr\/#organization\",\"name\":\"FranchiseBiz\",\"url\":\"https:\/\/www.franchise.biz\/fr\/\",\"logo\":{\"@type\":\"ImageObject\",\"inLanguage\":\"fr-FR\",\"@id\":\"https:\/\/www.franchise.biz\/fr\/#\/schema\/logo\/image\/\",\"url\":\"https:\/\/www.franchise.biz\/wp-content\/uploads\/2021\/05\/logo.png\",\"contentUrl\":\"https:\/\/www.franchise.biz\/wp-content\/uploads\/2021\/05\/logo.png\",\"width\":1000,\"height\":1000,\"caption\":\"FranchiseBiz\"},\"image\":{\"@id\":\"https:\/\/www.franchise.biz\/fr\/#\/schema\/logo\/image\/\"},\"sameAs\":[\"https:\/\/x.com\/FBizOfficial\",\"https:\/\/www.linkedin.com\/company\/franchisebiz\/\"]}]}<\/script>\n<!-- \/ Yoast SEO plugin. -->","yoast_head_json":{"title":"Franchise BoConcept | Lancez Votre Projet","description":"Postulez d\u00e8s maintenant pour la franchise BoConcept. Profitez d\u2019un concept \u00e9prouv\u00e9 et d\u2019une marque de renomm\u00e9e mondiale pour r\u00e9ussir.","robots":{"index":"index","follow":"follow","max-snippet":"max-snippet:-1","max-image-preview":"max-image-preview:large","max-video-preview":"max-video-preview:-1"},"canonical":"https:\/\/www.franchise.biz\/fr\/boconcept-franchise\/boconcept-devenez-franchise\/","og_locale":"fr_FR","og_type":"article","og_title":"Franchise BoConcept | Lancez Votre Projet","og_description":"Postulez d\u00e8s maintenant pour la franchise BoConcept. Profitez d\u2019un concept \u00e9prouv\u00e9 et d\u2019une marque de renomm\u00e9e mondiale pour r\u00e9ussir.","og_url":"https:\/\/www.franchise.biz\/fr\/boconcept-franchise\/boconcept-devenez-franchise\/","og_site_name":"FranchiseBiz","article_modified_time":"2025-02-12T12:58:31+00:00","og_image":[{"width":1333,"height":750,"url":"https:\/\/www.franchise.biz\/wp-content\/uploads\/2025\/02\/BoConcept-India.jpg","type":"image\/jpeg"}],"twitter_card":"summary_large_image","twitter_title":"Franchise BoConcept | Lancez Votre Projet","twitter_description":"Postulez d\u00e8s maintenant pour la franchise BoConcept. Profitez d\u2019un concept \u00e9prouv\u00e9 et d\u2019une marque de renomm\u00e9e mondiale pour r\u00e9ussir.","twitter_image":"https:\/\/www.franchise.biz\/wp-content\/uploads\/2025\/02\/BoConcept-India.jpg","twitter_site":"@FBizOfficial","twitter_misc":{"Dur\u00e9e de lecture estim\u00e9e":"1 minute"},"schema":{"@context":"https:\/\/schema.org","@graph":[{"@type":"WebPage","@id":"https:\/\/www.franchise.biz\/fr\/boconcept-franchise\/boconcept-devenez-franchise\/","url":"https:\/\/www.franchise.biz\/fr\/boconcept-franchise\/boconcept-devenez-franchise\/","name":"Franchise BoConcept | Lancez Votre Projet","isPartOf":{"@id":"https:\/\/www.franchise.biz\/fr\/#website"},"primaryImageOfPage":{"@id":"https:\/\/www.franchise.biz\/fr\/boconcept-franchise\/boconcept-devenez-franchise\/#primaryimage"},"image":{"@id":"https:\/\/www.franchise.biz\/fr\/boconcept-franchise\/boconcept-devenez-franchise\/#primaryimage"},"thumbnailUrl":"https:\/\/www.franchise.biz\/wp-content\/uploads\/2025\/02\/BoConcept-India.jpg","datePublished":"2020-07-06T08:50:39+00:00","dateModified":"2025-02-12T12:58:31+00:00","description":"Postulez d\u00e8s maintenant pour la franchise BoConcept. Profitez d\u2019un concept \u00e9prouv\u00e9 et d\u2019une marque de renomm\u00e9e mondiale pour r\u00e9ussir.","breadcrumb":{"@id":"https:\/\/www.franchise.biz\/fr\/boconcept-franchise\/boconcept-devenez-franchise\/#breadcrumb"},"inLanguage":"fr-FR","potentialAction":[{"@type":"ReadAction","target":["https:\/\/www.franchise.biz\/fr\/boconcept-franchise\/boconcept-devenez-franchise\/"]}]},{"@type":"ImageObject","inLanguage":"fr-FR","@id":"https:\/\/www.franchise.biz\/fr\/boconcept-franchise\/boconcept-devenez-franchise\/#primaryimage","url":"https:\/\/www.franchise.biz\/wp-content\/uploads\/2025\/02\/BoConcept-India.jpg","contentUrl":"https:\/\/www.franchise.biz\/wp-content\/uploads\/2025\/02\/BoConcept-India.jpg","width":1333,"height":750},{"@type":"BreadcrumbList","@id":"https:\/\/www.franchise.biz\/fr\/boconcept-franchise\/boconcept-devenez-franchise\/#breadcrumb","itemListElement":[{"@type":"ListItem","position":1,"name":"Accueil","item":"https:\/\/www.franchise.biz\/fr\/"},{"@type":"ListItem","position":2,"name":"Franchise BoConcept","item":"https:\/\/www.franchise.biz\/fr\/boconcept-franchise\/"},{"@type":"ListItem","position":3,"name":"Devenez Franchis\u00e9 BoConcept"}]},{"@type":"WebSite","@id":"https:\/\/www.franchise.biz\/fr\/#website","url":"https:\/\/www.franchise.biz\/fr\/","name":"FranchiseBiz","description":"Empowering Franchise Growth Globally","publisher":{"@id":"https:\/\/www.franchise.biz\/fr\/#organization"},"potentialAction":[{"@type":"SearchAction","target":{"@type":"EntryPoint","urlTemplate":"https:\/\/www.franchise.biz\/fr\/?s={search_term_string}"},"query-input":{"@type":"PropertyValueSpecification","valueRequired":true,"valueName":"search_term_string"}}],"inLanguage":"fr-FR"},{"@type":"Organization","@id":"https:\/\/www.franchise.biz\/fr\/#organization","name":"FranchiseBiz","url":"https:\/\/www.franchise.biz\/fr\/","logo":{"@type":"ImageObject","inLanguage":"fr-FR","@id":"https:\/\/www.franchise.biz\/fr\/#\/schema\/logo\/image\/","url":"https:\/\/www.franchise.biz\/wp-content\/uploads\/2021\/05\/logo.png","contentUrl":"https:\/\/www.franchise.biz\/wp-content\/uploads\/2021\/05\/logo.png","width":1000,"height":1000,"caption":"FranchiseBiz"},"image":{"@id":"https:\/\/www.franchise.biz\/fr\/#\/schema\/logo\/image\/"},"sameAs":["https:\/\/x.com\/FBizOfficial","https:\/\/www.linkedin.com\/company\/franchisebiz\/"]}]}},"_links":{"self":[{"href":"https:\/\/www.franchise.biz\/fr\/wp-json\/wp\/v2\/pages\/3311"}],"collection":[{"href":"https:\/\/www.franchise.biz\/fr\/wp-json\/wp\/v2\/pages"}],"about":[{"href":"https:\/\/www.franchise.biz\/fr\/wp-json\/wp\/v2\/types\/page"}],"author":[{"embeddable":true,"href":"https:\/\/www.franchise.biz\/fr\/wp-json\/wp\/v2\/users\/2"}],"replies":[{"embeddable":true,"href":"https:\/\/www.franchise.biz\/fr\/wp-json\/wp\/v2\/comments?post=3311"}],"version-history":[{"count":10,"href":"https:\/\/www.franchise.biz\/fr\/wp-json\/wp\/v2\/pages\/3311\/revisions"}],"predecessor-version":[{"id":8843,"href":"https:\/\/www.franchise.biz\/fr\/wp-json\/wp\/v2\/pages\/3311\/revisions\/8843"}],"up":[{"embeddable":true,"href":"https:\/\/www.franchise.biz\/fr\/wp-json\/wp\/v2\/pages\/3309"}],"wp:featuredmedia":[{"embeddable":true,"href":"https:\/\/www.franchise.biz\/fr\/wp-json\/wp\/v2\/media\/10168"}],"wp:attachment":[{"href":"https:\/\/www.franchise.biz\/fr\/wp-json\/wp\/v2\/media?parent=3311"}],"curies":[{"name":"wp","href":"https:\/\/api.w.org\/{rel}","templated":true}]}}