{"id":3315,"date":"2021-01-21T13:51:08","date_gmt":"2021-01-21T12:51:08","guid":{"rendered":"https:\/\/franchise-biz.pre-prod.fr\/fitnesspark-master-franchise\/fitnesspark-apply-now\/"},"modified":"2023-09-30T08:46:41","modified_gmt":"2023-09-30T06:46:41","slug":"fitnesspark-devenez-franchise","status":"publish","type":"page","link":"https:\/\/www.franchise.biz\/fr\/fitnesspark-master-franchise\/fitnesspark-devenez-franchise\/","title":{"rendered":"Devenez Master Franchis\u00e9 Fitness Park"},"content":{"rendered":"<div class=\"wpb-content-wrapper\"><p>[vc_row css=\u00a0\u00bb.vc_custom_1589820393947{padding-top: 60px !important;}\u00a0\u00bb][vc_column]<div class=\"aio-icon-component    style_1\"><a class=\"aio-icon-box-link\" href=\"https:\/\/www.franchise.biz\/fr\/fitnesspark-master-franchise\/\" title=\"Master Franchise Fitness Park\" ><div id=\"Info-box-wrap-7247\" class=\"aio-icon-box square_box-icon\" style=\"\"  ><div class=\"aio-icon-square_box\"><div class=\"ult-just-icon-wrapper  \"><div class=\"align-icon\" style=\"text-align:center;\">\n<div class=\"aio-icon-img \" style=\"font-size:250px;display:inline-block;\" >\n\t<img decoding=\"async\" class=\"img-icon\" alt=\"null\" src=\"https:\/\/www.franchise.biz\/wp-content\/uploads\/2021\/10\/Fitness-Park-Franchise-logo-3.png\"\/>\n<\/div><\/div><\/div><\/div><\/div> <!-- aio-icon-box --><\/a><\/div> <!-- aio-icon-component -->[\/vc_column][\/vc_row][vc_row css=\u00a0\u00bb.vc_custom_1641814790720{padding-top: 30px !important;background-color: #f7f7f7 !important;}\u00a0\u00bb el_id=\u00a0\u00bbform\u00a0\u00bb][vc_column]<div id=\"ultimate-heading-216869f49d06e200d\" class=\"uvc-heading ult-adjust-bottom-margin ultimate-heading-216869f49d06e200d uvc-5192 accent-border-color\" data-hspacer=\"no_spacer\"  data-halign=\"center\" style=\"text-align:center\"><div class=\"uvc-heading-spacer no_spacer\" style=\"top\"><\/div><div class=\"uvc-main-heading ult-responsive\"  data-ultimate-target='.uvc-heading.ultimate-heading-216869f49d06e200d h2'  data-responsive-json-new='{\"font-size\":\"desktop:30px;\",\"line-height\":\"desktop:38px;\"}' ><h2 style=\"font-weight:normal;color:#e54326;\">Devenez Master Franchis\u00e9 Fitness Park<\/h2><\/div><div class=\"uvc-sub-heading ult-responsive\"  data-ultimate-target='.uvc-heading.ultimate-heading-216869f49d06e200d .uvc-sub-heading '  data-responsive-json-new='{\"font-size\":\"\",\"line-height\":\"\"}'  style=\"font-weight:normal;\"><\/p>\n<div id=\"ultimate-heading-62296165a96391e3b\" class=\"uvc-heading ult-adjust-bottom-margin ultimate-heading-62296165a96391e3b uvc-7115 accent-border-color\" data-hspacer=\"no_spacer\" data-halign=\"left\">\n<div class=\"uvc-sub-heading ult-responsive\" data-ultimate-target=\".uvc-heading.ultimate-heading-62296165a96391e3b .uvc-sub-heading \" data-responsive-json-new=\"{&quot;font-size&quot;:&quot;&quot;,&quot;line-height&quot;:&quot;&quot;}\">\n<h4 style=\"text-align: center;\"><span style=\"font-size: 12pt;\">Compl\u00e9tez le formulaire et d\u00e9couvrez les opportunit\u00e9s propos\u00e9es par Fitness Park !<\/span><\/h4>\n<p>&nbsp;<\/p>\n<\/div>\n<\/div>\n<div class=\"wpb_text_column wpb_content_element \">\n<div class=\"wpb_wrapper\"><\/div>\n<\/div>\n<p><\/div><\/div>[vc_column_text]<iframe style=\"height: 1250px; width: 99%; border: none;\" src=\"https:\/\/forms.zohopublic.eu\/FranchiseBiz\/form\/FormulairedecandidatureFitnessPark\/formperma\/9SutUfL1FdEYSoSqTFqCxr40kLhBbxNDaSNpj0FJISM\" frameborder=\"0\"><\/iframe>[\/vc_column_text][\/vc_column][\/vc_row][vc_row][vc_column][vc_empty_space height=\u00a0\u00bb75px\u00a0\u00bb][\/vc_column][\/vc_row]<\/p>\n<\/div>","protected":false},"excerpt":{"rendered":"<p>[vc_row css=\u00a0\u00bb.vc_custom_1589820393947{padding-top: 60px !important;}\u00a0\u00bb][vc_column][\/vc_column][\/vc_row][vc_row css=\u00a0\u00bb.vc_custom_1641814790720{padding-top: 30px !important;background-color: #f7f7f7 !important;}\u00a0\u00bb el_id=\u00a0\u00bbform\u00a0\u00bb][vc_column][vc_column_text][\/vc_column_text][\/vc_column][\/vc_row][vc_row][vc_column][vc_empty_space height=\u00a0\u00bb75px\u00a0\u00bb][\/vc_column][\/vc_row]<\/p>\n","protected":false},"author":2,"featured_media":10488,"parent":3313,"menu_order":0,"comment_status":"closed","ping_status":"closed","template":"template-microsite.php","meta":{"inline_featured_image":false,"footnotes":""},"class_list":["post-3315","page","type-page","status-publish","has-post-thumbnail","hentry","description-off"],"yoast_head":"<!-- This site is optimized with the Yoast SEO plugin v25.5 - https:\/\/yoast.com\/wordpress\/plugins\/seo\/ -->\n<title>Devenez Master Franchis\u00e9 Fitness Park<\/title>\n<meta name=\"description\" content=\"Fitness Park offre \u00e0 ses membres des \u00e9quipements sportifs de haute qualit\u00e9 en libre acc\u00e8s \u00e0 un prix tout \u00e0 fait abordable. Postulez d\u00e8s maintenant !\" \/>\n<meta name=\"robots\" content=\"index, follow, max-snippet:-1, max-image-preview:large, max-video-preview:-1\" \/>\n<link rel=\"canonical\" href=\"https:\/\/www.franchise.biz\/fr\/fitnesspark-master-franchise\/fitnesspark-devenez-franchise\/\" \/>\n<meta property=\"og:locale\" content=\"fr_FR\" \/>\n<meta property=\"og:type\" content=\"article\" \/>\n<meta property=\"og:title\" content=\"Devenez Master Franchis\u00e9 Fitness Park\" \/>\n<meta property=\"og:description\" content=\"Fitness Park offre \u00e0 ses membres des \u00e9quipements sportifs de haute qualit\u00e9 en libre acc\u00e8s \u00e0 un prix tout \u00e0 fait abordable. Postulez d\u00e8s maintenant !\" \/>\n<meta property=\"og:url\" content=\"https:\/\/www.franchise.biz\/fr\/fitnesspark-master-franchise\/fitnesspark-devenez-franchise\/\" \/>\n<meta property=\"og:site_name\" content=\"FranchiseBiz\" \/>\n<meta property=\"article:modified_time\" content=\"2023-09-30T06:46:41+00:00\" \/>\n<meta property=\"og:image\" content=\"https:\/\/www.franchise.biz\/wp-content\/uploads\/2021\/03\/35066_0001_f_1533331884.jpg\" \/>\n\t<meta property=\"og:image:width\" content=\"1600\" \/>\n\t<meta property=\"og:image:height\" content=\"1067\" \/>\n\t<meta property=\"og:image:type\" content=\"image\/jpeg\" \/>\n<meta name=\"twitter:card\" content=\"summary_large_image\" \/>\n<meta name=\"twitter:title\" content=\"Devenez Master Franchis\u00e9 Fitness Park\" \/>\n<meta name=\"twitter:description\" content=\"Fitness Park offre \u00e0 ses membres des \u00e9quipements sportifs de haute qualit\u00e9 en libre acc\u00e8s \u00e0 un prix tout \u00e0 fait abordable. Postulez d\u00e8s maintenant !\" \/>\n<meta name=\"twitter:image\" content=\"https:\/\/www.franchise.biz\/wp-content\/uploads\/2021\/03\/35066_0001_f_1533331884.jpg\" \/>\n<meta name=\"twitter:site\" content=\"@FBizOfficial\" \/>\n<meta name=\"twitter:label1\" content=\"Dur\u00e9e de lecture estim\u00e9e\" \/>\n\t<meta name=\"twitter:data1\" content=\"1 minute\" \/>\n<script type=\"application\/ld+json\" class=\"yoast-schema-graph\">{\"@context\":\"https:\/\/schema.org\",\"@graph\":[{\"@type\":\"WebPage\",\"@id\":\"https:\/\/www.franchise.biz\/fr\/fitnesspark-master-franchise\/fitnesspark-devenez-franchise\/\",\"url\":\"https:\/\/www.franchise.biz\/fr\/fitnesspark-master-franchise\/fitnesspark-devenez-franchise\/\",\"name\":\"Devenez Master Franchis\u00e9 Fitness Park\",\"isPartOf\":{\"@id\":\"https:\/\/www.franchise.biz\/fr\/#website\"},\"primaryImageOfPage\":{\"@id\":\"https:\/\/www.franchise.biz\/fr\/fitnesspark-master-franchise\/fitnesspark-devenez-franchise\/#primaryimage\"},\"image\":{\"@id\":\"https:\/\/www.franchise.biz\/fr\/fitnesspark-master-franchise\/fitnesspark-devenez-franchise\/#primaryimage\"},\"thumbnailUrl\":\"https:\/\/www.franchise.biz\/wp-content\/uploads\/2025\/11\/Go-NOw-.jpeg\",\"datePublished\":\"2021-01-21T12:51:08+00:00\",\"dateModified\":\"2023-09-30T06:46:41+00:00\",\"description\":\"Fitness Park offre \u00e0 ses membres des \u00e9quipements sportifs de haute qualit\u00e9 en libre acc\u00e8s \u00e0 un prix tout \u00e0 fait abordable. Postulez d\u00e8s maintenant !\",\"breadcrumb\":{\"@id\":\"https:\/\/www.franchise.biz\/fr\/fitnesspark-master-franchise\/fitnesspark-devenez-franchise\/#breadcrumb\"},\"inLanguage\":\"fr-FR\",\"potentialAction\":[{\"@type\":\"ReadAction\",\"target\":[\"https:\/\/www.franchise.biz\/fr\/fitnesspark-master-franchise\/fitnesspark-devenez-franchise\/\"]}]},{\"@type\":\"ImageObject\",\"inLanguage\":\"fr-FR\",\"@id\":\"https:\/\/www.franchise.biz\/fr\/fitnesspark-master-franchise\/fitnesspark-devenez-franchise\/#primaryimage\",\"url\":\"https:\/\/www.franchise.biz\/wp-content\/uploads\/2025\/11\/Go-NOw-.jpeg\",\"contentUrl\":\"https:\/\/www.franchise.biz\/wp-content\/uploads\/2025\/11\/Go-NOw-.jpeg\",\"width\":1600,\"height\":1066,\"caption\":\"Fitness Park Franchise - Go Now !\"},{\"@type\":\"BreadcrumbList\",\"@id\":\"https:\/\/www.franchise.biz\/fr\/fitnesspark-master-franchise\/fitnesspark-devenez-franchise\/#breadcrumb\",\"itemListElement\":[{\"@type\":\"ListItem\",\"position\":1,\"name\":\"Accueil\",\"item\":\"https:\/\/www.franchise.biz\/fr\/\"},{\"@type\":\"ListItem\",\"position\":2,\"name\":\"Master Franchise Fitness Park\",\"item\":\"https:\/\/www.franchise.biz\/fr\/fitnesspark-master-franchise\/\"},{\"@type\":\"ListItem\",\"position\":3,\"name\":\"Devenez Master Franchis\u00e9 Fitness Park\"}]},{\"@type\":\"WebSite\",\"@id\":\"https:\/\/www.franchise.biz\/fr\/#website\",\"url\":\"https:\/\/www.franchise.biz\/fr\/\",\"name\":\"FranchiseBiz\",\"description\":\"Empowering Franchise Growth Globally\",\"publisher\":{\"@id\":\"https:\/\/www.franchise.biz\/fr\/#organization\"},\"potentialAction\":[{\"@type\":\"SearchAction\",\"target\":{\"@type\":\"EntryPoint\",\"urlTemplate\":\"https:\/\/www.franchise.biz\/fr\/?s={search_term_string}\"},\"query-input\":{\"@type\":\"PropertyValueSpecification\",\"valueRequired\":true,\"valueName\":\"search_term_string\"}}],\"inLanguage\":\"fr-FR\"},{\"@type\":\"Organization\",\"@id\":\"https:\/\/www.franchise.biz\/fr\/#organization\",\"name\":\"FranchiseBiz\",\"url\":\"https:\/\/www.franchise.biz\/fr\/\",\"logo\":{\"@type\":\"ImageObject\",\"inLanguage\":\"fr-FR\",\"@id\":\"https:\/\/www.franchise.biz\/fr\/#\/schema\/logo\/image\/\",\"url\":\"https:\/\/www.franchise.biz\/wp-content\/uploads\/2021\/05\/logo.png\",\"contentUrl\":\"https:\/\/www.franchise.biz\/wp-content\/uploads\/2021\/05\/logo.png\",\"width\":1000,\"height\":1000,\"caption\":\"FranchiseBiz\"},\"image\":{\"@id\":\"https:\/\/www.franchise.biz\/fr\/#\/schema\/logo\/image\/\"},\"sameAs\":[\"https:\/\/x.com\/FBizOfficial\",\"https:\/\/www.linkedin.com\/company\/franchisebiz\/\"]}]}<\/script>\n<!-- \/ Yoast SEO plugin. -->","yoast_head_json":{"title":"Devenez Master Franchis\u00e9 Fitness Park","description":"Fitness Park offre \u00e0 ses membres des \u00e9quipements sportifs de haute qualit\u00e9 en libre acc\u00e8s \u00e0 un prix tout \u00e0 fait abordable. Postulez d\u00e8s maintenant !","robots":{"index":"index","follow":"follow","max-snippet":"max-snippet:-1","max-image-preview":"max-image-preview:large","max-video-preview":"max-video-preview:-1"},"canonical":"https:\/\/www.franchise.biz\/fr\/fitnesspark-master-franchise\/fitnesspark-devenez-franchise\/","og_locale":"fr_FR","og_type":"article","og_title":"Devenez Master Franchis\u00e9 Fitness Park","og_description":"Fitness Park offre \u00e0 ses membres des \u00e9quipements sportifs de haute qualit\u00e9 en libre acc\u00e8s \u00e0 un prix tout \u00e0 fait abordable. Postulez d\u00e8s maintenant !","og_url":"https:\/\/www.franchise.biz\/fr\/fitnesspark-master-franchise\/fitnesspark-devenez-franchise\/","og_site_name":"FranchiseBiz","article_modified_time":"2023-09-30T06:46:41+00:00","og_image":[{"width":1600,"height":1067,"url":"https:\/\/www.franchise.biz\/wp-content\/uploads\/2021\/03\/35066_0001_f_1533331884.jpg","type":"image\/jpeg"}],"twitter_card":"summary_large_image","twitter_title":"Devenez Master Franchis\u00e9 Fitness Park","twitter_description":"Fitness Park offre \u00e0 ses membres des \u00e9quipements sportifs de haute qualit\u00e9 en libre acc\u00e8s \u00e0 un prix tout \u00e0 fait abordable. Postulez d\u00e8s maintenant !","twitter_image":"https:\/\/www.franchise.biz\/wp-content\/uploads\/2021\/03\/35066_0001_f_1533331884.jpg","twitter_site":"@FBizOfficial","twitter_misc":{"Dur\u00e9e de lecture estim\u00e9e":"1 minute"},"schema":{"@context":"https:\/\/schema.org","@graph":[{"@type":"WebPage","@id":"https:\/\/www.franchise.biz\/fr\/fitnesspark-master-franchise\/fitnesspark-devenez-franchise\/","url":"https:\/\/www.franchise.biz\/fr\/fitnesspark-master-franchise\/fitnesspark-devenez-franchise\/","name":"Devenez Master Franchis\u00e9 Fitness Park","isPartOf":{"@id":"https:\/\/www.franchise.biz\/fr\/#website"},"primaryImageOfPage":{"@id":"https:\/\/www.franchise.biz\/fr\/fitnesspark-master-franchise\/fitnesspark-devenez-franchise\/#primaryimage"},"image":{"@id":"https:\/\/www.franchise.biz\/fr\/fitnesspark-master-franchise\/fitnesspark-devenez-franchise\/#primaryimage"},"thumbnailUrl":"https:\/\/www.franchise.biz\/wp-content\/uploads\/2025\/11\/Go-NOw-.jpeg","datePublished":"2021-01-21T12:51:08+00:00","dateModified":"2023-09-30T06:46:41+00:00","description":"Fitness Park offre \u00e0 ses membres des \u00e9quipements sportifs de haute qualit\u00e9 en libre acc\u00e8s \u00e0 un prix tout \u00e0 fait abordable. Postulez d\u00e8s maintenant !","breadcrumb":{"@id":"https:\/\/www.franchise.biz\/fr\/fitnesspark-master-franchise\/fitnesspark-devenez-franchise\/#breadcrumb"},"inLanguage":"fr-FR","potentialAction":[{"@type":"ReadAction","target":["https:\/\/www.franchise.biz\/fr\/fitnesspark-master-franchise\/fitnesspark-devenez-franchise\/"]}]},{"@type":"ImageObject","inLanguage":"fr-FR","@id":"https:\/\/www.franchise.biz\/fr\/fitnesspark-master-franchise\/fitnesspark-devenez-franchise\/#primaryimage","url":"https:\/\/www.franchise.biz\/wp-content\/uploads\/2025\/11\/Go-NOw-.jpeg","contentUrl":"https:\/\/www.franchise.biz\/wp-content\/uploads\/2025\/11\/Go-NOw-.jpeg","width":1600,"height":1066,"caption":"Fitness Park Franchise - Go Now !"},{"@type":"BreadcrumbList","@id":"https:\/\/www.franchise.biz\/fr\/fitnesspark-master-franchise\/fitnesspark-devenez-franchise\/#breadcrumb","itemListElement":[{"@type":"ListItem","position":1,"name":"Accueil","item":"https:\/\/www.franchise.biz\/fr\/"},{"@type":"ListItem","position":2,"name":"Master Franchise Fitness Park","item":"https:\/\/www.franchise.biz\/fr\/fitnesspark-master-franchise\/"},{"@type":"ListItem","position":3,"name":"Devenez Master Franchis\u00e9 Fitness Park"}]},{"@type":"WebSite","@id":"https:\/\/www.franchise.biz\/fr\/#website","url":"https:\/\/www.franchise.biz\/fr\/","name":"FranchiseBiz","description":"Empowering Franchise Growth Globally","publisher":{"@id":"https:\/\/www.franchise.biz\/fr\/#organization"},"potentialAction":[{"@type":"SearchAction","target":{"@type":"EntryPoint","urlTemplate":"https:\/\/www.franchise.biz\/fr\/?s={search_term_string}"},"query-input":{"@type":"PropertyValueSpecification","valueRequired":true,"valueName":"search_term_string"}}],"inLanguage":"fr-FR"},{"@type":"Organization","@id":"https:\/\/www.franchise.biz\/fr\/#organization","name":"FranchiseBiz","url":"https:\/\/www.franchise.biz\/fr\/","logo":{"@type":"ImageObject","inLanguage":"fr-FR","@id":"https:\/\/www.franchise.biz\/fr\/#\/schema\/logo\/image\/","url":"https:\/\/www.franchise.biz\/wp-content\/uploads\/2021\/05\/logo.png","contentUrl":"https:\/\/www.franchise.biz\/wp-content\/uploads\/2021\/05\/logo.png","width":1000,"height":1000,"caption":"FranchiseBiz"},"image":{"@id":"https:\/\/www.franchise.biz\/fr\/#\/schema\/logo\/image\/"},"sameAs":["https:\/\/x.com\/FBizOfficial","https:\/\/www.linkedin.com\/company\/franchisebiz\/"]}]}},"_links":{"self":[{"href":"https:\/\/www.franchise.biz\/fr\/wp-json\/wp\/v2\/pages\/3315"}],"collection":[{"href":"https:\/\/www.franchise.biz\/fr\/wp-json\/wp\/v2\/pages"}],"about":[{"href":"https:\/\/www.franchise.biz\/fr\/wp-json\/wp\/v2\/types\/page"}],"author":[{"embeddable":true,"href":"https:\/\/www.franchise.biz\/fr\/wp-json\/wp\/v2\/users\/2"}],"replies":[{"embeddable":true,"href":"https:\/\/www.franchise.biz\/fr\/wp-json\/wp\/v2\/comments?post=3315"}],"version-history":[{"count":10,"href":"https:\/\/www.franchise.biz\/fr\/wp-json\/wp\/v2\/pages\/3315\/revisions"}],"predecessor-version":[{"id":8844,"href":"https:\/\/www.franchise.biz\/fr\/wp-json\/wp\/v2\/pages\/3315\/revisions\/8844"}],"up":[{"embeddable":true,"href":"https:\/\/www.franchise.biz\/fr\/wp-json\/wp\/v2\/pages\/3313"}],"wp:featuredmedia":[{"embeddable":true,"href":"https:\/\/www.franchise.biz\/fr\/wp-json\/wp\/v2\/media\/10488"}],"wp:attachment":[{"href":"https:\/\/www.franchise.biz\/fr\/wp-json\/wp\/v2\/media?parent=3315"}],"curies":[{"name":"wp","href":"https:\/\/api.w.org\/{rel}","templated":true}]}}