{"id":3339,"date":"2021-08-31T20:38:28","date_gmt":"2021-08-31T18:38:28","guid":{"rendered":"https:\/\/franchise-biz.pre-prod.fr\/contact\/"},"modified":"2022-02-08T14:32:20","modified_gmt":"2022-02-08T13:32:20","slug":"contact","status":"publish","type":"page","link":"https:\/\/www.franchise.biz\/fr\/contact\/","title":{"rendered":"Contact"},"content":{"rendered":"<div class=\"wpb-content-wrapper\"><p>[vc_row full_width=\u00a0\u00bbstretch_row_content\u00a0\u00bb css=\u00a0\u00bb.vc_custom_1632839068794{margin-top: 0px !important;margin-right: 0px !important;margin-bottom: 0px !important;margin-left: 0px !important;padding-top: 60px !important;padding-right: 0px !important;padding-bottom: 60px !important;padding-left: 0px !important;}\u00a0\u00bb][vc_column css=\u00a0\u00bb.vc_custom_1632838782299{margin: 0px !important;padding: 0px !important;}\u00a0\u00bb][vc_row_inner][vc_column_inner]<style type=\"text\/css\" data-type=\"the7_shortcodes-inline-css\">#default-btn-80f0485e7d3dffe975c4223c4aa29520.ico-right-side > i {\n  margin-right: 0px;\n  margin-left: 8px;\n}\n#default-btn-80f0485e7d3dffe975c4223c4aa29520 > i {\n  margin-right: 8px;\n}\n<\/style><a href=\"https:\/\/www.franchise.biz\/fr\/ouvrir-une-franchise\/\" class=\"default-btn-shortcode dt-btn dt-btn-s link-hover-off franchise-opportunities openfranchise btn-inline-right \" id=\"default-btn-80f0485e7d3dffe975c4223c4aa29520\"><span>Ouvrir une Franchise<\/span><\/a>[\/vc_column_inner][\/vc_row_inner][\/vc_column][\/vc_row][vc_row full_height=\u00a0\u00bbyes\u00a0\u00bb columns_placement=\u00a0\u00bbtop\u00a0\u00bb bg_type=\u00a0\u00bbimage\u00a0\u00bb parallax_style=\u00a0\u00bbvcpb-vz-jquery\u00a0\u00bb bg_image_new=\u00a0\u00bbid^4585|url^https:\/\/www.franchise.biz\/wp-content\/uploads\/2022\/02\/photo_contact.jpg|caption^null|alt^null|title^photo_contact|description^null\u00a0\u00bb bg_image_repeat=\u00a0\u00bbno-repeat\u00a0\u00bb bg_override=\u00a0\u00bbex-full\u00a0\u00bb enable_overlay=\u00a0\u00bbenable_overlay_value\u00a0\u00bb overlay_color=\u00a0\u00bbrgba(0,0,0,0.65)\u00a0\u00bb overlay_pattern=\u00a0\u00bbtransperant\u00a0\u00bb type=\u00a0\u00bbvc_default\u00a0\u00bb css=\u00a0\u00bb.vc_custom_1644327136370{margin-top: -480px !important;padding-top: 150px !important;padding-right: 20px !important;padding-bottom: 120px !important;padding-left: 20px !important;background-color: #000000 !important;}\u00a0\u00bb][vc_column css=\u00a0\u00bb.vc_custom_1588262083162{padding-top: 75px !important;}\u00a0\u00bb][vc_row_inner][vc_column_inner css=\u00a0\u00bb.vc_custom_1588799710465{padding-bottom: 50px !important;}\u00a0\u00bb]<div id=\"ultimate-heading-435569f57ed4e8250\" class=\"uvc-heading ult-adjust-bottom-margin ultimate-heading-435569f57ed4e8250 uvc-1071 accent-border-color\" data-hspacer=\"line_only\"  data-halign=\"center\" style=\"text-align:center\"><div class=\"uvc-main-heading ult-responsive\"  data-ultimate-target='.uvc-heading.ultimate-heading-435569f57ed4e8250 h2'  data-responsive-json-new='{\"font-size\":\"desktop:30px;\",\"line-height\":\"desktop:45px;\"}' ><h2 style=\"font-weight:normal;color:#ffffff;margin-bottom:15px;\">Contact<\/h2><\/div><div class=\"uvc-heading-spacer line_only\" style=\"topheight:3px;\"><span class=\"uvc-headings-line\" style=\"border-style:solid;border-bottom-width:3px;border-color:;width:200px;\"><\/span><\/div><\/div>[\/vc_column_inner][\/vc_row_inner][vc_row_inner equal_height=\u00a0\u00bbyes\u00a0\u00bb][vc_column_inner offset=\u00a0\u00bbvc_col-lg-6 vc_col-md-7&Prime;]<div id=\"ultimate-heading-87169f57ed4e82b6\" class=\"uvc-heading ult-adjust-bottom-margin ultimate-heading-87169f57ed4e82b6 uvc-9675 accent-border-color color-title\" data-hspacer=\"no_spacer\"  data-halign=\"left\" style=\"text-align:left\"><div class=\"uvc-heading-spacer no_spacer\" style=\"top\"><\/div><div class=\"uvc-sub-heading ult-responsive\"  data-ultimate-target='.uvc-heading.ultimate-heading-87169f57ed4e82b6 .uvc-sub-heading '  data-responsive-json-new='{\"font-size\":\"desktop:25px;\",\"line-height\":\"desktop:32px;\"}'  style=\"font-weight:normal;color:#ffffff;margin-bottom:25px;\">Nous sommes pr\u00eats \u00e0 d\u00e9marrer un projet avec vous\u00a0!<\/div><\/div>[vc_column_text]<span style=\"color: #ffffff;\">Que vous soyez un franchiseur en qu\u00eate de d\u00e9veloppement sur de nouveaux march\u00e9s, ou un candidat franchis\u00e9 \u00e0 la recherche d\u2019une nouvelle opportunit\u00e9, notre \u00e9quipe d\u2019experts d\u00e9di\u00e9s vous contactera dans les plus brefs d\u00e9lais !<\/span>[\/vc_column_text][vc_empty_space][\/vc_column_inner][vc_column_inner offset=\u00a0\u00bbvc_col-lg-6 vc_col-md-5&Prime;]\n<div class=\"wpcf7 no-js\" id=\"wpcf7-f801-o1\" lang=\"fr-FR\" dir=\"ltr\" data-wpcf7-id=\"801\">\n<div class=\"screen-reader-response\"><p role=\"status\" aria-live=\"polite\" aria-atomic=\"true\"><\/p> <ul><\/ul><\/div>\n<form action=\"\/fr\/wp-json\/wp\/v2\/pages\/3339#wpcf7-f801-o1\" method=\"post\" class=\"wpcf7-form init\" aria-label=\"Formulaire de contact\" novalidate=\"novalidate\" data-status=\"init\">\n<div style=\"display: none;\">\n<input type=\"hidden\" name=\"_wpcf7\" value=\"801\" \/>\n<input type=\"hidden\" name=\"_wpcf7_version\" value=\"6.0.6\" \/>\n<input type=\"hidden\" name=\"_wpcf7_locale\" value=\"fr_FR\" \/>\n<input type=\"hidden\" name=\"_wpcf7_unit_tag\" value=\"wpcf7-f801-o1\" \/>\n<input type=\"hidden\" name=\"_wpcf7_container_post\" value=\"0\" \/>\n<input type=\"hidden\" name=\"_wpcf7_posted_data_hash\" value=\"\" \/>\n<input type=\"hidden\" name=\"_wpcf7_recaptcha_response\" value=\"\" \/>\n<\/div>\n<div>\n\t<p><span class=\"wpcf7-form-control-wrap\" data-name=\"your-name\"><input size=\"40\" maxlength=\"400\" class=\"wpcf7-form-control wpcf7-text wpcf7-validates-as-required\" aria-required=\"true\" aria-invalid=\"false\" placeholder=\"Vos pr\u00e9nom et nom\" value=\"\" type=\"text\" name=\"your-name\" \/><\/span>\n\t<\/p>\n<\/div>\n<div>\n\t<p><span class=\"wpcf7-form-control-wrap\" data-name=\"your-email\"><input size=\"40\" maxlength=\"400\" class=\"wpcf7-form-control wpcf7-email wpcf7-validates-as-required wpcf7-text wpcf7-validates-as-email\" aria-required=\"true\" aria-invalid=\"false\" placeholder=\"Votre e-mail\" value=\"\" type=\"email\" name=\"your-email\" \/><\/span>\n\t<\/p>\n<\/div>\n<div>\n\t<p><span class=\"wpcf7-form-control-wrap\" data-name=\"tel-426\"><input size=\"40\" maxlength=\"400\" class=\"wpcf7-form-control wpcf7-tel wpcf7-validates-as-required wpcf7-text wpcf7-validates-as-tel\" aria-required=\"true\" aria-invalid=\"false\" placeholder=\"Votre t\u00e9l\u00e9phone\" value=\"\" type=\"tel\" name=\"tel-426\" \/><\/span>\n\t<\/p>\n<\/div>\n<div>\n\t<p><span class=\"wpcf7-form-control-wrap\" data-name=\"your-message\"><textarea cols=\"40\" rows=\"3\" maxlength=\"2000\" class=\"wpcf7-form-control wpcf7-textarea wpcf7-validates-as-required\" aria-required=\"true\" aria-invalid=\"false\" placeholder=\"Votre message...\" name=\"your-message\"><\/textarea><\/span>\n\t<\/p>\n<\/div>\n<p><span class=\"wpcf7-form-control-wrap\" data-name=\"acceptance-913\"><span class=\"wpcf7-form-control wpcf7-acceptance\"><span class=\"wpcf7-list-item\"><label><input type=\"checkbox\" name=\"acceptance-913\" value=\"1\" aria-invalid=\"false\" \/><span class=\"wpcf7-list-item-label\">J'accepte de soumettre ce formulaire conform\u00e9ment \u00e0 la politique de confidentialit\u00e9 de FranchiseBiz.<\/span><\/label><\/span><\/span><\/span>\n<\/p>\n<div>\n\t<p><input class=\"wpcf7-form-control wpcf7-submit has-spinner\" type=\"submit\" value=\"ENVOI\" \/>\n\t<\/p>\n<\/div><div class=\"wpcf7-response-output\" aria-hidden=\"true\"><\/div>\n<\/form>\n<\/div>\n[\/vc_column_inner][\/vc_row_inner][\/vc_column][\/vc_row]<\/p>\n<\/div>","protected":false},"excerpt":{"rendered":"<p>[vc_row full_width=\u00a0\u00bbstretch_row_content\u00a0\u00bb css=\u00a0\u00bb.vc_custom_1632839068794{margin-top: 0px !important;margin-right: 0px !important;margin-bottom: 0px !important;margin-left: 0px !important;padding-top: 60px !important;padding-right: 0px !important;padding-bottom: 60px !important;padding-left: 0px !important;}\u00a0\u00bb][vc_column css=\u00a0\u00bb.vc_custom_1632838782299{margin: 0px !important;padding: 0px !important;}\u00a0\u00bb][vc_row_inner][vc_column_inner][\/vc_column_inner][\/vc_row_inner][\/vc_column][\/vc_row][vc_row full_height=\u00a0\u00bbyes\u00a0\u00bb columns_placement=\u00a0\u00bbtop\u00a0\u00bb bg_type=\u00a0\u00bbimage\u00a0\u00bb parallax_style=\u00a0\u00bbvcpb-vz-jquery\u00a0\u00bb bg_image_new=\u00a0\u00bbid^4585|url^https:\/\/www.franchise.biz\/wp-content\/uploads\/2022\/02\/photo_contact.jpg|caption^null|alt^null|title^photo_contact|description^null\u00a0\u00bb bg_image_repeat=\u00a0\u00bbno-repeat\u00a0\u00bb bg_override=\u00a0\u00bbex-full\u00a0\u00bb enable_overlay=\u00a0\u00bbenable_overlay_value\u00a0\u00bb overlay_color=\u00a0\u00bbrgba(0,0,0,0.65)\u00a0\u00bb overlay_pattern=\u00a0\u00bbtransperant\u00a0\u00bb type=\u00a0\u00bbvc_default\u00a0\u00bb css=\u00a0\u00bb.vc_custom_1644327136370{margin-top: -480px !important;padding-top: 150px !important;padding-right: 20px !important;padding-bottom: 120px !important;padding-left: 20px !important;background-color: #000000 !important;}\u00a0\u00bb][vc_column css=\u00a0\u00bb.vc_custom_1588262083162{padding-top: 75px !important;}\u00a0\u00bb][vc_row_inner][vc_column_inner css=\u00a0\u00bb.vc_custom_1588799710465{padding-bottom: 50px !important;}\u00a0\u00bb][\/vc_column_inner][\/vc_row_inner][vc_row_inner equal_height=\u00a0\u00bbyes\u00a0\u00bb][vc_column_inner&hellip;<\/p>\n","protected":false},"author":2,"featured_media":3204,"parent":0,"menu_order":11,"comment_status":"closed","ping_status":"closed","template":"","meta":{"inline_featured_image":false,"footnotes":""},"class_list":["post-3339","page","type-page","status-publish","has-post-thumbnail","hentry","description-off"],"yoast_head":"<!-- This site is optimized with the Yoast SEO plugin v25.5 - https:\/\/yoast.com\/wordpress\/plugins\/seo\/ -->\n<title>Contact FranchiseBiz<\/title>\n<meta name=\"description\" content=\"Que vous soyez un franchiseur en qu\u00eate de d\u00e9veloppement sur de nouveaux march\u00e9s, ou un candidat franchis\u00e9 \u00e0 la recherche d\u2019une nouvelle opportunit\u00e9, notre \u00e9quipe d\u2019experts d\u00e9di\u00e9s vous contactera dans les plus brefs d\u00e9lais !\" \/>\n<meta name=\"robots\" content=\"index, follow, max-snippet:-1, max-image-preview:large, max-video-preview:-1\" \/>\n<link rel=\"canonical\" href=\"https:\/\/www.franchise.biz\/fr\/contact\/\" \/>\n<meta property=\"og:locale\" content=\"fr_FR\" \/>\n<meta property=\"og:type\" content=\"article\" \/>\n<meta property=\"og:title\" content=\"Contact FranchiseBiz\" \/>\n<meta property=\"og:description\" content=\"Que vous soyez un franchiseur en qu\u00eate de d\u00e9veloppement sur de nouveaux march\u00e9s, ou un candidat franchis\u00e9 \u00e0 la recherche d\u2019une nouvelle opportunit\u00e9, notre \u00e9quipe d\u2019experts d\u00e9di\u00e9s vous contactera dans les plus brefs d\u00e9lais !\" \/>\n<meta property=\"og:url\" content=\"https:\/\/www.franchise.biz\/fr\/contact\/\" \/>\n<meta property=\"og:site_name\" content=\"FranchiseBiz\" \/>\n<meta property=\"article:modified_time\" content=\"2022-02-08T13:32:20+00:00\" \/>\n<meta property=\"og:image\" content=\"https:\/\/www.franchise.biz\/wp-content\/uploads\/2021\/08\/cropped-icon.jpg\" \/>\n\t<meta property=\"og:image:width\" content=\"512\" \/>\n\t<meta property=\"og:image:height\" content=\"512\" \/>\n\t<meta property=\"og:image:type\" content=\"image\/jpeg\" \/>\n<meta name=\"twitter:card\" content=\"summary_large_image\" \/>\n<meta name=\"twitter:title\" content=\"Contact FranchiseBiz\" \/>\n<meta name=\"twitter:description\" content=\"Que vous soyez un franchiseur en qu\u00eate de d\u00e9veloppement sur de nouveaux march\u00e9s, ou un candidat franchis\u00e9 \u00e0 la recherche d\u2019une nouvelle opportunit\u00e9, notre \u00e9quipe d\u2019experts d\u00e9di\u00e9s vous contactera dans les plus brefs d\u00e9lais !\" \/>\n<meta name=\"twitter:image\" content=\"https:\/\/www.franchise.biz\/wp-content\/uploads\/2021\/08\/cropped-icon.jpg\" \/>\n<meta name=\"twitter:site\" content=\"@FBizOfficial\" \/>\n<meta name=\"twitter:label1\" content=\"Dur\u00e9e de lecture estim\u00e9e\" \/>\n\t<meta name=\"twitter:data1\" content=\"1 minute\" \/>\n<script type=\"application\/ld+json\" class=\"yoast-schema-graph\">{\"@context\":\"https:\/\/schema.org\",\"@graph\":[{\"@type\":\"WebPage\",\"@id\":\"https:\/\/www.franchise.biz\/fr\/contact\/\",\"url\":\"https:\/\/www.franchise.biz\/fr\/contact\/\",\"name\":\"Contact FranchiseBiz\",\"isPartOf\":{\"@id\":\"https:\/\/www.franchise.biz\/fr\/#website\"},\"primaryImageOfPage\":{\"@id\":\"https:\/\/www.franchise.biz\/fr\/contact\/#primaryimage\"},\"image\":{\"@id\":\"https:\/\/www.franchise.biz\/fr\/contact\/#primaryimage\"},\"thumbnailUrl\":\"https:\/\/www.franchise.biz\/wp-content\/uploads\/2021\/08\/cropped-icon.jpg\",\"datePublished\":\"2021-08-31T18:38:28+00:00\",\"dateModified\":\"2022-02-08T13:32:20+00:00\",\"description\":\"Que vous soyez un franchiseur en qu\u00eate de d\u00e9veloppement sur de nouveaux march\u00e9s, ou un candidat franchis\u00e9 \u00e0 la recherche d\u2019une nouvelle opportunit\u00e9, notre \u00e9quipe d\u2019experts d\u00e9di\u00e9s vous contactera dans les plus brefs d\u00e9lais !\",\"breadcrumb\":{\"@id\":\"https:\/\/www.franchise.biz\/fr\/contact\/#breadcrumb\"},\"inLanguage\":\"fr-FR\",\"potentialAction\":[{\"@type\":\"ReadAction\",\"target\":[\"https:\/\/www.franchise.biz\/fr\/contact\/\"]}]},{\"@type\":\"ImageObject\",\"inLanguage\":\"fr-FR\",\"@id\":\"https:\/\/www.franchise.biz\/fr\/contact\/#primaryimage\",\"url\":\"https:\/\/www.franchise.biz\/wp-content\/uploads\/2021\/08\/cropped-icon.jpg\",\"contentUrl\":\"https:\/\/www.franchise.biz\/wp-content\/uploads\/2021\/08\/cropped-icon.jpg\",\"width\":512,\"height\":512},{\"@type\":\"BreadcrumbList\",\"@id\":\"https:\/\/www.franchise.biz\/fr\/contact\/#breadcrumb\",\"itemListElement\":[{\"@type\":\"ListItem\",\"position\":1,\"name\":\"Accueil\",\"item\":\"https:\/\/www.franchise.biz\/fr\/\"},{\"@type\":\"ListItem\",\"position\":2,\"name\":\"Contact\"}]},{\"@type\":\"WebSite\",\"@id\":\"https:\/\/www.franchise.biz\/fr\/#website\",\"url\":\"https:\/\/www.franchise.biz\/fr\/\",\"name\":\"FranchiseBiz\",\"description\":\"Empowering Franchise Growth Globally\",\"publisher\":{\"@id\":\"https:\/\/www.franchise.biz\/fr\/#organization\"},\"potentialAction\":[{\"@type\":\"SearchAction\",\"target\":{\"@type\":\"EntryPoint\",\"urlTemplate\":\"https:\/\/www.franchise.biz\/fr\/?s={search_term_string}\"},\"query-input\":{\"@type\":\"PropertyValueSpecification\",\"valueRequired\":true,\"valueName\":\"search_term_string\"}}],\"inLanguage\":\"fr-FR\"},{\"@type\":\"Organization\",\"@id\":\"https:\/\/www.franchise.biz\/fr\/#organization\",\"name\":\"FranchiseBiz\",\"url\":\"https:\/\/www.franchise.biz\/fr\/\",\"logo\":{\"@type\":\"ImageObject\",\"inLanguage\":\"fr-FR\",\"@id\":\"https:\/\/www.franchise.biz\/fr\/#\/schema\/logo\/image\/\",\"url\":\"https:\/\/www.franchise.biz\/wp-content\/uploads\/2021\/05\/logo.png\",\"contentUrl\":\"https:\/\/www.franchise.biz\/wp-content\/uploads\/2021\/05\/logo.png\",\"width\":1000,\"height\":1000,\"caption\":\"FranchiseBiz\"},\"image\":{\"@id\":\"https:\/\/www.franchise.biz\/fr\/#\/schema\/logo\/image\/\"},\"sameAs\":[\"https:\/\/x.com\/FBizOfficial\",\"https:\/\/www.linkedin.com\/company\/franchisebiz\/\"]}]}<\/script>\n<!-- \/ Yoast SEO plugin. -->","yoast_head_json":{"title":"Contact FranchiseBiz","description":"Que vous soyez un franchiseur en qu\u00eate de d\u00e9veloppement sur de nouveaux march\u00e9s, ou un candidat franchis\u00e9 \u00e0 la recherche d\u2019une nouvelle opportunit\u00e9, notre \u00e9quipe d\u2019experts d\u00e9di\u00e9s vous contactera dans les plus brefs d\u00e9lais !","robots":{"index":"index","follow":"follow","max-snippet":"max-snippet:-1","max-image-preview":"max-image-preview:large","max-video-preview":"max-video-preview:-1"},"canonical":"https:\/\/www.franchise.biz\/fr\/contact\/","og_locale":"fr_FR","og_type":"article","og_title":"Contact FranchiseBiz","og_description":"Que vous soyez un franchiseur en qu\u00eate de d\u00e9veloppement sur de nouveaux march\u00e9s, ou un candidat franchis\u00e9 \u00e0 la recherche d\u2019une nouvelle opportunit\u00e9, notre \u00e9quipe d\u2019experts d\u00e9di\u00e9s vous contactera dans les plus brefs d\u00e9lais !","og_url":"https:\/\/www.franchise.biz\/fr\/contact\/","og_site_name":"FranchiseBiz","article_modified_time":"2022-02-08T13:32:20+00:00","og_image":[{"width":512,"height":512,"url":"https:\/\/www.franchise.biz\/wp-content\/uploads\/2021\/08\/cropped-icon.jpg","type":"image\/jpeg"}],"twitter_card":"summary_large_image","twitter_title":"Contact FranchiseBiz","twitter_description":"Que vous soyez un franchiseur en qu\u00eate de d\u00e9veloppement sur de nouveaux march\u00e9s, ou un candidat franchis\u00e9 \u00e0 la recherche d\u2019une nouvelle opportunit\u00e9, notre \u00e9quipe d\u2019experts d\u00e9di\u00e9s vous contactera dans les plus brefs d\u00e9lais !","twitter_image":"https:\/\/www.franchise.biz\/wp-content\/uploads\/2021\/08\/cropped-icon.jpg","twitter_site":"@FBizOfficial","twitter_misc":{"Dur\u00e9e de lecture estim\u00e9e":"1 minute"},"schema":{"@context":"https:\/\/schema.org","@graph":[{"@type":"WebPage","@id":"https:\/\/www.franchise.biz\/fr\/contact\/","url":"https:\/\/www.franchise.biz\/fr\/contact\/","name":"Contact FranchiseBiz","isPartOf":{"@id":"https:\/\/www.franchise.biz\/fr\/#website"},"primaryImageOfPage":{"@id":"https:\/\/www.franchise.biz\/fr\/contact\/#primaryimage"},"image":{"@id":"https:\/\/www.franchise.biz\/fr\/contact\/#primaryimage"},"thumbnailUrl":"https:\/\/www.franchise.biz\/wp-content\/uploads\/2021\/08\/cropped-icon.jpg","datePublished":"2021-08-31T18:38:28+00:00","dateModified":"2022-02-08T13:32:20+00:00","description":"Que vous soyez un franchiseur en qu\u00eate de d\u00e9veloppement sur de nouveaux march\u00e9s, ou un candidat franchis\u00e9 \u00e0 la recherche d\u2019une nouvelle opportunit\u00e9, notre \u00e9quipe d\u2019experts d\u00e9di\u00e9s vous contactera dans les plus brefs d\u00e9lais !","breadcrumb":{"@id":"https:\/\/www.franchise.biz\/fr\/contact\/#breadcrumb"},"inLanguage":"fr-FR","potentialAction":[{"@type":"ReadAction","target":["https:\/\/www.franchise.biz\/fr\/contact\/"]}]},{"@type":"ImageObject","inLanguage":"fr-FR","@id":"https:\/\/www.franchise.biz\/fr\/contact\/#primaryimage","url":"https:\/\/www.franchise.biz\/wp-content\/uploads\/2021\/08\/cropped-icon.jpg","contentUrl":"https:\/\/www.franchise.biz\/wp-content\/uploads\/2021\/08\/cropped-icon.jpg","width":512,"height":512},{"@type":"BreadcrumbList","@id":"https:\/\/www.franchise.biz\/fr\/contact\/#breadcrumb","itemListElement":[{"@type":"ListItem","position":1,"name":"Accueil","item":"https:\/\/www.franchise.biz\/fr\/"},{"@type":"ListItem","position":2,"name":"Contact"}]},{"@type":"WebSite","@id":"https:\/\/www.franchise.biz\/fr\/#website","url":"https:\/\/www.franchise.biz\/fr\/","name":"FranchiseBiz","description":"Empowering Franchise Growth Globally","publisher":{"@id":"https:\/\/www.franchise.biz\/fr\/#organization"},"potentialAction":[{"@type":"SearchAction","target":{"@type":"EntryPoint","urlTemplate":"https:\/\/www.franchise.biz\/fr\/?s={search_term_string}"},"query-input":{"@type":"PropertyValueSpecification","valueRequired":true,"valueName":"search_term_string"}}],"inLanguage":"fr-FR"},{"@type":"Organization","@id":"https:\/\/www.franchise.biz\/fr\/#organization","name":"FranchiseBiz","url":"https:\/\/www.franchise.biz\/fr\/","logo":{"@type":"ImageObject","inLanguage":"fr-FR","@id":"https:\/\/www.franchise.biz\/fr\/#\/schema\/logo\/image\/","url":"https:\/\/www.franchise.biz\/wp-content\/uploads\/2021\/05\/logo.png","contentUrl":"https:\/\/www.franchise.biz\/wp-content\/uploads\/2021\/05\/logo.png","width":1000,"height":1000,"caption":"FranchiseBiz"},"image":{"@id":"https:\/\/www.franchise.biz\/fr\/#\/schema\/logo\/image\/"},"sameAs":["https:\/\/x.com\/FBizOfficial","https:\/\/www.linkedin.com\/company\/franchisebiz\/"]}]}},"_links":{"self":[{"href":"https:\/\/www.franchise.biz\/fr\/wp-json\/wp\/v2\/pages\/3339"}],"collection":[{"href":"https:\/\/www.franchise.biz\/fr\/wp-json\/wp\/v2\/pages"}],"about":[{"href":"https:\/\/www.franchise.biz\/fr\/wp-json\/wp\/v2\/types\/page"}],"author":[{"embeddable":true,"href":"https:\/\/www.franchise.biz\/fr\/wp-json\/wp\/v2\/users\/2"}],"replies":[{"embeddable":true,"href":"https:\/\/www.franchise.biz\/fr\/wp-json\/wp\/v2\/comments?post=3339"}],"version-history":[{"count":7,"href":"https:\/\/www.franchise.biz\/fr\/wp-json\/wp\/v2\/pages\/3339\/revisions"}],"predecessor-version":[{"id":4598,"href":"https:\/\/www.franchise.biz\/fr\/wp-json\/wp\/v2\/pages\/3339\/revisions\/4598"}],"wp:featuredmedia":[{"embeddable":true,"href":"https:\/\/www.franchise.biz\/fr\/wp-json\/wp\/v2\/media\/3204"}],"wp:attachment":[{"href":"https:\/\/www.franchise.biz\/fr\/wp-json\/wp\/v2\/media?parent=3339"}],"curies":[{"name":"wp","href":"https:\/\/api.w.org\/{rel}","templated":true}]}}