{"id":3344,"date":"2020-05-08T11:44:13","date_gmt":"2020-05-08T09:44:13","guid":{"rendered":"https:\/\/franchise-biz.pre-prod.fr\/legal-notice\/"},"modified":"2023-02-01T22:24:45","modified_gmt":"2023-02-01T21:24:45","slug":"mentions-legales","status":"publish","type":"page","link":"https:\/\/www.franchise.biz\/fr\/mentions-legales\/","title":{"rendered":"Mentions l\u00e9gales"},"content":{"rendered":"<h4>1. LPS CONSEILS<\/h4>\n<p>57, rue d\u2019Amsterdam<br \/>\n75008 Paris \u2013 France<br \/>\nT \/ +33 6 25\u00a023 72 20<\/p>\n<p>Email.\u00a0<a href=\"mailto:contact@franchise.biz?subject=Mentions%20l\u00e9gales%20-%20FranchiseBiz\">contact@franchise.biz<\/a><\/p>\n<p>Soci\u00e9t\u00e9 \u00e0 responsabilit\u00e9 limit\u00e9e au capital social de 2000 euros, immatricul\u00e9e au Registre du Commerce et des Soci\u00e9t\u00e9s de Paris sous le num\u00e9ro 792\u00a0383\u00a0945.<\/p>\n<p>&nbsp;<\/p>\n<p><strong>Directeur de la publication<\/strong><br \/>\nLaurent Perry-Spencer<\/p>\n<p>&nbsp;<\/p>\n<p><strong>Webdesign<\/strong><br \/>\nUriel Le Ray <a href=\"https:\/\/urigraph.fr\/\" target=\"_blank\" rel=\"noopener noreferrer\">urigraph.fr<\/a><br \/>\nEmail.\u00a0<a href=\"mailto: contact@urigraph.fr\">contact@urigraph.fr<\/a><\/p>\n<p>&nbsp;<\/p>\n<p><strong>Cr\u00e9dits photo<br \/>\n<\/strong>Adobe Stock<br \/>\nUnsplash<\/p>\n<p>&nbsp;<\/p>\n<p><strong>H\u00e9bergement<br \/>\n<\/strong>GANDI SAS<br \/>\n63-65 boulevard Mass\u00e9na<br \/>\n75013 Paris &#8211; France<br \/>\nT\u00a0+33 1 70 37 76 61<br \/>\nEmail.\u00a0<a href=\"mailto:support@gandi.net?subject=H\u00e9bergement%20-%20FranchiseBiz\">support@gandi.net<\/a><\/p>\n<p>&nbsp;<\/p>\n<h4><strong>2. AAC Consulting Ltd<\/strong><\/h4>\n<p><strong>Contact and other details<\/strong><\/p>\n<p>3 Redlock Field, Lichfield<br \/>\nStaffordshire WS140AB &#8211; UK<br \/>\nT \/ +44 7825 527057<br \/>\nVAT number: GB 346219402<br \/>\nCompany registration number: 12403309<\/p>\n<p>&nbsp;<\/p>\n<p><strong>Legislation<\/strong><\/p>\n<p>Au Royaume-Uni, nous fournissons nos services de conseil via un partenariat sous le nom commercial FranchiseBiz(UK) dont le nom de la soci\u00e9t\u00e9 est <strong>AAC Consulting Ltd<\/strong>, enregistr\u00e9 sous le num\u00e9ro 12403309 et dont le si\u00e8ge social est situ\u00e9 au 3 Redlock Field, Lichfield, Staffordshire WS140AB &#8211; UK.<\/p>\n","protected":false},"excerpt":{"rendered":"<p>1. LPS CONSEILS 57, rue d\u2019Amsterdam 75008 Paris \u2013 France T \/ +33 6 25\u00a023 72 20 Email.\u00a0contact@franchise.biz Soci\u00e9t\u00e9 \u00e0 responsabilit\u00e9 limit\u00e9e au capital social de 2000 euros, immatricul\u00e9e au Registre du Commerce et des Soci\u00e9t\u00e9s de Paris sous le num\u00e9ro 792\u00a0383\u00a0945. &nbsp; Directeur de la publication Laurent Perry-Spencer &nbsp; Webdesign Uriel Le Ray urigraph.fr&hellip;<\/p>\n","protected":false},"author":1,"featured_media":0,"parent":0,"menu_order":32,"comment_status":"closed","ping_status":"closed","template":"","meta":{"inline_featured_image":false,"footnotes":""},"class_list":["post-3344","page","type-page","status-publish","hentry","description-off"],"yoast_head":"<!-- This site is optimized with the Yoast SEO plugin v25.5 - https:\/\/yoast.com\/wordpress\/plugins\/seo\/ -->\n<title>Mentions l\u00e9gales - FranchiseBiz<\/title>\n<meta name=\"robots\" content=\"noindex, nofollow\" \/>\n<meta property=\"og:locale\" content=\"fr_FR\" \/>\n<meta property=\"og:type\" content=\"article\" \/>\n<meta property=\"og:title\" content=\"Mentions l\u00e9gales - FranchiseBiz\" \/>\n<meta property=\"og:description\" content=\"1. LPS CONSEILS 57, rue d\u2019Amsterdam 75008 Paris \u2013 France T \/ +33 6 25\u00a023 72 20 Email.\u00a0contact@franchise.biz Soci\u00e9t\u00e9 \u00e0 responsabilit\u00e9 limit\u00e9e au capital social de 2000 euros, immatricul\u00e9e au Registre du Commerce et des Soci\u00e9t\u00e9s de Paris sous le num\u00e9ro 792\u00a0383\u00a0945. &nbsp; Directeur de la publication Laurent Perry-Spencer &nbsp; Webdesign Uriel Le Ray urigraph.fr&hellip;\" \/>\n<meta property=\"og:url\" content=\"https:\/\/www.franchise.biz\/fr\/mentions-legales\/\" \/>\n<meta property=\"og:site_name\" content=\"FranchiseBiz\" \/>\n<meta property=\"article:modified_time\" content=\"2023-02-01T21:24:45+00:00\" \/>\n<meta name=\"twitter:card\" content=\"summary_large_image\" \/>\n<meta name=\"twitter:site\" content=\"@FBizOfficial\" \/>\n<meta name=\"twitter:label1\" content=\"Dur\u00e9e de lecture estim\u00e9e\" \/>\n\t<meta name=\"twitter:data1\" content=\"1 minute\" \/>\n<script type=\"application\/ld+json\" class=\"yoast-schema-graph\">{\"@context\":\"https:\/\/schema.org\",\"@graph\":[{\"@type\":\"WebPage\",\"@id\":\"https:\/\/www.franchise.biz\/fr\/mentions-legales\/\",\"url\":\"https:\/\/www.franchise.biz\/fr\/mentions-legales\/\",\"name\":\"Mentions l\u00e9gales - FranchiseBiz\",\"isPartOf\":{\"@id\":\"https:\/\/www.franchise.biz\/fr\/#website\"},\"datePublished\":\"2020-05-08T09:44:13+00:00\",\"dateModified\":\"2023-02-01T21:24:45+00:00\",\"breadcrumb\":{\"@id\":\"https:\/\/www.franchise.biz\/fr\/mentions-legales\/#breadcrumb\"},\"inLanguage\":\"fr-FR\",\"potentialAction\":[{\"@type\":\"ReadAction\",\"target\":[\"https:\/\/www.franchise.biz\/fr\/mentions-legales\/\"]}]},{\"@type\":\"BreadcrumbList\",\"@id\":\"https:\/\/www.franchise.biz\/fr\/mentions-legales\/#breadcrumb\",\"itemListElement\":[{\"@type\":\"ListItem\",\"position\":1,\"name\":\"Accueil\",\"item\":\"https:\/\/www.franchise.biz\/fr\/\"},{\"@type\":\"ListItem\",\"position\":2,\"name\":\"Mentions l\u00e9gales\"}]},{\"@type\":\"WebSite\",\"@id\":\"https:\/\/www.franchise.biz\/fr\/#website\",\"url\":\"https:\/\/www.franchise.biz\/fr\/\",\"name\":\"FranchiseBiz\",\"description\":\"Empowering Franchise Growth Globally\",\"publisher\":{\"@id\":\"https:\/\/www.franchise.biz\/fr\/#organization\"},\"potentialAction\":[{\"@type\":\"SearchAction\",\"target\":{\"@type\":\"EntryPoint\",\"urlTemplate\":\"https:\/\/www.franchise.biz\/fr\/?s={search_term_string}\"},\"query-input\":{\"@type\":\"PropertyValueSpecification\",\"valueRequired\":true,\"valueName\":\"search_term_string\"}}],\"inLanguage\":\"fr-FR\"},{\"@type\":\"Organization\",\"@id\":\"https:\/\/www.franchise.biz\/fr\/#organization\",\"name\":\"FranchiseBiz\",\"url\":\"https:\/\/www.franchise.biz\/fr\/\",\"logo\":{\"@type\":\"ImageObject\",\"inLanguage\":\"fr-FR\",\"@id\":\"https:\/\/www.franchise.biz\/fr\/#\/schema\/logo\/image\/\",\"url\":\"https:\/\/www.franchise.biz\/wp-content\/uploads\/2021\/05\/logo.png\",\"contentUrl\":\"https:\/\/www.franchise.biz\/wp-content\/uploads\/2021\/05\/logo.png\",\"width\":1000,\"height\":1000,\"caption\":\"FranchiseBiz\"},\"image\":{\"@id\":\"https:\/\/www.franchise.biz\/fr\/#\/schema\/logo\/image\/\"},\"sameAs\":[\"https:\/\/x.com\/FBizOfficial\",\"https:\/\/www.linkedin.com\/company\/franchisebiz\/\"]}]}<\/script>\n<!-- \/ Yoast SEO plugin. -->","yoast_head_json":{"title":"Mentions l\u00e9gales - FranchiseBiz","robots":{"index":"noindex","follow":"nofollow"},"og_locale":"fr_FR","og_type":"article","og_title":"Mentions l\u00e9gales - FranchiseBiz","og_description":"1. LPS CONSEILS 57, rue d\u2019Amsterdam 75008 Paris \u2013 France T \/ +33 6 25\u00a023 72 20 Email.\u00a0contact@franchise.biz Soci\u00e9t\u00e9 \u00e0 responsabilit\u00e9 limit\u00e9e au capital social de 2000 euros, immatricul\u00e9e au Registre du Commerce et des Soci\u00e9t\u00e9s de Paris sous le num\u00e9ro 792\u00a0383\u00a0945. &nbsp; Directeur de la publication Laurent Perry-Spencer &nbsp; Webdesign Uriel Le Ray urigraph.fr&hellip;","og_url":"https:\/\/www.franchise.biz\/fr\/mentions-legales\/","og_site_name":"FranchiseBiz","article_modified_time":"2023-02-01T21:24:45+00:00","twitter_card":"summary_large_image","twitter_site":"@FBizOfficial","twitter_misc":{"Dur\u00e9e de lecture estim\u00e9e":"1 minute"},"schema":{"@context":"https:\/\/schema.org","@graph":[{"@type":"WebPage","@id":"https:\/\/www.franchise.biz\/fr\/mentions-legales\/","url":"https:\/\/www.franchise.biz\/fr\/mentions-legales\/","name":"Mentions l\u00e9gales - FranchiseBiz","isPartOf":{"@id":"https:\/\/www.franchise.biz\/fr\/#website"},"datePublished":"2020-05-08T09:44:13+00:00","dateModified":"2023-02-01T21:24:45+00:00","breadcrumb":{"@id":"https:\/\/www.franchise.biz\/fr\/mentions-legales\/#breadcrumb"},"inLanguage":"fr-FR","potentialAction":[{"@type":"ReadAction","target":["https:\/\/www.franchise.biz\/fr\/mentions-legales\/"]}]},{"@type":"BreadcrumbList","@id":"https:\/\/www.franchise.biz\/fr\/mentions-legales\/#breadcrumb","itemListElement":[{"@type":"ListItem","position":1,"name":"Accueil","item":"https:\/\/www.franchise.biz\/fr\/"},{"@type":"ListItem","position":2,"name":"Mentions l\u00e9gales"}]},{"@type":"WebSite","@id":"https:\/\/www.franchise.biz\/fr\/#website","url":"https:\/\/www.franchise.biz\/fr\/","name":"FranchiseBiz","description":"Empowering Franchise Growth Globally","publisher":{"@id":"https:\/\/www.franchise.biz\/fr\/#organization"},"potentialAction":[{"@type":"SearchAction","target":{"@type":"EntryPoint","urlTemplate":"https:\/\/www.franchise.biz\/fr\/?s={search_term_string}"},"query-input":{"@type":"PropertyValueSpecification","valueRequired":true,"valueName":"search_term_string"}}],"inLanguage":"fr-FR"},{"@type":"Organization","@id":"https:\/\/www.franchise.biz\/fr\/#organization","name":"FranchiseBiz","url":"https:\/\/www.franchise.biz\/fr\/","logo":{"@type":"ImageObject","inLanguage":"fr-FR","@id":"https:\/\/www.franchise.biz\/fr\/#\/schema\/logo\/image\/","url":"https:\/\/www.franchise.biz\/wp-content\/uploads\/2021\/05\/logo.png","contentUrl":"https:\/\/www.franchise.biz\/wp-content\/uploads\/2021\/05\/logo.png","width":1000,"height":1000,"caption":"FranchiseBiz"},"image":{"@id":"https:\/\/www.franchise.biz\/fr\/#\/schema\/logo\/image\/"},"sameAs":["https:\/\/x.com\/FBizOfficial","https:\/\/www.linkedin.com\/company\/franchisebiz\/"]}]}},"_links":{"self":[{"href":"https:\/\/www.franchise.biz\/fr\/wp-json\/wp\/v2\/pages\/3344"}],"collection":[{"href":"https:\/\/www.franchise.biz\/fr\/wp-json\/wp\/v2\/pages"}],"about":[{"href":"https:\/\/www.franchise.biz\/fr\/wp-json\/wp\/v2\/types\/page"}],"author":[{"embeddable":true,"href":"https:\/\/www.franchise.biz\/fr\/wp-json\/wp\/v2\/users\/1"}],"replies":[{"embeddable":true,"href":"https:\/\/www.franchise.biz\/fr\/wp-json\/wp\/v2\/comments?post=3344"}],"version-history":[{"count":4,"href":"https:\/\/www.franchise.biz\/fr\/wp-json\/wp\/v2\/pages\/3344\/revisions"}],"predecessor-version":[{"id":7769,"href":"https:\/\/www.franchise.biz\/fr\/wp-json\/wp\/v2\/pages\/3344\/revisions\/7769"}],"wp:attachment":[{"href":"https:\/\/www.franchise.biz\/fr\/wp-json\/wp\/v2\/media?parent=3344"}],"curies":[{"name":"wp","href":"https:\/\/api.w.org\/{rel}","templated":true}]}}