{"id":6811,"date":"2022-11-23T22:07:26","date_gmt":"2022-11-23T21:07:26","guid":{"rendered":"https:\/\/www.franchise.biz\/?page_id=6811"},"modified":"2025-05-22T09:51:13","modified_gmt":"2025-05-22T07:51:13","slug":"aude-chatel","status":"publish","type":"page","link":"https:\/\/www.franchise.biz\/fr\/a-propos\/aude-chatel\/","title":{"rendered":"Team Profile Aude Chatel"},"content":{"rendered":"<div class=\"wpb-content-wrapper\"><p>[vc_row full_width=\u00a0\u00bbstretch_row_content\u00a0\u00bb css=\u00a0\u00bb.vc_custom_1632839068794{margin-top: 0px !important;margin-right: 0px !important;margin-bottom: 0px !important;margin-left: 0px !important;padding-top: 60px !important;padding-right: 0px !important;padding-bottom: 60px !important;padding-left: 0px !important;}\u00a0\u00bb][vc_column css=\u00a0\u00bb.vc_custom_1632838782299{margin: 0px !important;padding: 0px !important;}\u00a0\u00bb][vc_row_inner][vc_column_inner]<style type=\"text\/css\" data-type=\"the7_shortcodes-inline-css\">#default-btn-80f0485e7d3dffe975c4223c4aa29520.ico-right-side > i {\n  margin-right: 0px;\n  margin-left: 8px;\n}\n#default-btn-80f0485e7d3dffe975c4223c4aa29520 > i {\n  margin-right: 8px;\n}\n<\/style><a href=\"https:\/\/www.franchise.biz\/fr\/ouvrir-une-franchise\/\" class=\"default-btn-shortcode dt-btn dt-btn-s link-hover-off franchise-opportunities openfranchise btn-inline-right \" id=\"default-btn-80f0485e7d3dffe975c4223c4aa29520\"><span>Ouvrir une franchise<\/span><\/a>[\/vc_column_inner][\/vc_row_inner][\/vc_column][\/vc_row][vc_row type=\u00a0\u00bbvc_default\u00a0\u00bb margin_top=\u00a0\u00bb0&Prime; css=\u00a0\u00bb.vc_custom_1632839594334{margin-top: -350px !important;margin-bottom: 80px !important;padding-top: 80px !important;}\u00a0\u00bb][vc_column width=\u00a0\u00bb5\/12&Prime; css=\u00a0\u00bb.vc_custom_1481816184469{padding-bottom: 40px !important;}\u00a0\u00bb offset=\u00a0\u00bbvc_col-lg-4 vc_col-md-4&Prime;][vc_single_image image=\u00a0\u00bb6825&Prime; img_size=\u00a0\u00bb300&#215;300&Prime; alignment=\u00a0\u00bbcenter\u00a0\u00bb style=\u00a0\u00bbvc_box_circle\u00a0\u00bb css=\u00a0\u00bb.vc_custom_1669235429996{padding-bottom: 30px !important;}\u00a0\u00bb image_hovers=\u00a0\u00bbfalse\u00a0\u00bb lazy_loading=\u00a0\u00bbtrue\u00a0\u00bb][\/vc_column][vc_column width=\u00a0\u00bb7\/12&Prime; offset=\u00a0\u00bbvc_col-lg-8 vc_col-md-8&Prime; css=\u00a0\u00bb.vc_custom_1632839580334{padding-right: 40px !important;}\u00a0\u00bb]<div id=\"ultimate-heading-574869f2f5127b9b4\" class=\"uvc-heading ult-adjust-bottom-margin ultimate-heading-574869f2f5127b9b4 uvc-8820 color-title accent-subtitle-color accent-border-color\" data-hspacer=\"no_spacer\"  data-halign=\"left\" style=\"text-align:left\"><div class=\"uvc-heading-spacer no_spacer\" style=\"top\"><\/div><div class=\"uvc-main-heading ult-responsive\"  data-ultimate-target='.uvc-heading.ultimate-heading-574869f2f5127b9b4 h2'  data-responsive-json-new='{\"font-size\":\"desktop:30px;\",\"line-height\":\"desktop:44px;\"}' ><h2 style=\"font-weight:bold;color:#e54326;margin-bottom:5px;\">Aude Chatel<\/h2><\/div><div class=\"uvc-sub-heading ult-responsive\"  data-ultimate-target='.uvc-heading.ultimate-heading-574869f2f5127b9b4 .uvc-sub-heading '  data-responsive-json-new='{\"font-size\":\"desktop:20px;\",\"line-height\":\"desktop:32px;\"}'  style=\"font-weight:normal;color:#757575;margin-bottom:25px;\"><span style=\"color: #757575;\">Localisation : Toulouse (FR)<\/span><\/p>\n<hr \/>\n<h5><strong><span style=\"color: #757575;\">Langue : Fran\u00e7ais<\/span><\/strong><\/h5>\n<p><\/div><\/div>[vc_column_text css=\u00a0\u00bb.vc_custom_1669235260365{padding-bottom: 50px !important;}\u00a0\u00bb]Aude est une consultante ind\u00e9pendante depuis plus de 3 ans, sp\u00e9cialis\u00e9e dans la gestion et l\u2019organisation des entreprises depuis plus de 20 ans. Elle poss\u00e8de une large exp\u00e9rience dans l\u2019assistance aux structures de toute taille et propose des solutions de gestion financi\u00e8re et comptable, assistance RH, organisation d\u2019\u00e9v\u00e8nement ou m\u00eame suivi commercial et administratif.<\/p>\n<p>Depuis d\u00e9cembre 2021, Aude accompagne FranchiseBiz sur les march\u00e9s francophones en d\u00e9veloppant le portefeuille de leads pour nos enseignes partenaires.[\/vc_column_text]<div id=\"ultimate-heading-921169f2f5127ba18\" class=\"uvc-heading ult-adjust-bottom-margin ultimate-heading-921169f2f5127ba18 uvc-614 color-title accent-border-color\" data-hspacer=\"no_spacer\"  data-halign=\"left\" style=\"text-align:left\"><div class=\"uvc-heading-spacer no_spacer\" style=\"top\"><\/div><div class=\"uvc-main-heading ult-responsive\"  data-ultimate-target='.uvc-heading.ultimate-heading-921169f2f5127ba18 p'  data-responsive-json-new='{\"font-size\":\"desktop:22px;\",\"line-height\":\"desktop:32px;\"}' ><p style=\"font-weight:bold;margin-bottom:20px;\">Contact Info<\/p><\/div><\/div>[vc_row_inner][vc_column_inner width=\u00a0\u00bb1\/3&Prime;][vc_column_text css=\u00a0\u00bb\u00a0\u00bb]<\/p>\n<p style=\"text-align: left;\"><strong><span class=\"color-title\">Email<\/span><\/strong><\/p>\n<p>[\/vc_column_text][\/vc_column_inner][vc_column_inner width=\u00a0\u00bb1\/3&Prime;][vc_column_text css=\u00a0\u00bb\u00a0\u00bb]<\/p>\n<p style=\"text-align: left;\"><strong><span class=\"color-title\">Num\u00e9ro de t\u00e9l\u00e9phone<\/span><\/strong><\/p>\n<p>[\/vc_column_text][\/vc_column_inner][vc_column_inner width=\u00a0\u00bb1\/3&Prime;]<div class=\"  uavc-icons \">\n<div class=\"aio-icon advanced \" data-animation=\"\" data-animation-delay=\"03\" style=\"color:#ffffff;background:#e54326;border-style:solid;border-color:;border-width:0px;width:36px;height:36px;line-height:36px;border-radius:500px;font-size:16px;margin-right:5px;\">\n\t<i class=\"icomoon-free-social-contact-16x16-linkedin2\"><\/i>\n<\/div><\/div>[\/vc_column_inner][\/vc_row_inner][\/vc_column][\/vc_row]<\/p>\n<\/div>","protected":false},"excerpt":{"rendered":"<p>[vc_row full_width=\u00a0\u00bbstretch_row_content\u00a0\u00bb css=\u00a0\u00bb.vc_custom_1632839068794{margin-top: 0px !important;margin-right: 0px !important;margin-bottom: 0px !important;margin-left: 0px !important;padding-top: 60px !important;padding-right: 0px !important;padding-bottom: 60px !important;padding-left: 0px !important;}\u00a0\u00bb][vc_column css=\u00a0\u00bb.vc_custom_1632838782299{margin: 0px !important;padding: 0px !important;}\u00a0\u00bb][vc_row_inner][vc_column_inner][\/vc_column_inner][\/vc_row_inner][\/vc_column][\/vc_row][vc_row type=\u00a0\u00bbvc_default\u00a0\u00bb margin_top=\u00a0\u00bb0&Prime; css=\u00a0\u00bb.vc_custom_1632839594334{margin-top: -350px !important;margin-bottom: 80px !important;padding-top: 80px !important;}\u00a0\u00bb][vc_column width=\u00a0\u00bb5\/12&Prime; css=\u00a0\u00bb.vc_custom_1481816184469{padding-bottom: 40px !important;}\u00a0\u00bb offset=\u00a0\u00bbvc_col-lg-4 vc_col-md-4&Prime;][vc_single_image image=\u00a0\u00bb6825&Prime; img_size=\u00a0\u00bb300&#215;300&Prime; alignment=\u00a0\u00bbcenter\u00a0\u00bb style=\u00a0\u00bbvc_box_circle\u00a0\u00bb css=\u00a0\u00bb.vc_custom_1669235429996{padding-bottom: 30px !important;}\u00a0\u00bb image_hovers=\u00a0\u00bbfalse\u00a0\u00bb lazy_loading=\u00a0\u00bbtrue\u00a0\u00bb][\/vc_column][vc_column width=\u00a0\u00bb7\/12&Prime; offset=\u00a0\u00bbvc_col-lg-8 vc_col-md-8&Prime; css=\u00a0\u00bb.vc_custom_1632839580334{padding-right: 40px !important;}\u00a0\u00bb][vc_column_text css=\u00a0\u00bb.vc_custom_1669235260365{padding-bottom:&hellip;<\/p>\n","protected":false},"author":2,"featured_media":6825,"parent":3265,"menu_order":10,"comment_status":"closed","ping_status":"closed","template":"","meta":{"inline_featured_image":false,"footnotes":""},"class_list":["post-6811","page","type-page","status-publish","has-post-thumbnail","hentry","description-off"],"yoast_head":"<!-- This site is optimized with the Yoast SEO plugin v25.5 - https:\/\/yoast.com\/wordpress\/plugins\/seo\/ -->\n<title>FranchiseBiz - Team - Aude Chatel<\/title>\n<meta name=\"description\" content=\"Aude est une consultante ind\u00e9pendante depuis plus de 3 ans, sp\u00e9cialis\u00e9e dans la gestion et l\u2019organisation des entreprises depuis plus de 20 ans. Elle poss\u00e8de une large exp\u00e9rience dans l\u2019assistance aux structures de toute taille et propose des solutions de gestion financi\u00e8re et comptable, assistance RH, organisation d\u2019\u00e9v\u00e8nement ou m\u00eame suivi commercial et administratif.\" \/>\n<meta name=\"robots\" content=\"noindex, nofollow\" \/>\n<meta property=\"og:locale\" content=\"fr_FR\" \/>\n<meta property=\"og:type\" content=\"article\" \/>\n<meta property=\"og:title\" content=\"FranchiseBiz - Team - Aude Chatel\" \/>\n<meta property=\"og:description\" content=\"Aude est une consultante ind\u00e9pendante depuis plus de 3 ans, sp\u00e9cialis\u00e9e dans la gestion et l\u2019organisation des entreprises depuis plus de 20 ans. Elle poss\u00e8de une large exp\u00e9rience dans l\u2019assistance aux structures de toute taille et propose des solutions de gestion financi\u00e8re et comptable, assistance RH, organisation d\u2019\u00e9v\u00e8nement ou m\u00eame suivi commercial et administratif.\" \/>\n<meta property=\"og:url\" content=\"https:\/\/www.franchise.biz\/fr\/a-propos\/aude-chatel\/\" \/>\n<meta property=\"og:site_name\" content=\"FranchiseBiz\" \/>\n<meta property=\"article:modified_time\" content=\"2025-05-22T07:51:13+00:00\" \/>\n<meta property=\"og:image\" content=\"https:\/\/www.franchise.biz\/wp-content\/uploads\/2022\/11\/Aude-Chatel.jpg\" \/>\n\t<meta property=\"og:image:width\" content=\"800\" \/>\n\t<meta property=\"og:image:height\" content=\"800\" \/>\n\t<meta property=\"og:image:type\" content=\"image\/jpeg\" \/>\n<meta name=\"twitter:card\" content=\"summary_large_image\" \/>\n<meta name=\"twitter:site\" content=\"@FBizOfficial\" \/>\n<meta name=\"twitter:label1\" content=\"Dur\u00e9e de lecture estim\u00e9e\" \/>\n\t<meta name=\"twitter:data1\" content=\"1 minute\" \/>\n<script type=\"application\/ld+json\" class=\"yoast-schema-graph\">{\"@context\":\"https:\/\/schema.org\",\"@graph\":[{\"@type\":\"WebPage\",\"@id\":\"https:\/\/www.franchise.biz\/fr\/a-propos\/aude-chatel\/\",\"url\":\"https:\/\/www.franchise.biz\/fr\/a-propos\/aude-chatel\/\",\"name\":\"FranchiseBiz - Team - Aude Chatel\",\"isPartOf\":{\"@id\":\"https:\/\/www.franchise.biz\/fr\/#website\"},\"primaryImageOfPage\":{\"@id\":\"https:\/\/www.franchise.biz\/fr\/a-propos\/aude-chatel\/#primaryimage\"},\"image\":{\"@id\":\"https:\/\/www.franchise.biz\/fr\/a-propos\/aude-chatel\/#primaryimage\"},\"thumbnailUrl\":\"https:\/\/www.franchise.biz\/wp-content\/uploads\/2022\/11\/Aude-Chatel.jpg\",\"datePublished\":\"2022-11-23T21:07:26+00:00\",\"dateModified\":\"2025-05-22T07:51:13+00:00\",\"description\":\"Aude est une consultante ind\u00e9pendante depuis plus de 3 ans, sp\u00e9cialis\u00e9e dans la gestion et l\u2019organisation des entreprises depuis plus de 20 ans. Elle poss\u00e8de une large exp\u00e9rience dans l\u2019assistance aux structures de toute taille et propose des solutions de gestion financi\u00e8re et comptable, assistance RH, organisation d\u2019\u00e9v\u00e8nement ou m\u00eame suivi commercial et administratif.\",\"breadcrumb\":{\"@id\":\"https:\/\/www.franchise.biz\/fr\/a-propos\/aude-chatel\/#breadcrumb\"},\"inLanguage\":\"fr-FR\",\"potentialAction\":[{\"@type\":\"ReadAction\",\"target\":[\"https:\/\/www.franchise.biz\/fr\/a-propos\/aude-chatel\/\"]}]},{\"@type\":\"ImageObject\",\"inLanguage\":\"fr-FR\",\"@id\":\"https:\/\/www.franchise.biz\/fr\/a-propos\/aude-chatel\/#primaryimage\",\"url\":\"https:\/\/www.franchise.biz\/wp-content\/uploads\/2022\/11\/Aude-Chatel.jpg\",\"contentUrl\":\"https:\/\/www.franchise.biz\/wp-content\/uploads\/2022\/11\/Aude-Chatel.jpg\",\"width\":800,\"height\":800},{\"@type\":\"BreadcrumbList\",\"@id\":\"https:\/\/www.franchise.biz\/fr\/a-propos\/aude-chatel\/#breadcrumb\",\"itemListElement\":[{\"@type\":\"ListItem\",\"position\":1,\"name\":\"Accueil\",\"item\":\"https:\/\/www.franchise.biz\/fr\/\"},{\"@type\":\"ListItem\",\"position\":2,\"name\":\"\u00c0 propos\",\"item\":\"https:\/\/www.franchise.biz\/fr\/a-propos\/\"},{\"@type\":\"ListItem\",\"position\":3,\"name\":\"Team Profile Aude Chatel\"}]},{\"@type\":\"WebSite\",\"@id\":\"https:\/\/www.franchise.biz\/fr\/#website\",\"url\":\"https:\/\/www.franchise.biz\/fr\/\",\"name\":\"FranchiseBiz\",\"description\":\"Empowering Franchise Growth Globally\",\"publisher\":{\"@id\":\"https:\/\/www.franchise.biz\/fr\/#organization\"},\"potentialAction\":[{\"@type\":\"SearchAction\",\"target\":{\"@type\":\"EntryPoint\",\"urlTemplate\":\"https:\/\/www.franchise.biz\/fr\/?s={search_term_string}\"},\"query-input\":{\"@type\":\"PropertyValueSpecification\",\"valueRequired\":true,\"valueName\":\"search_term_string\"}}],\"inLanguage\":\"fr-FR\"},{\"@type\":\"Organization\",\"@id\":\"https:\/\/www.franchise.biz\/fr\/#organization\",\"name\":\"FranchiseBiz\",\"url\":\"https:\/\/www.franchise.biz\/fr\/\",\"logo\":{\"@type\":\"ImageObject\",\"inLanguage\":\"fr-FR\",\"@id\":\"https:\/\/www.franchise.biz\/fr\/#\/schema\/logo\/image\/\",\"url\":\"https:\/\/www.franchise.biz\/wp-content\/uploads\/2021\/05\/logo.png\",\"contentUrl\":\"https:\/\/www.franchise.biz\/wp-content\/uploads\/2021\/05\/logo.png\",\"width\":1000,\"height\":1000,\"caption\":\"FranchiseBiz\"},\"image\":{\"@id\":\"https:\/\/www.franchise.biz\/fr\/#\/schema\/logo\/image\/\"},\"sameAs\":[\"https:\/\/x.com\/FBizOfficial\",\"https:\/\/www.linkedin.com\/company\/franchisebiz\/\"]}]}<\/script>\n<!-- \/ Yoast SEO plugin. -->","yoast_head_json":{"title":"FranchiseBiz - Team - Aude Chatel","description":"Aude est une consultante ind\u00e9pendante depuis plus de 3 ans, sp\u00e9cialis\u00e9e dans la gestion et l\u2019organisation des entreprises depuis plus de 20 ans. Elle poss\u00e8de une large exp\u00e9rience dans l\u2019assistance aux structures de toute taille et propose des solutions de gestion financi\u00e8re et comptable, assistance RH, organisation d\u2019\u00e9v\u00e8nement ou m\u00eame suivi commercial et administratif.","robots":{"index":"noindex","follow":"nofollow"},"og_locale":"fr_FR","og_type":"article","og_title":"FranchiseBiz - Team - Aude Chatel","og_description":"Aude est une consultante ind\u00e9pendante depuis plus de 3 ans, sp\u00e9cialis\u00e9e dans la gestion et l\u2019organisation des entreprises depuis plus de 20 ans. Elle poss\u00e8de une large exp\u00e9rience dans l\u2019assistance aux structures de toute taille et propose des solutions de gestion financi\u00e8re et comptable, assistance RH, organisation d\u2019\u00e9v\u00e8nement ou m\u00eame suivi commercial et administratif.","og_url":"https:\/\/www.franchise.biz\/fr\/a-propos\/aude-chatel\/","og_site_name":"FranchiseBiz","article_modified_time":"2025-05-22T07:51:13+00:00","og_image":[{"width":800,"height":800,"url":"https:\/\/www.franchise.biz\/wp-content\/uploads\/2022\/11\/Aude-Chatel.jpg","type":"image\/jpeg"}],"twitter_card":"summary_large_image","twitter_site":"@FBizOfficial","twitter_misc":{"Dur\u00e9e de lecture estim\u00e9e":"1 minute"},"schema":{"@context":"https:\/\/schema.org","@graph":[{"@type":"WebPage","@id":"https:\/\/www.franchise.biz\/fr\/a-propos\/aude-chatel\/","url":"https:\/\/www.franchise.biz\/fr\/a-propos\/aude-chatel\/","name":"FranchiseBiz - Team - Aude Chatel","isPartOf":{"@id":"https:\/\/www.franchise.biz\/fr\/#website"},"primaryImageOfPage":{"@id":"https:\/\/www.franchise.biz\/fr\/a-propos\/aude-chatel\/#primaryimage"},"image":{"@id":"https:\/\/www.franchise.biz\/fr\/a-propos\/aude-chatel\/#primaryimage"},"thumbnailUrl":"https:\/\/www.franchise.biz\/wp-content\/uploads\/2022\/11\/Aude-Chatel.jpg","datePublished":"2022-11-23T21:07:26+00:00","dateModified":"2025-05-22T07:51:13+00:00","description":"Aude est une consultante ind\u00e9pendante depuis plus de 3 ans, sp\u00e9cialis\u00e9e dans la gestion et l\u2019organisation des entreprises depuis plus de 20 ans. Elle poss\u00e8de une large exp\u00e9rience dans l\u2019assistance aux structures de toute taille et propose des solutions de gestion financi\u00e8re et comptable, assistance RH, organisation d\u2019\u00e9v\u00e8nement ou m\u00eame suivi commercial et administratif.","breadcrumb":{"@id":"https:\/\/www.franchise.biz\/fr\/a-propos\/aude-chatel\/#breadcrumb"},"inLanguage":"fr-FR","potentialAction":[{"@type":"ReadAction","target":["https:\/\/www.franchise.biz\/fr\/a-propos\/aude-chatel\/"]}]},{"@type":"ImageObject","inLanguage":"fr-FR","@id":"https:\/\/www.franchise.biz\/fr\/a-propos\/aude-chatel\/#primaryimage","url":"https:\/\/www.franchise.biz\/wp-content\/uploads\/2022\/11\/Aude-Chatel.jpg","contentUrl":"https:\/\/www.franchise.biz\/wp-content\/uploads\/2022\/11\/Aude-Chatel.jpg","width":800,"height":800},{"@type":"BreadcrumbList","@id":"https:\/\/www.franchise.biz\/fr\/a-propos\/aude-chatel\/#breadcrumb","itemListElement":[{"@type":"ListItem","position":1,"name":"Accueil","item":"https:\/\/www.franchise.biz\/fr\/"},{"@type":"ListItem","position":2,"name":"\u00c0 propos","item":"https:\/\/www.franchise.biz\/fr\/a-propos\/"},{"@type":"ListItem","position":3,"name":"Team Profile Aude Chatel"}]},{"@type":"WebSite","@id":"https:\/\/www.franchise.biz\/fr\/#website","url":"https:\/\/www.franchise.biz\/fr\/","name":"FranchiseBiz","description":"Empowering Franchise Growth Globally","publisher":{"@id":"https:\/\/www.franchise.biz\/fr\/#organization"},"potentialAction":[{"@type":"SearchAction","target":{"@type":"EntryPoint","urlTemplate":"https:\/\/www.franchise.biz\/fr\/?s={search_term_string}"},"query-input":{"@type":"PropertyValueSpecification","valueRequired":true,"valueName":"search_term_string"}}],"inLanguage":"fr-FR"},{"@type":"Organization","@id":"https:\/\/www.franchise.biz\/fr\/#organization","name":"FranchiseBiz","url":"https:\/\/www.franchise.biz\/fr\/","logo":{"@type":"ImageObject","inLanguage":"fr-FR","@id":"https:\/\/www.franchise.biz\/fr\/#\/schema\/logo\/image\/","url":"https:\/\/www.franchise.biz\/wp-content\/uploads\/2021\/05\/logo.png","contentUrl":"https:\/\/www.franchise.biz\/wp-content\/uploads\/2021\/05\/logo.png","width":1000,"height":1000,"caption":"FranchiseBiz"},"image":{"@id":"https:\/\/www.franchise.biz\/fr\/#\/schema\/logo\/image\/"},"sameAs":["https:\/\/x.com\/FBizOfficial","https:\/\/www.linkedin.com\/company\/franchisebiz\/"]}]}},"_links":{"self":[{"href":"https:\/\/www.franchise.biz\/fr\/wp-json\/wp\/v2\/pages\/6811"}],"collection":[{"href":"https:\/\/www.franchise.biz\/fr\/wp-json\/wp\/v2\/pages"}],"about":[{"href":"https:\/\/www.franchise.biz\/fr\/wp-json\/wp\/v2\/types\/page"}],"author":[{"embeddable":true,"href":"https:\/\/www.franchise.biz\/fr\/wp-json\/wp\/v2\/users\/2"}],"replies":[{"embeddable":true,"href":"https:\/\/www.franchise.biz\/fr\/wp-json\/wp\/v2\/comments?post=6811"}],"version-history":[{"count":8,"href":"https:\/\/www.franchise.biz\/fr\/wp-json\/wp\/v2\/pages\/6811\/revisions"}],"predecessor-version":[{"id":10201,"href":"https:\/\/www.franchise.biz\/fr\/wp-json\/wp\/v2\/pages\/6811\/revisions\/10201"}],"up":[{"embeddable":true,"href":"https:\/\/www.franchise.biz\/fr\/wp-json\/wp\/v2\/pages\/3265"}],"wp:featuredmedia":[{"embeddable":true,"href":"https:\/\/www.franchise.biz\/fr\/wp-json\/wp\/v2\/media\/6825"}],"wp:attachment":[{"href":"https:\/\/www.franchise.biz\/fr\/wp-json\/wp\/v2\/media?parent=6811"}],"curies":[{"name":"wp","href":"https:\/\/api.w.org\/{rel}","templated":true}]}}