{"id":9191,"date":"2024-01-29T11:57:46","date_gmt":"2024-01-29T10:57:46","guid":{"rendered":"https:\/\/www.franchise.biz\/?page_id=9191"},"modified":"2026-01-26T15:54:13","modified_gmt":"2026-01-26T14:54:13","slug":"team-profile-isabel-azevedo","status":"publish","type":"page","link":"https:\/\/www.franchise.biz\/fr\/a-propos\/team-profile-isabel-azevedo\/","title":{"rendered":"Team Profile Isabel Azevedo"},"content":{"rendered":"<div class=\"wpb-content-wrapper\"><p>[vc_row full_width=\u00a0\u00bbstretch_row_content\u00a0\u00bb css=\u00a0\u00bb.vc_custom_1632839068794{margin-top: 0px !important;margin-right: 0px !important;margin-bottom: 0px !important;margin-left: 0px !important;padding-top: 60px !important;padding-right: 0px !important;padding-bottom: 60px !important;padding-left: 0px !important;}\u00a0\u00bb][vc_column css=\u00a0\u00bb.vc_custom_1632838782299{margin: 0px !important;padding: 0px !important;}\u00a0\u00bb][vc_row_inner][vc_column_inner]<style type=\"text\/css\" data-type=\"the7_shortcodes-inline-css\">#default-btn-ee5de26d210427a2f2900b937283ed83.ico-right-side > i {\n  margin-right: 0px;\n  margin-left: 8px;\n}\n#default-btn-ee5de26d210427a2f2900b937283ed83 > i {\n  margin-right: 8px;\n}\n<\/style><a href=\"https:\/\/www.franchise.biz\/franchise-opportunities\/\" class=\"default-btn-shortcode dt-btn dt-btn-s link-hover-off franchise-opportunities openfranchise btn-inline-right \" id=\"default-btn-ee5de26d210427a2f2900b937283ed83\"><span>Open a Franchise<\/span><\/a>[\/vc_column_inner][\/vc_row_inner][\/vc_column][\/vc_row][vc_row type=\u00a0\u00bbvc_default\u00a0\u00bb margin_top=\u00a0\u00bb0&Prime; css=\u00a0\u00bb.vc_custom_1632839594334{margin-top: -350px !important;margin-bottom: 80px !important;padding-top: 80px !important;}\u00a0\u00bb][vc_column width=\u00a0\u00bb5\/12&Prime; css=\u00a0\u00bb.vc_custom_1481816184469{padding-bottom: 40px !important;}\u00a0\u00bb offset=\u00a0\u00bbvc_col-lg-4 vc_col-md-4&Prime;][vc_single_image image=\u00a0\u00bb10751&Prime; img_size=\u00a0\u00bb300&#215;300&Prime; alignment=\u00a0\u00bbcenter\u00a0\u00bb style=\u00a0\u00bbvc_box_circle\u00a0\u00bb css=\u00a0\u00bb.vc_custom_1769439215716{padding-bottom: 30px !important;}\u00a0\u00bb image_hovers=\u00a0\u00bbfalse\u00a0\u00bb lazy_loading=\u00a0\u00bbtrue\u00a0\u00bb][\/vc_column][vc_column width=\u00a0\u00bb7\/12&Prime; offset=\u00a0\u00bbvc_col-lg-8 vc_col-md-8&Prime; css=\u00a0\u00bb.vc_custom_1632839580334{padding-right: 40px !important;}\u00a0\u00bb]<div id=\"ultimate-heading-138369f60b7d43057\" class=\"uvc-heading ult-adjust-bottom-margin ultimate-heading-138369f60b7d43057 uvc-9290 color-title accent-subtitle-color accent-border-color\" data-hspacer=\"no_spacer\"  data-halign=\"left\" style=\"text-align:left\"><div class=\"uvc-heading-spacer no_spacer\" style=\"top\"><\/div><div class=\"uvc-main-heading ult-responsive\"  data-ultimate-target='.uvc-heading.ultimate-heading-138369f60b7d43057 h2'  data-responsive-json-new='{\"font-size\":\"desktop:30px;\",\"line-height\":\"desktop:44px;\"}' ><h2 style=\"font-weight:bold;color:#e54326;margin-bottom:5px;\">Isabel Azevedo<\/h2><\/div><div class=\"uvc-sub-heading ult-responsive\"  data-ultimate-target='.uvc-heading.ultimate-heading-138369f60b7d43057 .uvc-sub-heading '  data-responsive-json-new='{\"font-size\":\"desktop:20px;\",\"line-height\":\"desktop:32px;\"}'  style=\"font-weight:normal;color:#757575;margin-bottom:25px;\"><span style=\"color: #757575;\">Localisation : Porto (PT)<\/span><\/p>\n<hr \/>\n<h5><strong><span style=\"color: #757575;\">Langues : <\/span><\/strong><strong><span style=\"color: #757575;\">Portugais | Fran\u00e7ais | Anglais | Espagnol<\/span><\/strong><\/h5>\n<p><\/div><\/div>[vc_column_text css=\u00a0\u00bb.vc_custom_1706525548506{padding-bottom: 50px !important;}\u00a0\u00bb]Isabel est une experte du commerce de d\u00e9tail ax\u00e9e sur le d\u00e9veloppement franchise pour les march\u00e9s ib\u00e9riques (Espagne &amp; Portugal).<\/p>\n<p><span class=\"Y2IQFc\" lang=\"fr\">Dipl\u00f4m\u00e9 en \u00e9conomie de l\u2019Universit\u00e9 du Minho et d\u2019un dipl\u00f4me en commerce international de la Rotterdam Business School, <\/span>Isabel a d\u00e9but\u00e9 sa carri\u00e8re au c\u0153ur d&rsquo;une importante PME du secteur des appareils \u00e9lectrom\u00e9nagers, pr\u00e8s de Porto, le village o\u00f9 elle a grandi.<\/p>\n<p>Au cours de ses 15 ans de carri\u00e8re dans le retail, dont 12 ax\u00e9s sur l&rsquo;international, Isabel a occup\u00e9 divers postes de haute responsabilit\u00e9 et a travaill\u00e9 dans trois pays diff\u00e9rents pour plusieurs marques mondiales reconnues.<\/p>\n<p>Isabel a commenc\u00e9 sa carri\u00e8re professionnelle dans la franchise en 2013 au sein de la division Franchise Internationale de Kiabi, o\u00f9 elle \u00e9tait responsable de tous les \u00e9changes op\u00e9rationnels pour les magasins franchis\u00e9s Kiabi au Portugal. Gr\u00e2ce \u00e0 des progr\u00e8s significatifs, Isabel a jou\u00e9 un r\u00f4le cl\u00e9 dans l&rsquo;ouverture du si\u00e8ge de Kiabi Portugal en 2016, un projet qu&rsquo;elle a men\u00e9 depuis Lisbonne.<\/p>\n<p>Depuis 2020, Isabel si\u00e8ge au conseil d&rsquo;administration en tant que Directrice de Kiabi pour les projets de partenariats internationaux, en pilotant un plan d&rsquo;affaires total sur 3 ans de 230 millions d&rsquo;euros couvrant 5 pays et 61 nouveaux magasins partenaires.[\/vc_column_text]<div id=\"ultimate-heading-419969f60b7d430bd\" class=\"uvc-heading ult-adjust-bottom-margin ultimate-heading-419969f60b7d430bd uvc-6566 color-title accent-border-color\" data-hspacer=\"no_spacer\"  data-halign=\"left\" style=\"text-align:left\"><div class=\"uvc-heading-spacer no_spacer\" style=\"top\"><\/div><div class=\"uvc-main-heading ult-responsive\"  data-ultimate-target='.uvc-heading.ultimate-heading-419969f60b7d430bd p'  data-responsive-json-new='{\"font-size\":\"desktop:22px;\",\"line-height\":\"desktop:32px;\"}' ><p style=\"font-weight:bold;margin-bottom:20px;\">Contact Info<\/p><\/div><\/div>[vc_row_inner][vc_column_inner width=\u00a0\u00bb1\/2&Prime;][vc_column_text css=\u00a0\u00bb\u00a0\u00bb]<\/p>\n<p style=\"text-align: left;\"><strong><span class=\"color-title\">Email<\/span><\/strong><br \/>\n<a href=\"mailto:contact@franchise.biz\">contact@franchise.biz<\/a><\/p>\n<p>[\/vc_column_text][\/vc_column_inner][vc_column_inner width=\u00a0\u00bb1\/2&Prime;]<div class=\"  uavc-icons \">\n<a class=\"aio-tooltip 69f60b7d43257\" href=\"https:\/\/www.linkedin.com\/in\/maria-isabel-azevedo\/\" target=\"_blank\" rel=\"noopener\"  data-toggle=\"tooltip\" data-placement=\"\" title=\"\"><div class=\"aio-icon advanced \" data-animation=\"\" data-animation-delay=\"03\" style=\"color:#ffffff;background:#e54326;border-style:solid;border-color:;border-width:0px;width:36px;height:36px;line-height:36px;border-radius:500px;font-size:16px;margin-right:5px;\">\n\t<i class=\"icomoon-free-social-contact-16x16-linkedin2\"><\/i>\n<\/div><\/a><\/div>[\/vc_column_inner][\/vc_row_inner][\/vc_column][\/vc_row]<\/p>\n<\/div>","protected":false},"excerpt":{"rendered":"<p>[vc_row full_width=\u00a0\u00bbstretch_row_content\u00a0\u00bb css=\u00a0\u00bb.vc_custom_1632839068794{margin-top: 0px !important;margin-right: 0px !important;margin-bottom: 0px !important;margin-left: 0px !important;padding-top: 60px !important;padding-right: 0px !important;padding-bottom: 60px !important;padding-left: 0px !important;}\u00a0\u00bb][vc_column css=\u00a0\u00bb.vc_custom_1632838782299{margin: 0px !important;padding: 0px !important;}\u00a0\u00bb][vc_row_inner][vc_column_inner][\/vc_column_inner][\/vc_row_inner][\/vc_column][\/vc_row][vc_row type=\u00a0\u00bbvc_default\u00a0\u00bb margin_top=\u00a0\u00bb0&Prime; css=\u00a0\u00bb.vc_custom_1632839594334{margin-top: -350px !important;margin-bottom: 80px !important;padding-top: 80px !important;}\u00a0\u00bb][vc_column width=\u00a0\u00bb5\/12&Prime; css=\u00a0\u00bb.vc_custom_1481816184469{padding-bottom: 40px !important;}\u00a0\u00bb offset=\u00a0\u00bbvc_col-lg-4 vc_col-md-4&Prime;][vc_single_image image=\u00a0\u00bb10751&Prime; img_size=\u00a0\u00bb300&#215;300&Prime; alignment=\u00a0\u00bbcenter\u00a0\u00bb style=\u00a0\u00bbvc_box_circle\u00a0\u00bb css=\u00a0\u00bb.vc_custom_1769439215716{padding-bottom: 30px !important;}\u00a0\u00bb image_hovers=\u00a0\u00bbfalse\u00a0\u00bb lazy_loading=\u00a0\u00bbtrue\u00a0\u00bb][\/vc_column][vc_column width=\u00a0\u00bb7\/12&Prime; offset=\u00a0\u00bbvc_col-lg-8 vc_col-md-8&Prime; css=\u00a0\u00bb.vc_custom_1632839580334{padding-right: 40px !important;}\u00a0\u00bb][vc_column_text css=\u00a0\u00bb.vc_custom_1706525548506{padding-bottom:&hellip;<\/p>\n","protected":false},"author":2,"featured_media":10751,"parent":3265,"menu_order":10,"comment_status":"closed","ping_status":"closed","template":"","meta":{"inline_featured_image":false,"footnotes":""},"class_list":["post-9191","page","type-page","status-publish","has-post-thumbnail","hentry","description-off"],"yoast_head":"<!-- This site is optimized with the Yoast SEO plugin v25.5 - https:\/\/yoast.com\/wordpress\/plugins\/seo\/ -->\n<title>FranchiseBiz Team | Isabel Azevedo<\/title>\n<meta name=\"description\" content=\"Isabel est une experte du commerce de d\u00e9tail ax\u00e9e sur le d\u00e9veloppement franchise pour les march\u00e9s ib\u00e9riques (Espagne &amp; Portugal).\" \/>\n<meta name=\"robots\" content=\"index, follow, max-snippet:-1, max-image-preview:large, max-video-preview:-1\" \/>\n<link rel=\"canonical\" href=\"https:\/\/www.franchise.biz\/fr\/a-propos\/team-profile-isabel-azevedo\/\" \/>\n<meta property=\"og:locale\" content=\"fr_FR\" \/>\n<meta property=\"og:type\" content=\"article\" \/>\n<meta property=\"og:title\" content=\"FranchiseBiz Team | Isabel Azevedo\" \/>\n<meta property=\"og:description\" content=\"Isabel est une experte du commerce de d\u00e9tail ax\u00e9e sur le d\u00e9veloppement franchise pour les march\u00e9s ib\u00e9riques (Espagne &amp; Portugal).\" \/>\n<meta property=\"og:url\" content=\"https:\/\/www.franchise.biz\/fr\/a-propos\/team-profile-isabel-azevedo\/\" \/>\n<meta property=\"og:site_name\" content=\"FranchiseBiz\" \/>\n<meta property=\"article:modified_time\" content=\"2026-01-26T14:54:13+00:00\" \/>\n<meta property=\"og:image\" content=\"https:\/\/www.franchise.biz\/wp-content\/uploads\/2024\/01\/1683199264194.jpg\" \/>\n\t<meta property=\"og:image:width\" content=\"800\" \/>\n\t<meta property=\"og:image:height\" content=\"800\" \/>\n\t<meta property=\"og:image:type\" content=\"image\/jpeg\" \/>\n<meta name=\"twitter:card\" content=\"summary_large_image\" \/>\n<meta name=\"twitter:title\" content=\"FranchiseBiz Team | Isabel Azevedo\" \/>\n<meta name=\"twitter:description\" content=\"Isabel est une experte du commerce de d\u00e9tail ax\u00e9e sur le d\u00e9veloppement franchise pour les march\u00e9s ib\u00e9riques (Espagne &amp; Portugal).\" \/>\n<meta name=\"twitter:image\" content=\"https:\/\/www.franchise.biz\/wp-content\/uploads\/2024\/01\/1683199264194.jpg\" \/>\n<meta name=\"twitter:site\" content=\"@FBizOfficial\" \/>\n<meta name=\"twitter:label1\" content=\"Dur\u00e9e de lecture estim\u00e9e\" \/>\n\t<meta name=\"twitter:data1\" content=\"1 minute\" \/>\n<script type=\"application\/ld+json\" class=\"yoast-schema-graph\">{\"@context\":\"https:\/\/schema.org\",\"@graph\":[{\"@type\":\"WebPage\",\"@id\":\"https:\/\/www.franchise.biz\/fr\/a-propos\/team-profile-isabel-azevedo\/\",\"url\":\"https:\/\/www.franchise.biz\/fr\/a-propos\/team-profile-isabel-azevedo\/\",\"name\":\"FranchiseBiz Team | Isabel Azevedo\",\"isPartOf\":{\"@id\":\"https:\/\/www.franchise.biz\/fr\/#website\"},\"primaryImageOfPage\":{\"@id\":\"https:\/\/www.franchise.biz\/fr\/a-propos\/team-profile-isabel-azevedo\/#primaryimage\"},\"image\":{\"@id\":\"https:\/\/www.franchise.biz\/fr\/a-propos\/team-profile-isabel-azevedo\/#primaryimage\"},\"thumbnailUrl\":\"https:\/\/www.franchise.biz\/wp-content\/uploads\/2026\/01\/ISAZ.jpg\",\"datePublished\":\"2024-01-29T10:57:46+00:00\",\"dateModified\":\"2026-01-26T14:54:13+00:00\",\"description\":\"Isabel est une experte du commerce de d\u00e9tail ax\u00e9e sur le d\u00e9veloppement franchise pour les march\u00e9s ib\u00e9riques (Espagne & Portugal).\",\"breadcrumb\":{\"@id\":\"https:\/\/www.franchise.biz\/fr\/a-propos\/team-profile-isabel-azevedo\/#breadcrumb\"},\"inLanguage\":\"fr-FR\",\"potentialAction\":[{\"@type\":\"ReadAction\",\"target\":[\"https:\/\/www.franchise.biz\/fr\/a-propos\/team-profile-isabel-azevedo\/\"]}]},{\"@type\":\"ImageObject\",\"inLanguage\":\"fr-FR\",\"@id\":\"https:\/\/www.franchise.biz\/fr\/a-propos\/team-profile-isabel-azevedo\/#primaryimage\",\"url\":\"https:\/\/www.franchise.biz\/wp-content\/uploads\/2026\/01\/ISAZ.jpg\",\"contentUrl\":\"https:\/\/www.franchise.biz\/wp-content\/uploads\/2026\/01\/ISAZ.jpg\",\"width\":800,\"height\":800,\"caption\":\"Isabel Azevedo\"},{\"@type\":\"BreadcrumbList\",\"@id\":\"https:\/\/www.franchise.biz\/fr\/a-propos\/team-profile-isabel-azevedo\/#breadcrumb\",\"itemListElement\":[{\"@type\":\"ListItem\",\"position\":1,\"name\":\"Accueil\",\"item\":\"https:\/\/www.franchise.biz\/fr\/\"},{\"@type\":\"ListItem\",\"position\":2,\"name\":\"\u00c0 propos\",\"item\":\"https:\/\/www.franchise.biz\/fr\/a-propos\/\"},{\"@type\":\"ListItem\",\"position\":3,\"name\":\"Team Profile Isabel Azevedo\"}]},{\"@type\":\"WebSite\",\"@id\":\"https:\/\/www.franchise.biz\/fr\/#website\",\"url\":\"https:\/\/www.franchise.biz\/fr\/\",\"name\":\"FranchiseBiz\",\"description\":\"Empowering Franchise Growth Globally\",\"publisher\":{\"@id\":\"https:\/\/www.franchise.biz\/fr\/#organization\"},\"potentialAction\":[{\"@type\":\"SearchAction\",\"target\":{\"@type\":\"EntryPoint\",\"urlTemplate\":\"https:\/\/www.franchise.biz\/fr\/?s={search_term_string}\"},\"query-input\":{\"@type\":\"PropertyValueSpecification\",\"valueRequired\":true,\"valueName\":\"search_term_string\"}}],\"inLanguage\":\"fr-FR\"},{\"@type\":\"Organization\",\"@id\":\"https:\/\/www.franchise.biz\/fr\/#organization\",\"name\":\"FranchiseBiz\",\"url\":\"https:\/\/www.franchise.biz\/fr\/\",\"logo\":{\"@type\":\"ImageObject\",\"inLanguage\":\"fr-FR\",\"@id\":\"https:\/\/www.franchise.biz\/fr\/#\/schema\/logo\/image\/\",\"url\":\"https:\/\/www.franchise.biz\/wp-content\/uploads\/2021\/05\/logo.png\",\"contentUrl\":\"https:\/\/www.franchise.biz\/wp-content\/uploads\/2021\/05\/logo.png\",\"width\":1000,\"height\":1000,\"caption\":\"FranchiseBiz\"},\"image\":{\"@id\":\"https:\/\/www.franchise.biz\/fr\/#\/schema\/logo\/image\/\"},\"sameAs\":[\"https:\/\/x.com\/FBizOfficial\",\"https:\/\/www.linkedin.com\/company\/franchisebiz\/\"]}]}<\/script>\n<!-- \/ Yoast SEO plugin. -->","yoast_head_json":{"title":"FranchiseBiz Team | Isabel Azevedo","description":"Isabel est une experte du commerce de d\u00e9tail ax\u00e9e sur le d\u00e9veloppement franchise pour les march\u00e9s ib\u00e9riques (Espagne & Portugal).","robots":{"index":"index","follow":"follow","max-snippet":"max-snippet:-1","max-image-preview":"max-image-preview:large","max-video-preview":"max-video-preview:-1"},"canonical":"https:\/\/www.franchise.biz\/fr\/a-propos\/team-profile-isabel-azevedo\/","og_locale":"fr_FR","og_type":"article","og_title":"FranchiseBiz Team | Isabel Azevedo","og_description":"Isabel est une experte du commerce de d\u00e9tail ax\u00e9e sur le d\u00e9veloppement franchise pour les march\u00e9s ib\u00e9riques (Espagne & Portugal).","og_url":"https:\/\/www.franchise.biz\/fr\/a-propos\/team-profile-isabel-azevedo\/","og_site_name":"FranchiseBiz","article_modified_time":"2026-01-26T14:54:13+00:00","og_image":[{"width":800,"height":800,"url":"https:\/\/www.franchise.biz\/wp-content\/uploads\/2024\/01\/1683199264194.jpg","type":"image\/jpeg"}],"twitter_card":"summary_large_image","twitter_title":"FranchiseBiz Team | Isabel Azevedo","twitter_description":"Isabel est une experte du commerce de d\u00e9tail ax\u00e9e sur le d\u00e9veloppement franchise pour les march\u00e9s ib\u00e9riques (Espagne & Portugal).","twitter_image":"https:\/\/www.franchise.biz\/wp-content\/uploads\/2024\/01\/1683199264194.jpg","twitter_site":"@FBizOfficial","twitter_misc":{"Dur\u00e9e de lecture estim\u00e9e":"1 minute"},"schema":{"@context":"https:\/\/schema.org","@graph":[{"@type":"WebPage","@id":"https:\/\/www.franchise.biz\/fr\/a-propos\/team-profile-isabel-azevedo\/","url":"https:\/\/www.franchise.biz\/fr\/a-propos\/team-profile-isabel-azevedo\/","name":"FranchiseBiz Team | Isabel Azevedo","isPartOf":{"@id":"https:\/\/www.franchise.biz\/fr\/#website"},"primaryImageOfPage":{"@id":"https:\/\/www.franchise.biz\/fr\/a-propos\/team-profile-isabel-azevedo\/#primaryimage"},"image":{"@id":"https:\/\/www.franchise.biz\/fr\/a-propos\/team-profile-isabel-azevedo\/#primaryimage"},"thumbnailUrl":"https:\/\/www.franchise.biz\/wp-content\/uploads\/2026\/01\/ISAZ.jpg","datePublished":"2024-01-29T10:57:46+00:00","dateModified":"2026-01-26T14:54:13+00:00","description":"Isabel est une experte du commerce de d\u00e9tail ax\u00e9e sur le d\u00e9veloppement franchise pour les march\u00e9s ib\u00e9riques (Espagne & Portugal).","breadcrumb":{"@id":"https:\/\/www.franchise.biz\/fr\/a-propos\/team-profile-isabel-azevedo\/#breadcrumb"},"inLanguage":"fr-FR","potentialAction":[{"@type":"ReadAction","target":["https:\/\/www.franchise.biz\/fr\/a-propos\/team-profile-isabel-azevedo\/"]}]},{"@type":"ImageObject","inLanguage":"fr-FR","@id":"https:\/\/www.franchise.biz\/fr\/a-propos\/team-profile-isabel-azevedo\/#primaryimage","url":"https:\/\/www.franchise.biz\/wp-content\/uploads\/2026\/01\/ISAZ.jpg","contentUrl":"https:\/\/www.franchise.biz\/wp-content\/uploads\/2026\/01\/ISAZ.jpg","width":800,"height":800,"caption":"Isabel Azevedo"},{"@type":"BreadcrumbList","@id":"https:\/\/www.franchise.biz\/fr\/a-propos\/team-profile-isabel-azevedo\/#breadcrumb","itemListElement":[{"@type":"ListItem","position":1,"name":"Accueil","item":"https:\/\/www.franchise.biz\/fr\/"},{"@type":"ListItem","position":2,"name":"\u00c0 propos","item":"https:\/\/www.franchise.biz\/fr\/a-propos\/"},{"@type":"ListItem","position":3,"name":"Team Profile Isabel Azevedo"}]},{"@type":"WebSite","@id":"https:\/\/www.franchise.biz\/fr\/#website","url":"https:\/\/www.franchise.biz\/fr\/","name":"FranchiseBiz","description":"Empowering Franchise Growth Globally","publisher":{"@id":"https:\/\/www.franchise.biz\/fr\/#organization"},"potentialAction":[{"@type":"SearchAction","target":{"@type":"EntryPoint","urlTemplate":"https:\/\/www.franchise.biz\/fr\/?s={search_term_string}"},"query-input":{"@type":"PropertyValueSpecification","valueRequired":true,"valueName":"search_term_string"}}],"inLanguage":"fr-FR"},{"@type":"Organization","@id":"https:\/\/www.franchise.biz\/fr\/#organization","name":"FranchiseBiz","url":"https:\/\/www.franchise.biz\/fr\/","logo":{"@type":"ImageObject","inLanguage":"fr-FR","@id":"https:\/\/www.franchise.biz\/fr\/#\/schema\/logo\/image\/","url":"https:\/\/www.franchise.biz\/wp-content\/uploads\/2021\/05\/logo.png","contentUrl":"https:\/\/www.franchise.biz\/wp-content\/uploads\/2021\/05\/logo.png","width":1000,"height":1000,"caption":"FranchiseBiz"},"image":{"@id":"https:\/\/www.franchise.biz\/fr\/#\/schema\/logo\/image\/"},"sameAs":["https:\/\/x.com\/FBizOfficial","https:\/\/www.linkedin.com\/company\/franchisebiz\/"]}]}},"_links":{"self":[{"href":"https:\/\/www.franchise.biz\/fr\/wp-json\/wp\/v2\/pages\/9191"}],"collection":[{"href":"https:\/\/www.franchise.biz\/fr\/wp-json\/wp\/v2\/pages"}],"about":[{"href":"https:\/\/www.franchise.biz\/fr\/wp-json\/wp\/v2\/types\/page"}],"author":[{"embeddable":true,"href":"https:\/\/www.franchise.biz\/fr\/wp-json\/wp\/v2\/users\/2"}],"replies":[{"embeddable":true,"href":"https:\/\/www.franchise.biz\/fr\/wp-json\/wp\/v2\/comments?post=9191"}],"version-history":[{"count":5,"href":"https:\/\/www.franchise.biz\/fr\/wp-json\/wp\/v2\/pages\/9191\/revisions"}],"predecessor-version":[{"id":10758,"href":"https:\/\/www.franchise.biz\/fr\/wp-json\/wp\/v2\/pages\/9191\/revisions\/10758"}],"up":[{"embeddable":true,"href":"https:\/\/www.franchise.biz\/fr\/wp-json\/wp\/v2\/pages\/3265"}],"wp:featuredmedia":[{"embeddable":true,"href":"https:\/\/www.franchise.biz\/fr\/wp-json\/wp\/v2\/media\/10751"}],"wp:attachment":[{"href":"https:\/\/www.franchise.biz\/fr\/wp-json\/wp\/v2\/media?parent=9191"}],"curies":[{"name":"wp","href":"https:\/\/api.w.org\/{rel}","templated":true}]}}