{"id":9744,"date":"2024-10-29T16:42:56","date_gmt":"2024-10-29T15:42:56","guid":{"rendered":"https:\/\/www.franchise.biz\/?page_id=9744"},"modified":"2024-10-29T16:42:57","modified_gmt":"2024-10-29T15:42:57","slug":"devenez-franchise-dreams-donuts","status":"publish","type":"page","link":"https:\/\/www.franchise.biz\/fr\/devenez-franchise-dreams-donuts\/","title":{"rendered":"Devenez Franchis\u00e9 Dreams Donuts"},"content":{"rendered":"<div class=\"wpb-content-wrapper\"><p>[vc_row css=\u00a0\u00bb.vc_custom_1589820393947{padding-top: 60px !important;}\u00a0\u00bb][vc_column][vc_single_image image=\u00a0\u00bb9624&Prime; alignment=\u00a0\u00bbcenter\u00a0\u00bb css=\u00a0\u00bb\u00a0\u00bb][\/vc_column][\/vc_row][vc_row css=\u00a0\u00bb.vc_custom_1641814908111{padding-top: 30px !important;background-color: #f7f7f7 !important;}\u00a0\u00bb el_id=\u00a0\u00bbform\u00a0\u00bb][vc_column]<div id=\"ultimate-heading-520069fa27e541ac7\" class=\"uvc-heading ult-adjust-bottom-margin ultimate-heading-520069fa27e541ac7 uvc-9258 accent-border-color\" data-hspacer=\"no_spacer\"  data-halign=\"center\" style=\"text-align:center\"><div class=\"uvc-heading-spacer no_spacer\" style=\"top\"><\/div><div class=\"uvc-main-heading ult-responsive\"  data-ultimate-target='.uvc-heading.ultimate-heading-520069fa27e541ac7 h2'  data-responsive-json-new='{\"font-size\":\"desktop:30px;\",\"line-height\":\"desktop:38px;\"}' ><h2 style=\"font-weight:normal;color:#e54326;\">Devenez Franchis\u00e9 Dreams Donuts<\/h2><\/div><div class=\"uvc-sub-heading ult-responsive\"  data-ultimate-target='.uvc-heading.ultimate-heading-520069fa27e541ac7 .uvc-sub-heading '  data-responsive-json-new='{\"font-size\":\"\",\"line-height\":\"\"}'  style=\"font-weight:normal;\"><\/p>\n<h4 style=\"text-align: center;\"><span style=\"font-size: 12pt;\">Compl\u00e9tez le formulaire et d\u00e9couvrez les opportunit\u00e9s propos\u00e9es par Dreams Donuts !<\/span><\/h4>\n<p><\/div><\/div>[vc_column_text css=\u00a0\u00bb\u00a0\u00bb]<iframe style=\"height: 1500px; width: 99%; border: none;\" src=\"https:\/\/forms.zohopublic.eu\/FranchiseBiz\/form\/FormulairedecandidatureDreamsDonutsFR\/formperma\/e3vbzVeBt2it-MUzeJfnrI0ggff5djMqDRzRdvqKFzg\" frameborder=\"0\" aria-label=\"Formulaire de candidature Dreams Donuts FR\"><\/iframe>[\/vc_column_text][\/vc_column][\/vc_row][vc_row][vc_column][vc_empty_space height=\u00a0\u00bb75px\u00a0\u00bb][\/vc_column][\/vc_row]<\/p>\n<\/div>","protected":false},"excerpt":{"rendered":"<p>[vc_row css=\u00a0\u00bb.vc_custom_1589820393947{padding-top: 60px !important;}\u00a0\u00bb][vc_column][vc_single_image image=\u00a0\u00bb9624&Prime; alignment=\u00a0\u00bbcenter\u00a0\u00bb css=\u00a0\u00bb\u00a0\u00bb][\/vc_column][\/vc_row][vc_row css=\u00a0\u00bb.vc_custom_1641814908111{padding-top: 30px !important;background-color: #f7f7f7 !important;}\u00a0\u00bb el_id=\u00a0\u00bbform\u00a0\u00bb][vc_column][vc_column_text css=\u00a0\u00bb\u00a0\u00bb][\/vc_column_text][\/vc_column][\/vc_row][vc_row][vc_column][vc_empty_space height=\u00a0\u00bb75px\u00a0\u00bb][\/vc_column][\/vc_row]<\/p>\n","protected":false},"author":2,"featured_media":9447,"parent":0,"menu_order":0,"comment_status":"closed","ping_status":"closed","template":"template-microsite.php","meta":{"inline_featured_image":false,"footnotes":""},"class_list":["post-9744","page","type-page","status-publish","has-post-thumbnail","hentry","description-off"],"yoast_head":"<!-- This site is optimized with the Yoast SEO plugin v25.5 - https:\/\/yoast.com\/wordpress\/plugins\/seo\/ -->\n<title>Devenez Franchis\u00e9 Dreams Donuts<\/title>\n<meta name=\"description\" content=\"Dreams Donuts propose de d\u00e9licieux donuts faits main, pr\u00e9par\u00e9s avec des ingr\u00e9dients de haute qualit\u00e9 et \u00e0 un prix abordable. Demandez plus d\u2019informations d\u00e8s aujourd\u2019hui !\" \/>\n<meta name=\"robots\" content=\"index, follow, max-snippet:-1, max-image-preview:large, max-video-preview:-1\" \/>\n<link rel=\"canonical\" href=\"https:\/\/www.franchise.biz\/fr\/devenez-franchise-dreams-donuts\/\" \/>\n<meta property=\"og:locale\" content=\"fr_FR\" \/>\n<meta property=\"og:type\" content=\"article\" \/>\n<meta property=\"og:title\" content=\"Devenez Franchis\u00e9 Dreams Donuts\" \/>\n<meta property=\"og:description\" content=\"Dreams Donuts propose de d\u00e9licieux donuts faits main, pr\u00e9par\u00e9s avec des ingr\u00e9dients de haute qualit\u00e9 et \u00e0 un prix abordable. Demandez plus d\u2019informations d\u00e8s aujourd\u2019hui !\" \/>\n<meta property=\"og:url\" content=\"https:\/\/www.franchise.biz\/fr\/devenez-franchise-dreams-donuts\/\" \/>\n<meta property=\"og:site_name\" content=\"FranchiseBiz\" \/>\n<meta property=\"article:modified_time\" content=\"2024-10-29T15:42:57+00:00\" \/>\n<meta property=\"og:image\" content=\"https:\/\/www.franchise.biz\/wp-content\/uploads\/2024\/09\/Dreams-Donuts-Franchise-2-1.png\" \/>\n\t<meta property=\"og:image:width\" content=\"148\" \/>\n\t<meta property=\"og:image:height\" content=\"104\" \/>\n\t<meta property=\"og:image:type\" content=\"image\/png\" \/>\n<meta name=\"twitter:card\" content=\"summary_large_image\" \/>\n<meta name=\"twitter:title\" content=\"Devenez Franchis\u00e9 Dreams Donuts\" \/>\n<meta name=\"twitter:description\" content=\"Dreams Donuts propose de d\u00e9licieux donuts faits main, pr\u00e9par\u00e9s avec des ingr\u00e9dients de haute qualit\u00e9 et \u00e0 un prix abordable. Demandez plus d\u2019informations d\u00e8s aujourd\u2019hui !\" \/>\n<meta name=\"twitter:image\" content=\"https:\/\/www.franchise.biz\/wp-content\/uploads\/2024\/09\/Dreams-Donuts-Franchise-2-1.png\" \/>\n<meta name=\"twitter:site\" content=\"@FBizOfficial\" \/>\n<meta name=\"twitter:label1\" content=\"Dur\u00e9e de lecture estim\u00e9e\" \/>\n\t<meta name=\"twitter:data1\" content=\"1 minute\" \/>\n<script type=\"application\/ld+json\" class=\"yoast-schema-graph\">{\"@context\":\"https:\/\/schema.org\",\"@graph\":[{\"@type\":\"WebPage\",\"@id\":\"https:\/\/www.franchise.biz\/fr\/devenez-franchise-dreams-donuts\/\",\"url\":\"https:\/\/www.franchise.biz\/fr\/devenez-franchise-dreams-donuts\/\",\"name\":\"Devenez Franchis\u00e9 Dreams Donuts\",\"isPartOf\":{\"@id\":\"https:\/\/www.franchise.biz\/fr\/#website\"},\"primaryImageOfPage\":{\"@id\":\"https:\/\/www.franchise.biz\/fr\/devenez-franchise-dreams-donuts\/#primaryimage\"},\"image\":{\"@id\":\"https:\/\/www.franchise.biz\/fr\/devenez-franchise-dreams-donuts\/#primaryimage\"},\"thumbnailUrl\":\"https:\/\/www.franchise.biz\/wp-content\/uploads\/2024\/08\/Dreams-Donuts-Franchise-2.png\",\"datePublished\":\"2024-10-29T15:42:56+00:00\",\"dateModified\":\"2024-10-29T15:42:57+00:00\",\"description\":\"Dreams Donuts propose de d\u00e9licieux donuts faits main, pr\u00e9par\u00e9s avec des ingr\u00e9dients de haute qualit\u00e9 et \u00e0 un prix abordable. Demandez plus d\u2019informations d\u00e8s aujourd\u2019hui !\",\"breadcrumb\":{\"@id\":\"https:\/\/www.franchise.biz\/fr\/devenez-franchise-dreams-donuts\/#breadcrumb\"},\"inLanguage\":\"fr-FR\",\"potentialAction\":[{\"@type\":\"ReadAction\",\"target\":[\"https:\/\/www.franchise.biz\/fr\/devenez-franchise-dreams-donuts\/\"]}]},{\"@type\":\"ImageObject\",\"inLanguage\":\"fr-FR\",\"@id\":\"https:\/\/www.franchise.biz\/fr\/devenez-franchise-dreams-donuts\/#primaryimage\",\"url\":\"https:\/\/www.franchise.biz\/wp-content\/uploads\/2024\/08\/Dreams-Donuts-Franchise-2.png\",\"contentUrl\":\"https:\/\/www.franchise.biz\/wp-content\/uploads\/2024\/08\/Dreams-Donuts-Franchise-2.png\",\"width\":296,\"height\":208},{\"@type\":\"BreadcrumbList\",\"@id\":\"https:\/\/www.franchise.biz\/fr\/devenez-franchise-dreams-donuts\/#breadcrumb\",\"itemListElement\":[{\"@type\":\"ListItem\",\"position\":1,\"name\":\"Accueil\",\"item\":\"https:\/\/www.franchise.biz\/fr\/\"},{\"@type\":\"ListItem\",\"position\":2,\"name\":\"Devenez Franchis\u00e9 Dreams Donuts\"}]},{\"@type\":\"WebSite\",\"@id\":\"https:\/\/www.franchise.biz\/fr\/#website\",\"url\":\"https:\/\/www.franchise.biz\/fr\/\",\"name\":\"FranchiseBiz\",\"description\":\"Empowering Franchise Growth Globally\",\"publisher\":{\"@id\":\"https:\/\/www.franchise.biz\/fr\/#organization\"},\"potentialAction\":[{\"@type\":\"SearchAction\",\"target\":{\"@type\":\"EntryPoint\",\"urlTemplate\":\"https:\/\/www.franchise.biz\/fr\/?s={search_term_string}\"},\"query-input\":{\"@type\":\"PropertyValueSpecification\",\"valueRequired\":true,\"valueName\":\"search_term_string\"}}],\"inLanguage\":\"fr-FR\"},{\"@type\":\"Organization\",\"@id\":\"https:\/\/www.franchise.biz\/fr\/#organization\",\"name\":\"FranchiseBiz\",\"url\":\"https:\/\/www.franchise.biz\/fr\/\",\"logo\":{\"@type\":\"ImageObject\",\"inLanguage\":\"fr-FR\",\"@id\":\"https:\/\/www.franchise.biz\/fr\/#\/schema\/logo\/image\/\",\"url\":\"https:\/\/www.franchise.biz\/wp-content\/uploads\/2021\/05\/logo.png\",\"contentUrl\":\"https:\/\/www.franchise.biz\/wp-content\/uploads\/2021\/05\/logo.png\",\"width\":1000,\"height\":1000,\"caption\":\"FranchiseBiz\"},\"image\":{\"@id\":\"https:\/\/www.franchise.biz\/fr\/#\/schema\/logo\/image\/\"},\"sameAs\":[\"https:\/\/x.com\/FBizOfficial\",\"https:\/\/www.linkedin.com\/company\/franchisebiz\/\"]}]}<\/script>\n<!-- \/ Yoast SEO plugin. -->","yoast_head_json":{"title":"Devenez Franchis\u00e9 Dreams Donuts","description":"Dreams Donuts propose de d\u00e9licieux donuts faits main, pr\u00e9par\u00e9s avec des ingr\u00e9dients de haute qualit\u00e9 et \u00e0 un prix abordable. Demandez plus d\u2019informations d\u00e8s aujourd\u2019hui !","robots":{"index":"index","follow":"follow","max-snippet":"max-snippet:-1","max-image-preview":"max-image-preview:large","max-video-preview":"max-video-preview:-1"},"canonical":"https:\/\/www.franchise.biz\/fr\/devenez-franchise-dreams-donuts\/","og_locale":"fr_FR","og_type":"article","og_title":"Devenez Franchis\u00e9 Dreams Donuts","og_description":"Dreams Donuts propose de d\u00e9licieux donuts faits main, pr\u00e9par\u00e9s avec des ingr\u00e9dients de haute qualit\u00e9 et \u00e0 un prix abordable. Demandez plus d\u2019informations d\u00e8s aujourd\u2019hui !","og_url":"https:\/\/www.franchise.biz\/fr\/devenez-franchise-dreams-donuts\/","og_site_name":"FranchiseBiz","article_modified_time":"2024-10-29T15:42:57+00:00","og_image":[{"width":148,"height":104,"url":"https:\/\/www.franchise.biz\/wp-content\/uploads\/2024\/09\/Dreams-Donuts-Franchise-2-1.png","type":"image\/png"}],"twitter_card":"summary_large_image","twitter_title":"Devenez Franchis\u00e9 Dreams Donuts","twitter_description":"Dreams Donuts propose de d\u00e9licieux donuts faits main, pr\u00e9par\u00e9s avec des ingr\u00e9dients de haute qualit\u00e9 et \u00e0 un prix abordable. Demandez plus d\u2019informations d\u00e8s aujourd\u2019hui !","twitter_image":"https:\/\/www.franchise.biz\/wp-content\/uploads\/2024\/09\/Dreams-Donuts-Franchise-2-1.png","twitter_site":"@FBizOfficial","twitter_misc":{"Dur\u00e9e de lecture estim\u00e9e":"1 minute"},"schema":{"@context":"https:\/\/schema.org","@graph":[{"@type":"WebPage","@id":"https:\/\/www.franchise.biz\/fr\/devenez-franchise-dreams-donuts\/","url":"https:\/\/www.franchise.biz\/fr\/devenez-franchise-dreams-donuts\/","name":"Devenez Franchis\u00e9 Dreams Donuts","isPartOf":{"@id":"https:\/\/www.franchise.biz\/fr\/#website"},"primaryImageOfPage":{"@id":"https:\/\/www.franchise.biz\/fr\/devenez-franchise-dreams-donuts\/#primaryimage"},"image":{"@id":"https:\/\/www.franchise.biz\/fr\/devenez-franchise-dreams-donuts\/#primaryimage"},"thumbnailUrl":"https:\/\/www.franchise.biz\/wp-content\/uploads\/2024\/08\/Dreams-Donuts-Franchise-2.png","datePublished":"2024-10-29T15:42:56+00:00","dateModified":"2024-10-29T15:42:57+00:00","description":"Dreams Donuts propose de d\u00e9licieux donuts faits main, pr\u00e9par\u00e9s avec des ingr\u00e9dients de haute qualit\u00e9 et \u00e0 un prix abordable. Demandez plus d\u2019informations d\u00e8s aujourd\u2019hui !","breadcrumb":{"@id":"https:\/\/www.franchise.biz\/fr\/devenez-franchise-dreams-donuts\/#breadcrumb"},"inLanguage":"fr-FR","potentialAction":[{"@type":"ReadAction","target":["https:\/\/www.franchise.biz\/fr\/devenez-franchise-dreams-donuts\/"]}]},{"@type":"ImageObject","inLanguage":"fr-FR","@id":"https:\/\/www.franchise.biz\/fr\/devenez-franchise-dreams-donuts\/#primaryimage","url":"https:\/\/www.franchise.biz\/wp-content\/uploads\/2024\/08\/Dreams-Donuts-Franchise-2.png","contentUrl":"https:\/\/www.franchise.biz\/wp-content\/uploads\/2024\/08\/Dreams-Donuts-Franchise-2.png","width":296,"height":208},{"@type":"BreadcrumbList","@id":"https:\/\/www.franchise.biz\/fr\/devenez-franchise-dreams-donuts\/#breadcrumb","itemListElement":[{"@type":"ListItem","position":1,"name":"Accueil","item":"https:\/\/www.franchise.biz\/fr\/"},{"@type":"ListItem","position":2,"name":"Devenez Franchis\u00e9 Dreams Donuts"}]},{"@type":"WebSite","@id":"https:\/\/www.franchise.biz\/fr\/#website","url":"https:\/\/www.franchise.biz\/fr\/","name":"FranchiseBiz","description":"Empowering Franchise Growth Globally","publisher":{"@id":"https:\/\/www.franchise.biz\/fr\/#organization"},"potentialAction":[{"@type":"SearchAction","target":{"@type":"EntryPoint","urlTemplate":"https:\/\/www.franchise.biz\/fr\/?s={search_term_string}"},"query-input":{"@type":"PropertyValueSpecification","valueRequired":true,"valueName":"search_term_string"}}],"inLanguage":"fr-FR"},{"@type":"Organization","@id":"https:\/\/www.franchise.biz\/fr\/#organization","name":"FranchiseBiz","url":"https:\/\/www.franchise.biz\/fr\/","logo":{"@type":"ImageObject","inLanguage":"fr-FR","@id":"https:\/\/www.franchise.biz\/fr\/#\/schema\/logo\/image\/","url":"https:\/\/www.franchise.biz\/wp-content\/uploads\/2021\/05\/logo.png","contentUrl":"https:\/\/www.franchise.biz\/wp-content\/uploads\/2021\/05\/logo.png","width":1000,"height":1000,"caption":"FranchiseBiz"},"image":{"@id":"https:\/\/www.franchise.biz\/fr\/#\/schema\/logo\/image\/"},"sameAs":["https:\/\/x.com\/FBizOfficial","https:\/\/www.linkedin.com\/company\/franchisebiz\/"]}]}},"_links":{"self":[{"href":"https:\/\/www.franchise.biz\/fr\/wp-json\/wp\/v2\/pages\/9744"}],"collection":[{"href":"https:\/\/www.franchise.biz\/fr\/wp-json\/wp\/v2\/pages"}],"about":[{"href":"https:\/\/www.franchise.biz\/fr\/wp-json\/wp\/v2\/types\/page"}],"author":[{"embeddable":true,"href":"https:\/\/www.franchise.biz\/fr\/wp-json\/wp\/v2\/users\/2"}],"replies":[{"embeddable":true,"href":"https:\/\/www.franchise.biz\/fr\/wp-json\/wp\/v2\/comments?post=9744"}],"version-history":[{"count":5,"href":"https:\/\/www.franchise.biz\/fr\/wp-json\/wp\/v2\/pages\/9744\/revisions"}],"predecessor-version":[{"id":9793,"href":"https:\/\/www.franchise.biz\/fr\/wp-json\/wp\/v2\/pages\/9744\/revisions\/9793"}],"wp:featuredmedia":[{"embeddable":true,"href":"https:\/\/www.franchise.biz\/fr\/wp-json\/wp\/v2\/media\/9447"}],"wp:attachment":[{"href":"https:\/\/www.franchise.biz\/fr\/wp-json\/wp\/v2\/media?parent=9744"}],"curies":[{"name":"wp","href":"https:\/\/api.w.org\/{rel}","templated":true}]}}