{"id":6812,"date":"2022-11-24T17:00:48","date_gmt":"2022-11-24T16:00:48","guid":{"rendered":"https:\/\/www.franchise.biz\/?page_id=6812"},"modified":"2025-05-21T15:13:58","modified_gmt":"2025-05-21T13:13:58","slug":"profilo-del-team-aude-chatel","status":"publish","type":"page","link":"https:\/\/www.franchise.biz\/it\/a-proposito-di\/profilo-del-team-aude-chatel\/","title":{"rendered":"Profilo del team Aude Chatel"},"content":{"rendered":"<div class=\"wpb-content-wrapper\"><p>[vc_row full_width=&#8221;stretch_row_content&#8221; css=&#8221;.vc_custom_1632839068794{margin-top: 0px !important;margin-right: 0px !important;margin-bottom: 0px !important;margin-left: 0px !important;padding-top: 60px !important;padding-right: 0px !important;padding-bottom: 60px !important;padding-left: 0px !important;}&#8221;][vc_column css=&#8221;.vc_custom_1632838782299{margin: 0px !important;padding: 0px !important;}&#8221;][vc_row_inner][vc_column_inner]<style type=\"text\/css\" data-type=\"the7_shortcodes-inline-css\">#default-btn-ee5de26d210427a2f2900b937283ed83.ico-right-side > i {\n  margin-right: 0px;\n  margin-left: 8px;\n}\n#default-btn-ee5de26d210427a2f2900b937283ed83 > i {\n  margin-right: 8px;\n}\n<\/style><a href=\"https:\/\/www.franchise.biz\/franchise-opportunities\/\" class=\"default-btn-shortcode dt-btn dt-btn-s link-hover-off franchise-opportunities openfranchise btn-inline-right \" id=\"default-btn-ee5de26d210427a2f2900b937283ed83\"><span>Aprire un franchising<\/span><\/a>[\/vc_column_inner][\/vc_row_inner][\/vc_column][\/vc_row][vc_row type=&#8221;vc_default&#8221; margin_top=&#8221;0&#8243; css=&#8221;.vc_custom_1632839594334{margin-top: -350px !important;margin-bottom: 80px !important;padding-top: 80px !important;}&#8221;][vc_column width=&#8221;5\/12&#8243; css=&#8221;.vc_custom_1481816184469{padding-bottom: 40px !important;}&#8221; offset=&#8221;vc_col-lg-4 vc_col-md-4&#8243;][vc_single_image image=&#8221;6827&#8243; img_size=&#8221;300&#215;300&#8243; alignment=&#8221;center&#8221; style=&#8221;vc_box_circle&#8221; css=&#8221;.vc_custom_1669235429996{padding-bottom: 30px !important;}&#8221; image_hovers=&#8221;false&#8221; lazy_loading=&#8221;true&#8221;][\/vc_column][vc_column width=&#8221;7\/12&#8243; offset=&#8221;vc_col-lg-8 vc_col-md-8&#8243; css=&#8221;.vc_custom_1632839580334{padding-right: 40px !important;}&#8221;]<div id=\"ultimate-heading-312669f2e01fdf8f3\" class=\"uvc-heading ult-adjust-bottom-margin ultimate-heading-312669f2e01fdf8f3 uvc-5085 color-title accent-subtitle-color accent-border-color\" data-hspacer=\"no_spacer\"  data-halign=\"left\" style=\"text-align:left\"><div class=\"uvc-heading-spacer no_spacer\" style=\"top\"><\/div><div class=\"uvc-main-heading ult-responsive\"  data-ultimate-target='.uvc-heading.ultimate-heading-312669f2e01fdf8f3 h2'  data-responsive-json-new='{\"font-size\":\"desktop:30px;\",\"line-height\":\"desktop:44px;\"}' ><h2 style=\"font-weight:bold;color:#e54326;margin-bottom:5px;\">Aude Chatel<\/h2><\/div><div class=\"uvc-sub-heading ult-responsive\"  data-ultimate-target='.uvc-heading.ultimate-heading-312669f2e01fdf8f3 .uvc-sub-heading '  data-responsive-json-new='{\"font-size\":\"desktop:20px;\",\"line-height\":\"desktop:32px;\"}'  style=\"font-weight:normal;color:#757575;margin-bottom:25px;\"><span style=\"color: #757575;\">Localit\u00e0: Tolosa (Francia)<\/span><\/p>\n<hr \/>\n<h5><strong><span style=\"color: #757575;\">LINGUE : FRANCESE<\/span><\/strong><\/h5>\n<p><\/div><\/div>[vc_column_text css=&#8221;.vc_custom_1669235260365{padding-bottom: 50px !important;}&#8221;]Aude \u00e8 consulente indipendente da pi\u00f9 di 3 anni, specializzato nella gestione e organizzazione di aziende da pi\u00f9 di 20 anni. Ha una vasta esperienza nell&#8217;assistenza a strutture di tutte le dimensioni e offre soluzioni per la gestione finanziaria e contabile, l&#8217;assistenza alle risorse umane, l&#8217;organizzazione di eventi o anche il follow-up commerciale e amministrativo.<\/p>\n<p>Da dicembre 2021, Aude supporta FranchiseBiz nei mercati di lingua francese sviluppando il portafoglio di lead per i nostri marchi partner.[\/vc_column_text]<div id=\"ultimate-heading-656669f2e01fdf94d\" class=\"uvc-heading ult-adjust-bottom-margin ultimate-heading-656669f2e01fdf94d uvc-897 color-title accent-border-color\" data-hspacer=\"no_spacer\"  data-halign=\"left\" style=\"text-align:left\"><div class=\"uvc-heading-spacer no_spacer\" style=\"top\"><\/div><div class=\"uvc-main-heading ult-responsive\"  data-ultimate-target='.uvc-heading.ultimate-heading-656669f2e01fdf94d p'  data-responsive-json-new='{\"font-size\":\"desktop:22px;\",\"line-height\":\"desktop:32px;\"}' ><p style=\"font-weight:bold;margin-bottom:20px;\">Info Contatto<\/p><\/div><\/div>[vc_row_inner][vc_column_inner width=&#8221;1\/3&#8243;][vc_column_text css=&#8221;&#8221;]<\/p>\n<p style=\"text-align: left;\"><strong><span class=\"color-title\">Email<\/span><\/strong><\/p>\n<p>[\/vc_column_text][\/vc_column_inner][vc_column_inner width=&#8221;1\/3&#8243;][vc_column_text css=&#8221;&#8221;]<\/p>\n<p style=\"text-align: left;\"><strong><span class=\"color-title\">Numero di telefono<\/span><\/strong><\/p>\n<p>[\/vc_column_text][\/vc_column_inner][vc_column_inner width=&#8221;1\/3&#8243;]<div class=\"  uavc-icons \">\n<div class=\"aio-icon advanced \" data-animation=\"\" data-animation-delay=\"03\" style=\"color:#ffffff;background:#e54326;border-style:solid;border-color:;border-width:0px;width:36px;height:36px;line-height:36px;border-radius:500px;font-size:16px;margin-right:5px;\">\n\t<i class=\"icomoon-free-social-contact-16x16-linkedin2\"><\/i>\n<\/div><\/div>[\/vc_column_inner][\/vc_row_inner][\/vc_column][\/vc_row]<\/p>\n<\/div>","protected":false},"excerpt":{"rendered":"<p>[vc_row full_width=&#8221;stretch_row_content&#8221; css=&#8221;.vc_custom_1632839068794{margin-top: 0px !important;margin-right: 0px !important;margin-bottom: 0px !important;margin-left: 0px !important;padding-top: 60px !important;padding-right: 0px !important;padding-bottom: 60px !important;padding-left: 0px !important;}&#8221;][vc_column css=&#8221;.vc_custom_1632838782299{margin: 0px !important;padding: 0px !important;}&#8221;][vc_row_inner][vc_column_inner][\/vc_column_inner][\/vc_row_inner][\/vc_column][\/vc_row][vc_row type=&#8221;vc_default&#8221; margin_top=&#8221;0&#8243; css=&#8221;.vc_custom_1632839594334{margin-top: -350px !important;margin-bottom: 80px !important;padding-top: 80px !important;}&#8221;][vc_column width=&#8221;5\/12&#8243; css=&#8221;.vc_custom_1481816184469{padding-bottom: 40px !important;}&#8221; offset=&#8221;vc_col-lg-4 vc_col-md-4&#8243;][vc_single_image image=&#8221;6827&#8243; img_size=&#8221;300&#215;300&#8243; alignment=&#8221;center&#8221; style=&#8221;vc_box_circle&#8221; css=&#8221;.vc_custom_1669235429996{padding-bottom: 30px !important;}&#8221; image_hovers=&#8221;false&#8221; lazy_loading=&#8221;true&#8221;][\/vc_column][vc_column width=&#8221;7\/12&#8243; offset=&#8221;vc_col-lg-8 vc_col-md-8&#8243; css=&#8221;.vc_custom_1632839580334{padding-right: 40px !important;}&#8221;][vc_column_text css=&#8221;.vc_custom_1669235260365{padding-bottom:&hellip;<\/p>\n","protected":false},"author":2,"featured_media":6827,"parent":5833,"menu_order":10,"comment_status":"closed","ping_status":"closed","template":"","meta":{"inline_featured_image":false,"footnotes":""},"class_list":["post-6812","page","type-page","status-publish","has-post-thumbnail","hentry","description-off"],"yoast_head":"<!-- This site is optimized with the Yoast SEO plugin v25.5 - https:\/\/yoast.com\/wordpress\/plugins\/seo\/ -->\n<title>Il gruppo di FranchiseBiz | Aude Chatel<\/title>\n<meta name=\"description\" content=\"Aude \u00e8 consulente indipendente da pi\u00f9 di 3 anni, specializzato nella gestione e organizzazione di aziende da pi\u00f9 di 20 anni. Ha una vasta esperienza nell&#039;assistenza a strutture di tutte le dimensioni e offre soluzioni per la gestione finanziaria e contabile, l&#039;assistenza alle risorse umane, l&#039;organizzazione di eventi o anche il follow-up commerciale e amministrativo.\" \/>\n<meta name=\"robots\" content=\"noindex, nofollow\" \/>\n<meta property=\"og:locale\" content=\"it_IT\" \/>\n<meta property=\"og:type\" content=\"article\" \/>\n<meta property=\"og:title\" content=\"Il gruppo di FranchiseBiz | Aude Chatel\" \/>\n<meta property=\"og:description\" content=\"Aude \u00e8 consulente indipendente da pi\u00f9 di 3 anni, specializzato nella gestione e organizzazione di aziende da pi\u00f9 di 20 anni. Ha una vasta esperienza nell&#039;assistenza a strutture di tutte le dimensioni e offre soluzioni per la gestione finanziaria e contabile, l&#039;assistenza alle risorse umane, l&#039;organizzazione di eventi o anche il follow-up commerciale e amministrativo.\" \/>\n<meta property=\"og:url\" content=\"https:\/\/www.franchise.biz\/it\/a-proposito-di\/profilo-del-team-aude-chatel\/\" \/>\n<meta property=\"og:site_name\" content=\"FranchiseBiz\" \/>\n<meta property=\"article:modified_time\" content=\"2025-05-21T13:13:58+00:00\" \/>\n<meta property=\"og:image\" content=\"https:\/\/www.franchise.biz\/wp-content\/uploads\/2022\/11\/Aude-Chatel.jpg\" \/>\n\t<meta property=\"og:image:width\" content=\"800\" \/>\n\t<meta property=\"og:image:height\" content=\"800\" \/>\n\t<meta property=\"og:image:type\" content=\"image\/jpeg\" \/>\n<meta name=\"twitter:card\" content=\"summary_large_image\" \/>\n<meta name=\"twitter:site\" content=\"@FBizOfficial\" \/>\n<meta name=\"twitter:label1\" content=\"Tempo di lettura stimato\" \/>\n\t<meta name=\"twitter:data1\" content=\"2 minuti\" \/>\n<script type=\"application\/ld+json\" class=\"yoast-schema-graph\">{\"@context\":\"https:\/\/schema.org\",\"@graph\":[{\"@type\":\"WebPage\",\"@id\":\"https:\/\/www.franchise.biz\/it\/a-proposito-di\/profilo-del-team-aude-chatel\/\",\"url\":\"https:\/\/www.franchise.biz\/it\/a-proposito-di\/profilo-del-team-aude-chatel\/\",\"name\":\"Il gruppo di FranchiseBiz | Aude Chatel\",\"isPartOf\":{\"@id\":\"https:\/\/www.franchise.biz\/it\/#website\"},\"primaryImageOfPage\":{\"@id\":\"https:\/\/www.franchise.biz\/it\/a-proposito-di\/profilo-del-team-aude-chatel\/#primaryimage\"},\"image\":{\"@id\":\"https:\/\/www.franchise.biz\/it\/a-proposito-di\/profilo-del-team-aude-chatel\/#primaryimage\"},\"thumbnailUrl\":\"https:\/\/www.franchise.biz\/wp-content\/uploads\/2022\/11\/Aude-Chatel.jpg\",\"datePublished\":\"2022-11-24T16:00:48+00:00\",\"dateModified\":\"2025-05-21T13:13:58+00:00\",\"description\":\"Aude \u00e8 consulente indipendente da pi\u00f9 di 3 anni, specializzato nella gestione e organizzazione di aziende da pi\u00f9 di 20 anni. Ha una vasta esperienza nell'assistenza a strutture di tutte le dimensioni e offre soluzioni per la gestione finanziaria e contabile, l'assistenza alle risorse umane, l'organizzazione di eventi o anche il follow-up commerciale e amministrativo.\",\"breadcrumb\":{\"@id\":\"https:\/\/www.franchise.biz\/it\/a-proposito-di\/profilo-del-team-aude-chatel\/#breadcrumb\"},\"inLanguage\":\"it-IT\",\"potentialAction\":[{\"@type\":\"ReadAction\",\"target\":[\"https:\/\/www.franchise.biz\/it\/a-proposito-di\/profilo-del-team-aude-chatel\/\"]}]},{\"@type\":\"ImageObject\",\"inLanguage\":\"it-IT\",\"@id\":\"https:\/\/www.franchise.biz\/it\/a-proposito-di\/profilo-del-team-aude-chatel\/#primaryimage\",\"url\":\"https:\/\/www.franchise.biz\/wp-content\/uploads\/2022\/11\/Aude-Chatel.jpg\",\"contentUrl\":\"https:\/\/www.franchise.biz\/wp-content\/uploads\/2022\/11\/Aude-Chatel.jpg\",\"width\":800,\"height\":800},{\"@type\":\"BreadcrumbList\",\"@id\":\"https:\/\/www.franchise.biz\/it\/a-proposito-di\/profilo-del-team-aude-chatel\/#breadcrumb\",\"itemListElement\":[{\"@type\":\"ListItem\",\"position\":1,\"name\":\"Accueil\",\"item\":\"https:\/\/www.franchise.biz\/it\/\"},{\"@type\":\"ListItem\",\"position\":2,\"name\":\"A proposito di\",\"item\":\"https:\/\/www.franchise.biz\/it\/a-proposito-di\/\"},{\"@type\":\"ListItem\",\"position\":3,\"name\":\"Profilo del team Aude Chatel\"}]},{\"@type\":\"WebSite\",\"@id\":\"https:\/\/www.franchise.biz\/it\/#website\",\"url\":\"https:\/\/www.franchise.biz\/it\/\",\"name\":\"FranchiseBiz\",\"description\":\"Empowering Franchise Growth Globally\",\"publisher\":{\"@id\":\"https:\/\/www.franchise.biz\/it\/#organization\"},\"potentialAction\":[{\"@type\":\"SearchAction\",\"target\":{\"@type\":\"EntryPoint\",\"urlTemplate\":\"https:\/\/www.franchise.biz\/it\/?s={search_term_string}\"},\"query-input\":{\"@type\":\"PropertyValueSpecification\",\"valueRequired\":true,\"valueName\":\"search_term_string\"}}],\"inLanguage\":\"it-IT\"},{\"@type\":\"Organization\",\"@id\":\"https:\/\/www.franchise.biz\/it\/#organization\",\"name\":\"FranchiseBiz\",\"url\":\"https:\/\/www.franchise.biz\/it\/\",\"logo\":{\"@type\":\"ImageObject\",\"inLanguage\":\"it-IT\",\"@id\":\"https:\/\/www.franchise.biz\/it\/#\/schema\/logo\/image\/\",\"url\":\"https:\/\/www.franchise.biz\/wp-content\/uploads\/2021\/05\/logo.png\",\"contentUrl\":\"https:\/\/www.franchise.biz\/wp-content\/uploads\/2021\/05\/logo.png\",\"width\":1000,\"height\":1000,\"caption\":\"FranchiseBiz\"},\"image\":{\"@id\":\"https:\/\/www.franchise.biz\/it\/#\/schema\/logo\/image\/\"},\"sameAs\":[\"https:\/\/x.com\/FBizOfficial\",\"https:\/\/www.linkedin.com\/company\/franchisebiz\/\"]}]}<\/script>\n<!-- \/ Yoast SEO plugin. -->","yoast_head_json":{"title":"Il gruppo di FranchiseBiz | Aude Chatel","description":"Aude \u00e8 consulente indipendente da pi\u00f9 di 3 anni, specializzato nella gestione e organizzazione di aziende da pi\u00f9 di 20 anni. Ha una vasta esperienza nell'assistenza a strutture di tutte le dimensioni e offre soluzioni per la gestione finanziaria e contabile, l'assistenza alle risorse umane, l'organizzazione di eventi o anche il follow-up commerciale e amministrativo.","robots":{"index":"noindex","follow":"nofollow"},"og_locale":"it_IT","og_type":"article","og_title":"Il gruppo di FranchiseBiz | Aude Chatel","og_description":"Aude \u00e8 consulente indipendente da pi\u00f9 di 3 anni, specializzato nella gestione e organizzazione di aziende da pi\u00f9 di 20 anni. Ha una vasta esperienza nell'assistenza a strutture di tutte le dimensioni e offre soluzioni per la gestione finanziaria e contabile, l'assistenza alle risorse umane, l'organizzazione di eventi o anche il follow-up commerciale e amministrativo.","og_url":"https:\/\/www.franchise.biz\/it\/a-proposito-di\/profilo-del-team-aude-chatel\/","og_site_name":"FranchiseBiz","article_modified_time":"2025-05-21T13:13:58+00:00","og_image":[{"width":800,"height":800,"url":"https:\/\/www.franchise.biz\/wp-content\/uploads\/2022\/11\/Aude-Chatel.jpg","type":"image\/jpeg"}],"twitter_card":"summary_large_image","twitter_site":"@FBizOfficial","twitter_misc":{"Tempo di lettura stimato":"2 minuti"},"schema":{"@context":"https:\/\/schema.org","@graph":[{"@type":"WebPage","@id":"https:\/\/www.franchise.biz\/it\/a-proposito-di\/profilo-del-team-aude-chatel\/","url":"https:\/\/www.franchise.biz\/it\/a-proposito-di\/profilo-del-team-aude-chatel\/","name":"Il gruppo di FranchiseBiz | Aude Chatel","isPartOf":{"@id":"https:\/\/www.franchise.biz\/it\/#website"},"primaryImageOfPage":{"@id":"https:\/\/www.franchise.biz\/it\/a-proposito-di\/profilo-del-team-aude-chatel\/#primaryimage"},"image":{"@id":"https:\/\/www.franchise.biz\/it\/a-proposito-di\/profilo-del-team-aude-chatel\/#primaryimage"},"thumbnailUrl":"https:\/\/www.franchise.biz\/wp-content\/uploads\/2022\/11\/Aude-Chatel.jpg","datePublished":"2022-11-24T16:00:48+00:00","dateModified":"2025-05-21T13:13:58+00:00","description":"Aude \u00e8 consulente indipendente da pi\u00f9 di 3 anni, specializzato nella gestione e organizzazione di aziende da pi\u00f9 di 20 anni. Ha una vasta esperienza nell'assistenza a strutture di tutte le dimensioni e offre soluzioni per la gestione finanziaria e contabile, l'assistenza alle risorse umane, l'organizzazione di eventi o anche il follow-up commerciale e amministrativo.","breadcrumb":{"@id":"https:\/\/www.franchise.biz\/it\/a-proposito-di\/profilo-del-team-aude-chatel\/#breadcrumb"},"inLanguage":"it-IT","potentialAction":[{"@type":"ReadAction","target":["https:\/\/www.franchise.biz\/it\/a-proposito-di\/profilo-del-team-aude-chatel\/"]}]},{"@type":"ImageObject","inLanguage":"it-IT","@id":"https:\/\/www.franchise.biz\/it\/a-proposito-di\/profilo-del-team-aude-chatel\/#primaryimage","url":"https:\/\/www.franchise.biz\/wp-content\/uploads\/2022\/11\/Aude-Chatel.jpg","contentUrl":"https:\/\/www.franchise.biz\/wp-content\/uploads\/2022\/11\/Aude-Chatel.jpg","width":800,"height":800},{"@type":"BreadcrumbList","@id":"https:\/\/www.franchise.biz\/it\/a-proposito-di\/profilo-del-team-aude-chatel\/#breadcrumb","itemListElement":[{"@type":"ListItem","position":1,"name":"Accueil","item":"https:\/\/www.franchise.biz\/it\/"},{"@type":"ListItem","position":2,"name":"A proposito di","item":"https:\/\/www.franchise.biz\/it\/a-proposito-di\/"},{"@type":"ListItem","position":3,"name":"Profilo del team Aude Chatel"}]},{"@type":"WebSite","@id":"https:\/\/www.franchise.biz\/it\/#website","url":"https:\/\/www.franchise.biz\/it\/","name":"FranchiseBiz","description":"Empowering Franchise Growth Globally","publisher":{"@id":"https:\/\/www.franchise.biz\/it\/#organization"},"potentialAction":[{"@type":"SearchAction","target":{"@type":"EntryPoint","urlTemplate":"https:\/\/www.franchise.biz\/it\/?s={search_term_string}"},"query-input":{"@type":"PropertyValueSpecification","valueRequired":true,"valueName":"search_term_string"}}],"inLanguage":"it-IT"},{"@type":"Organization","@id":"https:\/\/www.franchise.biz\/it\/#organization","name":"FranchiseBiz","url":"https:\/\/www.franchise.biz\/it\/","logo":{"@type":"ImageObject","inLanguage":"it-IT","@id":"https:\/\/www.franchise.biz\/it\/#\/schema\/logo\/image\/","url":"https:\/\/www.franchise.biz\/wp-content\/uploads\/2021\/05\/logo.png","contentUrl":"https:\/\/www.franchise.biz\/wp-content\/uploads\/2021\/05\/logo.png","width":1000,"height":1000,"caption":"FranchiseBiz"},"image":{"@id":"https:\/\/www.franchise.biz\/it\/#\/schema\/logo\/image\/"},"sameAs":["https:\/\/x.com\/FBizOfficial","https:\/\/www.linkedin.com\/company\/franchisebiz\/"]}]}},"_links":{"self":[{"href":"https:\/\/www.franchise.biz\/it\/wp-json\/wp\/v2\/pages\/6812"}],"collection":[{"href":"https:\/\/www.franchise.biz\/it\/wp-json\/wp\/v2\/pages"}],"about":[{"href":"https:\/\/www.franchise.biz\/it\/wp-json\/wp\/v2\/types\/page"}],"author":[{"embeddable":true,"href":"https:\/\/www.franchise.biz\/it\/wp-json\/wp\/v2\/users\/2"}],"replies":[{"embeddable":true,"href":"https:\/\/www.franchise.biz\/it\/wp-json\/wp\/v2\/comments?post=6812"}],"version-history":[{"count":27,"href":"https:\/\/www.franchise.biz\/it\/wp-json\/wp\/v2\/pages\/6812\/revisions"}],"predecessor-version":[{"id":10203,"href":"https:\/\/www.franchise.biz\/it\/wp-json\/wp\/v2\/pages\/6812\/revisions\/10203"}],"up":[{"embeddable":true,"href":"https:\/\/www.franchise.biz\/it\/wp-json\/wp\/v2\/pages\/5833"}],"wp:featuredmedia":[{"embeddable":true,"href":"https:\/\/www.franchise.biz\/it\/wp-json\/wp\/v2\/media\/6827"}],"wp:attachment":[{"href":"https:\/\/www.franchise.biz\/it\/wp-json\/wp\/v2\/media?parent=6812"}],"curies":[{"name":"wp","href":"https:\/\/api.w.org\/{rel}","templated":true}]}}