{"id":9712,"date":"2024-09-19T12:24:48","date_gmt":"2024-09-19T10:24:48","guid":{"rendered":"https:\/\/www.franchise.biz\/franchising-indiana-cafe\/apply-now\/"},"modified":"2024-09-30T14:41:40","modified_gmt":"2024-09-30T12:41:40","slug":"diventa-un-franchisee-indiana-cafe","status":"publish","type":"page","link":"https:\/\/www.franchise.biz\/it\/franchising-indiana-cafe\/diventa-un-franchisee-indiana-cafe\/","title":{"rendered":"Diventa un franchisee Indiana Caf\u00e9"},"content":{"rendered":"<div class=\"wpb-content-wrapper\"><p>[vc_row css=&#8221;.vc_custom_1589820393947{padding-top: 60px !important;}&#8221;][vc_column][vc_single_image image=&#8221;9534&#8243; img_size=&#8221;175&#215;175&#8243; alignment=&#8221;center&#8221; onclick=&#8221;custom_link&#8221; css=&#8221;&#8221; link=&#8221;https:\/\/www.franchise.biz\/fr\/franchise-indiana-cafe\/&#8221;][\/vc_column][\/vc_row][vc_row css=&#8221;.vc_custom_1641808506773{padding-top: 30px !important;background-color: #f7f7f7 !important;}&#8221; el_id=&#8221;form&#8221;][vc_column]<div id=\"ultimate-heading-418969d2ba293e379\" class=\"uvc-heading ult-adjust-bottom-margin ultimate-heading-418969d2ba293e379 uvc-570 accent-border-color\" data-hspacer=\"no_spacer\"  data-halign=\"center\" style=\"text-align:center\"><div class=\"uvc-heading-spacer no_spacer\" style=\"top\"><\/div><div class=\"uvc-main-heading ult-responsive\"  data-ultimate-target='.uvc-heading.ultimate-heading-418969d2ba293e379 h2'  data-responsive-json-new='{\"font-size\":\"desktop:30px;\",\"line-height\":\"desktop:38px;\"}' ><h2 style=\"font-weight:normal;color:#e54326;\">Diventa un franchisee Indiana Caf\u00e9<\/h2><\/div><div class=\"uvc-sub-heading ult-responsive\"  data-ultimate-target='.uvc-heading.ultimate-heading-418969d2ba293e379 .uvc-sub-heading '  data-responsive-json-new='{\"font-size\":\"\",\"line-height\":\"\"}'  style=\"font-weight:normal;\"><\/p>\n<h4 style=\"text-align: center;\">Compila il modulo e scopri le opportunit\u00e0 offerte da Indiana Caf\u00e9 !<\/h4>\n<p><\/div><\/div>[vc_column_text css=&#8221;&#8221;]<iframe style=\"height: 1150px; width: 99%; border: none;\" src=\"https:\/\/forms.zohopublic.eu\/FranchiseBiz\/form\/FormulairedecandidatureIndianaCafIT\/formperma\/IxA9P06VQHAOFJ0Bfd-6h-6sjmka-lcLUz4omV1QsdU\" frameborder=\"0\" aria-label=\"Formulaire de candidature Indiana Caf\u00e9 IT\"><\/iframe>[\/vc_column_text][\/vc_column][\/vc_row][vc_row][vc_column][vc_empty_space height=&#8221;75px&#8221;][\/vc_column][\/vc_row]<\/p>\n<\/div>","protected":false},"excerpt":{"rendered":"<p>[vc_row css=&#8221;.vc_custom_1589820393947{padding-top: 60px !important;}&#8221;][vc_column][vc_single_image image=&#8221;9534&#8243; img_size=&#8221;175&#215;175&#8243; alignment=&#8221;center&#8221; onclick=&#8221;custom_link&#8221; css=&#8221;&#8221; link=&#8221;https:\/\/www.franchise.biz\/fr\/franchise-indiana-cafe\/&#8221;][\/vc_column][\/vc_row][vc_row css=&#8221;.vc_custom_1641808506773{padding-top: 30px !important;background-color: #f7f7f7 !important;}&#8221; el_id=&#8221;form&#8221;][vc_column][vc_column_text css=&#8221;&#8221;][\/vc_column_text][\/vc_column][\/vc_row][vc_row][vc_column][vc_empty_space height=&#8221;75px&#8221;][\/vc_column][\/vc_row]<\/p>\n","protected":false},"author":2,"featured_media":9433,"parent":9642,"menu_order":0,"comment_status":"closed","ping_status":"closed","template":"template-microsite.php","meta":{"inline_featured_image":false,"footnotes":""},"class_list":["post-9712","page","type-page","status-publish","has-post-thumbnail","hentry","description-off"],"yoast_head":"<!-- This site is optimized with the Yoast SEO plugin v25.5 - https:\/\/yoast.com\/wordpress\/plugins\/seo\/ -->\n<title>Diventa un franchisee Indiana Caf\u00e9<\/title>\n<meta name=\"description\" content=\"Indiana Caf\u00e9 \u00e8 un concept unico e autentico che combina i sapori del West americano con il calore di una brasserie francese. Candidati ora!\" \/>\n<meta name=\"robots\" content=\"index, follow, max-snippet:-1, max-image-preview:large, max-video-preview:-1\" \/>\n<link rel=\"canonical\" href=\"https:\/\/www.franchise.biz\/it\/franchising-indiana-cafe\/diventa-un-franchisee-indiana-cafe\/\" \/>\n<meta property=\"og:locale\" content=\"it_IT\" \/>\n<meta property=\"og:type\" content=\"article\" \/>\n<meta property=\"og:title\" content=\"Diventa un franchisee Indiana Caf\u00e9\" \/>\n<meta property=\"og:description\" content=\"Indiana Caf\u00e9 \u00e8 un concept unico e autentico che combina i sapori del West americano con il calore di una brasserie francese. Candidati ora!\" \/>\n<meta property=\"og:url\" content=\"https:\/\/www.franchise.biz\/it\/franchising-indiana-cafe\/diventa-un-franchisee-indiana-cafe\/\" \/>\n<meta property=\"og:site_name\" content=\"FranchiseBiz\" \/>\n<meta property=\"article:modified_time\" content=\"2024-09-30T12:41:40+00:00\" \/>\n<meta property=\"og:image\" content=\"https:\/\/www.franchise.biz\/wp-content\/uploads\/2024\/08\/Indiana-Cafe-Franchise-2.jpg\" \/>\n\t<meta property=\"og:image:width\" content=\"300\" \/>\n\t<meta property=\"og:image:height\" content=\"300\" \/>\n\t<meta property=\"og:image:type\" content=\"image\/jpeg\" \/>\n<meta name=\"twitter:card\" content=\"summary_large_image\" \/>\n<meta name=\"twitter:title\" content=\"Diventa un franchisee Indiana Caf\u00e9\" \/>\n<meta name=\"twitter:description\" content=\"Indiana Caf\u00e9 \u00e8 un concept unico e autentico che combina i sapori del West americano con il calore di una brasserie francese. Candidati ora!\" \/>\n<meta name=\"twitter:image\" content=\"https:\/\/www.franchise.biz\/wp-content\/uploads\/2024\/08\/Indiana-Cafe-Franchise-2.jpg\" \/>\n<meta name=\"twitter:site\" content=\"@FBizOfficial\" \/>\n<meta name=\"twitter:label1\" content=\"Tempo di lettura stimato\" \/>\n\t<meta name=\"twitter:data1\" content=\"1 minuto\" \/>\n<script type=\"application\/ld+json\" class=\"yoast-schema-graph\">{\"@context\":\"https:\/\/schema.org\",\"@graph\":[{\"@type\":\"WebPage\",\"@id\":\"https:\/\/www.franchise.biz\/it\/franchising-indiana-cafe\/diventa-un-franchisee-indiana-cafe\/\",\"url\":\"https:\/\/www.franchise.biz\/it\/franchising-indiana-cafe\/diventa-un-franchisee-indiana-cafe\/\",\"name\":\"Diventa un franchisee Indiana Caf\u00e9\",\"isPartOf\":{\"@id\":\"https:\/\/www.franchise.biz\/it\/#website\"},\"primaryImageOfPage\":{\"@id\":\"https:\/\/www.franchise.biz\/it\/franchising-indiana-cafe\/diventa-un-franchisee-indiana-cafe\/#primaryimage\"},\"image\":{\"@id\":\"https:\/\/www.franchise.biz\/it\/franchising-indiana-cafe\/diventa-un-franchisee-indiana-cafe\/#primaryimage\"},\"thumbnailUrl\":\"https:\/\/www.franchise.biz\/wp-content\/uploads\/2024\/08\/Indiana-Cafe-Franchise-2.jpg\",\"datePublished\":\"2024-09-19T10:24:48+00:00\",\"dateModified\":\"2024-09-30T12:41:40+00:00\",\"description\":\"Indiana Caf\u00e9 \u00e8 un concept unico e autentico che combina i sapori del West americano con il calore di una brasserie francese. Candidati ora!\",\"breadcrumb\":{\"@id\":\"https:\/\/www.franchise.biz\/it\/franchising-indiana-cafe\/diventa-un-franchisee-indiana-cafe\/#breadcrumb\"},\"inLanguage\":\"it-IT\",\"potentialAction\":[{\"@type\":\"ReadAction\",\"target\":[\"https:\/\/www.franchise.biz\/it\/franchising-indiana-cafe\/diventa-un-franchisee-indiana-cafe\/\"]}]},{\"@type\":\"ImageObject\",\"inLanguage\":\"it-IT\",\"@id\":\"https:\/\/www.franchise.biz\/it\/franchising-indiana-cafe\/diventa-un-franchisee-indiana-cafe\/#primaryimage\",\"url\":\"https:\/\/www.franchise.biz\/wp-content\/uploads\/2024\/08\/Indiana-Cafe-Franchise-2.jpg\",\"contentUrl\":\"https:\/\/www.franchise.biz\/wp-content\/uploads\/2024\/08\/Indiana-Cafe-Franchise-2.jpg\",\"width\":300,\"height\":300},{\"@type\":\"BreadcrumbList\",\"@id\":\"https:\/\/www.franchise.biz\/it\/franchising-indiana-cafe\/diventa-un-franchisee-indiana-cafe\/#breadcrumb\",\"itemListElement\":[{\"@type\":\"ListItem\",\"position\":1,\"name\":\"Accueil\",\"item\":\"https:\/\/www.franchise.biz\/it\/\"},{\"@type\":\"ListItem\",\"position\":2,\"name\":\"Franchising Indiana Caf\u00e9\",\"item\":\"https:\/\/www.franchise.biz\/it\/franchising-indiana-cafe\/\"},{\"@type\":\"ListItem\",\"position\":3,\"name\":\"Diventa un franchisee Indiana Caf\u00e9\"}]},{\"@type\":\"WebSite\",\"@id\":\"https:\/\/www.franchise.biz\/it\/#website\",\"url\":\"https:\/\/www.franchise.biz\/it\/\",\"name\":\"FranchiseBiz\",\"description\":\"Empowering Franchise Growth Globally\",\"publisher\":{\"@id\":\"https:\/\/www.franchise.biz\/it\/#organization\"},\"potentialAction\":[{\"@type\":\"SearchAction\",\"target\":{\"@type\":\"EntryPoint\",\"urlTemplate\":\"https:\/\/www.franchise.biz\/it\/?s={search_term_string}\"},\"query-input\":{\"@type\":\"PropertyValueSpecification\",\"valueRequired\":true,\"valueName\":\"search_term_string\"}}],\"inLanguage\":\"it-IT\"},{\"@type\":\"Organization\",\"@id\":\"https:\/\/www.franchise.biz\/it\/#organization\",\"name\":\"FranchiseBiz\",\"url\":\"https:\/\/www.franchise.biz\/it\/\",\"logo\":{\"@type\":\"ImageObject\",\"inLanguage\":\"it-IT\",\"@id\":\"https:\/\/www.franchise.biz\/it\/#\/schema\/logo\/image\/\",\"url\":\"https:\/\/www.franchise.biz\/wp-content\/uploads\/2021\/05\/logo.png\",\"contentUrl\":\"https:\/\/www.franchise.biz\/wp-content\/uploads\/2021\/05\/logo.png\",\"width\":1000,\"height\":1000,\"caption\":\"FranchiseBiz\"},\"image\":{\"@id\":\"https:\/\/www.franchise.biz\/it\/#\/schema\/logo\/image\/\"},\"sameAs\":[\"https:\/\/x.com\/FBizOfficial\",\"https:\/\/www.linkedin.com\/company\/franchisebiz\/\"]}]}<\/script>\n<!-- \/ Yoast SEO plugin. -->","yoast_head_json":{"title":"Diventa un franchisee Indiana Caf\u00e9","description":"Indiana Caf\u00e9 \u00e8 un concept unico e autentico che combina i sapori del West americano con il calore di una brasserie francese. Candidati ora!","robots":{"index":"index","follow":"follow","max-snippet":"max-snippet:-1","max-image-preview":"max-image-preview:large","max-video-preview":"max-video-preview:-1"},"canonical":"https:\/\/www.franchise.biz\/it\/franchising-indiana-cafe\/diventa-un-franchisee-indiana-cafe\/","og_locale":"it_IT","og_type":"article","og_title":"Diventa un franchisee Indiana Caf\u00e9","og_description":"Indiana Caf\u00e9 \u00e8 un concept unico e autentico che combina i sapori del West americano con il calore di una brasserie francese. Candidati ora!","og_url":"https:\/\/www.franchise.biz\/it\/franchising-indiana-cafe\/diventa-un-franchisee-indiana-cafe\/","og_site_name":"FranchiseBiz","article_modified_time":"2024-09-30T12:41:40+00:00","og_image":[{"width":300,"height":300,"url":"https:\/\/www.franchise.biz\/wp-content\/uploads\/2024\/08\/Indiana-Cafe-Franchise-2.jpg","type":"image\/jpeg"}],"twitter_card":"summary_large_image","twitter_title":"Diventa un franchisee Indiana Caf\u00e9","twitter_description":"Indiana Caf\u00e9 \u00e8 un concept unico e autentico che combina i sapori del West americano con il calore di una brasserie francese. Candidati ora!","twitter_image":"https:\/\/www.franchise.biz\/wp-content\/uploads\/2024\/08\/Indiana-Cafe-Franchise-2.jpg","twitter_site":"@FBizOfficial","twitter_misc":{"Tempo di lettura stimato":"1 minuto"},"schema":{"@context":"https:\/\/schema.org","@graph":[{"@type":"WebPage","@id":"https:\/\/www.franchise.biz\/it\/franchising-indiana-cafe\/diventa-un-franchisee-indiana-cafe\/","url":"https:\/\/www.franchise.biz\/it\/franchising-indiana-cafe\/diventa-un-franchisee-indiana-cafe\/","name":"Diventa un franchisee Indiana Caf\u00e9","isPartOf":{"@id":"https:\/\/www.franchise.biz\/it\/#website"},"primaryImageOfPage":{"@id":"https:\/\/www.franchise.biz\/it\/franchising-indiana-cafe\/diventa-un-franchisee-indiana-cafe\/#primaryimage"},"image":{"@id":"https:\/\/www.franchise.biz\/it\/franchising-indiana-cafe\/diventa-un-franchisee-indiana-cafe\/#primaryimage"},"thumbnailUrl":"https:\/\/www.franchise.biz\/wp-content\/uploads\/2024\/08\/Indiana-Cafe-Franchise-2.jpg","datePublished":"2024-09-19T10:24:48+00:00","dateModified":"2024-09-30T12:41:40+00:00","description":"Indiana Caf\u00e9 \u00e8 un concept unico e autentico che combina i sapori del West americano con il calore di una brasserie francese. Candidati ora!","breadcrumb":{"@id":"https:\/\/www.franchise.biz\/it\/franchising-indiana-cafe\/diventa-un-franchisee-indiana-cafe\/#breadcrumb"},"inLanguage":"it-IT","potentialAction":[{"@type":"ReadAction","target":["https:\/\/www.franchise.biz\/it\/franchising-indiana-cafe\/diventa-un-franchisee-indiana-cafe\/"]}]},{"@type":"ImageObject","inLanguage":"it-IT","@id":"https:\/\/www.franchise.biz\/it\/franchising-indiana-cafe\/diventa-un-franchisee-indiana-cafe\/#primaryimage","url":"https:\/\/www.franchise.biz\/wp-content\/uploads\/2024\/08\/Indiana-Cafe-Franchise-2.jpg","contentUrl":"https:\/\/www.franchise.biz\/wp-content\/uploads\/2024\/08\/Indiana-Cafe-Franchise-2.jpg","width":300,"height":300},{"@type":"BreadcrumbList","@id":"https:\/\/www.franchise.biz\/it\/franchising-indiana-cafe\/diventa-un-franchisee-indiana-cafe\/#breadcrumb","itemListElement":[{"@type":"ListItem","position":1,"name":"Accueil","item":"https:\/\/www.franchise.biz\/it\/"},{"@type":"ListItem","position":2,"name":"Franchising Indiana Caf\u00e9","item":"https:\/\/www.franchise.biz\/it\/franchising-indiana-cafe\/"},{"@type":"ListItem","position":3,"name":"Diventa un franchisee Indiana Caf\u00e9"}]},{"@type":"WebSite","@id":"https:\/\/www.franchise.biz\/it\/#website","url":"https:\/\/www.franchise.biz\/it\/","name":"FranchiseBiz","description":"Empowering Franchise Growth Globally","publisher":{"@id":"https:\/\/www.franchise.biz\/it\/#organization"},"potentialAction":[{"@type":"SearchAction","target":{"@type":"EntryPoint","urlTemplate":"https:\/\/www.franchise.biz\/it\/?s={search_term_string}"},"query-input":{"@type":"PropertyValueSpecification","valueRequired":true,"valueName":"search_term_string"}}],"inLanguage":"it-IT"},{"@type":"Organization","@id":"https:\/\/www.franchise.biz\/it\/#organization","name":"FranchiseBiz","url":"https:\/\/www.franchise.biz\/it\/","logo":{"@type":"ImageObject","inLanguage":"it-IT","@id":"https:\/\/www.franchise.biz\/it\/#\/schema\/logo\/image\/","url":"https:\/\/www.franchise.biz\/wp-content\/uploads\/2021\/05\/logo.png","contentUrl":"https:\/\/www.franchise.biz\/wp-content\/uploads\/2021\/05\/logo.png","width":1000,"height":1000,"caption":"FranchiseBiz"},"image":{"@id":"https:\/\/www.franchise.biz\/it\/#\/schema\/logo\/image\/"},"sameAs":["https:\/\/x.com\/FBizOfficial","https:\/\/www.linkedin.com\/company\/franchisebiz\/"]}]}},"_links":{"self":[{"href":"https:\/\/www.franchise.biz\/it\/wp-json\/wp\/v2\/pages\/9712"}],"collection":[{"href":"https:\/\/www.franchise.biz\/it\/wp-json\/wp\/v2\/pages"}],"about":[{"href":"https:\/\/www.franchise.biz\/it\/wp-json\/wp\/v2\/types\/page"}],"author":[{"embeddable":true,"href":"https:\/\/www.franchise.biz\/it\/wp-json\/wp\/v2\/users\/2"}],"replies":[{"embeddable":true,"href":"https:\/\/www.franchise.biz\/it\/wp-json\/wp\/v2\/comments?post=9712"}],"version-history":[{"count":5,"href":"https:\/\/www.franchise.biz\/it\/wp-json\/wp\/v2\/pages\/9712\/revisions"}],"predecessor-version":[{"id":9719,"href":"https:\/\/www.franchise.biz\/it\/wp-json\/wp\/v2\/pages\/9712\/revisions\/9719"}],"up":[{"embeddable":true,"href":"https:\/\/www.franchise.biz\/it\/wp-json\/wp\/v2\/pages\/9642"}],"wp:featuredmedia":[{"embeddable":true,"href":"https:\/\/www.franchise.biz\/it\/wp-json\/wp\/v2\/media\/9433"}],"wp:attachment":[{"href":"https:\/\/www.franchise.biz\/it\/wp-json\/wp\/v2\/media?parent=9712"}],"curies":[{"name":"wp","href":"https:\/\/api.w.org\/{rel}","templated":true}]}}